{"id":7449,"date":"2021-12-16T08:00:30","date_gmt":"2021-12-16T13:00:30","guid":{"rendered":"https:\/\/puyapeptide.net\/product\/lanreotid-asetat-cas-127984-74-1-akromegali-ve-semptomatik-noroendokrin-tumorler-icin-tedavi\/"},"modified":"2021-12-16T08:00:30","modified_gmt":"2021-12-16T13:00:30","slug":"lanreotid-asetat-cas-127984-74-1-akromegali-ve-semptomatik-noroendokrin-tumorler-icin-tedavi","status":"publish","type":"product","link":"https:\/\/puyapeptide.net\/tr\/product\/lanreotid-asetat-cas-127984-74-1-akromegali-ve-semptomatik-noroendokrin-tumorler-icin-tedavi\/","title":{"rendered":"Lanreotid asetat CAS 127984-74-1 Akromegali ve semptomatik n\u00f6roendokrin t\u00fcm\u00f6rler i\u00e7in Tedavi"},"content":{"rendered":"<h2><strong>Lanreotid asetat CAS 127984-74-1 Akromegali ve semptomatik n\u00f6roendokrin t\u00fcm\u00f6rler i\u00e7in Tedavi<\/strong><\/h2>\n<p>\u00dcr\u00fcn Ad\u0131: Lanreotid Asetat<br \/>\nE\u015f anlaml\u0131lar: 10-(4-aminobutyl)-19-[(2-amino-3-naphthalen-2-yl-propanoyl)amino]-N-(1 -carbamoyl-2 -hidroksi-propil)-16-[(4-hidroksifenil)metil]-13-(1H-indol-3-ilmetil)-6,9,12,15,18-pentaokso-7-propan-2-il-1 ,2-dithia-5,8,11,14, 17-pentazasikloikosan-4-karboksamid;Somatulina;LANREOTIDE ASETAT;3-(2-Naftalenil)-D-alanil-L-sisteinil-L-tirosil-D-triptofil- L-lisil-L-valil-L-sisteinil-L-treoninamid siklik (2\u21927)-dis\u00fclfid asetat;Angiopeptin asetat;10-(4-aminobutil)-N-(1-amino-3-hidroksi-1-oksobutan -2-il)-19-[(2-amino-3-naftalen-2-ilpropanoil)amino]-16-[(4-hidroksifenil)metil]-13-(1H-indol-3-ilmetil)-6, 9,12,15,18-pentaokso-7-propan-2-il-1,2-ditia-5,8,11,14,17-pentazasikloikosan-4-karboksamid;Lanreotid Asetat USP\/EP\/BP<br \/>\n CAS: 127984-74-1<br \/>\nMF: C54H69N11O10S2<br \/>\nMW: 0<br \/>\nEINECS:<br \/>\n\u00dcr\u00fcn Kategorileri: Amino Asitler ve T\u00fcrevler, \u0130la\u00e7lar, Ara \u00dcr\u00fcnler ve T\u00fcrevler<br \/>\nMol Dosyas\u0131: 127984-74- 1.mol<\/p>\n<p>Lanreotid asetat, bir oktapeptid somatostatin analog, cerrahi veya radyoterapi normal b\u00fcy\u00fcme hormonu salg\u0131s\u0131n\u0131 geri getiremedi\u011finde akromegali i\u00e7in d\u00fcnya \u00e7ap\u0131ndaki ilk pazar\u0131na Fransa&#39;da ula\u015ft\u0131. Lanreotid, b\u00fcy\u00fcme hormonunun se\u00e7ici bir inhibit\u00f6r\u00fcd\u00fcr ve insanlarda b\u00fcy\u00fcme hormonu, tirotropin, motilin ve pankreas polipeptidinin salg\u0131lanmas\u0131n\u0131 azalt\u0131r. Lanreotid antiproliferatif \u00f6zelliklere sahiptir ve bildirildi\u011fine g\u00f6re koroner arter anjiyoplastisini takiben restenozun \u00f6nlenmesi, diyabetik retinopati i\u00e7in ve sedef hastal\u0131\u011f\u0131 tedavisi i\u00e7in klinik deneylerdedir. N\u00f6roendokrin t\u00fcm\u00f6rler ve hormona duyarl\u0131 prostat kanseri potansiyeli de g\u00f6sterilmi\u015ftir.<\/p>\n<p> <strong>Lanreotide Asetat CAS 127984-74-1 Kimyasal \u00d6zellikler<\/strong><br \/>\ndepolama s\u0131cakl\u0131\u011f\u0131. -20\u00b0C<br \/>\ntoz olu\u015fturur<br \/>\nrenk beyazdan kirli beyaza<\/p>\n<p> <strong>Lanreotid Asetat\u0131n \u0130\u015flevi ve Uygulamas\u0131 CAS 127984-74-1<\/strong><br \/>\nLanreotid asetat, do\u011fal b\u00fcy\u00fcme inhibit\u00f6rleri gibi, lanreotid bir bir\u00e7ok endokrin, n\u00f6roendokrin, ekzokrin ve parakrin fonksiyonlar\u0131n peptit inhibit\u00f6r\u00fc. Lanreotid, do\u011fal b\u00fcy\u00fcme inhibit\u00f6rlerinden daha aktiftir ve daha uzun etki s\u00fcresine sahiptir. B\u00fcy\u00fcme hormonu sekresyonu \u00fczerindeki inhibit\u00f6r etkisi, ins\u00fclin sekresyonundan \u00f6nemli \u00f6l\u00e7\u00fcde daha se\u00e7icidir ve 2017&#39;de FDA, n\u00f6roendokrin t\u00fcm\u00f6rlerin tedavisi i\u00e7in enjeksiyon i\u00e7in lanreotid asetat\u0131 onaylad\u0131.<\/p>\n","protected":false},"excerpt":{"rendered":"<p>\u00dcr\u00fcn Ad\u0131: Lanreotid Asetat<br \/>\nCAS: 127984-74-1<br \/>\nMF: C54H69N11O10S2<br \/>\nMol Dosya: 127984-74-1.mol<\/p>\n","protected":false},"featured_media":2114,"comment_status":"open","ping_status":"closed","template":"","meta":{"om_disable_all_campaigns":false,"_monsterinsights_skip_tracking":false,"_monsterinsights_sitenote_active":false,"_monsterinsights_sitenote_note":"","_monsterinsights_sitenote_category":0,"site-sidebar-layout":"default","site-content-layout":"default","ast-site-content-layout":"default","site-content-style":"default","site-sidebar-style":"default","ast-global-header-display":"","ast-banner-title-visibility":"","ast-main-header-display":"","ast-hfb-above-header-display":"","ast-hfb-below-header-display":"","ast-hfb-mobile-header-display":"","site-post-title":"","ast-breadcrumbs-content":"","ast-featured-img":"","footer-sml-layout":"","ast-disable-related-posts":"","theme-transparent-header-meta":"default","adv-header-id-meta":"","stick-header-meta":"","header-above-stick-meta":"","header-main-stick-meta":"","header-below-stick-meta":"","astra-migrate-meta-layouts":"default","ast-page-background-enabled":"default","ast-page-background-meta":{"desktop":{"background-color":"","background-image":"","background-repeat":"repeat","background-position":"center center","background-size":"auto","background-attachment":"scroll","background-type":"","background-media":"","overlay-type":"","overlay-color":"","overlay-opacity":"","overlay-gradient":""},"tablet":{"background-color":"","background-image":"","background-repeat":"repeat","background-position":"center center","background-size":"auto","background-attachment":"scroll","background-type":"","background-media":"","overlay-type":"","overlay-color":"","overlay-opacity":"","overlay-gradient":""},"mobile":{"background-color":"","background-image":"","background-repeat":"repeat","background-position":"center center","background-size":"auto","background-attachment":"scroll","background-type":"","background-media":"","overlay-type":"","overlay-color":"","overlay-opacity":"","overlay-gradient":""}},"ast-content-background-meta":{"desktop":{"background-color":"var(--ast-global-color-5)","background-image":"","background-repeat":"repeat","background-position":"center center","background-size":"auto","background-attachment":"scroll","background-type":"","background-media":"","overlay-type":"","overlay-color":"","overlay-opacity":"","overlay-gradient":""},"tablet":{"background-color":"var(--ast-global-color-5)","background-image":"","background-repeat":"repeat","background-position":"center center","background-size":"auto","background-attachment":"scroll","background-type":"","background-media":"","overlay-type":"","overlay-color":"","overlay-opacity":"","overlay-gradient":""},"mobile":{"background-color":"var(--ast-global-color-5)","background-image":"","background-repeat":"repeat","background-position":"center center","background-size":"auto","background-attachment":"scroll","background-type":"","background-media":"","overlay-type":"","overlay-color":"","overlay-opacity":"","overlay-gradient":""}}},"product_brand":[],"product_cat":[387],"product_tag":[2301],"class_list":{"0":"post-7449","1":"product","2":"type-product","3":"status-publish","4":"has-post-thumbnail","6":"product_cat-anti-tumor-peptidi","7":"product_tag-lanreotide-acetate-cas-127984-74-1-treat-for-acromegaly-and-symptomatic-neuroendocrine-tumors-tr","8":"desktop-align-left","9":"tablet-align-left","10":"mobile-align-left","12":"first","13":"instock","14":"shipping-taxable","15":"product-type-simple"},"_links":{"self":[{"href":"https:\/\/puyapeptide.net\/tr\/wp-json\/wp\/v2\/product\/7449","targetHints":{"allow":["GET"]}}],"collection":[{"href":"https:\/\/puyapeptide.net\/tr\/wp-json\/wp\/v2\/product"}],"about":[{"href":"https:\/\/puyapeptide.net\/tr\/wp-json\/wp\/v2\/types\/product"}],"replies":[{"embeddable":true,"href":"https:\/\/puyapeptide.net\/tr\/wp-json\/wp\/v2\/comments?post=7449"}],"wp:featuredmedia":[{"embeddable":true,"href":"https:\/\/puyapeptide.net\/tr\/wp-json\/wp\/v2\/media\/2114"}],"wp:attachment":[{"href":"https:\/\/puyapeptide.net\/tr\/wp-json\/wp\/v2\/media?parent=7449"}],"wp:term":[{"taxonomy":"product_brand","embeddable":true,"href":"https:\/\/puyapeptide.net\/tr\/wp-json\/wp\/v2\/product_brand?post=7449"},{"taxonomy":"product_cat","embeddable":true,"href":"https:\/\/puyapeptide.net\/tr\/wp-json\/wp\/v2\/product_cat?post=7449"},{"taxonomy":"product_tag","embeddable":true,"href":"https:\/\/puyapeptide.net\/tr\/wp-json\/wp\/v2\/product_tag?post=7449"}],"curies":[{"name":"wp","href":"https:\/\/api.w.org\/{rel}","templated":true}]}}