{"id":7485,"date":"2021-12-16T08:02:26","date_gmt":"2021-12-16T13:02:26","guid":{"rendered":"https:\/\/puyapeptide.net\/product\/iyi-fiyat-ile-yuksek-kaliteli-dulaglutide-cas-923950-08-7\/"},"modified":"2021-12-16T08:02:26","modified_gmt":"2021-12-16T13:02:26","slug":"iyi-fiyat-ile-yuksek-kaliteli-dulaglutide-cas-923950-08-7","status":"publish","type":"product","link":"https:\/\/puyapeptide.net\/tr\/product\/iyi-fiyat-ile-yuksek-kaliteli-dulaglutide-cas-923950-08-7\/","title":{"rendered":"\u0130yi Fiyat ile Y\u00fcksek Kaliteli Dulaglutide CAS 923950-08-7"},"content":{"rendered":"<h2><strong>\u0130yi Fiyat ile Y\u00fcksek Kaliteli Dulaglutide CAS 923950-08-7<\/strong><\/h2>\n<p>\u00dcr\u00fcn Ad\u0131: Dulaglutide<br \/>\nS\u0131ra: H-His-Gly-Glu-Gly-Thr-Phe-Thr-Ser-Asp-Val-Ser-Ser-Tyr-Leu-Glu-Glu-Gln-Ala- Ala-Lys-Glu-Phe-Ile-Ala-Trp-Leu-Val-Lys-Gly-Gly-Gly-OH<br \/>\nE\u015f anlaml\u0131lar: Dulaglutide &#8211; PBS&#39;de sol\u00fcsyon;Dulaglutide USP\/EP\/BP<br \/>\nCAS: 923950 -08-7<br \/>\nMF: C149H221N37O49<br \/>\nMW: 3314.62<br \/>\nEINECS:<br \/>\n\u00dcr\u00fcn Kategorileri: GLP<br \/>\nMol Dosyas\u0131: Mol Dosyas\u0131<\/p>\n<p>Dulaglutide, Trulicity markas\u0131 alt\u0131nda sat\u0131l\u0131r di\u011ferleri aras\u0131nda, diyet ve egzersiz ile birlikte tip 2 diyabet tedavisinde kullan\u0131lan bir ila\u00e7t\u0131r. Ayn\u0131 zamanda Amerika Birle\u015fik Devletleri&#39;nde kardiyovask\u00fcler hastal\u0131\u011f\u0131 veya \u00e7oklu kardiyovask\u00fcler risk fakt\u00f6rleri olan tip 2 diyabetli yeti\u015fkinlerde maj\u00f6r advers kardiyovask\u00fcler olaylar\u0131n azalt\u0131lmas\u0131 i\u00e7in onaylanm\u0131\u015ft\u0131r.<\/p>\n<p>Dulaglutide yeni bir uzun etkili GLP-1R agonistidir. klinik performansta endojen GLP-1&#39;e benzer aktiviteye ve 5 g\u00fcnl\u00fck bir yar\u0131 \u00f6mre sahip, b\u00f6brek klirensini etkili bir \u015fekilde geciktiren, iki GLP-1 analo\u011funun DPP-4 inhibisyonu ve bir insan imm\u00fcnoglobulin a\u011f\u0131r zincir IgG4-Fc fragman\u0131 ile kayna\u015ft\u0131r\u0131lmas\u0131yla elde edilir .FDA, Eyl\u00fcl 2014&#39;te subkutan enjeksiyon i\u00e7in dulaglutide onaylad\u0131. . Avrupa Komisyonu, Aral\u0131k 2014&#39;te Avrupa&#39;da pazarlama i\u00e7in dulaglutide deri alt\u0131 enjeksiyonunu onaylad\u0131.<\/p>\n<p> <strong>Dulaglutide CAS 923950-08-7&#39;nin etkinli\u011fi<\/strong><br \/>\nDiyabet tedavisi i\u00e7in onayland\u0131.<\/p>\n","protected":false},"excerpt":{"rendered":"<p>\u00dcr\u00fcn Ad\u0131: Dulaglutide<br \/>\nCAS: 923950-08-7<br \/>\nMF: C149H221N37O49<br \/>\nMW: 3314.62<\/p>\n","protected":false},"featured_media":2177,"comment_status":"open","ping_status":"closed","template":"","meta":{"om_disable_all_campaigns":false,"_monsterinsights_skip_tracking":false,"_monsterinsights_sitenote_active":false,"_monsterinsights_sitenote_note":"","_monsterinsights_sitenote_category":0,"site-sidebar-layout":"default","site-content-layout":"default","ast-site-content-layout":"default","site-content-style":"default","site-sidebar-style":"default","ast-global-header-display":"","ast-banner-title-visibility":"","ast-main-header-display":"","ast-hfb-above-header-display":"","ast-hfb-below-header-display":"","ast-hfb-mobile-header-display":"","site-post-title":"","ast-breadcrumbs-content":"","ast-featured-img":"","footer-sml-layout":"","ast-disable-related-posts":"","theme-transparent-header-meta":"default","adv-header-id-meta":"","stick-header-meta":"","header-above-stick-meta":"","header-main-stick-meta":"","header-below-stick-meta":"","astra-migrate-meta-layouts":"default","ast-page-background-enabled":"default","ast-page-background-meta":{"desktop":{"background-color":"","background-image":"","background-repeat":"repeat","background-position":"center center","background-size":"auto","background-attachment":"scroll","background-type":"","background-media":"","overlay-type":"","overlay-color":"","overlay-opacity":"","overlay-gradient":""},"tablet":{"background-color":"","background-image":"","background-repeat":"repeat","background-position":"center center","background-size":"auto","background-attachment":"scroll","background-type":"","background-media":"","overlay-type":"","overlay-color":"","overlay-opacity":"","overlay-gradient":""},"mobile":{"background-color":"","background-image":"","background-repeat":"repeat","background-position":"center center","background-size":"auto","background-attachment":"scroll","background-type":"","background-media":"","overlay-type":"","overlay-color":"","overlay-opacity":"","overlay-gradient":""}},"ast-content-background-meta":{"desktop":{"background-color":"var(--ast-global-color-5)","background-image":"","background-repeat":"repeat","background-position":"center center","background-size":"auto","background-attachment":"scroll","background-type":"","background-media":"","overlay-type":"","overlay-color":"","overlay-opacity":"","overlay-gradient":""},"tablet":{"background-color":"var(--ast-global-color-5)","background-image":"","background-repeat":"repeat","background-position":"center center","background-size":"auto","background-attachment":"scroll","background-type":"","background-media":"","overlay-type":"","overlay-color":"","overlay-opacity":"","overlay-gradient":""},"mobile":{"background-color":"var(--ast-global-color-5)","background-image":"","background-repeat":"repeat","background-position":"center center","background-size":"auto","background-attachment":"scroll","background-type":"","background-media":"","overlay-type":"","overlay-color":"","overlay-opacity":"","overlay-gradient":""}}},"product_brand":[],"product_cat":[353],"product_tag":[2289],"class_list":{"0":"post-7485","1":"product","2":"type-product","3":"status-publish","4":"has-post-thumbnail","6":"product_cat-diyabet-peptidi","7":"product_tag-high-quality-dulaglutide-cas-923950-08-7-with-good-price-tr","8":"desktop-align-left","9":"tablet-align-left","10":"mobile-align-left","12":"first","13":"instock","14":"shipping-taxable","15":"product-type-simple"},"_links":{"self":[{"href":"https:\/\/puyapeptide.net\/tr\/wp-json\/wp\/v2\/product\/7485","targetHints":{"allow":["GET"]}}],"collection":[{"href":"https:\/\/puyapeptide.net\/tr\/wp-json\/wp\/v2\/product"}],"about":[{"href":"https:\/\/puyapeptide.net\/tr\/wp-json\/wp\/v2\/types\/product"}],"replies":[{"embeddable":true,"href":"https:\/\/puyapeptide.net\/tr\/wp-json\/wp\/v2\/comments?post=7485"}],"wp:featuredmedia":[{"embeddable":true,"href":"https:\/\/puyapeptide.net\/tr\/wp-json\/wp\/v2\/media\/2177"}],"wp:attachment":[{"href":"https:\/\/puyapeptide.net\/tr\/wp-json\/wp\/v2\/media?parent=7485"}],"wp:term":[{"taxonomy":"product_brand","embeddable":true,"href":"https:\/\/puyapeptide.net\/tr\/wp-json\/wp\/v2\/product_brand?post=7485"},{"taxonomy":"product_cat","embeddable":true,"href":"https:\/\/puyapeptide.net\/tr\/wp-json\/wp\/v2\/product_cat?post=7485"},{"taxonomy":"product_tag","embeddable":true,"href":"https:\/\/puyapeptide.net\/tr\/wp-json\/wp\/v2\/product_tag?post=7485"}],"curies":[{"name":"wp","href":"https:\/\/api.w.org\/{rel}","templated":true}]}}