{"id":7507,"date":"2021-12-16T08:03:31","date_gmt":"2021-12-16T13:03:31","guid":{"rendered":"https:\/\/puyapeptide.net\/product\/sicak-satis-albiglutide-cas-782500-75-8-diyabet-tedavisi\/"},"modified":"2021-12-16T08:03:31","modified_gmt":"2021-12-16T13:03:31","slug":"sicak-satis-albiglutide-cas-782500-75-8-diyabet-tedavisi","status":"publish","type":"product","link":"https:\/\/puyapeptide.net\/tr\/product\/sicak-satis-albiglutide-cas-782500-75-8-diyabet-tedavisi\/","title":{"rendered":"S\u0131cak Sat\u0131\u015f Albiglutide CAS 782500-75-8 diyabet tedavisi"},"content":{"rendered":"<h2><strong>S\u0131cak Sat\u0131\u015f Albiglutide CAS 782500-75-8 diyabet tedavisi<\/strong><\/h2>\n<p>\u00dcr\u00fcn Ad\u0131: Albiglutide<br \/>\nS\u0131ra: H-His-Gly-Glu-Gly-Thr-Phe-Thr-Ser-Asp-Val-Ser-Ser-Tyr-Leu-Glu-Gly-Gln-Ala- Ala-Lys-Glu-Phe-Ile-Ala-Trp-Leu-Val-Lys-Gly-Arg-OH<br \/>\nE\u015f anlaml\u0131lar: albiglutide;Albugon;Naliglutide;7-36-Glukagon benzeri peptid I (8-glisin) (insan), 7-36-glukagon benzeri peptit I (8-glisin) (insan) ile serum f\u00fczyon proteini i\u00e7eren f\u00fczyon proteini;Gsk 716155;Unii-5E7U48495e;7-36-Glukagon benzeripeptit I [8-glisin] ( huMan), 7-36-glukagon benzeri peptit I[8-glisin] (huMan) ile f\u00fczyon proteini, serum albuMin (huMan);Albiglutid Fragman\u0131<br \/>\nCAS: 782500-75-8<br \/>\nMF: C148H223N39O46<br \/>\nMW: 3284.58792<br \/>\nEINECS:<br \/>\n\u00dcr\u00fcn Kategorileri: GLP<br \/>\nMol Dosyas\u0131: 782500-75-8.mol<\/p>\n<p>Albiglutide, tip 2 diabetes mellitus (DM) i\u00e7in FDA onayl\u0131d\u0131r. ve tip 2 diyabetin bir sonucu olarak kardiyovask\u00fcler sistem bozuklu\u011fu i\u00e7in profilaksi. Dozu, bulant\u0131, ishal ve kusma gibi gastrointestinal semptomlar\u0131 azaltmak i\u00e7in titrasyon i\u00e7erir: 1 hafta boyunca g\u00fcnde 0.6 mg subkutan enjeksiyon ba\u015flat\u0131n; g\u00fcnl\u00fck 1.2 mg idame dozuna art\u0131\u015f; ve gerekti\u011finde g\u00fcnde 1.8 mg&#39;a y\u00fckseltin.<br \/>\nLiraglutide ayr\u0131ca 30 kg\/m2 v\u00fccut kitle indeksi ile obezite i\u00e7in Saxenda olarak FDA onayl\u0131d\u0131r. <or 27kg\/m2 with the presence of at least 1 weight-related comorbid condition. Saxenda is initiated at 0.6 mg subcutaneous daily injection for 1 week, with weekly increments of 0.6 mg per day, until the maintenance dosage of 3 mg once daily is reached.3 If the patient misses a dose of liraglutide injection for more than 3 days, re-initiation at 0.6 mg is recommended to mitigate gastrointestinal (GI) symptoms. <strong>Albiglutide CAS 782500-75-8&#39;in \u0130\u015flevi ve Uygulamas\u0131 <\/strong><br \/>\n15 Nisan 2014&#39;te ABD G\u0131da ve \u0130la\u00e7 Dairesi (FDA), diyabet ilac\u0131 Albiglutide&#39;i pazarlama i\u00e7in resmi olarak onaylad\u0131. \u0130la\u00e7, GLP-1 resept\u00f6r\u00fcn\u00fc agonize etmek ve tip 2 diyabet tedavisi i\u00e7in ins\u00fclin salg\u0131lanmas\u0131n\u0131 desteklemek i\u00e7in onaylanm\u0131\u015f ikinci uzun etkili GLP-1 analo\u011fudur.<\/p>\n","protected":false},"excerpt":{"rendered":"<p>\u00dcr\u00fcn Ad\u0131: Albiglutide<br \/>\nCAS: 782500-75-8<br \/>\nMF: C148H223N39O46<br \/>\nMW: 3284.58792<br \/>\nMol Dosya: 782500-75-8.mol<\/p>\n","protected":false},"featured_media":2219,"comment_status":"open","ping_status":"closed","template":"","meta":{"om_disable_all_campaigns":false,"_monsterinsights_skip_tracking":false,"_monsterinsights_sitenote_active":false,"_monsterinsights_sitenote_note":"","_monsterinsights_sitenote_category":0,"site-sidebar-layout":"default","site-content-layout":"default","ast-site-content-layout":"default","site-content-style":"default","site-sidebar-style":"default","ast-global-header-display":"","ast-banner-title-visibility":"","ast-main-header-display":"","ast-hfb-above-header-display":"","ast-hfb-below-header-display":"","ast-hfb-mobile-header-display":"","site-post-title":"","ast-breadcrumbs-content":"","ast-featured-img":"","footer-sml-layout":"","ast-disable-related-posts":"","theme-transparent-header-meta":"default","adv-header-id-meta":"","stick-header-meta":"","header-above-stick-meta":"","header-main-stick-meta":"","header-below-stick-meta":"","astra-migrate-meta-layouts":"default","ast-page-background-enabled":"default","ast-page-background-meta":{"desktop":{"background-color":"","background-image":"","background-repeat":"repeat","background-position":"center center","background-size":"auto","background-attachment":"scroll","background-type":"","background-media":"","overlay-type":"","overlay-color":"","overlay-opacity":"","overlay-gradient":""},"tablet":{"background-color":"","background-image":"","background-repeat":"repeat","background-position":"center center","background-size":"auto","background-attachment":"scroll","background-type":"","background-media":"","overlay-type":"","overlay-color":"","overlay-opacity":"","overlay-gradient":""},"mobile":{"background-color":"","background-image":"","background-repeat":"repeat","background-position":"center center","background-size":"auto","background-attachment":"scroll","background-type":"","background-media":"","overlay-type":"","overlay-color":"","overlay-opacity":"","overlay-gradient":""}},"ast-content-background-meta":{"desktop":{"background-color":"var(--ast-global-color-5)","background-image":"","background-repeat":"repeat","background-position":"center center","background-size":"auto","background-attachment":"scroll","background-type":"","background-media":"","overlay-type":"","overlay-color":"","overlay-opacity":"","overlay-gradient":""},"tablet":{"background-color":"var(--ast-global-color-5)","background-image":"","background-repeat":"repeat","background-position":"center center","background-size":"auto","background-attachment":"scroll","background-type":"","background-media":"","overlay-type":"","overlay-color":"","overlay-opacity":"","overlay-gradient":""},"mobile":{"background-color":"var(--ast-global-color-5)","background-image":"","background-repeat":"repeat","background-position":"center center","background-size":"auto","background-attachment":"scroll","background-type":"","background-media":"","overlay-type":"","overlay-color":"","overlay-opacity":"","overlay-gradient":""}}},"product_brand":[],"product_cat":[353],"product_tag":[2267],"class_list":{"0":"post-7507","1":"product","2":"type-product","3":"status-publish","4":"has-post-thumbnail","6":"product_cat-diyabet-peptidi","7":"product_tag-hot-sale-albiglutide-cas-782500-75-8-treat-for-diabetes-tr","8":"desktop-align-left","9":"tablet-align-left","10":"mobile-align-left","12":"first","13":"instock","14":"shipping-taxable","15":"product-type-simple"},"_links":{"self":[{"href":"https:\/\/puyapeptide.net\/tr\/wp-json\/wp\/v2\/product\/7507","targetHints":{"allow":["GET"]}}],"collection":[{"href":"https:\/\/puyapeptide.net\/tr\/wp-json\/wp\/v2\/product"}],"about":[{"href":"https:\/\/puyapeptide.net\/tr\/wp-json\/wp\/v2\/types\/product"}],"replies":[{"embeddable":true,"href":"https:\/\/puyapeptide.net\/tr\/wp-json\/wp\/v2\/comments?post=7507"}],"wp:featuredmedia":[{"embeddable":true,"href":"https:\/\/puyapeptide.net\/tr\/wp-json\/wp\/v2\/media\/2219"}],"wp:attachment":[{"href":"https:\/\/puyapeptide.net\/tr\/wp-json\/wp\/v2\/media?parent=7507"}],"wp:term":[{"taxonomy":"product_brand","embeddable":true,"href":"https:\/\/puyapeptide.net\/tr\/wp-json\/wp\/v2\/product_brand?post=7507"},{"taxonomy":"product_cat","embeddable":true,"href":"https:\/\/puyapeptide.net\/tr\/wp-json\/wp\/v2\/product_cat?post=7507"},{"taxonomy":"product_tag","embeddable":true,"href":"https:\/\/puyapeptide.net\/tr\/wp-json\/wp\/v2\/product_tag?post=7507"}],"curies":[{"name":"wp","href":"https:\/\/api.w.org\/{rel}","templated":true}]}}