{"id":7573,"date":"2021-12-16T08:08:20","date_gmt":"2021-12-16T13:08:20","guid":{"rendered":"https:\/\/puyapeptide.net\/product\/laboratuvar-arastirmasi-icin-pralmorelin-ghrp-2-cas-158861-67-7\/"},"modified":"2021-12-16T08:08:20","modified_gmt":"2021-12-16T13:08:20","slug":"laboratuvar-arastirmasi-icin-pralmorelin-ghrp-2-cas-158861-67-7","status":"publish","type":"product","link":"https:\/\/puyapeptide.net\/tr\/product\/laboratuvar-arastirmasi-icin-pralmorelin-ghrp-2-cas-158861-67-7\/","title":{"rendered":"Laboratuvar Ara\u015ft\u0131rmas\u0131 i\u00e7in Pralmorelin\/ GHRP-2 CAS 158861-67-7"},"content":{"rendered":"<h2><strong>Laboratuvar Ara\u015ft\u0131rmas\u0131 i\u00e7in Pralmorelin\/ GHRP-2 CAS 158861-67-7<\/strong><\/h2>\n<p>\u00dcr\u00fcn Ad\u0131: Pralmorelin\/ GHRP-2<br \/>\nE\u015f anlaml\u0131lar: d-ala-\u03b2-(2-naphthyl)-d-ala-trp-d-phe-lys amide;L-Lysinamide, D-alanyl-3 -(2-naftalenil)-D-alanil-L-alanil-L-triptofil-D-fenilalanil-;PRALMORELIN;D-ALA-D-NAL(2)-ALA-TRP-D-PHE-LYS-NH2 ASETAT TUZ ;D-ALA-BETA-(2-NAFT\u0130L)-D-ALA-TRP-D-PHE-LYS AM\u0130D;D-ALA-D-2-NAL-ALA-TRP-D-PHE-LYS-NH2;(DES -ALA3,D-ALA1,D-2-NAL2)-GHRP-6;(DES-ALA3)-GHRP-2<br \/>\nCAS: 158861-67-7<br \/>\nMF: C45H55N9O6<br \/>\nMW: 817.97&lt; &amp;&gt;EINECS: 206-616-8<br \/>\n\u00dcr\u00fcn Kategorileri: Peptid;Peptides;GHRP2;hgh<br \/>\nMol Dosyas\u0131: 158861-67-7.mol<\/p>\n<p>GHRP 2 (Sald\u0131ran Peptid 2) bir hekzapeptid s\u0131n\u0131f\u0131n\u0131n sekretagogu. GHRP 6 ile bir\u00e7ok benzerli\u011fi payla\u015fan GHRP 2, bu s\u0131n\u0131fta ilktir ve bir\u00e7ok \u00e7evrede, onunla GHRP 6 aras\u0131nda daha iyi bir se\u00e7im olarak kabul edilir. S\u0131kl\u0131kla tek ba\u015f\u0131na kullan\u0131lan bir \u015fey de\u011fildir, ancak hemen hemen her zaman Serbest B\u0131rakma (GHRH) ile birlikte kullan\u0131l\u0131r. . Bile\u015fik ayr\u0131ca yayg\u0131n olarak P&#39;ralmorelin veya GHRP Kaken 100 adlar\u0131 alt\u0131nda da bulunabilir. Bununla birlikte, \u00e7o\u011fu farmas\u00f6tik ve performansa dayal\u0131 \u00e7evrede, son y\u0131llarda en yayg\u0131n olarak GHRP 2 olarak an\u0131lmaktad\u0131r.<\/p>\n<p>G&#39; hrelin sadece b\u00fcy\u00fcmenin sal\u0131nmas\u0131n\u0131 te\u015fvik etmekle kalmaz, ayn\u0131 zamanda arac\u0131l\u0131k besleme ve enerji metabolizmas\u0131, kardiyovask\u00fcler fonksiyon, kontrol gastrointestinal fonksiyonu ve t\u00fcm\u00f6r h\u00fccresi proliferasyonunun inhibisyonu gibi di\u011fer biyolojik etkilere de sahiptir. Son \u00e7al\u0131\u015fmalar, serum g&#39;hrelin konsantrasyonunun BMD ile pozitif korelasyon g\u00f6sterdi\u011fini g\u00f6stermi\u015ftir, bu nedenle ghrelin, kemik dokusunun metabolizmas\u0131na kat\u0131larak osteoblastlar\u0131n i\u015flevini etkileyebilir.<\/p>\n<p> <strong>Pralmorelin\/ GHRP-2 CAS 158861-67- 7 Kimyasal \u00d6zellikler<\/strong><br \/>\nKaynama noktas\u0131 1265,3\u00b165,0 \u00b0C(Tahmini)<br \/>\nyo\u011funluk 1,270\u00b10,06 g\/cm3(Tahmini)<br \/>\ndepolama s\u0131cakl\u0131\u011f\u0131. \u221220\u00b0C<br \/>\nliyofilize toz olu\u015fturur<br \/>\npka 13.40\u00b10.46(Tahmini)<br \/>\nrenk beyazdan bej&#39;e<br \/>\nCAS DataBase Reference 158861-67-7(CAS DataBase Reference)<\/p>\n<p> <strong>Kullan\u0131m Pralmorelin\/ GHRP-2 CAS 158861-67-7<\/strong> <\/p>\n<p>1. GHRP 2&#39;nin yar\u0131 \u00f6mr\u00fc olduk\u00e7a k\u0131sad\u0131r, ancak tepe noktas\u0131 uygulamadan yakla\u015f\u0131k 15 dakika sonra veya en ge\u00e7 bir saat sonra meydana gelir. \u0130deal olarak, bu terapi her g\u00fcn periyodik olarak uygulanmal\u0131d\u0131r.<\/p>\n<p>2. GHRP 6&#39;ya benzer \u015fekilde, GHRP 2, salg\u0131lamay\u0131 \u00e7ok daha iyi uyarabilen ve PRL, kortizol ve ACTH seviyelerini biraz daha iyi uyarabilen ticari olarak sentezlenmi\u015f \u015feklidir. \u00d6te yandan g&#39;hrelin i\u00e7in, sekretagog resept\u00f6r\u00fc ile ba\u011flant\u0131 kurabilen sentetik bir agonist gibi i\u015flev g\u00f6r\u00fcr. GHRP 2 ayr\u0131ca kalsiyum iyonu ak\u0131\u015f\u0131n\u0131n seviyelerini art\u0131rabilir ve bunun sonucunda daha da fazla hormon salg\u0131layabilir.<\/p>\n<p>3. Bunun d\u0131\u015f\u0131nda, G\u0130F&#39;nin etkinli\u011fi ile ne kadar benzer oldu\u011funu kan\u0131tlayan baz\u0131 ara\u015ft\u0131rmalar zaten yap\u0131lm\u0131\u015ft\u0131r. Nitekim, GHRP 1 ve GHRP 6 dahil olmak \u00fczere, ge\u00e7mi\u015fte bilinen di\u011fer GH salg\u0131layan salg\u0131lay\u0131c\u0131lara k\u0131yasla \u00e7ok daha g\u00fc\u00e7l\u00fc oldu\u011fu kan\u0131tlanm\u0131\u015ft\u0131r. Bu nedenle, bu hormon genellikle katabolik eksiklikler i\u00e7in bir tedavi olarak kullan\u0131l\u0131r. ve g\u00fcn\u00fcm\u00fczde devletler.<\/p>\n","protected":false},"excerpt":{"rendered":"<p>\u00dcr\u00fcn Ad\u0131: Pralmorelin\/ GHRP-2<br \/>\nCAS: 158861-67-7<br \/>\nMF: C45H55N9O6<br \/>\nMW: 817.97<br \/>\nEINECS: 206-616-8<br \/>\nMol Dosyas\u0131: 158861-67- 7.mol<\/p>\n","protected":false},"featured_media":2282,"comment_status":"open","ping_status":"closed","template":"","meta":{"om_disable_all_campaigns":false,"_monsterinsights_skip_tracking":false,"_monsterinsights_sitenote_active":false,"_monsterinsights_sitenote_note":"","_monsterinsights_sitenote_category":0,"site-sidebar-layout":"default","site-content-layout":"default","ast-site-content-layout":"default","site-content-style":"default","site-sidebar-style":"default","ast-global-header-display":"","ast-banner-title-visibility":"","ast-main-header-display":"","ast-hfb-above-header-display":"","ast-hfb-below-header-display":"","ast-hfb-mobile-header-display":"","site-post-title":"","ast-breadcrumbs-content":"","ast-featured-img":"","footer-sml-layout":"","ast-disable-related-posts":"","theme-transparent-header-meta":"default","adv-header-id-meta":"","stick-header-meta":"","header-above-stick-meta":"","header-main-stick-meta":"","header-below-stick-meta":"","astra-migrate-meta-layouts":"default","ast-page-background-enabled":"default","ast-page-background-meta":{"desktop":{"background-color":"","background-image":"","background-repeat":"repeat","background-position":"center center","background-size":"auto","background-attachment":"scroll","background-type":"","background-media":"","overlay-type":"","overlay-color":"","overlay-opacity":"","overlay-gradient":""},"tablet":{"background-color":"","background-image":"","background-repeat":"repeat","background-position":"center center","background-size":"auto","background-attachment":"scroll","background-type":"","background-media":"","overlay-type":"","overlay-color":"","overlay-opacity":"","overlay-gradient":""},"mobile":{"background-color":"","background-image":"","background-repeat":"repeat","background-position":"center center","background-size":"auto","background-attachment":"scroll","background-type":"","background-media":"","overlay-type":"","overlay-color":"","overlay-opacity":"","overlay-gradient":""}},"ast-content-background-meta":{"desktop":{"background-color":"var(--ast-global-color-5)","background-image":"","background-repeat":"repeat","background-position":"center center","background-size":"auto","background-attachment":"scroll","background-type":"","background-media":"","overlay-type":"","overlay-color":"","overlay-opacity":"","overlay-gradient":""},"tablet":{"background-color":"var(--ast-global-color-5)","background-image":"","background-repeat":"repeat","background-position":"center center","background-size":"auto","background-attachment":"scroll","background-type":"","background-media":"","overlay-type":"","overlay-color":"","overlay-opacity":"","overlay-gradient":""},"mobile":{"background-color":"var(--ast-global-color-5)","background-image":"","background-repeat":"repeat","background-position":"center center","background-size":"auto","background-attachment":"scroll","background-type":"","background-media":"","overlay-type":"","overlay-color":"","overlay-opacity":"","overlay-gradient":""}}},"product_brand":[],"product_cat":[529],"product_tag":[2194],"class_list":{"0":"post-7573","1":"product","2":"type-product","3":"status-publish","4":"has-post-thumbnail","6":"product_cat-diger-peptitler","7":"product_tag-pralmorelin-ghrp-2-cas-158861-67-7-for-lab-research-tr","8":"desktop-align-left","9":"tablet-align-left","10":"mobile-align-left","12":"first","13":"instock","14":"shipping-taxable","15":"product-type-simple"},"_links":{"self":[{"href":"https:\/\/puyapeptide.net\/tr\/wp-json\/wp\/v2\/product\/7573","targetHints":{"allow":["GET"]}}],"collection":[{"href":"https:\/\/puyapeptide.net\/tr\/wp-json\/wp\/v2\/product"}],"about":[{"href":"https:\/\/puyapeptide.net\/tr\/wp-json\/wp\/v2\/types\/product"}],"replies":[{"embeddable":true,"href":"https:\/\/puyapeptide.net\/tr\/wp-json\/wp\/v2\/comments?post=7573"}],"wp:featuredmedia":[{"embeddable":true,"href":"https:\/\/puyapeptide.net\/tr\/wp-json\/wp\/v2\/media\/2282"}],"wp:attachment":[{"href":"https:\/\/puyapeptide.net\/tr\/wp-json\/wp\/v2\/media?parent=7573"}],"wp:term":[{"taxonomy":"product_brand","embeddable":true,"href":"https:\/\/puyapeptide.net\/tr\/wp-json\/wp\/v2\/product_brand?post=7573"},{"taxonomy":"product_cat","embeddable":true,"href":"https:\/\/puyapeptide.net\/tr\/wp-json\/wp\/v2\/product_cat?post=7573"},{"taxonomy":"product_tag","embeddable":true,"href":"https:\/\/puyapeptide.net\/tr\/wp-json\/wp\/v2\/product_tag?post=7573"}],"curies":[{"name":"wp","href":"https:\/\/api.w.org\/{rel}","templated":true}]}}