{"id":7579,"date":"2021-12-16T08:08:22","date_gmt":"2021-12-16T13:08:22","guid":{"rendered":"https:\/\/puyapeptide.net\/product\/bremelanotid-pt-141-pt141-asetat-cas-189691-06-3-kadinlarda-dusuk-cinsel-istegi-tedavi-etmek-icin-kullanilir\/"},"modified":"2021-12-16T08:08:22","modified_gmt":"2021-12-16T13:08:22","slug":"bremelanotid-pt-141-pt141-asetat-cas-189691-06-3-kadinlarda-dusuk-cinsel-istegi-tedavi-etmek-icin-kullanilir","status":"publish","type":"product","link":"https:\/\/puyapeptide.net\/tr\/product\/bremelanotid-pt-141-pt141-asetat-cas-189691-06-3-kadinlarda-dusuk-cinsel-istegi-tedavi-etmek-icin-kullanilir\/","title":{"rendered":"Bremelanotid\/PT-141\/PT141 Asetat CAS 189691-06-3, kad\u0131nlarda d\u00fc\u015f\u00fck cinsel iste\u011fi tedavi etmek i\u00e7in kullan\u0131l\u0131r"},"content":{"rendered":"<h2><strong>Bremelanotid\/PT-141\/PT141 Asetat CAS 189691-06-3, kad\u0131nlarda d\u00fc\u015f\u00fck cinsel iste\u011fi tedavi etmek i\u00e7in kullan\u0131l\u0131r<\/strong><\/h2>\n<p>\u00dcr\u00fcn Ad\u0131: Bremelanotide<br \/>\nE\u015f anlaml\u0131lar: BREMELANOTIDE;Brmelanotice;Ac-Nle-cyclo(-Asp-His-D-Phe-Arg-Trp-Lys)-OH;Bremelanotide, PT141,PT-141;BREMELANOTIDE PT141 ;N-Asetil-L-norl\u00f6sil-L-alfa-aspartil-L-histidil-D-fenilalanil-L-arginil-L-triptofil-L-lisin (2-7)-laktam;Bremelanotid,\u03b1-MSH (PT- 141);REMELANOTIDE<br \/>\nCAS: 189691-06-3<br \/>\nMF: C50H68N14O10<br \/>\nMW: 1025.18<br \/>\nEINECS: 211-519-9<br \/>\n\u00dcr\u00fcn Kategorileri: Peptitler<br \/>\nMol Dosya: 189691 -06-3.mol<\/p>\n<p>PT141, ayn\u0131 zamanda Bremelanotid olarak da bilinir, kad\u0131n cinsel i\u015flev bozuklu\u011funu tedavi etmek i\u00e7in kullan\u0131lan bir ila\u00e7t\u0131r. PT-141, normal menopoz \u00f6ncesi kad\u0131nlara uygulanan bir faz I klinik denemede pozitif Chemicalbook sonu\u00e7lar\u0131 g\u00f6stermi\u015ftir. Hipoaktif libidoya sahip premenopozal kad\u0131nlar\u0131n normal bir cinsel iste\u011fi s\u00fcrd\u00fcrmelerine yard\u0131mc\u0131 olur.<\/p>\n<p> <strong>Bremelanotide\/PT-141\/PT141 Asetat CAS 189691-06-3 Kimyasal \u00d6zellikler<\/strong><br \/>\nyo\u011funluk 1.43<br \/>\npka 3.37\u00b10.70(Tahmini) )<br \/>\nKararl\u0131l\u0131k: Suland\u0131r\u0131lmam\u0131\u015f liyofilize toz, \u015fi\u015fenin talimat\u0131na g\u00f6re buzdolab\u0131nda saklanmal\u0131d\u0131r. Bakteriyostatik su ile suland\u0131r\u0131ld\u0131ktan sonra, \u00e7\u00f6zeltiyi so\u011futun ve 30 g\u00fcn i\u00e7inde kullan\u0131n. Tamponlu sol\u00fcsyon kullan\u0131l\u0131rsa stabilite artacakt\u0131r.<\/p>\n<p> <strong>Bremelanotid\/PT-141\/PT141 Asetat Kullan\u0131mlar\u0131 CAS 189691-06-3 Kimyasal \u00d6zellikler<\/strong><br \/>\nCinsel i\u015flev bozuklu\u011funun tedavisi (melanokortin resept\u00f6r agonisti).<br \/>\n Bremelanotid, menopoza girmemi\u015f ve ge\u00e7mi\u015fte cinsel iste\u011fi d\u00fc\u015f\u00fck olmayan kad\u0131nlarda d\u00fc\u015f\u00fck cinsel iste\u011fi tedavi etmek i\u00e7in kullan\u0131l\u0131r. herhangi bir cinsel durum veya herhangi bir cinsel partnerle.<br \/>\nBremelanotid, ili\u015fki sorunlar\u0131, sa\u011fl\u0131k sorunlar\u0131, ak\u0131l hastal\u0131\u011f\u0131 veya belirli ila\u00e7lar\u0131n veya ila\u00e7lar\u0131n kullan\u0131lmas\u0131ndan kaynaklanan d\u00fc\u015f\u00fck cinsel iste\u011fi tedavi etmek i\u00e7in kullan\u0131lmamal\u0131d\u0131r.<\/p>\n","protected":false},"excerpt":{"rendered":"<p>\u00dcr\u00fcn Ad\u0131: Bremelanotid<br \/>\nCAS: 189691-06-3<br \/>\nMF: C50H68N14O10<br \/>\nMW: 1025.18<br \/>\nEINECS: 211-519-9<br \/>\nMol Dosya: 189691-06-3.mol<\/p>\n","protected":false},"featured_media":2135,"comment_status":"open","ping_status":"closed","template":"","meta":{"om_disable_all_campaigns":false,"_monsterinsights_skip_tracking":false,"_monsterinsights_sitenote_active":false,"_monsterinsights_sitenote_note":"","_monsterinsights_sitenote_category":0,"site-sidebar-layout":"default","site-content-layout":"default","ast-site-content-layout":"default","site-content-style":"default","site-sidebar-style":"default","ast-global-header-display":"","ast-banner-title-visibility":"","ast-main-header-display":"","ast-hfb-above-header-display":"","ast-hfb-below-header-display":"","ast-hfb-mobile-header-display":"","site-post-title":"","ast-breadcrumbs-content":"","ast-featured-img":"","footer-sml-layout":"","ast-disable-related-posts":"","theme-transparent-header-meta":"default","adv-header-id-meta":"","stick-header-meta":"","header-above-stick-meta":"","header-main-stick-meta":"","header-below-stick-meta":"","astra-migrate-meta-layouts":"default","ast-page-background-enabled":"default","ast-page-background-meta":{"desktop":{"background-color":"","background-image":"","background-repeat":"repeat","background-position":"center center","background-size":"auto","background-attachment":"scroll","background-type":"","background-media":"","overlay-type":"","overlay-color":"","overlay-opacity":"","overlay-gradient":""},"tablet":{"background-color":"","background-image":"","background-repeat":"repeat","background-position":"center center","background-size":"auto","background-attachment":"scroll","background-type":"","background-media":"","overlay-type":"","overlay-color":"","overlay-opacity":"","overlay-gradient":""},"mobile":{"background-color":"","background-image":"","background-repeat":"repeat","background-position":"center center","background-size":"auto","background-attachment":"scroll","background-type":"","background-media":"","overlay-type":"","overlay-color":"","overlay-opacity":"","overlay-gradient":""}},"ast-content-background-meta":{"desktop":{"background-color":"var(--ast-global-color-5)","background-image":"","background-repeat":"repeat","background-position":"center center","background-size":"auto","background-attachment":"scroll","background-type":"","background-media":"","overlay-type":"","overlay-color":"","overlay-opacity":"","overlay-gradient":""},"tablet":{"background-color":"var(--ast-global-color-5)","background-image":"","background-repeat":"repeat","background-position":"center center","background-size":"auto","background-attachment":"scroll","background-type":"","background-media":"","overlay-type":"","overlay-color":"","overlay-opacity":"","overlay-gradient":""},"mobile":{"background-color":"var(--ast-global-color-5)","background-image":"","background-repeat":"repeat","background-position":"center center","background-size":"auto","background-attachment":"scroll","background-type":"","background-media":"","overlay-type":"","overlay-color":"","overlay-opacity":"","overlay-gradient":""}}},"product_brand":[],"product_cat":[529],"product_tag":[],"class_list":{"0":"post-7579","1":"product","2":"type-product","3":"status-publish","4":"has-post-thumbnail","6":"product_cat-diger-peptitler","7":"desktop-align-left","8":"tablet-align-left","9":"mobile-align-left","11":"first","12":"instock","13":"shipping-taxable","14":"product-type-simple"},"_links":{"self":[{"href":"https:\/\/puyapeptide.net\/tr\/wp-json\/wp\/v2\/product\/7579","targetHints":{"allow":["GET"]}}],"collection":[{"href":"https:\/\/puyapeptide.net\/tr\/wp-json\/wp\/v2\/product"}],"about":[{"href":"https:\/\/puyapeptide.net\/tr\/wp-json\/wp\/v2\/types\/product"}],"replies":[{"embeddable":true,"href":"https:\/\/puyapeptide.net\/tr\/wp-json\/wp\/v2\/comments?post=7579"}],"wp:featuredmedia":[{"embeddable":true,"href":"https:\/\/puyapeptide.net\/tr\/wp-json\/wp\/v2\/media\/2135"}],"wp:attachment":[{"href":"https:\/\/puyapeptide.net\/tr\/wp-json\/wp\/v2\/media?parent=7579"}],"wp:term":[{"taxonomy":"product_brand","embeddable":true,"href":"https:\/\/puyapeptide.net\/tr\/wp-json\/wp\/v2\/product_brand?post=7579"},{"taxonomy":"product_cat","embeddable":true,"href":"https:\/\/puyapeptide.net\/tr\/wp-json\/wp\/v2\/product_cat?post=7579"},{"taxonomy":"product_tag","embeddable":true,"href":"https:\/\/puyapeptide.net\/tr\/wp-json\/wp\/v2\/product_tag?post=7579"}],"curies":[{"name":"wp","href":"https:\/\/api.w.org\/{rel}","templated":true}]}}