{"id":7595,"date":"2021-12-16T08:14:20","date_gmt":"2021-12-16T13:14:20","guid":{"rendered":"https:\/\/puyapeptide.net\/product\/ghrp-6-buyume-hormonu-salan-peptit-heksapeptid-2-cas-87616-84-0\/"},"modified":"2021-12-16T08:14:20","modified_gmt":"2021-12-16T13:14:20","slug":"ghrp-6-buyume-hormonu-salan-peptit-heksapeptid-2-cas-87616-84-0","status":"publish","type":"product","link":"https:\/\/puyapeptide.net\/tr\/product\/ghrp-6-buyume-hormonu-salan-peptit-heksapeptid-2-cas-87616-84-0\/","title":{"rendered":"GHRP-6\/ B\u00fcy\u00fcme hormonu salan peptit\/ Heksapeptid-2 CAS 87616-84-0"},"content":{"rendered":"<h2><strong>GHRP-6\/ B\u00fcy\u00fcme hormonu salan peptit\/ Heksapeptid-2 CAS 87616-84-0<\/strong><\/h2>\n<p>\u00dcr\u00fcn Ad\u0131: B\u00fcy\u00fcme hormonu salan peptit<br \/>\nE\u015f Anlaml\u0131lar: D-TRP7,ALA8,D-PHE10]-A-MELANOS\u0130T T\u0130M\u00dcLAT\u00d6R HORMONAMIDEFRAGMENT6-11;(2S)-6-amino-2-[[2-[[(2S)] )-2-[[(2S)-2-[[(2R)-2-[[(2S)-2-amino-3-(3H-imidazol-4-yl)propanoyl]amino]-3-(1H -indol-3-il)propanoil]amino]propanoil]amino]-3-(1H-indol-3-il)propanoil]amino]-3-fenil-propanoil]amino]heksanamid;B\u00fcy\u00fcme hormonu salan peptid;(D- trp7,ala8,D-phe10)-A-melanosit*uyar\u0131c\u0131 ho;(D-TRP7,ALA8,D-PHE10)-A-MELANOS\u0130T*UYARI GE\u00c7EN HORMU;B\u00fcy\u00fcme;[d-trp7, ala8, d-phe10]- a-melanosit uyar\u0131c\u0131 hormon amid fragman\u0131 6-11;Yal\u0131n Kas K\u00fctlesi i\u00e7in Y\u00fcksek Safl\u0131kta Ghrp-6 Peptid CAS NO.87616-84-0 CAS NO.87616-84-0<br \/>\nCAS: 87616-84-0<br \/>\n MF: C46H56N12O6<br \/>\nMW: 873.01<br \/>\nEINECS:<br \/>\n\u00dcr\u00fcn Kategorileri: Peptide;GHRP6;hgh<br \/>\nMol Dosyas\u0131: 87616-84-0.mol<\/p>\n<p>Temelde bir sekretagodur, V\u00fccudumuzdaki do\u011fal salg\u0131 seviyelerini etkili bir \u015fekilde art\u0131rmay\u0131 kolayla\u015ft\u0131rma potansiyeline sahiptir. Ayn\u0131 zamanda, bu bile\u015fik v\u00fccut k\u00fctlesinde ani bir art\u0131\u015f\u0131 kolayla\u015ft\u0131rabilir ve v\u00fccut ya\u011f\u0131nda b\u00fcy\u00fck bir azalma sa\u011flayabilir. GHRP 6 ayr\u0131ca v\u00fccudun sal\u0131nmas\u0131na da yol a\u00e7an yapay d-amino asitleri i\u00e7erir. GHRP 6&#39;n\u0131n iyi \u00e7al\u0131\u015ft\u0131\u011f\u0131 bilinmemektedir, bu nedenle o resept\u00f6r yerine resept\u00f6rde \u00e7al\u0131\u015f\u0131r.<\/p>\n<p>V\u00fccudumuza ne zaman oldu\u011funu s\u00f6ylemekten sorumlu olan 6 amino asitten olu\u015fan benzersiz bir zincire sahip bir bile\u015fiktir. salg\u0131lar\u0131 salmaya ba\u015flamak i\u00e7in. Ayn\u0131 zamanda, salg\u0131lar\u0131n sal\u0131nmas\u0131n\u0131 durdurmaktan birinci derecede sorumlu olan bir hormon olan somatostatini de bloke eder.<\/p>\n<p>Bunun ana kullan\u0131m\u0131, a\u00e7l\u0131k hissini ba\u015flatarak g\u0131da t\u00fcketimini te\u015fvik etmek ve bir ki\u015finin v\u00fccudunu iyile\u015ftirmektir. enerji metabolizmas\u0131. Bu bile\u015fik ayn\u0131 zamanda obezite ve yeme bozukluklar\u0131 gibi di\u011fer komplikasyonlarla birlikte hor eksikli\u011fini tedavi etmek i\u00e7in de yayg\u0131n olarak kullan\u0131lmaktad\u0131r.<\/p>\n<p>Piyasada nispeten yeni olmas\u0131na ra\u011fmen, performans artt\u0131r\u0131c\u0131 olarak olduk\u00e7a pop\u00fcler hale gelmi\u015ftir. Birka\u00e7 ara\u015ft\u0131rma \u015firketi taraf\u0131ndan piyasaya sunulmaktad\u0131r.<\/p>\n<p> <strong>GHRP-6\/ B\u00fcy\u00fcme hormonu salan peptit\/ Heksapeptid-2 Kimyasal \u00d6zellikler CAS 87616-84-0<\/strong><br \/>\nKaynama noktas\u0131 1407.0\u00b165.0 \u00b0C( \u00d6ng\u00f6r\u00fclen)<br \/>\nyo\u011funluk 1.333\u00b10.06 g\/cm3(\u00d6ng\u00f6r\u00fclen)<br \/>\ndepolama s\u0131cakl\u0131\u011f\u0131. \u221220\u00b0C<br \/>\npka 13,42\u00b10,46(\u00d6ng\u00f6r\u00fclen)<br \/>\nCAS Veri Taban\u0131 Referans\u0131 87616-84-0(CAS Veri Taban\u0131 Referans\u0131)<\/p>\n<p> <strong>GHRP-6\/ B\u00fcy\u00fcme hormonu salan peptit\/ Heksapeptid-2 kullan\u0131m\u0131 CAS 87616-84-0<\/strong><br \/>\n\u00d6n hipofiz bezini direkt olarak uyar\u0131r ve bu da v\u00fccuttaki sal\u0131n\u0131m\u0131n artmas\u0131na neden olur. GHRP 6, sal\u0131n\u0131m\u0131n inhibisyonundaki de\u011fi\u015fiklikleri tetikleyen geri besleme d\u00f6ng\u00fcs\u00fcn\u00fc do\u011frudan etkiledi\u011finden, uzun s\u00fcreli yapay kullan\u0131m nedeniyle do\u011fal salg\u0131laman\u0131n bozulmas\u0131 durumunda do\u011fal \u00fcretimi eski haline getirmek i\u00e7in kullan\u0131labilir. GHRP 6&#39;n\u0131n ayr\u0131ca sinir sistemimiz \u00fczerinde bir etkisi oldu\u011fu bildiriliyor. Potansiyel olarak n\u00f6ronlar\u0131 koruma ve bir ki\u015finin g\u00fcc\u00fcn\u00fc art\u0131rma yetene\u011fine sahiptirler. GHRP 6&#39;n\u0131n i\u015fleyi\u015fi, ailedeki birka\u00e7 ham tozun \u00e7al\u0131\u015fmas\u0131na \u00e7arp\u0131c\u0131 bi\u00e7imde benzer.<\/p>\n","protected":false},"excerpt":{"rendered":"<p>\u00dcr\u00fcn Ad\u0131: B\u00fcy\u00fcme hormonu salan peptit<br \/>\nCAS: 87616-84-0<br \/>\nMF: C46H56N12O6<br \/>\nMW: 873.01<br \/>\nMol Dosya: 87616-84-0.mol<\/p>\n","protected":false},"featured_media":2114,"comment_status":"open","ping_status":"closed","template":"","meta":{"om_disable_all_campaigns":false,"_monsterinsights_skip_tracking":false,"_monsterinsights_sitenote_active":false,"_monsterinsights_sitenote_note":"","_monsterinsights_sitenote_category":0,"site-sidebar-layout":"default","site-content-layout":"default","ast-site-content-layout":"default","site-content-style":"default","site-sidebar-style":"default","ast-global-header-display":"","ast-banner-title-visibility":"","ast-main-header-display":"","ast-hfb-above-header-display":"","ast-hfb-below-header-display":"","ast-hfb-mobile-header-display":"","site-post-title":"","ast-breadcrumbs-content":"","ast-featured-img":"","footer-sml-layout":"","ast-disable-related-posts":"","theme-transparent-header-meta":"default","adv-header-id-meta":"","stick-header-meta":"","header-above-stick-meta":"","header-main-stick-meta":"","header-below-stick-meta":"","astra-migrate-meta-layouts":"default","ast-page-background-enabled":"default","ast-page-background-meta":{"desktop":{"background-color":"","background-image":"","background-repeat":"repeat","background-position":"center center","background-size":"auto","background-attachment":"scroll","background-type":"","background-media":"","overlay-type":"","overlay-color":"","overlay-opacity":"","overlay-gradient":""},"tablet":{"background-color":"","background-image":"","background-repeat":"repeat","background-position":"center center","background-size":"auto","background-attachment":"scroll","background-type":"","background-media":"","overlay-type":"","overlay-color":"","overlay-opacity":"","overlay-gradient":""},"mobile":{"background-color":"","background-image":"","background-repeat":"repeat","background-position":"center center","background-size":"auto","background-attachment":"scroll","background-type":"","background-media":"","overlay-type":"","overlay-color":"","overlay-opacity":"","overlay-gradient":""}},"ast-content-background-meta":{"desktop":{"background-color":"var(--ast-global-color-5)","background-image":"","background-repeat":"repeat","background-position":"center center","background-size":"auto","background-attachment":"scroll","background-type":"","background-media":"","overlay-type":"","overlay-color":"","overlay-opacity":"","overlay-gradient":""},"tablet":{"background-color":"var(--ast-global-color-5)","background-image":"","background-repeat":"repeat","background-position":"center center","background-size":"auto","background-attachment":"scroll","background-type":"","background-media":"","overlay-type":"","overlay-color":"","overlay-opacity":"","overlay-gradient":""},"mobile":{"background-color":"var(--ast-global-color-5)","background-image":"","background-repeat":"repeat","background-position":"center center","background-size":"auto","background-attachment":"scroll","background-type":"","background-media":"","overlay-type":"","overlay-color":"","overlay-opacity":"","overlay-gradient":""}}},"product_brand":[],"product_cat":[529],"product_tag":[],"class_list":{"0":"post-7595","1":"product","2":"type-product","3":"status-publish","4":"has-post-thumbnail","6":"product_cat-diger-peptitler","7":"desktop-align-left","8":"tablet-align-left","9":"mobile-align-left","11":"first","12":"instock","13":"shipping-taxable","14":"product-type-simple"},"_links":{"self":[{"href":"https:\/\/puyapeptide.net\/tr\/wp-json\/wp\/v2\/product\/7595","targetHints":{"allow":["GET"]}}],"collection":[{"href":"https:\/\/puyapeptide.net\/tr\/wp-json\/wp\/v2\/product"}],"about":[{"href":"https:\/\/puyapeptide.net\/tr\/wp-json\/wp\/v2\/types\/product"}],"replies":[{"embeddable":true,"href":"https:\/\/puyapeptide.net\/tr\/wp-json\/wp\/v2\/comments?post=7595"}],"wp:featuredmedia":[{"embeddable":true,"href":"https:\/\/puyapeptide.net\/tr\/wp-json\/wp\/v2\/media\/2114"}],"wp:attachment":[{"href":"https:\/\/puyapeptide.net\/tr\/wp-json\/wp\/v2\/media?parent=7595"}],"wp:term":[{"taxonomy":"product_brand","embeddable":true,"href":"https:\/\/puyapeptide.net\/tr\/wp-json\/wp\/v2\/product_brand?post=7595"},{"taxonomy":"product_cat","embeddable":true,"href":"https:\/\/puyapeptide.net\/tr\/wp-json\/wp\/v2\/product_cat?post=7595"},{"taxonomy":"product_tag","embeddable":true,"href":"https:\/\/puyapeptide.net\/tr\/wp-json\/wp\/v2\/product_tag?post=7595"}],"curies":[{"name":"wp","href":"https:\/\/api.w.org\/{rel}","templated":true}]}}