{"id":7616,"date":"2021-12-16T10:22:55","date_gmt":"2021-12-16T15:22:55","guid":{"rendered":"https:\/\/puyapeptide.net\/product\/cjc-1295-cas-863288-34-0-iyi-fiyatli\/"},"modified":"2021-12-16T10:22:55","modified_gmt":"2021-12-16T15:22:55","slug":"cjc-1295-cas-863288-34-0-iyi-fiyatli","status":"publish","type":"product","link":"https:\/\/puyapeptide.net\/tr\/product\/cjc-1295-cas-863288-34-0-iyi-fiyatli\/","title":{"rendered":"CJC 1295 CAS 863288-34-0 \u0130yi Fiyatl\u0131"},"content":{"rendered":"<h2><strong>CJC 1295 CAS 863288-34-0 \u0130yi Fiyatl\u0131<\/strong><\/h2>\n<p>\u00dcr\u00fcn Ad\u0131: CJC1295<br \/>\nE\u015f anlaml\u0131lar: CJC1295;Y(d -A)DAIFTQSYRKVLAQLSARKLLQDILSR-NH2;L-Tyrosyl-D-alanyl-L-alpha-aspartyl-L-alanyl-L-isoleucyl-L-phenylalanyl- L-treonil-L-glutaminil-L-seril-L-tirosil-L-arginil-L-lisil-L-valil-L-leusil-L-alanil-L-glutaminil-L-seril-L-alanil-L- arginil-L-lisil-L-leusil-L-leusil-L-glutaminil-L-alfa-aspartil-L-izol\u00f6sil-L-leusil-L-seril-L-arginil-N6-[3-(2,5- dihidro-2,5-diokso-1H-pirol-1-il)-1-oksopropil]-L-lisinamid;CJC-1295 CJC-1295;CJC-1295 Asetat;DAC&#39;siz CJC1295;-L-arginil-L- lisil-L-leusil-L-leusil-L-glutaminil;L-Tirosil-D-alanil-L-a-aspartil-L-alanil-L-izol\u00f6sil-L-fenilalanil-L-allotreonil-L-glutaminil-L- seril-L-tirosil-L-arginil-L-lisil-L-valil-L-leusil-L-alanil-L-glutaminil-L-leusil-L-seril-L-alanil<br \/>\nCAS: 863288-34- 0<br \/>\nMF: C152H252N44O42<br \/>\nMW: 3367.89688<br \/>\nEINECS: 206-141-6<br \/>\n\u00dcr\u00fcn Kategorileri: Peptitler;CJC<br \/>\nMol Dosya: 863288-34-0.mol<br \/>\n&lt;&amp; &gt;Cjc-1295, 30 amino asitten olu\u015fan sentetik bir GHRH(b\u00fcy\u00fcme hormonu salg\u0131lat\u0131c\u0131 hormon) analo\u011fudur. CJC-1295&#39;in, GH salg\u0131s\u0131n\u0131n nabz\u0131n\u0131 olumsuz etkilemeden b\u00fcy\u00fcme hormonu salg\u0131s\u0131n\u0131 ve IGF-1&#39;i art\u0131rmada olduk\u00e7a etkili oldu\u011fu bulunmu\u015ftur. CJC-1295&#39;in ana kullan\u0131m\u0131, ayn\u0131 zamanda artan IGF-1 seviyeleri ile sonu\u00e7lanan artan GH seviyeleri sa\u011flamakt\u0131r. DAC s\u00fcr\u00fcm\u00fc olmayan CJC1295, Mod GRF 1-29 olarak da adland\u0131r\u0131labilir. Etki s\u00fcresi nispeten k\u0131sad\u0131r ve yak\u0131nda v\u00fccut taraf\u0131ndan metabolize edilir.<\/p>\n<p> <strong>CJC1295&#39;in Faydalar\u0131 CAS 863288-34-0<\/strong><br \/>\nKilo alma<br \/>\nKas b\u00fcy\u00fcmesini art\u0131r\u0131r<br \/>\nYa\u011flar\u0131 azalt\u0131r&lt;&amp; &gt;H\u00fccre onar\u0131m\u0131n\u0131 ve yenilenmesini art\u0131r\u0131r<br \/>\nUykuyu te\u015fvik eder<br \/>\nBa\u011f\u0131\u015f\u0131kl\u0131k sistemini ve kemik yo\u011funlu\u011funu art\u0131r\u0131r<br \/>\nCJC-1-&#39;2-&#39;9-&#39;5 ayr\u0131ca en y\u00fcksek seviyeden sorumlu olan yava\u015f dalga derin uykuyu destekler. kas b\u00fcy\u00fcmesi ve haf\u0131za tutma ve gen\u00e7le\u015ftirme <\/p>\n<p> <strong>CJC1295&#39;in Kullan\u0131mlar\u0131<\/strong><br \/>\nCJC 1295 Asetat, ya\u015flanmay\u0131 \u00f6nleyici ajan haz\u0131rlamak i\u00e7in b\u00fcy\u00fcme hormonu salg\u0131lat\u0131c\u0131 hormon agonistinin uygulanmas\u0131nda kullan\u0131l\u0131r.<\/p>\n","protected":false},"excerpt":{"rendered":"<p>\u00dcr\u00fcn Ad\u0131: CJC1295<br \/>\nCAS: 863288-34-0<br \/>\nMF: C152H252N44O42<br \/>\nMW: 3367.89688<br \/>\nEINECS: 206-141-6<br \/>\nMol Dosya: 863288-34-0.mol<\/p>\n","protected":false},"featured_media":2303,"comment_status":"open","ping_status":"closed","template":"","meta":{"om_disable_all_campaigns":false,"_monsterinsights_skip_tracking":false,"_monsterinsights_sitenote_active":false,"_monsterinsights_sitenote_note":"","_monsterinsights_sitenote_category":0,"site-sidebar-layout":"default","site-content-layout":"default","ast-site-content-layout":"default","site-content-style":"default","site-sidebar-style":"default","ast-global-header-display":"","ast-banner-title-visibility":"","ast-main-header-display":"","ast-hfb-above-header-display":"","ast-hfb-below-header-display":"","ast-hfb-mobile-header-display":"","site-post-title":"","ast-breadcrumbs-content":"","ast-featured-img":"","footer-sml-layout":"","ast-disable-related-posts":"","theme-transparent-header-meta":"default","adv-header-id-meta":"","stick-header-meta":"","header-above-stick-meta":"","header-main-stick-meta":"","header-below-stick-meta":"","astra-migrate-meta-layouts":"default","ast-page-background-enabled":"default","ast-page-background-meta":{"desktop":{"background-color":"","background-image":"","background-repeat":"repeat","background-position":"center center","background-size":"auto","background-attachment":"scroll","background-type":"","background-media":"","overlay-type":"","overlay-color":"","overlay-opacity":"","overlay-gradient":""},"tablet":{"background-color":"","background-image":"","background-repeat":"repeat","background-position":"center center","background-size":"auto","background-attachment":"scroll","background-type":"","background-media":"","overlay-type":"","overlay-color":"","overlay-opacity":"","overlay-gradient":""},"mobile":{"background-color":"","background-image":"","background-repeat":"repeat","background-position":"center center","background-size":"auto","background-attachment":"scroll","background-type":"","background-media":"","overlay-type":"","overlay-color":"","overlay-opacity":"","overlay-gradient":""}},"ast-content-background-meta":{"desktop":{"background-color":"var(--ast-global-color-5)","background-image":"","background-repeat":"repeat","background-position":"center center","background-size":"auto","background-attachment":"scroll","background-type":"","background-media":"","overlay-type":"","overlay-color":"","overlay-opacity":"","overlay-gradient":""},"tablet":{"background-color":"var(--ast-global-color-5)","background-image":"","background-repeat":"repeat","background-position":"center center","background-size":"auto","background-attachment":"scroll","background-type":"","background-media":"","overlay-type":"","overlay-color":"","overlay-opacity":"","overlay-gradient":""},"mobile":{"background-color":"var(--ast-global-color-5)","background-image":"","background-repeat":"repeat","background-position":"center center","background-size":"auto","background-attachment":"scroll","background-type":"","background-media":"","overlay-type":"","overlay-color":"","overlay-opacity":"","overlay-gradient":""}}},"product_brand":[],"product_cat":[529],"product_tag":[2178],"class_list":{"0":"post-7616","1":"product","2":"type-product","3":"status-publish","4":"has-post-thumbnail","6":"product_cat-diger-peptitler","7":"product_tag-cjc-1295-cas-863288-34-0-with-good-price-tr","8":"desktop-align-left","9":"tablet-align-left","10":"mobile-align-left","12":"first","13":"instock","14":"shipping-taxable","15":"product-type-simple"},"_links":{"self":[{"href":"https:\/\/puyapeptide.net\/tr\/wp-json\/wp\/v2\/product\/7616","targetHints":{"allow":["GET"]}}],"collection":[{"href":"https:\/\/puyapeptide.net\/tr\/wp-json\/wp\/v2\/product"}],"about":[{"href":"https:\/\/puyapeptide.net\/tr\/wp-json\/wp\/v2\/types\/product"}],"replies":[{"embeddable":true,"href":"https:\/\/puyapeptide.net\/tr\/wp-json\/wp\/v2\/comments?post=7616"}],"wp:featuredmedia":[{"embeddable":true,"href":"https:\/\/puyapeptide.net\/tr\/wp-json\/wp\/v2\/media\/2303"}],"wp:attachment":[{"href":"https:\/\/puyapeptide.net\/tr\/wp-json\/wp\/v2\/media?parent=7616"}],"wp:term":[{"taxonomy":"product_brand","embeddable":true,"href":"https:\/\/puyapeptide.net\/tr\/wp-json\/wp\/v2\/product_brand?post=7616"},{"taxonomy":"product_cat","embeddable":true,"href":"https:\/\/puyapeptide.net\/tr\/wp-json\/wp\/v2\/product_cat?post=7616"},{"taxonomy":"product_tag","embeddable":true,"href":"https:\/\/puyapeptide.net\/tr\/wp-json\/wp\/v2\/product_tag?post=7616"}],"curies":[{"name":"wp","href":"https:\/\/api.w.org\/{rel}","templated":true}]}}