{"id":7679,"date":"2021-12-16T10:26:36","date_gmt":"2021-12-16T15:26:36","guid":{"rendered":"https:\/\/puyapeptide.net\/product\/laboratuvar-arastirmasi-icin-seractid-acth-1-39-adrenokortikotropik-hormon-insan-cas-12279-41-3\/"},"modified":"2021-12-16T10:26:36","modified_gmt":"2021-12-16T15:26:36","slug":"laboratuvar-arastirmasi-icin-seractid-acth-1-39-adrenokortikotropik-hormon-insan-cas-12279-41-3","status":"publish","type":"product","link":"https:\/\/puyapeptide.net\/tr\/product\/laboratuvar-arastirmasi-icin-seractid-acth-1-39-adrenokortikotropik-hormon-insan-cas-12279-41-3\/","title":{"rendered":"Laboratuvar Ara\u015ft\u0131rmas\u0131 i\u00e7in Seractid\/ ACTH (1-39)\/ Adrenokortikotropik Hormon insan CAS 12279-41-3"},"content":{"rendered":"<h2><strong>Laboratuvar Ara\u015ft\u0131rmas\u0131 i\u00e7in Seractid\/ ACTH (1-39)\/ Adrenokortikotropik Hormon insan CAS 12279-41-3<\/strong><\/h2>\n<p>\u00dcr\u00fcn Ad\u0131: Seractide<br \/>\nE\u015f Anlaml\u0131lar\u0131: CORTICOTROPIN (HUMAN);CORTICOTROPHIN;CORTICOTROPIN A;H-SER-TYR-SER-MET-GLU-HIS-PHE-ARG-TRP-GLY-LYS-PRO-VAL- GLY-LYS-LYS-ARG-ARG-PRO-VAL-LYS-VAL-TYR-PRO-ASN-GLY-ALA-GLU-ASP-GLU-SER-ALA-GLU-ALA-PHE-PRO-LEU-GLU- PHE-OH;ACTH (1-39) (insan) Kortikotropin;Adrenokortikotropik Hormon (ACTH) (1-39);Seractid asetat;Adrenokortikotropik Hormon (ACTH) (1-39), insan<br \/>\nCAS: 12279-41- 3<br \/>\nMF: C207H308N56O58S1<br \/>\nMW: 4541.07<br \/>\nEINECS: 634-154-0<br \/>\n\u00dcr\u00fcn Kategorileri: Peptid;Melanokortin resept\u00f6r\u00fc<br \/>\nMol Dosya: 12279-41-3.mol<br \/>\n&lt; &amp;&gt;Adrenokortikotropik Hormon (ACTH) (1-39), insan bir melanokortin resept\u00f6r agonistidir.<br \/>\nAdrenokortikotropik hormon (ACTH), ayn\u0131 zamanda kortikotropin olarak da bilinir, daha b\u00fcy\u00fck bir \u00f6nc\u00fc proopiomelanokortinden (POMC) olu\u015fan bir b\u00f6l\u00fcnme \u00fcr\u00fcn\u00fcd\u00fcr. Bu 39 amino asit peptit hormonu, hipotalamustan strese tepki olarak kortikotropin salg\u0131lat\u0131c\u0131 hormonun uyarmas\u0131 \u00fczerine \u00f6n hipofiz bezinde \u00fcretilir. Bir h\u00fccre zar\u0131 resept\u00f6r\u00fc (ACTH-R) arac\u0131l\u0131\u011f\u0131yla etki ederek adrenal kortekste steroid hormonunun, \u00f6zellikle glukokortikoidlerin salg\u0131lanmas\u0131n\u0131 uyar\u0131r. Memelilerde ACTH&#39;nin etkisi, adrenal korteksin glukokortikoid hormonlar\u0131 olan kortizol (hidrokortizon) ve kortikosteronun olu\u015fturuldu\u011fu alanlar\u0131yla s\u0131n\u0131rl\u0131d\u0131r. ACTH&#39;nin adrenal korteksten di\u011fer ana steroid hormon olan aldosteronun salg\u0131lanmas\u0131 \u00fczerinde \u00e7ok az kontrol\u00fc vard\u0131r.<\/p>\n<p> <strong>Seractide CAS 12279-41-3 Kimyasal \u00d6zellikler<\/strong><br \/>\ndepolama s\u0131cakl\u0131\u011f\u0131. Karanl\u0131k yerde saklay\u0131n,Atmosferde,Dondurucuda saklay\u0131n,-20\u00b0C&#39;nin alt\u0131nda<br \/>\n\u00e7\u00f6z\u00fcn\u00fcrl\u00fck H2O: 1 mg\/mL, berrak, renksiz<\/p>\n","protected":false},"excerpt":{"rendered":"<p>\u00dcr\u00fcn Ad\u0131: Seractide<br \/>\nCAS: 12279-41-3<br \/>\nMF: C207H308N56O58S1<br \/>\nMW: 4541.07<br \/>\nEINECS: 634-154-0<br \/>\nMol Dosyas\u0131: 12279-41-3.mol<\/p>\n","protected":false},"featured_media":2114,"comment_status":"open","ping_status":"closed","template":"","meta":{"om_disable_all_campaigns":false,"_monsterinsights_skip_tracking":false,"_monsterinsights_sitenote_active":false,"_monsterinsights_sitenote_note":"","_monsterinsights_sitenote_category":0,"site-sidebar-layout":"default","site-content-layout":"default","ast-site-content-layout":"default","site-content-style":"default","site-sidebar-style":"default","ast-global-header-display":"","ast-banner-title-visibility":"","ast-main-header-display":"","ast-hfb-above-header-display":"","ast-hfb-below-header-display":"","ast-hfb-mobile-header-display":"","site-post-title":"","ast-breadcrumbs-content":"","ast-featured-img":"","footer-sml-layout":"","ast-disable-related-posts":"","theme-transparent-header-meta":"default","adv-header-id-meta":"","stick-header-meta":"","header-above-stick-meta":"","header-main-stick-meta":"","header-below-stick-meta":"","astra-migrate-meta-layouts":"default","ast-page-background-enabled":"default","ast-page-background-meta":{"desktop":{"background-color":"","background-image":"","background-repeat":"repeat","background-position":"center center","background-size":"auto","background-attachment":"scroll","background-type":"","background-media":"","overlay-type":"","overlay-color":"","overlay-opacity":"","overlay-gradient":""},"tablet":{"background-color":"","background-image":"","background-repeat":"repeat","background-position":"center center","background-size":"auto","background-attachment":"scroll","background-type":"","background-media":"","overlay-type":"","overlay-color":"","overlay-opacity":"","overlay-gradient":""},"mobile":{"background-color":"","background-image":"","background-repeat":"repeat","background-position":"center center","background-size":"auto","background-attachment":"scroll","background-type":"","background-media":"","overlay-type":"","overlay-color":"","overlay-opacity":"","overlay-gradient":""}},"ast-content-background-meta":{"desktop":{"background-color":"var(--ast-global-color-5)","background-image":"","background-repeat":"repeat","background-position":"center center","background-size":"auto","background-attachment":"scroll","background-type":"","background-media":"","overlay-type":"","overlay-color":"","overlay-opacity":"","overlay-gradient":""},"tablet":{"background-color":"var(--ast-global-color-5)","background-image":"","background-repeat":"repeat","background-position":"center center","background-size":"auto","background-attachment":"scroll","background-type":"","background-media":"","overlay-type":"","overlay-color":"","overlay-opacity":"","overlay-gradient":""},"mobile":{"background-color":"var(--ast-global-color-5)","background-image":"","background-repeat":"repeat","background-position":"center center","background-size":"auto","background-attachment":"scroll","background-type":"","background-media":"","overlay-type":"","overlay-color":"","overlay-opacity":"","overlay-gradient":""}}},"product_brand":[],"product_cat":[529],"product_tag":[2108],"class_list":{"0":"post-7679","1":"product","2":"type-product","3":"status-publish","4":"has-post-thumbnail","6":"product_cat-diger-peptitler","7":"product_tag-seractide-acth-1-39-adrenocorticotropic-hormone-human-cas-12279-41-3-for-lab-research-tr","8":"desktop-align-left","9":"tablet-align-left","10":"mobile-align-left","12":"first","13":"instock","14":"shipping-taxable","15":"product-type-simple"},"_links":{"self":[{"href":"https:\/\/puyapeptide.net\/tr\/wp-json\/wp\/v2\/product\/7679","targetHints":{"allow":["GET"]}}],"collection":[{"href":"https:\/\/puyapeptide.net\/tr\/wp-json\/wp\/v2\/product"}],"about":[{"href":"https:\/\/puyapeptide.net\/tr\/wp-json\/wp\/v2\/types\/product"}],"replies":[{"embeddable":true,"href":"https:\/\/puyapeptide.net\/tr\/wp-json\/wp\/v2\/comments?post=7679"}],"wp:featuredmedia":[{"embeddable":true,"href":"https:\/\/puyapeptide.net\/tr\/wp-json\/wp\/v2\/media\/2114"}],"wp:attachment":[{"href":"https:\/\/puyapeptide.net\/tr\/wp-json\/wp\/v2\/media?parent=7679"}],"wp:term":[{"taxonomy":"product_brand","embeddable":true,"href":"https:\/\/puyapeptide.net\/tr\/wp-json\/wp\/v2\/product_brand?post=7679"},{"taxonomy":"product_cat","embeddable":true,"href":"https:\/\/puyapeptide.net\/tr\/wp-json\/wp\/v2\/product_cat?post=7679"},{"taxonomy":"product_tag","embeddable":true,"href":"https:\/\/puyapeptide.net\/tr\/wp-json\/wp\/v2\/product_tag?post=7679"}],"curies":[{"name":"wp","href":"https:\/\/api.w.org\/{rel}","templated":true}]}}