{"id":7699,"date":"2021-12-16T10:27:33","date_gmt":"2021-12-16T15:27:33","guid":{"rendered":"https:\/\/puyapeptide.net\/product\/selank-peptid-cas-129954-34-3-anti-anksiyete-icin\/"},"modified":"2021-12-16T10:27:33","modified_gmt":"2021-12-16T15:27:33","slug":"selank-peptid-cas-129954-34-3-anti-anksiyete-icin","status":"publish","type":"product","link":"https:\/\/puyapeptide.net\/tr\/product\/selank-peptid-cas-129954-34-3-anti-anksiyete-icin\/","title":{"rendered":"Selank peptid CAS 129954-34-3 Anti-anksiyete i\u00e7in"},"content":{"rendered":"<h2><strong>Selank peptid CAS 129954-34-3 Anti-anksiyete i\u00e7in<\/strong><\/h2>\n<p>\u00dcr\u00fcn Ad\u0131: Selank peptid<br \/>\nE\u015f anlaml\u0131lar: Selank peptid;SelankAcetate;PL14736;L-threonyl-L-lysyl-L-prolil-L-arginyl-L-prolilglycyl-L-proline;L-THREONYL-L- LYSYL-L-PROLYL-L-ARGINYL-L-PROLYLGLYCYL-L-PROLINE; MONOACETATE;H-Thr-Lys-Pro-Arg-Pro-Gly-Pro-OH;SLANK;Selank peptid<br \/>\nCAS: 129954-34-3<br \/>\nMF: C33H57N11O9<br \/>\nMW: 751.87<br \/>\nEINECS : 232-660-2<br \/>\n\u00dcr\u00fcn Kategorileri:<br \/>\nMol Dosyas\u0131: 129954-34-3.mol<\/p>\n<p>Selank peptidi bir \u201canti-anksiyete\u201d peptidi olarak etiketlenmi\u015ftir ve ayr\u0131ca geli\u015fme g\u00f6stermi\u015ftir. \u00f6\u011frenme, haf\u0131za, bili\u015f, depresyon, zay\u0131fl\u0131k ve genel enerjide. <\/p>\n<p> <strong>Selank peptid CAS 129954-34-3 Kimyasal \u00d6zellikler<\/strong><br \/>\nErime noktas\u0131 134-136 \u00b0C<br \/>\nyo\u011funluk 1,53\u00b10,1 g\/cm3(Tahmini)<br \/>\npka 3,43\u00b10,20(Tahmini)&lt; &amp;&gt;<br \/>\n <strong>Selank peptidi CAS 129954-34-3&#39;\u00fcn \u0130\u015flevi ve Uygulamas\u0131<\/strong><br \/>\nKayg\u0131y\u0131 iyile\u015ftirebilir<br \/>\n\u00d6\u011frenmeyi iyile\u015ftirebilir<br \/>\nHaf\u0131zay\u0131 geli\u015ftirebilir<br \/>\nBeyin hasar\u0131n\u0131n iyile\u015fmesine yard\u0131mc\u0131 olabilir: BDNF&#39;yi (Beyin- t\u00fcretilmi\u015f n\u00f6rotrofik fakt\u00f6r), \u00f6nemli bir beyin geli\u015fimi bile\u015fi\u011fi<br \/>\nKandaki enkefalinlerin dengelenmesine yard\u0131mc\u0131 olabilir: Bunlar stres tepkisine kar\u015f\u0131 koyar<br \/>\nAlkol\u00fcn kesilmesine yard\u0131mc\u0131 olabilir<br \/>\nKilo al\u0131m\u0131n\u0131 \u00f6nlemeye ve kolesterol\u00fc d\u00fc\u015f\u00fcrmeye yard\u0131mc\u0131 olabilir<br \/>\nSelank kan h\u00fccrelerinde IL-6&#39;y\u0131 art\u0131rarak ba\u011f\u0131\u015f\u0131kl\u0131k fonksiyonunu g\u00fc\u00e7lendirebilir. IL-6, enfeksiyonlarla sava\u015fmaya yard\u0131mc\u0131 oldu\u011funa inan\u0131lan inflamatuar bir proteindir. Selank ayr\u0131ca anti-viral molek\u00fcller olan interferonlar\u0131n sal\u0131n\u0131m\u0131n\u0131 da uyarabilir.<\/p>\n<p> <strong>SELANK NED\u0130R?<\/strong><br \/>\nSelank, sentetik peptitler ad\u0131 verilen bir molek\u00fcl s\u0131n\u0131f\u0131na aittir. Selank, tuftsin ad\u0131 verilen bir peptit dizisinin molek\u00fcler stabilitesini art\u0131ran ba\u015fka bir diziyle birle\u015ftirilmesiyle yap\u0131lm\u0131\u015ft\u0131r. Tuftsin, ba\u011f\u0131\u015f\u0131kl\u0131k i\u015fleviyle yak\u0131ndan ili\u015fkili bir peptittir. Do\u011fal olarak olu\u015fur ve do\u011fal antikor IgG&#39;nin bir par\u00e7as\u0131n\u0131 olu\u015fturur.<\/p>\n<p>Do\u011fal olarak olu\u015fan proteinlerin \u00e7o\u011funa k\u0131yasla k\u00fc\u00e7\u00fck bir peptittir. Selank, Molek\u00fcler Genetik Enstit\u00fcs\u00fc&#39;nde VV Zakusov Farmakoloji Ara\u015ft\u0131rma Enstit\u00fcs\u00fc (Rusya T\u0131p Bilimleri Akademisi) ile i\u015fbirli\u011fi i\u00e7inde, bazen kuzen peptidi olarak adland\u0131r\u0131lan nootropik ila\u00e7 Semax ile birlikte geli\u015ftirildi. <\/p>\n<p>Selank, Rusya&#39;da yayg\u0131n anksiyete bozuklu\u011funun (GAD) tedavisi ve nootropik olarak kullan\u0131m\u0131 i\u00e7in onaylanm\u0131\u015ft\u0131r. Klinik deneylerde, ilac\u0131n, yayg\u0131n anksiyete bozuklu\u011funun (GAD) tedavisinde yararl\u0131 olan s\u00fcrekli bir nootropik ve anksiyolitik etki sa\u011flad\u0131\u011f\u0131n\u0131 g\u00f6stermi\u015ftir.<\/p>\n<p> <strong>SELANK&#39;I NASIL KULLANIRSINIZ?<\/strong><br \/>\nSelank, burun spreyi olarak kullan\u0131lan bir peptittir. \u00c7\u00fcnk\u00fc a\u011f\u0131zdan al\u0131nd\u0131\u011f\u0131nda mide taraf\u0131ndan sindirilecektir. Solunmas\u0131, kan dola\u015f\u0131m\u0131na ve beyne da\u011f\u0131t\u0131m i\u00e7in daha etkilidir.<br \/>\nTipik dozaj, her burun deli\u011fine g\u00fcnde bir spreydir.<\/p>\n","protected":false},"excerpt":{"rendered":"<p>\u00dcr\u00fcn Ad\u0131: Selank peptid<br \/>\nCAS: 129954-34-3<br \/>\nMF: C33H57N11O9<br \/>\nMW: 751.87<br \/>\nEINECS: 232-660-2<br \/>\nMol Dosya: 129954-34-3.mol<\/p>\n","protected":false},"featured_media":2303,"comment_status":"open","ping_status":"closed","template":"","meta":{"om_disable_all_campaigns":false,"_monsterinsights_skip_tracking":false,"_monsterinsights_sitenote_active":false,"_monsterinsights_sitenote_note":"","_monsterinsights_sitenote_category":0,"site-sidebar-layout":"default","site-content-layout":"default","ast-site-content-layout":"default","site-content-style":"default","site-sidebar-style":"default","ast-global-header-display":"","ast-banner-title-visibility":"","ast-main-header-display":"","ast-hfb-above-header-display":"","ast-hfb-below-header-display":"","ast-hfb-mobile-header-display":"","site-post-title":"","ast-breadcrumbs-content":"","ast-featured-img":"","footer-sml-layout":"","ast-disable-related-posts":"","theme-transparent-header-meta":"default","adv-header-id-meta":"","stick-header-meta":"","header-above-stick-meta":"","header-main-stick-meta":"","header-below-stick-meta":"","astra-migrate-meta-layouts":"default","ast-page-background-enabled":"default","ast-page-background-meta":{"desktop":{"background-color":"","background-image":"","background-repeat":"repeat","background-position":"center center","background-size":"auto","background-attachment":"scroll","background-type":"","background-media":"","overlay-type":"","overlay-color":"","overlay-opacity":"","overlay-gradient":""},"tablet":{"background-color":"","background-image":"","background-repeat":"repeat","background-position":"center center","background-size":"auto","background-attachment":"scroll","background-type":"","background-media":"","overlay-type":"","overlay-color":"","overlay-opacity":"","overlay-gradient":""},"mobile":{"background-color":"","background-image":"","background-repeat":"repeat","background-position":"center center","background-size":"auto","background-attachment":"scroll","background-type":"","background-media":"","overlay-type":"","overlay-color":"","overlay-opacity":"","overlay-gradient":""}},"ast-content-background-meta":{"desktop":{"background-color":"var(--ast-global-color-5)","background-image":"","background-repeat":"repeat","background-position":"center center","background-size":"auto","background-attachment":"scroll","background-type":"","background-media":"","overlay-type":"","overlay-color":"","overlay-opacity":"","overlay-gradient":""},"tablet":{"background-color":"var(--ast-global-color-5)","background-image":"","background-repeat":"repeat","background-position":"center center","background-size":"auto","background-attachment":"scroll","background-type":"","background-media":"","overlay-type":"","overlay-color":"","overlay-opacity":"","overlay-gradient":""},"mobile":{"background-color":"var(--ast-global-color-5)","background-image":"","background-repeat":"repeat","background-position":"center center","background-size":"auto","background-attachment":"scroll","background-type":"","background-media":"","overlay-type":"","overlay-color":"","overlay-opacity":"","overlay-gradient":""}}},"product_brand":[],"product_cat":[529],"product_tag":[2090],"class_list":{"0":"post-7699","1":"product","2":"type-product","3":"status-publish","4":"has-post-thumbnail","6":"product_cat-diger-peptitler","7":"product_tag-selank-peptide-cas-129954-34-3-for-anti-anxiety-tr","8":"desktop-align-left","9":"tablet-align-left","10":"mobile-align-left","12":"first","13":"instock","14":"shipping-taxable","15":"product-type-simple"},"_links":{"self":[{"href":"https:\/\/puyapeptide.net\/tr\/wp-json\/wp\/v2\/product\/7699","targetHints":{"allow":["GET"]}}],"collection":[{"href":"https:\/\/puyapeptide.net\/tr\/wp-json\/wp\/v2\/product"}],"about":[{"href":"https:\/\/puyapeptide.net\/tr\/wp-json\/wp\/v2\/types\/product"}],"replies":[{"embeddable":true,"href":"https:\/\/puyapeptide.net\/tr\/wp-json\/wp\/v2\/comments?post=7699"}],"wp:featuredmedia":[{"embeddable":true,"href":"https:\/\/puyapeptide.net\/tr\/wp-json\/wp\/v2\/media\/2303"}],"wp:attachment":[{"href":"https:\/\/puyapeptide.net\/tr\/wp-json\/wp\/v2\/media?parent=7699"}],"wp:term":[{"taxonomy":"product_brand","embeddable":true,"href":"https:\/\/puyapeptide.net\/tr\/wp-json\/wp\/v2\/product_brand?post=7699"},{"taxonomy":"product_cat","embeddable":true,"href":"https:\/\/puyapeptide.net\/tr\/wp-json\/wp\/v2\/product_cat?post=7699"},{"taxonomy":"product_tag","embeddable":true,"href":"https:\/\/puyapeptide.net\/tr\/wp-json\/wp\/v2\/product_tag?post=7699"}],"curies":[{"name":"wp","href":"https:\/\/api.w.org\/{rel}","templated":true}]}}