{"id":7719,"date":"2021-12-16T10:29:01","date_gmt":"2021-12-16T15:29:01","guid":{"rendered":"https:\/\/puyapeptide.net\/product\/tesamorelin-usan-tesamorelin-cas-218949-48-5-hiv-ile-iliskili-lipid-metabolizma-bozuklugu-sendromunun-tedavisi-icin\/"},"modified":"2021-12-16T10:29:01","modified_gmt":"2021-12-16T15:29:01","slug":"tesamorelin-usan-tesamorelin-cas-218949-48-5-hiv-ile-iliskili-lipid-metabolizma-bozuklugu-sendromunun-tedavisi-icin","status":"publish","type":"product","link":"https:\/\/puyapeptide.net\/tr\/product\/tesamorelin-usan-tesamorelin-cas-218949-48-5-hiv-ile-iliskili-lipid-metabolizma-bozuklugu-sendromunun-tedavisi-icin\/","title":{"rendered":"Tesamorelin (usan)\/ Tesamorelin CAS 218949-48-5 HIV ile ili\u015fkili lipid metabolizma bozuklu\u011fu sendromunun tedavisi i\u00e7in"},"content":{"rendered":"<h2><strong>Tesamorelin (usan)\/ Tesamorelin CAS 218949-48-5 HIV ile ili\u015fkili lipid metabolizma bozuklu\u011fu sendromunun tedavisi i\u00e7in<\/strong><\/h2>\n<p>\u00dcr\u00fcn Ad\u0131: Tesamorelin (usan)<br \/>\nE\u015f anlaml\u0131lar: D06655;Tesamorelin (usan);TesamorelinAsetat;S\u0131cak sat\u0131\u015f Farmas\u00f6tik peptidler 2mg Tesamorelin 99%;Tesamorelin (usan) USP\/EP\/BP<br \/>\nCAS: 218949-48 -5<br \/>\nMF:<br \/>\nMW: 0<br \/>\nEINECS: 603-809-2<br \/>\n\u00dcr\u00fcn Kategorileri:<br \/>\nMol Dosyas\u0131: Mol Dosyas\u0131<\/p>\n<p>Tesamorelin, a\u015fa\u011f\u0131dakilerden olu\u015fan sentetik bir peptittir. bir trans-3-Hexenoic asit grubunun eklenmesiyle hGRF&#39;nin t\u00fcm 44 amino asidi. Tesamorelin (Egrifta olarak da bilinir), HIV ile ili\u015fkili lipodistrofi tedavisinde kullan\u0131lan sentetik bir b\u00fcy\u00fcme hormonu salg\u0131lat\u0131c\u0131 hormon \u015feklidir.tendon transwell filtre g\u00f6\u00e7 tahlili ile ortaya kondu\u011fu gibi doza ba\u011fl\u0131 bir \u015fekilde fibroblastlar. BPC 157 ayr\u0131ca, k\u00fclt\u00fcr tabaklar\u0131nda tendon fibroblastlar\u0131n\u0131n yay\u0131lmas\u0131n\u0131 doza ba\u011fl\u0131 olarak h\u0131zland\u0131rd\u0131. FITC-phalloidin boyamas\u0131 ile saptanan F-aktin olu\u015fumu, BPC 157 ile tedavi edilen fibroblastlarda ind\u00fcklendi. FAK ve paxillinin protein ekspresyonu ve aktivasyonu, Western blot analizi ile belirlendi ve hem FAK hem de paxillinin fosforilasyon seviyeleri, BPC 157 taraf\u0131ndan doza ba\u011fl\u0131 olarak artt\u0131r\u0131l\u0131rken, toplam protein miktarlar\u0131 de\u011fi\u015fmedi. Sonu\u00e7 olarak, BPC 157, tendon eksplantlar\u0131ndan tendon fibroblastlar\u0131n\u0131n ex vivo b\u00fcy\u00fcmesini, stres alt\u0131nda h\u00fccre hayatta kalmas\u0131n\u0131 ve muhtemelen FAK-paxillin yolunun aktivasyonunun arac\u0131l\u0131k etti\u011fi tendon fibroblastlar\u0131n\u0131n in vitro g\u00f6\u00e7\u00fcn\u00fc destekler.<br \/>\n&lt;&amp; &gt; <strong>Tesamorelin Uygulamalar\u0131<\/strong> <\/p>\n<p>1. Triptorelin, hipofizin s\u00fcrekli uyar\u0131lmas\u0131na neden olarak testosteron seviyelerini y\u00fckseltir, gonadotropinlerin luteinize edici hormon (LH) ve folik\u00fcl uyar\u0131c\u0131 hormonun (FSH) hipofiz salg\u0131s\u0131n\u0131 azalt\u0131r.<\/p>\n<p>2. Di\u011fer GnRH agonistleri gibi, triptorelin prostat kanseri veya meme kanseri gibi hormona duyarl\u0131 kanserlerin, erken ergenlik, \u00f6strojene ba\u011f\u0131ml\u0131 durumlar\u0131n (endometriozis veya rahim fibroidleri gibi) tedavisinde ve yard\u0131mc\u0131 \u00fcremede kullan\u0131labilir.<\/p>\n","protected":false},"excerpt":{"rendered":"<p>\u00dcr\u00fcn Ad\u0131: Tesamorelin (usan)<br \/>\nCAS: 218949-48-5<br \/>\nEINECS: 603-809-2<br \/>\nMol Dosyas\u0131: Mol Dosyas\u0131<\/p>\n","protected":false},"featured_media":2177,"comment_status":"open","ping_status":"closed","template":"","meta":{"om_disable_all_campaigns":false,"_monsterinsights_skip_tracking":false,"_monsterinsights_sitenote_active":false,"_monsterinsights_sitenote_note":"","_monsterinsights_sitenote_category":0,"site-sidebar-layout":"default","site-content-layout":"default","ast-site-content-layout":"default","site-content-style":"default","site-sidebar-style":"default","ast-global-header-display":"","ast-banner-title-visibility":"","ast-main-header-display":"","ast-hfb-above-header-display":"","ast-hfb-below-header-display":"","ast-hfb-mobile-header-display":"","site-post-title":"","ast-breadcrumbs-content":"","ast-featured-img":"","footer-sml-layout":"","ast-disable-related-posts":"","theme-transparent-header-meta":"default","adv-header-id-meta":"","stick-header-meta":"","header-above-stick-meta":"","header-main-stick-meta":"","header-below-stick-meta":"","astra-migrate-meta-layouts":"default","ast-page-background-enabled":"default","ast-page-background-meta":{"desktop":{"background-color":"","background-image":"","background-repeat":"repeat","background-position":"center center","background-size":"auto","background-attachment":"scroll","background-type":"","background-media":"","overlay-type":"","overlay-color":"","overlay-opacity":"","overlay-gradient":""},"tablet":{"background-color":"","background-image":"","background-repeat":"repeat","background-position":"center center","background-size":"auto","background-attachment":"scroll","background-type":"","background-media":"","overlay-type":"","overlay-color":"","overlay-opacity":"","overlay-gradient":""},"mobile":{"background-color":"","background-image":"","background-repeat":"repeat","background-position":"center center","background-size":"auto","background-attachment":"scroll","background-type":"","background-media":"","overlay-type":"","overlay-color":"","overlay-opacity":"","overlay-gradient":""}},"ast-content-background-meta":{"desktop":{"background-color":"var(--ast-global-color-5)","background-image":"","background-repeat":"repeat","background-position":"center center","background-size":"auto","background-attachment":"scroll","background-type":"","background-media":"","overlay-type":"","overlay-color":"","overlay-opacity":"","overlay-gradient":""},"tablet":{"background-color":"var(--ast-global-color-5)","background-image":"","background-repeat":"repeat","background-position":"center center","background-size":"auto","background-attachment":"scroll","background-type":"","background-media":"","overlay-type":"","overlay-color":"","overlay-opacity":"","overlay-gradient":""},"mobile":{"background-color":"var(--ast-global-color-5)","background-image":"","background-repeat":"repeat","background-position":"center center","background-size":"auto","background-attachment":"scroll","background-type":"","background-media":"","overlay-type":"","overlay-color":"","overlay-opacity":"","overlay-gradient":""}}},"product_brand":[],"product_cat":[529],"product_tag":[2066],"class_list":{"0":"post-7719","1":"product","2":"type-product","3":"status-publish","4":"has-post-thumbnail","6":"product_cat-diger-peptitler","7":"product_tag-tesamorelin-usan-tesamorelin-cas-218949-48-5-for-the-treatment-of-hiv-associated-lipid-metabolism-disorder-syndrome-tr","8":"desktop-align-left","9":"tablet-align-left","10":"mobile-align-left","12":"first","13":"instock","14":"shipping-taxable","15":"product-type-simple"},"_links":{"self":[{"href":"https:\/\/puyapeptide.net\/tr\/wp-json\/wp\/v2\/product\/7719","targetHints":{"allow":["GET"]}}],"collection":[{"href":"https:\/\/puyapeptide.net\/tr\/wp-json\/wp\/v2\/product"}],"about":[{"href":"https:\/\/puyapeptide.net\/tr\/wp-json\/wp\/v2\/types\/product"}],"replies":[{"embeddable":true,"href":"https:\/\/puyapeptide.net\/tr\/wp-json\/wp\/v2\/comments?post=7719"}],"wp:featuredmedia":[{"embeddable":true,"href":"https:\/\/puyapeptide.net\/tr\/wp-json\/wp\/v2\/media\/2177"}],"wp:attachment":[{"href":"https:\/\/puyapeptide.net\/tr\/wp-json\/wp\/v2\/media?parent=7719"}],"wp:term":[{"taxonomy":"product_brand","embeddable":true,"href":"https:\/\/puyapeptide.net\/tr\/wp-json\/wp\/v2\/product_brand?post=7719"},{"taxonomy":"product_cat","embeddable":true,"href":"https:\/\/puyapeptide.net\/tr\/wp-json\/wp\/v2\/product_cat?post=7719"},{"taxonomy":"product_tag","embeddable":true,"href":"https:\/\/puyapeptide.net\/tr\/wp-json\/wp\/v2\/product_tag?post=7719"}],"curies":[{"name":"wp","href":"https:\/\/api.w.org\/{rel}","templated":true}]}}