{"id":7752,"date":"2021-12-16T10:31:05","date_gmt":"2021-12-16T15:31:05","guid":{"rendered":"https:\/\/puyapeptide.net\/product\/laboratuvar-arastirmasi-icin-puya-tedarik-cilengitide-cas-188968-51-6\/"},"modified":"2021-12-16T10:31:05","modified_gmt":"2021-12-16T15:31:05","slug":"laboratuvar-arastirmasi-icin-puya-tedarik-cilengitide-cas-188968-51-6","status":"publish","type":"product","link":"https:\/\/puyapeptide.net\/tr\/product\/laboratuvar-arastirmasi-icin-puya-tedarik-cilengitide-cas-188968-51-6\/","title":{"rendered":"Laboratuvar Ara\u015ft\u0131rmas\u0131 i\u00e7in Puya Tedarik Cilengitide CAS 188968-51-6"},"content":{"rendered":"<h2><strong>Laboratuvar Ara\u015ft\u0131rmas\u0131 i\u00e7in Puya Tedarik Cilengitide CAS 188968-51-6<\/strong><\/h2>\n<p>\u00dcr\u00fcn Ad\u0131: cilengitide<br \/>\nS\u0131ra: siklo(Arg-Gly-Asp-D-Phe-N-Me-Val)<br \/>\nE\u015f Anlaml\u0131: 2-[(2S,5R,8S,11S)-5- benzil-11-[3-(diaminometilidenamino)propil]-7-metil-3,6,9,12,15-pentaokso-8-propan-2-il-1,4,7,10,13-pentazasiklopentadec-2 -yl]asetik asit;Siklo(L-arginilglisil-L-aspartil-D-fenilalanil-N-metil-L-valil);Cilengitide(EMD121974,NSC-707544);Cilengitide;C(RGDf-Me-V);EMD 121974;EMD-121974;EMD121974;CS-1500;CS-2674<br \/>\nCAS: 188968-51-6<br \/>\nMF: C27H40N8O7<br \/>\nMW: 588.66<br \/>\nEINECS:<br \/>\n\u00dcr\u00fcn Kategorileri: \u0130nhibit\u00f6rler&lt; &amp;&gt;Mol Dosyas\u0131: 188968-51-6.mol<\/p>\n<p>Cilengitide, RGD dizisini i\u00e7eren siklik bir peptittir. Peptid, in vivo olarak \u03b1v \u03b23 integrin ligand\u0131na dayal\u0131d\u0131r ve \u03b1v \u03b23 integrinleri i\u00e7in y\u00fcksek afinite ve se\u00e7icilik ile siklizasyon, uzamsal tarama ve metilasyon taramas\u0131n\u0131n bir kombinasyonu ile elde edilmi\u015ftir. Testler, peptitin yaln\u0131zca melanom ve glioblastomun b\u00fcy\u00fcmesini daha iyi inhibe etmekle kalmay\u0131p, ayn\u0131 zamanda iyi bir pazar beklentisi ve potansiyeli olan radyasyon tedavisi ile birlikte ba\u015f ve boyun skuam\u00f6z h\u00fccreli t\u00fcm\u00f6rleri gibi di\u011fer t\u00fcm\u00f6rlerin tedavi oran\u0131n\u0131 da iyile\u015ftirebilece\u011fini g\u00f6stermi\u015ftir. . Peptit sentezinde, Cilengitide, kat\u0131 faz peptit sentezi teknolojisi ile s\u0131v\u0131 faz peptit sentezi teknolojisi birle\u015ftirilerek \u00fcretilmi\u015ftir.<\/p>\n<p> <strong>cilengitide CAS 188968-51-6 Kimyasal \u00d6zellikler<\/strong><br \/>\nyo\u011funluk 1.41\u00b10.1 g\/cm3(Tahmini)&lt; &amp;&gt;depolama s\u0131cakl\u0131\u011f\u0131 -20\u00b0C<br \/>\ntoz olu\u015fturur<br \/>\npka 4.01\u00b10.10(Tahmini)<br \/>\nrenk beyazdan bej&#39;e<\/p>\n<p> <strong>Cilengitid CAS 188968-51-6<\/strong><br \/>\nAnjiyogenez inhibit\u00f6r\u00fc kullan\u0131mlar\u0131.<\/p>\n","protected":false},"excerpt":{"rendered":"<p>\u00dcr\u00fcn Ad\u0131: cilengitide<br \/>\nCAS: 188968-51-6<br \/>\nMF: C27H40N8O7<br \/>\nMW: 588.66<br \/>\nMol Dosya: 188968-51-6.mol<\/p>\n","protected":false},"featured_media":2219,"comment_status":"open","ping_status":"closed","template":"","meta":{"om_disable_all_campaigns":false,"_monsterinsights_skip_tracking":false,"_monsterinsights_sitenote_active":false,"_monsterinsights_sitenote_note":"","_monsterinsights_sitenote_category":0,"site-sidebar-layout":"default","site-content-layout":"default","ast-site-content-layout":"default","site-content-style":"default","site-sidebar-style":"default","ast-global-header-display":"","ast-banner-title-visibility":"","ast-main-header-display":"","ast-hfb-above-header-display":"","ast-hfb-below-header-display":"","ast-hfb-mobile-header-display":"","site-post-title":"","ast-breadcrumbs-content":"","ast-featured-img":"","footer-sml-layout":"","ast-disable-related-posts":"","theme-transparent-header-meta":"default","adv-header-id-meta":"","stick-header-meta":"","header-above-stick-meta":"","header-main-stick-meta":"","header-below-stick-meta":"","astra-migrate-meta-layouts":"default","ast-page-background-enabled":"default","ast-page-background-meta":{"desktop":{"background-color":"","background-image":"","background-repeat":"repeat","background-position":"center center","background-size":"auto","background-attachment":"scroll","background-type":"","background-media":"","overlay-type":"","overlay-color":"","overlay-opacity":"","overlay-gradient":""},"tablet":{"background-color":"","background-image":"","background-repeat":"repeat","background-position":"center center","background-size":"auto","background-attachment":"scroll","background-type":"","background-media":"","overlay-type":"","overlay-color":"","overlay-opacity":"","overlay-gradient":""},"mobile":{"background-color":"","background-image":"","background-repeat":"repeat","background-position":"center center","background-size":"auto","background-attachment":"scroll","background-type":"","background-media":"","overlay-type":"","overlay-color":"","overlay-opacity":"","overlay-gradient":""}},"ast-content-background-meta":{"desktop":{"background-color":"var(--ast-global-color-5)","background-image":"","background-repeat":"repeat","background-position":"center center","background-size":"auto","background-attachment":"scroll","background-type":"","background-media":"","overlay-type":"","overlay-color":"","overlay-opacity":"","overlay-gradient":""},"tablet":{"background-color":"var(--ast-global-color-5)","background-image":"","background-repeat":"repeat","background-position":"center center","background-size":"auto","background-attachment":"scroll","background-type":"","background-media":"","overlay-type":"","overlay-color":"","overlay-opacity":"","overlay-gradient":""},"mobile":{"background-color":"var(--ast-global-color-5)","background-image":"","background-repeat":"repeat","background-position":"center center","background-size":"auto","background-attachment":"scroll","background-type":"","background-media":"","overlay-type":"","overlay-color":"","overlay-opacity":"","overlay-gradient":""}}},"product_brand":[],"product_cat":[387],"product_tag":[2048],"class_list":{"0":"post-7752","1":"product","2":"type-product","3":"status-publish","4":"has-post-thumbnail","6":"product_cat-anti-tumor-peptidi","7":"product_tag-puya-supply-cilengitide-cas-188968-51-6-for-lab-research-tr","8":"desktop-align-left","9":"tablet-align-left","10":"mobile-align-left","12":"first","13":"instock","14":"shipping-taxable","15":"product-type-simple"},"_links":{"self":[{"href":"https:\/\/puyapeptide.net\/tr\/wp-json\/wp\/v2\/product\/7752","targetHints":{"allow":["GET"]}}],"collection":[{"href":"https:\/\/puyapeptide.net\/tr\/wp-json\/wp\/v2\/product"}],"about":[{"href":"https:\/\/puyapeptide.net\/tr\/wp-json\/wp\/v2\/types\/product"}],"replies":[{"embeddable":true,"href":"https:\/\/puyapeptide.net\/tr\/wp-json\/wp\/v2\/comments?post=7752"}],"wp:featuredmedia":[{"embeddable":true,"href":"https:\/\/puyapeptide.net\/tr\/wp-json\/wp\/v2\/media\/2219"}],"wp:attachment":[{"href":"https:\/\/puyapeptide.net\/tr\/wp-json\/wp\/v2\/media?parent=7752"}],"wp:term":[{"taxonomy":"product_brand","embeddable":true,"href":"https:\/\/puyapeptide.net\/tr\/wp-json\/wp\/v2\/product_brand?post=7752"},{"taxonomy":"product_cat","embeddable":true,"href":"https:\/\/puyapeptide.net\/tr\/wp-json\/wp\/v2\/product_cat?post=7752"},{"taxonomy":"product_tag","embeddable":true,"href":"https:\/\/puyapeptide.net\/tr\/wp-json\/wp\/v2\/product_tag?post=7752"}],"curies":[{"name":"wp","href":"https:\/\/api.w.org\/{rel}","templated":true}]}}