{"id":7768,"date":"2021-12-16T10:32:01","date_gmt":"2021-12-16T15:32:01","guid":{"rendered":"https:\/\/puyapeptide.net\/product\/prostat-kanseri-ve-meme-kanseri-tedavisi-icin-sicak-satis-buserelin-cas-57982-77-1\/"},"modified":"2021-12-16T10:32:01","modified_gmt":"2021-12-16T15:32:01","slug":"prostat-kanseri-ve-meme-kanseri-tedavisi-icin-sicak-satis-buserelin-cas-57982-77-1","status":"publish","type":"product","link":"https:\/\/puyapeptide.net\/tr\/product\/prostat-kanseri-ve-meme-kanseri-tedavisi-icin-sicak-satis-buserelin-cas-57982-77-1\/","title":{"rendered":"Prostat kanseri ve meme kanseri tedavisi i\u00e7in s\u0131cak sat\u0131\u015f Buserelin CAS 57982-77-1"},"content":{"rendered":"<h2><strong>Prostat kanseri ve meme kanseri tedavisi i\u00e7in s\u0131cak sat\u0131\u015f Buserelin CAS 57982-77-1<\/strong><\/h2>\n<p>\u00dcr\u00fcn Ad\u0131: BUSERELIN<br \/>\nE\u015f anlaml\u0131lar: (d-ser(bu(supt)(sup6)))-lh-rh(1-9)nonapeptid-etilamid;(d-ser(tbu)(sup6)- ea(sup10))-lhrh;(d-ser(tbu)(sup6)-ea(sup10))-luteinize edici hormon-salg\u0131lamahormon;(d-ser(tbu)(sup6)-ea(sup10))-luteinize edicihormon-salg\u0131lamahormon; BUSERELIN;1-9-Luteinize edici hormon salg\u0131lat\u0131c\u0131 fakt\u00f6r (domuz), 6-[O-(1,1-dimetiletil)-D-serin]-9-(N-etil-L-prolinamid)-;Buserilin;BUSELIN PH . EUR.<br \/>\nCAS: 57982-77-1<br \/>\nMF: C60H86N16O13<br \/>\nMW: 1239.42<br \/>\nEINECS: 261-061-9<br \/>\n\u00dcr\u00fcn Kategorileri: hormonlar<br \/>\nMol Dosyas\u0131: 57982-77 -1.mol<\/p>\n<p>Buserelin, bir GnRH analo\u011fu. Kullan\u0131m ba\u015flang\u0131c\u0131nda LH, FSH ve seks hormonu salg\u0131s\u0131nda art\u0131\u015fa neden olabilir ve 1-2 hafta sonra ters etki yapmaya ba\u015flar ve seks hormonu salg\u0131s\u0131 depo d\u00fczeyine indirilebilir. Esas olarak klinik olarak prostat kanseri ve meme kanseri i\u00e7in kullan\u0131l\u0131r. Ba\u015flang\u0131\u00e7ta [Flutamide olan erkeklerde] deri alt\u0131na enjekte edilir ve idame tedavisi i\u00e7in burun spreyi kullan\u0131l\u0131r.<\/p>\n<p> <strong>Buserelin CAS 57982-77-1 Kimyasal \u00d6zellikler<\/strong><br \/>\nalpha D20 -40,4\u00b0 (c = 1 dimetilasetamid i\u00e7inde)<br \/>\nKaynama noktas\u0131 845.19\u00b0C (kaba tahmin)<br \/>\nyo\u011funluk 1.0711 (kaba tahmin)<br \/>\nk\u0131r\u0131lma indisi 1.6200 (tahmini)<br \/>\n\u00e7\u00f6z\u00fcn\u00fcrl\u00fck Suda ve seyreltik asitlerde az \u00e7\u00f6z\u00fcn\u00fcr.&lt;&amp; &gt;pka 9.82\u00b10.15(\u00d6ng\u00f6r\u00fclen)<\/p>\n<p> <strong>Buserelin CAS 57982-77-1<br \/>\nGnRH analoglar\u0131n\u0131n i\u015flevi ve uygulamas\u0131<\/strong> . Kullan\u0131m ba\u015flang\u0131c\u0131nda I.H, FSH ve seks hormonu salg\u0131s\u0131nda art\u0131\u015fa neden olabilir ve 1-2 hafta sonra ters etki yapmaya ba\u015flar ve seks hormonu salg\u0131s\u0131 depo d\u00fczeyine indirilebilir. Esas olarak klinik olarak prostat kanseri ve meme kanseri i\u00e7in kullan\u0131l\u0131r. Ba\u015flang\u0131\u00e7ta (flutamid olan erkeklerde) deri alt\u0131na enjekte edilir ve burun spreyi ile idame tedavisi verilir.<\/p>\n","protected":false},"excerpt":{"rendered":"<p>\u00dcr\u00fcn Ad\u0131: BUSERELIN<br \/>\nCAS: 57982-77-1<br \/>\nMF: C60H86N16O13<br \/>\nMW: 1239.42<br \/>\nEINECS: 261-061-9<br \/>\nMol Dosya: 57982-77-1.mol<\/p>\n","protected":false},"featured_media":2135,"comment_status":"open","ping_status":"closed","template":"","meta":{"om_disable_all_campaigns":false,"_monsterinsights_skip_tracking":false,"_monsterinsights_sitenote_active":false,"_monsterinsights_sitenote_note":"","_monsterinsights_sitenote_category":0,"site-sidebar-layout":"default","site-content-layout":"default","ast-site-content-layout":"default","site-content-style":"default","site-sidebar-style":"default","ast-global-header-display":"","ast-banner-title-visibility":"","ast-main-header-display":"","ast-hfb-above-header-display":"","ast-hfb-below-header-display":"","ast-hfb-mobile-header-display":"","site-post-title":"","ast-breadcrumbs-content":"","ast-featured-img":"","footer-sml-layout":"","ast-disable-related-posts":"","theme-transparent-header-meta":"default","adv-header-id-meta":"","stick-header-meta":"","header-above-stick-meta":"","header-main-stick-meta":"","header-below-stick-meta":"","astra-migrate-meta-layouts":"default","ast-page-background-enabled":"default","ast-page-background-meta":{"desktop":{"background-color":"","background-image":"","background-repeat":"repeat","background-position":"center center","background-size":"auto","background-attachment":"scroll","background-type":"","background-media":"","overlay-type":"","overlay-color":"","overlay-opacity":"","overlay-gradient":""},"tablet":{"background-color":"","background-image":"","background-repeat":"repeat","background-position":"center center","background-size":"auto","background-attachment":"scroll","background-type":"","background-media":"","overlay-type":"","overlay-color":"","overlay-opacity":"","overlay-gradient":""},"mobile":{"background-color":"","background-image":"","background-repeat":"repeat","background-position":"center center","background-size":"auto","background-attachment":"scroll","background-type":"","background-media":"","overlay-type":"","overlay-color":"","overlay-opacity":"","overlay-gradient":""}},"ast-content-background-meta":{"desktop":{"background-color":"var(--ast-global-color-5)","background-image":"","background-repeat":"repeat","background-position":"center center","background-size":"auto","background-attachment":"scroll","background-type":"","background-media":"","overlay-type":"","overlay-color":"","overlay-opacity":"","overlay-gradient":""},"tablet":{"background-color":"var(--ast-global-color-5)","background-image":"","background-repeat":"repeat","background-position":"center center","background-size":"auto","background-attachment":"scroll","background-type":"","background-media":"","overlay-type":"","overlay-color":"","overlay-opacity":"","overlay-gradient":""},"mobile":{"background-color":"var(--ast-global-color-5)","background-image":"","background-repeat":"repeat","background-position":"center center","background-size":"auto","background-attachment":"scroll","background-type":"","background-media":"","overlay-type":"","overlay-color":"","overlay-opacity":"","overlay-gradient":""}}},"product_brand":[],"product_cat":[387],"product_tag":[2025],"class_list":{"0":"post-7768","1":"product","2":"type-product","3":"status-publish","4":"has-post-thumbnail","6":"product_cat-anti-tumor-peptidi","7":"product_tag-hot-sale-buserelin-cas-57982-77-1-for-treat-prostate-cancer-and-breast-cancer-tr","8":"desktop-align-left","9":"tablet-align-left","10":"mobile-align-left","12":"first","13":"instock","14":"shipping-taxable","15":"product-type-simple"},"_links":{"self":[{"href":"https:\/\/puyapeptide.net\/tr\/wp-json\/wp\/v2\/product\/7768","targetHints":{"allow":["GET"]}}],"collection":[{"href":"https:\/\/puyapeptide.net\/tr\/wp-json\/wp\/v2\/product"}],"about":[{"href":"https:\/\/puyapeptide.net\/tr\/wp-json\/wp\/v2\/types\/product"}],"replies":[{"embeddable":true,"href":"https:\/\/puyapeptide.net\/tr\/wp-json\/wp\/v2\/comments?post=7768"}],"wp:featuredmedia":[{"embeddable":true,"href":"https:\/\/puyapeptide.net\/tr\/wp-json\/wp\/v2\/media\/2135"}],"wp:attachment":[{"href":"https:\/\/puyapeptide.net\/tr\/wp-json\/wp\/v2\/media?parent=7768"}],"wp:term":[{"taxonomy":"product_brand","embeddable":true,"href":"https:\/\/puyapeptide.net\/tr\/wp-json\/wp\/v2\/product_brand?post=7768"},{"taxonomy":"product_cat","embeddable":true,"href":"https:\/\/puyapeptide.net\/tr\/wp-json\/wp\/v2\/product_cat?post=7768"},{"taxonomy":"product_tag","embeddable":true,"href":"https:\/\/puyapeptide.net\/tr\/wp-json\/wp\/v2\/product_tag?post=7768"}],"curies":[{"name":"wp","href":"https:\/\/api.w.org\/{rel}","templated":true}]}}