{"id":7797,"date":"2021-12-16T10:33:33","date_gmt":"2021-12-16T15:33:33","guid":{"rendered":"https:\/\/puyapeptide.net\/product\/yaslanma-karsiti-icin-epitalon-epithalon-asetat-cas-307297-39-8\/"},"modified":"2021-12-16T10:33:33","modified_gmt":"2021-12-16T15:33:33","slug":"yaslanma-karsiti-icin-epitalon-epithalon-asetat-cas-307297-39-8","status":"publish","type":"product","link":"https:\/\/puyapeptide.net\/tr\/product\/yaslanma-karsiti-icin-epitalon-epithalon-asetat-cas-307297-39-8\/","title":{"rendered":"Ya\u015flanma Kar\u015f\u0131t\u0131 i\u00e7in Epitalon\/Epithalon asetat CAS 307297-39-8"},"content":{"rendered":"<h2><strong>Ya\u015flanma Kar\u015f\u0131t\u0131 i\u00e7in Epitalon\/Epithalon asetat CAS 307297-39-8<\/strong><\/h2>\n<p>\u00dcr\u00fcn Ad\u0131: Epitalon<br \/>\nE\u015fanlaml\u0131lar: Epitalon;Epithalon;Glycine, L-alanyl-La-glutamyl-La-aspartyl-;L-alanyl-L-alpha-glutamyl-L-alpha-aspartylglycine;9: PN : W002090380 SAYFA: 55 talep edilen protein;L-Alanyl-L-\u03b1-glutamil-L-\u03b1-aspartylglycine;Epithalon, Epithalon Tetra Peptide;EpithalonAsetat<br \/>\nCAS: 307297-39-8<br \/>\nMF: C14H22N4O9<br \/>\n MW: 390.35<br \/>\nEINECS: 211-519-9<br \/>\n\u00dcr\u00fcn Kategorileri:<br \/>\nMol Dosya: 307297-39-8.mol<\/p>\n<p>Epithalon, h\u00fccre d\u00f6ng\u00fcs\u00fcn\u00fc yukar\u0131 do\u011fru d\u00fczenlemek i\u00e7in kullan\u0131lan bir peptittir. -telomeraz aktivitesinin d\u00fczenlenmesi. Peptitteki amino asit dizisi Alanin-Glutamat-Asparagin-Glisin&#39;dir. Epithalon&#39;un spontan meme t\u00fcm\u00f6rlerinin bask\u0131lanmas\u0131 ve spontan karsinogenez \u00fczerindeki etkileri \u00fczerine hayvan \u00e7al\u0131\u015fmalar\u0131 yap\u0131lm\u0131\u015ft\u0131r. \u00c7al\u0131\u015fmalar, Epithalon&#39;un etki tarz\u0131n\u0131n onkogen ekspresyonunun bask\u0131lanmas\u0131n\u0131 ve telomeraz aktivitesinin modifikasyonunu i\u00e7erdi\u011fini g\u00f6stermi\u015ftir.<\/p>\n<p>Epitalon (Epitalon veya Epithalone olarak da bilinir), do\u011fal olarak epithalamin polipeptidinin sentetik versiyonudur. epifiz bezi. Ara\u015ft\u0131rmalar\u0131, ya\u015flanma s\u00fcrecini \u00f6nlemek ve tersine \u00e7evirmek i\u00e7in \u00e7e\u015fitli organlarda i\u015flevi eski haline getirmek i\u00e7in kullan\u0131lan peptit preparatlar\u0131n\u0131n geli\u015ftirilmesine odaklanan Rus profes\u00f6r ve gerontolog Vladimir Khavinson taraf\u0131ndan sentezlendi. Halen Saint Petersburg Biyoreg\u00fclasyon ve Gerontoloji Enstit\u00fcs\u00fc&#39;n\u00fcn Direkt\u00f6r\u00fcd\u00fcr.<br \/>\nEpitalon, &quot;gen\u00e7lik p\u0131nar\u0131&quot; peptidi olarak kabul edilir. Bu bir tetra-peptiddir, yani d\u00f6rt amino asit zincirinden olu\u015fur. Peptit, telomeraz aktivitesi s\u0131ras\u0131nda h\u00fccre d\u00f6ng\u00fcs\u00fcn\u00fc d\u00fczenlemek i\u00e7in kullan\u0131l\u0131r. Telomer terminal transferaz olarak da adland\u0131r\u0131lan telomeraz, kromozomlar\u0131 uzatan protein ve RNA alt birimlerinden olu\u015fan bir enzimdir. Telomeraz aktivitesi olmad\u0131\u011f\u0131nda (ya\u015fland\u0131\u011f\u0131m\u0131zda), h\u00fccrelerimiz ya\u015flan\u0131r. Telomerlerimiz k\u0131sal\u0131r ve \u00f6lmeye ba\u015flar. H\u00fccrelerimizde telomeraz aktive edilirse telomerlerimiz uzar, h\u00fccre b\u00fcy\u00fcmeye ve b\u00f6l\u00fcnmeye devam ederek ya\u015flanma s\u00fcrecini geciktirir. (UT Southwestern Medical Lab)<br \/>\nhttps:\/\/www.amisantabarbara.com\/epitalon<\/p>\n<p> <strong>Epitalon\/Epithalon asetat CAS 307297-39-8 Kimyasal \u00d6zellikler<\/strong><br \/>\nEpitalon Kimyasal \u00d6zellikler<br \/>\nKaynama noktas\u0131 959.8 \u00b165,0 \u00b0C(Tahmini)<br \/>\nyo\u011funluk 1,466\u00b10,06 g\/cm3(Tahmini)<br \/>\npka 3,16\u00b10,10(Tahmini)<br \/>\nCAS Veritaban\u0131 Referans\u0131 307297-39-8<\/p>\n<p> <strong>Fonksiyonlar ve Uygulamalar Epitalon\/Epithalon asetat CAS 307297-39-8<\/strong><br \/>\nEpitalon, Rus bilim adam\u0131 Profes\u00f6r Vladimir Khavinson taraf\u0131ndan ke\u015ffedildi. 35 y\u0131l\u0131 a\u015fk\u0131n s\u00fcredir bu peptidi hem hayvan hem de insan klinik deneylerinde ara\u015ft\u0131rd\u0131. Sonu\u00e7lar \u015fa\u015f\u0131rt\u0131c\u0131yd\u0131. \u0130lk kez, insan klinik deneyleri, maddenin g\u00fc\u00e7l\u00fc ya\u015fam uzatma ve ya\u015flanma kar\u015f\u0131t\u0131 olanaklardan olu\u015ftu\u011funu \u015f\u00fcpheye yer b\u0131rakmayacak \u015fekilde kan\u0131tlad\u0131.<br \/>\nEpitalon&#39;un Faydalar\u0131: Epitalon&#39;un telomeraz \u00fcretimi \u00fczerindeki etkisinin bir sonucu olarak, faydalar benzersiz ve uzak- a\u015fa\u011f\u0131dakileri i\u00e7erir ve \u015funlar\u0131 i\u00e7erir:<br \/>\n\u0130nsan h\u00fccrelerindeki telomerleri uzatarak insan \u00f6mr\u00fcn\u00fcn artmas\u0131<br \/>\nDaha derin uykunun te\u015fvik edilmesi<br \/>\nKanser, kalp hastal\u0131\u011f\u0131 ve bunama gibi ya\u015fa ba\u011fl\u0131 hastal\u0131klar\u0131n geciktirilmesi ve \u00f6nlenmesi<br \/>\n T h\u00fccre fonksiyonunu normalle\u015ftirmenin yan\u0131 s\u0131ra lipid oksidasyonunu ve ROS&#39;u (Reaktif oksijen t\u00fcrleri) azaltan bir antioksidand\u0131r.<br \/>\nCilt sa\u011fl\u0131\u011f\u0131 ve g\u00f6r\u00fcn\u00fcm\u00fcn\u00fcn iyile\u015ftirilmesi<br \/>\nYaral\u0131 ve bozulan kas h\u00fccrelerinin iyile\u015fmesi<br \/>\nMelatonin seviyelerini eski haline getirir ve normalle\u015ftirir. Ya\u015flanma nedeniyle epifiz fonksiyonunu kaybetmi\u015f ya\u015fl\u0131 insanlar<br \/>\nDuygusal strese kar\u015f\u0131 direnci art\u0131rabilir<\/p>\n","protected":false},"excerpt":{"rendered":"<p>\u00dcr\u00fcn Ad\u0131: Epitalon<br \/>\nCAS: 307297-39-8<br \/>\nMF: C14H22N4O9<br \/>\nMW: 390.35<br \/>\nEINECS: 211-519-9<br \/>\nMol Dosya: 307297-39-8.mol<\/p>\n","protected":false},"featured_media":2219,"comment_status":"open","ping_status":"closed","template":"","meta":{"om_disable_all_campaigns":false,"_monsterinsights_skip_tracking":false,"_monsterinsights_sitenote_active":false,"_monsterinsights_sitenote_note":"","_monsterinsights_sitenote_category":0,"site-sidebar-layout":"default","site-content-layout":"default","ast-site-content-layout":"default","site-content-style":"default","site-sidebar-style":"default","ast-global-header-display":"","ast-banner-title-visibility":"","ast-main-header-display":"","ast-hfb-above-header-display":"","ast-hfb-below-header-display":"","ast-hfb-mobile-header-display":"","site-post-title":"","ast-breadcrumbs-content":"","ast-featured-img":"","footer-sml-layout":"","ast-disable-related-posts":"","theme-transparent-header-meta":"default","adv-header-id-meta":"","stick-header-meta":"","header-above-stick-meta":"","header-main-stick-meta":"","header-below-stick-meta":"","astra-migrate-meta-layouts":"default","ast-page-background-enabled":"default","ast-page-background-meta":{"desktop":{"background-color":"","background-image":"","background-repeat":"repeat","background-position":"center center","background-size":"auto","background-attachment":"scroll","background-type":"","background-media":"","overlay-type":"","overlay-color":"","overlay-opacity":"","overlay-gradient":""},"tablet":{"background-color":"","background-image":"","background-repeat":"repeat","background-position":"center center","background-size":"auto","background-attachment":"scroll","background-type":"","background-media":"","overlay-type":"","overlay-color":"","overlay-opacity":"","overlay-gradient":""},"mobile":{"background-color":"","background-image":"","background-repeat":"repeat","background-position":"center center","background-size":"auto","background-attachment":"scroll","background-type":"","background-media":"","overlay-type":"","overlay-color":"","overlay-opacity":"","overlay-gradient":""}},"ast-content-background-meta":{"desktop":{"background-color":"var(--ast-global-color-5)","background-image":"","background-repeat":"repeat","background-position":"center center","background-size":"auto","background-attachment":"scroll","background-type":"","background-media":"","overlay-type":"","overlay-color":"","overlay-opacity":"","overlay-gradient":""},"tablet":{"background-color":"var(--ast-global-color-5)","background-image":"","background-repeat":"repeat","background-position":"center center","background-size":"auto","background-attachment":"scroll","background-type":"","background-media":"","overlay-type":"","overlay-color":"","overlay-opacity":"","overlay-gradient":""},"mobile":{"background-color":"var(--ast-global-color-5)","background-image":"","background-repeat":"repeat","background-position":"center center","background-size":"auto","background-attachment":"scroll","background-type":"","background-media":"","overlay-type":"","overlay-color":"","overlay-opacity":"","overlay-gradient":""}}},"product_brand":[],"product_cat":[747],"product_tag":[2003],"class_list":{"0":"post-7797","1":"product","2":"type-product","3":"status-publish","4":"has-post-thumbnail","6":"product_cat-peptide-my-pham-khac","7":"product_tag-epitalon-epithalon-acetate-cas-307297-39-8-for-anti-aging-tr","8":"desktop-align-left","9":"tablet-align-left","10":"mobile-align-left","12":"first","13":"instock","14":"shipping-taxable","15":"product-type-simple"},"_links":{"self":[{"href":"https:\/\/puyapeptide.net\/tr\/wp-json\/wp\/v2\/product\/7797","targetHints":{"allow":["GET"]}}],"collection":[{"href":"https:\/\/puyapeptide.net\/tr\/wp-json\/wp\/v2\/product"}],"about":[{"href":"https:\/\/puyapeptide.net\/tr\/wp-json\/wp\/v2\/types\/product"}],"replies":[{"embeddable":true,"href":"https:\/\/puyapeptide.net\/tr\/wp-json\/wp\/v2\/comments?post=7797"}],"wp:featuredmedia":[{"embeddable":true,"href":"https:\/\/puyapeptide.net\/tr\/wp-json\/wp\/v2\/media\/2219"}],"wp:attachment":[{"href":"https:\/\/puyapeptide.net\/tr\/wp-json\/wp\/v2\/media?parent=7797"}],"wp:term":[{"taxonomy":"product_brand","embeddable":true,"href":"https:\/\/puyapeptide.net\/tr\/wp-json\/wp\/v2\/product_brand?post=7797"},{"taxonomy":"product_cat","embeddable":true,"href":"https:\/\/puyapeptide.net\/tr\/wp-json\/wp\/v2\/product_cat?post=7797"},{"taxonomy":"product_tag","embeddable":true,"href":"https:\/\/puyapeptide.net\/tr\/wp-json\/wp\/v2\/product_tag?post=7797"}],"curies":[{"name":"wp","href":"https:\/\/api.w.org\/{rel}","templated":true}]}}