{"id":7817,"date":"2021-12-16T10:34:29","date_gmt":"2021-12-16T15:34:29","guid":{"rendered":"https:\/\/puyapeptide.net\/product\/anjiyotensin-asetat-val5-anjiyotensin-ii-cas-58-49-1\/"},"modified":"2021-12-16T10:34:29","modified_gmt":"2021-12-16T15:34:29","slug":"anjiyotensin-asetat-val5-anjiyotensin-ii-cas-58-49-1","status":"publish","type":"product","link":"https:\/\/puyapeptide.net\/tr\/product\/anjiyotensin-asetat-val5-anjiyotensin-ii-cas-58-49-1\/","title":{"rendered":"Anjiyotensin Asetat\/ (Val5)-Anjiyotensin II CAS 58-49-1"},"content":{"rendered":"<h2><strong>Anjiyotensin Asetat\/ (Val5)-Anjiyotensin II CAS 58-49-1<\/strong><\/h2>\n<p>\u00dcr\u00fcn Ad\u0131: Anjiyotensin asetat<br \/>\nE\u015f Anlamlar\u0131: [VAL5]-ANGIOTENSIN II;[VAL5] ANGIOTENSIN II HUMAN;ASP-ARG-VAL-TYR-VAL-HIS-PRO-PHE;DRVYVHPF;5-L-Valine anjiyotensin II);Anjiyotensin II 5-valin (Valin anjiyotensin II;Valin anjiyotensin II;VAL\u0130N ANGIOTENSIN II;5-L-VAL\u0130N ANGIOTENSIN II<br \/>\nCAS: 58-49-1<br \/>\nMF: C49H69N13O12<br \/>\nMW: 1032.17<br \/>\nEINECS:<br \/>\n\u00dcr\u00fcn Kategorileri:<br \/>\nMol Dosyas\u0131: 58-49-1.mol<\/p>\n<p>Anjiyotensin, g\u00fc\u00e7l\u00fc bir vazokonstrikt\u00f6re sahip olan ve v\u00fccuttan aldosteron salg\u0131lanmas\u0131n\u0131 uyaran bir t\u00fcr peptit maddesidir. adrenal korteks.Kan bas\u0131nc\u0131n\u0131n ve v\u00fccut s\u0131v\u0131lar\u0131n\u0131n d\u00fczenlenmesinde rol oynar.Anjiyotensin I-VII&#39;ye ayr\u0131labilir ve anjiyotensin I, anjiyotensin II ve anjiyotensin III ile ilgili daha fazla \u00e7al\u0131\u015fma vard\u0131r.<\/p>\n<p>&lt; &amp;&gt; <strong>Anjiyotensin Asetat\/ (Val5)-Anjiyotensin II CAS 58-49-1 Kimyasal \u00d6zellikler<\/strong><br \/>\nsaklama s\u0131cakl\u0131\u011f\u0131 -20\u00b0C<br \/>\nyo\u011funluk 1,45\u00b10,1 g\/cm3(Tahmini)<br \/>\ntoz halinde<br \/>\n pKa 3.56\u00b10.10(Tahmini)<br \/>\nInChIKey JVCJXRGXGITABA-IAQGTVMASA-N<br \/>\nCAS Veri Taban\u0131 Referans\u0131 58-49-1<\/p>\n<p> <strong>Uygulama Anjiyotensin Asetat\/ (Val5)-Anjiyotensin II CAS 58-49-1<\/strong><br \/>\nAnjiyotensin asetat, (Val5)-Anjiyotensin II olarak da bilinir, bir agonist AT1 anjiyotensin resept\u00f6rleri olan bir anjiyotensin II analo\u011fudur. Anjiyotensin bir oligopeptittir ve bir hormon ve g\u00fc\u00e7l\u00fc bir dipsojendir. Karaci\u011ferde \u00fcretilen bir serum globulin olan \u00f6nc\u00fc molek\u00fcl anjiyotensinojenden t\u00fcretilir. Renin-anjiyotensin sisteminde \u00f6nemli bir rol oynar.<\/p>\n<p>Anjiyotensin II, renin ve anjiyotensin d\u00f6n\u00fc\u015ft\u00fcr\u00fcc\u00fc enzimin anjiyotensinojen \u00fczerindeki s\u0131ral\u0131 etkisi ile \u00fcretilen g\u00fc\u00e7l\u00fc bir vazokonstrikt\u00f6rd\u00fcr. Anjiyotensin II&#39;nin biyolojik aktiviteleri, kan bas\u0131nc\u0131n\u0131n, tuz ve su dengesinin ve vask\u00fcler tonusun d\u00fczenlenmesini i\u00e7erir. Ek olarak, anjiyotensin II, NADPH oksidaz gibi \u00e7e\u015fitli enzimleri uyar\u0131r.<\/p>\n","protected":false},"excerpt":{"rendered":"<p>\u00dcr\u00fcn Ad\u0131: Anjiyotensin asetat<br \/>\nCAS: 58-49-1<br \/>\nMF: C49H69N13O12<br \/>\nMW: 1032.17<br \/>\nMol Dosya: 58-49-1.mol<\/p>\n","protected":false},"featured_media":2303,"comment_status":"open","ping_status":"closed","template":"","meta":{"om_disable_all_campaigns":false,"_monsterinsights_skip_tracking":false,"_monsterinsights_sitenote_active":false,"_monsterinsights_sitenote_note":"","_monsterinsights_sitenote_category":0,"site-sidebar-layout":"default","site-content-layout":"default","ast-site-content-layout":"default","site-content-style":"default","site-sidebar-style":"default","ast-global-header-display":"","ast-banner-title-visibility":"","ast-main-header-display":"","ast-hfb-above-header-display":"","ast-hfb-below-header-display":"","ast-hfb-mobile-header-display":"","site-post-title":"","ast-breadcrumbs-content":"","ast-featured-img":"","footer-sml-layout":"","ast-disable-related-posts":"","theme-transparent-header-meta":"default","adv-header-id-meta":"","stick-header-meta":"","header-above-stick-meta":"","header-main-stick-meta":"","header-below-stick-meta":"","astra-migrate-meta-layouts":"default","ast-page-background-enabled":"default","ast-page-background-meta":{"desktop":{"background-color":"","background-image":"","background-repeat":"repeat","background-position":"center center","background-size":"auto","background-attachment":"scroll","background-type":"","background-media":"","overlay-type":"","overlay-color":"","overlay-opacity":"","overlay-gradient":""},"tablet":{"background-color":"","background-image":"","background-repeat":"repeat","background-position":"center center","background-size":"auto","background-attachment":"scroll","background-type":"","background-media":"","overlay-type":"","overlay-color":"","overlay-opacity":"","overlay-gradient":""},"mobile":{"background-color":"","background-image":"","background-repeat":"repeat","background-position":"center center","background-size":"auto","background-attachment":"scroll","background-type":"","background-media":"","overlay-type":"","overlay-color":"","overlay-opacity":"","overlay-gradient":""}},"ast-content-background-meta":{"desktop":{"background-color":"var(--ast-global-color-5)","background-image":"","background-repeat":"repeat","background-position":"center center","background-size":"auto","background-attachment":"scroll","background-type":"","background-media":"","overlay-type":"","overlay-color":"","overlay-opacity":"","overlay-gradient":""},"tablet":{"background-color":"var(--ast-global-color-5)","background-image":"","background-repeat":"repeat","background-position":"center center","background-size":"auto","background-attachment":"scroll","background-type":"","background-media":"","overlay-type":"","overlay-color":"","overlay-opacity":"","overlay-gradient":""},"mobile":{"background-color":"var(--ast-global-color-5)","background-image":"","background-repeat":"repeat","background-position":"center center","background-size":"auto","background-attachment":"scroll","background-type":"","background-media":"","overlay-type":"","overlay-color":"","overlay-opacity":"","overlay-gradient":""}}},"product_brand":[],"product_cat":[421],"product_tag":[1984],"class_list":{"0":"post-7817","1":"product","2":"type-product","3":"status-publish","4":"has-post-thumbnail","6":"product_cat-kan-ve-vaskuler-peptit","7":"product_tag-angiotensin-acetate-val5-angiotensin-ii-cas-58-49-1-tr","8":"desktop-align-left","9":"tablet-align-left","10":"mobile-align-left","12":"first","13":"instock","14":"shipping-taxable","15":"product-type-simple"},"_links":{"self":[{"href":"https:\/\/puyapeptide.net\/tr\/wp-json\/wp\/v2\/product\/7817","targetHints":{"allow":["GET"]}}],"collection":[{"href":"https:\/\/puyapeptide.net\/tr\/wp-json\/wp\/v2\/product"}],"about":[{"href":"https:\/\/puyapeptide.net\/tr\/wp-json\/wp\/v2\/types\/product"}],"replies":[{"embeddable":true,"href":"https:\/\/puyapeptide.net\/tr\/wp-json\/wp\/v2\/comments?post=7817"}],"wp:featuredmedia":[{"embeddable":true,"href":"https:\/\/puyapeptide.net\/tr\/wp-json\/wp\/v2\/media\/2303"}],"wp:attachment":[{"href":"https:\/\/puyapeptide.net\/tr\/wp-json\/wp\/v2\/media?parent=7817"}],"wp:term":[{"taxonomy":"product_brand","embeddable":true,"href":"https:\/\/puyapeptide.net\/tr\/wp-json\/wp\/v2\/product_brand?post=7817"},{"taxonomy":"product_cat","embeddable":true,"href":"https:\/\/puyapeptide.net\/tr\/wp-json\/wp\/v2\/product_cat?post=7817"},{"taxonomy":"product_tag","embeddable":true,"href":"https:\/\/puyapeptide.net\/tr\/wp-json\/wp\/v2\/product_tag?post=7817"}],"curies":[{"name":"wp","href":"https:\/\/api.w.org\/{rel}","templated":true}]}}