{"id":7836,"date":"2021-12-16T11:16:37","date_gmt":"2021-12-16T16:16:37","guid":{"rendered":"https:\/\/puyapeptide.net\/product\/dsip-uykuyla-ilgili-peptit-cas-62568-57-4-iyi-uyumaya-yardimci-olur\/"},"modified":"2021-12-16T11:16:37","modified_gmt":"2021-12-16T16:16:37","slug":"dsip-uykuyla-ilgili-peptit-cas-62568-57-4-iyi-uyumaya-yardimci-olur","status":"publish","type":"product","link":"https:\/\/puyapeptide.net\/tr\/product\/dsip-uykuyla-ilgili-peptit-cas-62568-57-4-iyi-uyumaya-yardimci-olur\/","title":{"rendered":"DSIP\/ UYKUYLA \u0130LG\u0130L\u0130 PEPT\u0130T CAS 62568-57-4 \u0130yi Uyumaya Yard\u0131mc\u0131 Olur"},"content":{"rendered":"<h2><strong>Drotaverine Hidroklorida \/ Drotaverine Hcl CAS 985-12-6<\/strong><\/h2>\n<p>\u00dcr\u00fcn Ad\u0131: DSIP<br \/>\nE\u015f Anlaml\u0131lar\u0131: UYKU \u0130LETKEN PEPTIDE;WAGGDASGE;TRP-ALA-GLY-GLY-ASN-ALA-SER-GLY-GLU;TRP-ALA-GLY-GLY-ASP-ALA-SER- GLY-GLU;TRP-ALA-GLY-GLY-ASP-ALA-SER-GLY-GLU 4H2O;DELTA UYKU \u0130LE \u0130LG\u0130L\u0130 PEPT\u0130D;DELTA UYKUYU \u0130LETKEN PEPT\u0130D 4H2O;DSIP<br \/>\nCAS: 62568-57-4<br \/>\nMF : C35H48N10O15<br \/>\nMW: 848.82<br \/>\nEINECS: 211-519-9<br \/>\n\u00dcr\u00fcn Kategorileri: Peptit<br \/>\nMol Dosya: 62568-57-4.mol<\/p>\n<p>Delta uyku ind\u00fckleyici peptit, k\u0131salt\u0131lm\u0131\u015f DSIP, al\u0131c\u0131 tav\u015fanlar\u0131n mezodiensefalik ventrik\u00fcl\u00fcne inf\u00fcze edildi\u011finde i\u011f ve delta EEG aktivitesini ind\u00fckleyen ve motor aktivitelerini azaltan bir n\u00f6ropeptiddir.<\/p>\n<p> <strong>DSIP CAS 985-12-6 Kimyasal \u00d6zellikler<\/strong><br \/>\nKaynama noktas\u0131 1522.7\u00b165.0 \u00b0C(Tahmini)<br \/>\nyo\u011funluk 1.458\u00b10.06 g\/cm3(Tahmini)<br \/>\ndepolama s\u0131cakl\u0131\u011f\u0131. \u221220\u00b0C<br \/>\npka 3,18\u00b10,10(Tahmini)<br \/>\nSuda \u00c7\u00f6z\u00fcn\u00fcrl\u00fck Suda 0,5 mg\/ml&#39;de \u00e7\u00f6z\u00fcn\u00fcr<br \/>\nInChIKey ZRZROXNBKJAOKB-GFVHOAGBSA-N<\/p>\n<p> <strong>DSIP \u0130\u015flevi<\/strong><br \/>\nBir\u00e7ok rol i\u00e7in DSIP, daha y\u00fcksek molek\u00fcler stabiliteye sahip peptit analoglar\u0131 kullan\u0131larak ve DSIP antiserum ve antikorlar\u0131 enjekte edilerek DSIP benzeri imm\u00fcnolojik (DSIP-LI) yan\u0131t\u0131n \u00f6l\u00e7\u00fclmesi yoluyla y\u00fcr\u00fct\u00fclen ara\u015ft\u0131rmalar\u0131n ard\u0131ndan \u00f6nerilmi\u015ftir<\/p>\n<p> <strong>Endokrin d\u00fczenlemedeki roller<\/strong><br \/>\nBazal azalt\u0131r kortikotropin seviyesini d\u00fc\u015f\u00fcr\u00fcr ve sal\u0131n\u0131m\u0131n\u0131 bloke eder.<br \/>\nL\u00fcteinizan hormon (LH) sal\u0131n\u0131m\u0131n\u0131 uyar\u0131r.<br \/>\nSomatoliberin ve somatotrofin sal\u0131n\u0131m\u0131n\u0131 uyar\u0131r ve somatostatin sal\u0131n\u0131m\u0131n\u0131 inhibe eder.<\/p>\n<p> <strong>Yap\u0131 ve Etkile\u015fimler<\/strong><br \/>\nDSIP bir amfifiliktir. amino asit motifi ile 850 dalton molek\u00fcler a\u011f\u0131rl\u0131\u011fa sahip peptit:N-Trp-Ala-Gly-Gly-Asp-Ala-Ser-Gly-Glu-C<br \/>\nHipotalamusta hem serbest hem de ba\u011fl\u0131 formlarda bulunmu\u015ftur, limbik sistem ve hipofiz yan\u0131 s\u0131ra \u00e7e\u015fitli periferik organlar, dokular ve v\u00fccut s\u0131v\u0131lar\u0131.[5] Hipofizde kortikotropin benzeri ara peptid (CLIP), adrenokortikotropik hormon (ACTH), melanosit uyar\u0131c\u0131 hormon (MSH), tiroid uyar\u0131c\u0131 hormon (TSH) ve melanin konsantre edici gibi bir\u00e7ok peptit ve peptit olmayan arac\u0131larla birlikte bulunur. hormon (MCH). Ba\u011f\u0131rsak salg\u0131 h\u00fccrelerinde ve glukagon ile birlikte yerle\u015fti\u011fi pankreasta bol miktarda bulunur.<br \/>\n\u0130n vitro, spesifik bir etki nedeniyle sadece 15 dakikal\u0131k bir yar\u0131 \u00f6mre sahip d\u00fc\u015f\u00fck molek\u00fcler stabiliteye sahip oldu\u011fu bulunmu\u015ftur. aminopeptidaz benzeri enzim. V\u00fccutta bozulmay\u0131 \u00f6nlemek i\u00e7in ta\u015f\u0131y\u0131c\u0131 proteinlerle kompleks yapt\u0131\u011f\u0131 veya b\u00fcy\u00fck bir \u00f6nc\u00fc molek\u00fcl\u00fcn bir bile\u015feni olarak var oldu\u011fu \u00f6ne s\u00fcr\u00fclm\u00fc\u015ft\u00fcr, ancak hen\u00fcz bu \u00f6nc\u00fc i\u00e7in herhangi bir yap\u0131 veya gen bulunamam\u0131\u015ft\u0131r.<\/p>\n","protected":false},"excerpt":{"rendered":"<p>\u00dcr\u00fcn Ad\u0131: DSIP<br \/>\nCAS: 62568-57-4<br \/>\nMF: C35H48N10O15<br \/>\nMW: 848.82<br \/>\nEINECS: 211-519-9<br \/>\nMol Dosya: 62568-57-4.mol<\/p>\n","protected":false},"featured_media":0,"comment_status":"open","ping_status":"closed","template":"","meta":{"om_disable_all_campaigns":false,"_monsterinsights_skip_tracking":false,"_monsterinsights_sitenote_active":false,"_monsterinsights_sitenote_note":"","_monsterinsights_sitenote_category":0,"site-sidebar-layout":"default","site-content-layout":"default","ast-site-content-layout":"default","site-content-style":"default","site-sidebar-style":"default","ast-global-header-display":"","ast-banner-title-visibility":"","ast-main-header-display":"","ast-hfb-above-header-display":"","ast-hfb-below-header-display":"","ast-hfb-mobile-header-display":"","site-post-title":"","ast-breadcrumbs-content":"","ast-featured-img":"","footer-sml-layout":"","ast-disable-related-posts":"","theme-transparent-header-meta":"default","adv-header-id-meta":"","stick-header-meta":"","header-above-stick-meta":"","header-main-stick-meta":"","header-below-stick-meta":"","astra-migrate-meta-layouts":"default","ast-page-background-enabled":"default","ast-page-background-meta":{"desktop":{"background-color":"","background-image":"","background-repeat":"repeat","background-position":"center center","background-size":"auto","background-attachment":"scroll","background-type":"","background-media":"","overlay-type":"","overlay-color":"","overlay-opacity":"","overlay-gradient":""},"tablet":{"background-color":"","background-image":"","background-repeat":"repeat","background-position":"center center","background-size":"auto","background-attachment":"scroll","background-type":"","background-media":"","overlay-type":"","overlay-color":"","overlay-opacity":"","overlay-gradient":""},"mobile":{"background-color":"","background-image":"","background-repeat":"repeat","background-position":"center center","background-size":"auto","background-attachment":"scroll","background-type":"","background-media":"","overlay-type":"","overlay-color":"","overlay-opacity":"","overlay-gradient":""}},"ast-content-background-meta":{"desktop":{"background-color":"var(--ast-global-color-5)","background-image":"","background-repeat":"repeat","background-position":"center center","background-size":"auto","background-attachment":"scroll","background-type":"","background-media":"","overlay-type":"","overlay-color":"","overlay-opacity":"","overlay-gradient":""},"tablet":{"background-color":"var(--ast-global-color-5)","background-image":"","background-repeat":"repeat","background-position":"center center","background-size":"auto","background-attachment":"scroll","background-type":"","background-media":"","overlay-type":"","overlay-color":"","overlay-opacity":"","overlay-gradient":""},"mobile":{"background-color":"var(--ast-global-color-5)","background-image":"","background-repeat":"repeat","background-position":"center center","background-size":"auto","background-attachment":"scroll","background-type":"","background-media":"","overlay-type":"","overlay-color":"","overlay-opacity":"","overlay-gradient":""}}},"product_brand":[],"product_cat":[529],"product_tag":[1958],"class_list":{"0":"post-7836","1":"product","2":"type-product","3":"status-publish","5":"product_cat-diger-peptitler","6":"product_tag-dsip-sleep-inducing-peptide-cas-62568-57-4-help-for-sleep-well-tr","7":"desktop-align-left","8":"tablet-align-left","9":"mobile-align-left","11":"first","12":"instock","13":"shipping-taxable","14":"product-type-simple"},"_links":{"self":[{"href":"https:\/\/puyapeptide.net\/tr\/wp-json\/wp\/v2\/product\/7836","targetHints":{"allow":["GET"]}}],"collection":[{"href":"https:\/\/puyapeptide.net\/tr\/wp-json\/wp\/v2\/product"}],"about":[{"href":"https:\/\/puyapeptide.net\/tr\/wp-json\/wp\/v2\/types\/product"}],"replies":[{"embeddable":true,"href":"https:\/\/puyapeptide.net\/tr\/wp-json\/wp\/v2\/comments?post=7836"}],"wp:attachment":[{"href":"https:\/\/puyapeptide.net\/tr\/wp-json\/wp\/v2\/media?parent=7836"}],"wp:term":[{"taxonomy":"product_brand","embeddable":true,"href":"https:\/\/puyapeptide.net\/tr\/wp-json\/wp\/v2\/product_brand?post=7836"},{"taxonomy":"product_cat","embeddable":true,"href":"https:\/\/puyapeptide.net\/tr\/wp-json\/wp\/v2\/product_cat?post=7836"},{"taxonomy":"product_tag","embeddable":true,"href":"https:\/\/puyapeptide.net\/tr\/wp-json\/wp\/v2\/product_tag?post=7836"}],"curies":[{"name":"wp","href":"https:\/\/api.w.org\/{rel}","templated":true}]}}