{"id":7847,"date":"2021-12-16T11:16:40","date_gmt":"2021-12-16T16:16:40","guid":{"rendered":"https:\/\/puyapeptide.net\/product\/etelcalcetide-cas-1262780-97-1-hemodiyaliz-tedavisi-goren-kronik-bobrek-hastaligi-kbh-olan-hastalarda-kullanilmak-uzere-gelistirilmistir\/"},"modified":"2021-12-16T11:16:40","modified_gmt":"2021-12-16T16:16:40","slug":"etelcalcetide-cas-1262780-97-1-hemodiyaliz-tedavisi-goren-kronik-bobrek-hastaligi-kbh-olan-hastalarda-kullanilmak-uzere-gelistirilmistir","status":"publish","type":"product","link":"https:\/\/puyapeptide.net\/tr\/product\/etelcalcetide-cas-1262780-97-1-hemodiyaliz-tedavisi-goren-kronik-bobrek-hastaligi-kbh-olan-hastalarda-kullanilmak-uzere-gelistirilmistir\/","title":{"rendered":"Etelcalcetide CAS 1262780-97-1 Hemodiyaliz tedavisi g\u00f6ren kronik b\u00f6brek hastal\u0131\u011f\u0131 (KBH) olan hastalarda kullan\u0131lmak \u00fczere geli\u015ftirilmi\u015ftir."},"content":{"rendered":"<h2><strong>Etelcalcetide CAS 1262780-97-1 Hemodiyaliz tedavisi g\u00f6ren kronik b\u00f6brek hastal\u0131\u011f\u0131 (KBH) olan hastalarda kullan\u0131lmak \u00fczere geli\u015ftirilmi\u015ftir.<\/strong><\/h2>\n<p>\u00dcr\u00fcn Ad\u0131: Etelcalcetide<br \/>\nE\u015fanlaml\u0131lar: Etelcalcetide;D-Argininamide, N-acetyl-D-cysteinyl-D-alanyl-D-arginyl-D-arginyl-D-arginyl-D-alanyl-, disulfide with L -sistein;AMG-416 (Velcalcetide)<br \/>\nCAS: 1262780-97-1<br \/>\nMF: C38H73N21O10S2<br \/>\nMW: 1048.25<br \/>\nEINECS:<br \/>\n\u00dcr\u00fcn Kategorileri:<br \/>\nMol Dosyas\u0131: 1262780- 97-1.mol<\/p>\n<p>Etelcalcetide yeni bir CalsimimeticAgent&#39;t\u0131r (CalcimimeticAgent). \u0130ntraven\u00f6z olarak uygulan\u0131r ve hemodiyaliz tedavisi g\u00f6ren kronik b\u00f6brek hastal\u0131\u011f\u0131 (KBH) olan hastalar i\u00e7in geli\u015ftirilmi\u015ftir. AMG416 paratiroid bezlerindeki kalsiyuma duyarl\u0131 resept\u00f6rlere ba\u011flan\u0131r ve bunlar\u0131 aktive ederek paratiroid hormon (PTH) d\u00fczeylerinde bir azalmaya neden olur.<br \/>\n&lt;&amp; &gt; <strong>Etelcalcetide CAS 1262780-97-1 Kimyasal \u00d6zellikler<\/strong><br \/>\nyo\u011funluk 1.58\u00b10.1 g\/cm3(Tahmini)<br \/>\npka 2.01\u00b10.10(Tahmini)<\/p>\n<p> <strong>Etelcalcetide CAS 1262780-97-1 \u0130\u015flevi ve Uygulamas\u0131 Kimyasal \u00d6zellikler<\/strong><br \/>\nEtelcalcetide, PTH sentezini ve sekresyonunu azaltan paratiroid bezlerinde kalsiyum alg\u0131lama resept\u00f6r\u00fcn\u00fc aktive eder. Kronik b\u00f6brek hastal\u0131\u011f\u0131 ara\u015ft\u0131rmalar\u0131yla ili\u015fkili ikincil hiperparatiroidizm i\u00e7in kullan\u0131labilir.<\/p>\n","protected":false},"excerpt":{"rendered":"<p>\u00dcr\u00fcn Ad\u0131: Etelcalcetide<br \/>\nCAS: 1262780-97-1<br \/>\nMF: C38H73N21O10S2<br \/>\nMW: 1048.25<br \/>\nMol Dosya: 1262780-97-1.mol<\/p>\n","protected":false},"featured_media":0,"comment_status":"open","ping_status":"closed","template":"","meta":{"om_disable_all_campaigns":false,"_monsterinsights_skip_tracking":false,"_monsterinsights_sitenote_active":false,"_monsterinsights_sitenote_note":"","_monsterinsights_sitenote_category":0,"site-sidebar-layout":"default","site-content-layout":"default","ast-site-content-layout":"default","site-content-style":"default","site-sidebar-style":"default","ast-global-header-display":"","ast-banner-title-visibility":"","ast-main-header-display":"","ast-hfb-above-header-display":"","ast-hfb-below-header-display":"","ast-hfb-mobile-header-display":"","site-post-title":"","ast-breadcrumbs-content":"","ast-featured-img":"","footer-sml-layout":"","ast-disable-related-posts":"","theme-transparent-header-meta":"default","adv-header-id-meta":"","stick-header-meta":"","header-above-stick-meta":"","header-main-stick-meta":"","header-below-stick-meta":"","astra-migrate-meta-layouts":"default","ast-page-background-enabled":"default","ast-page-background-meta":{"desktop":{"background-color":"","background-image":"","background-repeat":"repeat","background-position":"center center","background-size":"auto","background-attachment":"scroll","background-type":"","background-media":"","overlay-type":"","overlay-color":"","overlay-opacity":"","overlay-gradient":""},"tablet":{"background-color":"","background-image":"","background-repeat":"repeat","background-position":"center center","background-size":"auto","background-attachment":"scroll","background-type":"","background-media":"","overlay-type":"","overlay-color":"","overlay-opacity":"","overlay-gradient":""},"mobile":{"background-color":"","background-image":"","background-repeat":"repeat","background-position":"center center","background-size":"auto","background-attachment":"scroll","background-type":"","background-media":"","overlay-type":"","overlay-color":"","overlay-opacity":"","overlay-gradient":""}},"ast-content-background-meta":{"desktop":{"background-color":"var(--ast-global-color-5)","background-image":"","background-repeat":"repeat","background-position":"center center","background-size":"auto","background-attachment":"scroll","background-type":"","background-media":"","overlay-type":"","overlay-color":"","overlay-opacity":"","overlay-gradient":""},"tablet":{"background-color":"var(--ast-global-color-5)","background-image":"","background-repeat":"repeat","background-position":"center center","background-size":"auto","background-attachment":"scroll","background-type":"","background-media":"","overlay-type":"","overlay-color":"","overlay-opacity":"","overlay-gradient":""},"mobile":{"background-color":"var(--ast-global-color-5)","background-image":"","background-repeat":"repeat","background-position":"center center","background-size":"auto","background-attachment":"scroll","background-type":"","background-media":"","overlay-type":"","overlay-color":"","overlay-opacity":"","overlay-gradient":""}}},"product_brand":[],"product_cat":[529],"product_tag":[1927],"class_list":{"0":"post-7847","1":"product","2":"type-product","3":"status-publish","5":"product_cat-diger-peptitler","6":"product_tag-etelcalcetide-cas-1262780-97-1-developed-for-use-in-patients-with-chronic-kidney-disease-ckd-who-are-on-hemodialysis-treatment-tr","7":"desktop-align-left","8":"tablet-align-left","9":"mobile-align-left","11":"first","12":"instock","13":"shipping-taxable","14":"product-type-simple"},"_links":{"self":[{"href":"https:\/\/puyapeptide.net\/tr\/wp-json\/wp\/v2\/product\/7847","targetHints":{"allow":["GET"]}}],"collection":[{"href":"https:\/\/puyapeptide.net\/tr\/wp-json\/wp\/v2\/product"}],"about":[{"href":"https:\/\/puyapeptide.net\/tr\/wp-json\/wp\/v2\/types\/product"}],"replies":[{"embeddable":true,"href":"https:\/\/puyapeptide.net\/tr\/wp-json\/wp\/v2\/comments?post=7847"}],"wp:attachment":[{"href":"https:\/\/puyapeptide.net\/tr\/wp-json\/wp\/v2\/media?parent=7847"}],"wp:term":[{"taxonomy":"product_brand","embeddable":true,"href":"https:\/\/puyapeptide.net\/tr\/wp-json\/wp\/v2\/product_brand?post=7847"},{"taxonomy":"product_cat","embeddable":true,"href":"https:\/\/puyapeptide.net\/tr\/wp-json\/wp\/v2\/product_cat?post=7847"},{"taxonomy":"product_tag","embeddable":true,"href":"https:\/\/puyapeptide.net\/tr\/wp-json\/wp\/v2\/product_tag?post=7847"}],"curies":[{"name":"wp","href":"https:\/\/api.w.org\/{rel}","templated":true}]}}