{"id":7877,"date":"2021-12-16T11:18:00","date_gmt":"2021-12-16T16:18:00","guid":{"rendered":"https:\/\/puyapeptide.net\/product\/sermorelin-sermorelin-asetat-grf-1-29-amid-insan-cas-86168-78-7\/"},"modified":"2021-12-16T11:18:00","modified_gmt":"2021-12-16T16:18:00","slug":"sermorelin-sermorelin-asetat-grf-1-29-amid-insan-cas-86168-78-7","status":"publish","type":"product","link":"https:\/\/puyapeptide.net\/tr\/product\/sermorelin-sermorelin-asetat-grf-1-29-amid-insan-cas-86168-78-7\/","title":{"rendered":"Sermorelin\/ Sermorelin Asetat\/ GRF (1-29) amid (insan) CAS 86168-78-7"},"content":{"rendered":"<h2><strong>Sermorelin\/ Sermorelin Asetat\/ GRF (1-29) amid (insan) CAS 86168-78-7<\/strong><\/h2>\n<p>\u00dcr\u00fcn Ad\u0131: Sermorelin<br \/>\nE\u015f anlaml\u0131lar: SERMORELIN;SERMORELIN ACETATE;YADAIFTNSYRKVLGQLSARKLLQDIMSR-NH2;TYR-ALA-ASP-ALA-ILE-PHE-THR-ASN-SER-TYR-ARG-LYS-VAL-LEU-GLY -GLN-LEU-SER-ALA-ARG-LYS-LEU-LEU-GLN-ASP-ILE-MET-SER-ARG-NH2;TYR-ALA-ASP-ALA-ILE-PHE-THR-ASN-SER-TYR -ARG-LYS-VAL-LEU-GLY-GLN-LEU-SER-ALA-ARG-LYS-LEU-LEU-GLN-ASP-ILE-MET-SER-ARG-NH2 \u0130NSAN;b\u00fcy\u00fcme hormonu salma fakt\u00f6r\u00fc*par\u00e7as\u0131 1- 29 ami;H-TYR-ALA-ASP-ALA-ILE-PHE-THR-ASN-SER-TYR-ARG-LYS-VAL-LEU-GLY-GLN-LEU-SER-ALA-ARG-LYS-LEU-LEU -GLN-ASP-ILE-MET-SER-ARG-NH2;B\u00dcY\u00dcME HORMON SALDIRMA FAKT\u00d6R\u00dc (1-29), AM\u0130D, \u0130NSAN<br \/>\nCAS: 86168-78-7<br \/>\nMF: C149H246N44O42S<br \/>\nMW: 3357.93<br \/>\nEINECS: 1312995-182-4<br \/>\n\u00dcr\u00fcn Kategorileri: Peptit;Amino Asit T\u00fcrevleri;GH-RHObesity Research;H\u00fccre Biyolojisi i\u00e7in GH-RHPeptidler;B\u00fcy\u00fcme Hormonu Serbest B\u0131rakma Fakt\u00f6rleri;N\u00f6ropeptitler;N\u00f6rotransmisyon (Obesite);Sal\u0131m Fakt\u00f6rleri;Sermorelin<br \/>\nMol Dosya: 86168-78-7.mol<\/p>\n<p>Serm&#39;orelin asetat, bir serbest b\u0131rakma fakt\u00f6r\u00fc olan b\u00fcy\u00fcme serbest b\u0131rakma fakt\u00f6r\u00fcn\u00fcn (GRF 1-44) biyolojik olarak aktif bir analo\u011fudur. Hipofiz bezinin \u00fcretimini ve salg\u0131lanmas\u0131n\u0131 uyarmak i\u00e7in insan beyni taraf\u0131ndan do\u011fal olarak \u00fcretilen hormon (GHRH). Serm&#39;orelin ae de\u011fildir; Bir sekretagogdur, yani belirli resept\u00f6rlere ba\u011flanarak hipofiz bezini uyararak<\/p>\n<p>Ya\u015flanma s\u0131ras\u0131nda hipofiz \u00fcretimini ve salg\u0131lanmas\u0131n\u0131 art\u0131rarak GHRH azal\u0131r ve b\u00f6ylece b\u00fcy\u00fcme hormonu yetersizliklerini art\u0131r\u0131r. sonraki ya\u015famda sa\u011fl\u0131\u011f\u0131, dayan\u0131kl\u0131l\u0131\u011f\u0131 ve canl\u0131l\u0131\u011f\u0131 a\u015f\u0131nd\u0131r\u0131r. Serm&#39;orelin, yetersiz h\u00fccrelerin neden oldu\u011fu hasarl\u0131 h\u00fccrelerin ve zay\u0131flam\u0131\u015f sistemlerin onar\u0131lmas\u0131nda v\u00fccuda yard\u0131mc\u0131 olabilecek ya\u015flanma kar\u015f\u0131t\u0131 bir takviye olarak kabul edilir. <\/p>\n<p>Serm&#39;orelin bir GHRH peptid analo\u011fudur. Peptit dizisi 29 amino asitten olu\u015fur. Bu dizi, endojen ki\u015finin GHRH&#39;sinin bir par\u00e7as\u0131d\u0131r ve \u015fu anda tam fonksiyonel GHRH aktivitesi dizisine sahip en k\u0131sa sentetik peptit olarak kabul edilmektedir. Bu nedenle, sermor&#39;elin sekretagog olarak kabul edilir.<\/p>\n<p>Serm&#39;orelin, ara\u015ft\u0131rma s\u0131ras\u0131nda adenohipofizden (\u00f6n hipofiz olarak da adland\u0131r\u0131l\u0131r) salg\u0131y\u0131 uyarmak i\u00e7in kullan\u0131lm\u0131\u015ft\u0131r. \u00d6n hipofiz trofik salg\u0131lar. Serm&#39;orelin ayr\u0131ca, salg\u0131 ile ilgili olarak hipofiz yeterlili\u011fini de\u011ferlendirmek i\u00e7in ara\u015ft\u0131rma stim\u00fclasyon testlerinde kullan\u0131lm\u0131\u015ft\u0131r.<\/p>\n<p> <strong>Sermorelin\/ Sermorelin Asetat\/ GRF (1-29) amid (insan) CAS 86168-78-7 Kimyasal \u00d6zellikler<\/strong><br \/>\nalfa D20 -63.1\u00b0 (c = %30 asetik asitte 1)<br \/>\nyo\u011funluk 1,45\u00b10,1 g\/cm3(Tahmini)<br \/>\ndepolama s\u0131cakl\u0131\u011f\u0131. \u221220\u00b0C<br \/>\nInChIKey BVLCEKWPOSAKSZ-YQMCHIOTSA-N<br \/>\nCAS Veri Taban\u0131 Referans\u0131 86168-78-7(CAS Veri Taban\u0131 Referans\u0131)<\/p>\n<p> <strong>Sermorelin\/ Sermorelin Asetat\/ GRF (1-29) amid ( insan) CAS 86168-78-7<\/strong><br \/>\n1. Enerjiyi, canl\u0131l\u0131\u011f\u0131, g\u00fcc\u00fc ve dayan\u0131kl\u0131l\u0131\u011f\u0131 art\u0131r\u0131r.<br \/>\n2. Ya\u011fs\u0131z kas k\u00fctlesi b\u00fcy\u00fcmesi\/ya\u011f azalmas\u0131, Ya\u011fs\u0131z kas k\u00fctlesinde art\u0131\u015f.<br \/>\n3. V\u00fccut ya\u011f\u0131n\u0131 ve ya\u011f asitlerini par\u00e7alar.<br \/>\n4. Kalp fonksiyonunu iyile\u015ftirir.<br \/>\n5. Kemik yo\u011funlu\u011funu g\u00fc\u00e7lendiren ve art\u0131ran kalsiyum tutulmas\u0131n\u0131 art\u0131r\u0131r.<br \/>\n6. Ba\u011f\u0131\u015f\u0131kl\u0131k sistemini g\u00fc\u00e7lendirir ve yaralardan veya ameliyattan iyile\u015fmeyi h\u0131zland\u0131r\u0131r.<br \/>\n7. REM olmayan yava\u015f dalga uykusunu destekler, uyku kalitesini art\u0131r\u0131r.<br \/>\n8. Protein sentezini art\u0131r\u0131r ve beyin hari\u00e7 t\u00fcm i\u00e7 organlar\u0131n b\u00fcy\u00fcmesini uyar\u0131r.<br \/>\n9. Cilt ve t\u0131rnak sa\u011fl\u0131\u011f\u0131 (daha s\u0131k\u0131 cilt, daha kal\u0131n t\u0131rnaklar).<br \/>\n10. Eklem ve kas a\u011fr\u0131lar\u0131 gibi v\u00fccut a\u011fr\u0131lar\u0131nda azalma.<\/p>\n<p> <strong>Sermorelin\/ Sermorelin Asetat\/ GRF (1-29) amid (insan) CAS 86168-78-7<\/strong><br \/>\nSerm&#39;orelin uygulamalar\u0131 geni\u015f bir yelpazeye sahiptir. olumlu etkilerdendir. GHRH olarak do\u011fas\u0131 gere\u011fi, sermo&#39;relin sadece v\u00fccudun daha fazla \u00fcretme yetene\u011fini artt\u0131r\u0131r; kendisinin bir enjeksiyonu de\u011fildir. Hem performans artt\u0131r\u0131c\u0131 hem de genel refah anlam\u0131nda, sermo&#39;relin onu g\u00fc\u00e7l\u00fc ve de\u011ferli bir madde yapan \u00e7ok \u00e7e\u015fitli faydalara sahiptir.<\/p>\n<p>Sermo&#39;relin asetat bir insan hormonu salan hormondur (GHRH veya GRF) hipofiz fonksiyonunun tan\u0131sal de\u011ferlendirilmesi ve ayr\u0131ca \u00e7ocuklarda b\u00fcy\u00fcmeyi art\u0131rmak i\u00e7in kullan\u0131l\u0131r.<\/p>\n","protected":false},"excerpt":{"rendered":"<p>\u00dcr\u00fcn Ad\u0131: Sermorelin<br \/>\nCAS: 86168-78-7<br \/>\nMF: C149H246N44O42S<br \/>\nMW: 3357.93<br \/>\nEINECS: 1312995-182-4<br \/>\nMol Dosya: 86168-78-7.mol<\/p>\n","protected":false},"featured_media":2135,"comment_status":"open","ping_status":"closed","template":"","meta":{"om_disable_all_campaigns":false,"_monsterinsights_skip_tracking":false,"_monsterinsights_sitenote_active":false,"_monsterinsights_sitenote_note":"","_monsterinsights_sitenote_category":0,"site-sidebar-layout":"default","site-content-layout":"default","ast-site-content-layout":"default","site-content-style":"default","site-sidebar-style":"default","ast-global-header-display":"","ast-banner-title-visibility":"","ast-main-header-display":"","ast-hfb-above-header-display":"","ast-hfb-below-header-display":"","ast-hfb-mobile-header-display":"","site-post-title":"","ast-breadcrumbs-content":"","ast-featured-img":"","footer-sml-layout":"","ast-disable-related-posts":"","theme-transparent-header-meta":"default","adv-header-id-meta":"","stick-header-meta":"","header-above-stick-meta":"","header-main-stick-meta":"","header-below-stick-meta":"","astra-migrate-meta-layouts":"default","ast-page-background-enabled":"default","ast-page-background-meta":{"desktop":{"background-color":"","background-image":"","background-repeat":"repeat","background-position":"center center","background-size":"auto","background-attachment":"scroll","background-type":"","background-media":"","overlay-type":"","overlay-color":"","overlay-opacity":"","overlay-gradient":""},"tablet":{"background-color":"","background-image":"","background-repeat":"repeat","background-position":"center center","background-size":"auto","background-attachment":"scroll","background-type":"","background-media":"","overlay-type":"","overlay-color":"","overlay-opacity":"","overlay-gradient":""},"mobile":{"background-color":"","background-image":"","background-repeat":"repeat","background-position":"center center","background-size":"auto","background-attachment":"scroll","background-type":"","background-media":"","overlay-type":"","overlay-color":"","overlay-opacity":"","overlay-gradient":""}},"ast-content-background-meta":{"desktop":{"background-color":"var(--ast-global-color-5)","background-image":"","background-repeat":"repeat","background-position":"center center","background-size":"auto","background-attachment":"scroll","background-type":"","background-media":"","overlay-type":"","overlay-color":"","overlay-opacity":"","overlay-gradient":""},"tablet":{"background-color":"var(--ast-global-color-5)","background-image":"","background-repeat":"repeat","background-position":"center center","background-size":"auto","background-attachment":"scroll","background-type":"","background-media":"","overlay-type":"","overlay-color":"","overlay-opacity":"","overlay-gradient":""},"mobile":{"background-color":"var(--ast-global-color-5)","background-image":"","background-repeat":"repeat","background-position":"center center","background-size":"auto","background-attachment":"scroll","background-type":"","background-media":"","overlay-type":"","overlay-color":"","overlay-opacity":"","overlay-gradient":""}}},"product_brand":[],"product_cat":[529],"product_tag":[1911],"class_list":{"0":"post-7877","1":"product","2":"type-product","3":"status-publish","4":"has-post-thumbnail","6":"product_cat-diger-peptitler","7":"product_tag-sermorelin-sermorelin-acetate-grf-1-29-amide-human-cas-86168-78-7-tr","8":"desktop-align-left","9":"tablet-align-left","10":"mobile-align-left","12":"first","13":"instock","14":"shipping-taxable","15":"product-type-simple"},"_links":{"self":[{"href":"https:\/\/puyapeptide.net\/tr\/wp-json\/wp\/v2\/product\/7877","targetHints":{"allow":["GET"]}}],"collection":[{"href":"https:\/\/puyapeptide.net\/tr\/wp-json\/wp\/v2\/product"}],"about":[{"href":"https:\/\/puyapeptide.net\/tr\/wp-json\/wp\/v2\/types\/product"}],"replies":[{"embeddable":true,"href":"https:\/\/puyapeptide.net\/tr\/wp-json\/wp\/v2\/comments?post=7877"}],"wp:featuredmedia":[{"embeddable":true,"href":"https:\/\/puyapeptide.net\/tr\/wp-json\/wp\/v2\/media\/2135"}],"wp:attachment":[{"href":"https:\/\/puyapeptide.net\/tr\/wp-json\/wp\/v2\/media?parent=7877"}],"wp:term":[{"taxonomy":"product_brand","embeddable":true,"href":"https:\/\/puyapeptide.net\/tr\/wp-json\/wp\/v2\/product_brand?post=7877"},{"taxonomy":"product_cat","embeddable":true,"href":"https:\/\/puyapeptide.net\/tr\/wp-json\/wp\/v2\/product_cat?post=7877"},{"taxonomy":"product_tag","embeddable":true,"href":"https:\/\/puyapeptide.net\/tr\/wp-json\/wp\/v2\/product_tag?post=7877"}],"curies":[{"name":"wp","href":"https:\/\/api.w.org\/{rel}","templated":true}]}}