{"id":7904,"date":"2021-12-16T11:19:53","date_gmt":"2021-12-16T16:19:53","guid":{"rendered":"https:\/\/puyapeptide.net\/product\/gonadorelin-gonadorelin-asetat-cas-33515-09-2-kisirligi-ve-su-urunleri-yetistiriciligini-tedavi-etmek-icin-kullanin\/"},"modified":"2021-12-16T11:19:53","modified_gmt":"2021-12-16T16:19:53","slug":"gonadorelin-gonadorelin-asetat-cas-33515-09-2-kisirligi-ve-su-urunleri-yetistiriciligini-tedavi-etmek-icin-kullanin","status":"publish","type":"product","link":"https:\/\/puyapeptide.net\/tr\/product\/gonadorelin-gonadorelin-asetat-cas-33515-09-2-kisirligi-ve-su-urunleri-yetistiriciligini-tedavi-etmek-icin-kullanin\/","title":{"rendered":"Gonadorelin\/ Gonadorelin asetat CAS 33515-09-2 K\u0131s\u0131rl\u0131\u011f\u0131 ve su \u00fcr\u00fcnleri yeti\u015ftiricili\u011fini tedavi etmek i\u00e7in kullan\u0131n"},"content":{"rendered":"<h2><strong>Gonadorelin\/ Gonadorelin asetat CAS 33515-09-2 K\u0131s\u0131rl\u0131\u011f\u0131 ve su \u00fcr\u00fcnleri yeti\u015ftiricili\u011fini tedavi etmek i\u00e7in kullan\u0131n<\/strong><\/h2>\n<p>\u00dcr\u00fcn Ad\u0131: Gonadorelin<br \/>\nE\u015f Anlaml\u0131lar\u0131: Gonadoliberin, Luliberin;(2S)-N-[(2S)-1-[[(2S)-1-[[(2S)-1-[[(2S)] -1-[[2-[[(2S)-1-[[(2S)-1-[(2S)-2-[(2-amino-2-oksoetil)karbamoil]pirrolidin-1-il]-5 -(diaminometilidenamino)-1-oksopentan-2-il]amino]-4-metil-1-oksopentan-2-il]amino]-2-oksoetil]amino]-3-(4-hidroksifenil)-1-oksopropan- 2-il]amino]-3-hidroksi-1-oksopropan-2-il]amino]-3-(1H-indol-3-il)-1-oksopropan-2-il]amino]-3-(1H- imidazol-5-yl)-1-oxopropan-2-yl]-5-oxopyrrolidine-2-carboksamide;LUTE\u0130N\u0130Z\u0130N HORMON SALI\u015eTIRICI HORMON \u0130NSAN;LUTE\u0130N\u0130Z\u0130C\u0130 HORMON S\u00d6ZC\u00dc\u011e\u00dc HORMON (\u0130NSAN) PORS\u0130, S\u0131\u00e7an;LUTE\u0130N\u0130Z\u0130C\u0130 HORMON SALDIRICI FAKT\u00d6R III) ( ;LUTE\u0130N\u0130Z\u0130C\u0130 HORMON SAYICI HORMONASETAT;LUTE\u0130N\u0130Z\u0130C\u0130 HORMON SALDIRICI FAKT\u00d6R (\u00c7\u0130KOPA);LUTE\u0130N\u0130Z\u0130C\u0130 HORMON SAYICI HORMON<br \/>\nCAS: 33515-09-2<br \/>\nMF: C55H75N17O13<br \/>\nMW&amp;&gt; 1182. 553-1<br \/>\n\u00dcr\u00fcn Kategorileri: peptid;Peptit Resept\u00f6rleri;Gonadotropin salg\u0131lat\u0131c\u0131 hormon (GnRH);Farmas\u00f6tik<br \/>\nMol Dosya: 33515-09-2.mol<\/p>\n<p> <strong>Gonadorelin\/ Gonadorelin aseta te CAS 33515-09-2 Kimyasal \u00d6zellikler<\/strong><br \/>\nyo\u011funluk 1.54<br \/>\nform d\u00fczg\u00fcn<br \/>\npka 9.82\u00b10.15(Tahmini)<br \/>\nInChIKey XLXSAKCOAKORKW-AQJXLSMYSA-N<\/p>\n<p> <strong>Gonadorelin\/ Gonadorelin asetat Kullan\u0131mlar\u0131 CAS 33515-09-2<\/strong><br \/>\n\u0130neklerde \u00fcreme hastal\u0131klar\u0131n\u0131n tedavisi ve e\u015f zamanl\u0131 k\u0131zg\u0131nl\u0131k ve zamanl\u0131 tohumlama prosed\u00fcrleri dahil olmak \u00fczere ineklerin \u00fcreme y\u00f6netimi i\u00e7in kullan\u0131l\u0131r. Esas olarak \u00c7in&#39;de s\u0131\u011f\u0131r yeti\u015ftiricili\u011finin klinik y\u00f6nlerinde ve e\u015f zamanl\u0131 k\u0131zg\u0131nl\u0131k ve ineklerin zamanlanm\u0131\u015f tohumlanmas\u0131 i\u00e7in kullan\u0131l\u0131r. Esas olarak, do\u011frudan muayenede yumurtal\u0131k hacminin temel olarak normal oldu\u011fu ve geli\u015fen folik\u00fcl veya korpus luteumun olmad\u0131\u011f\u0131 sessiz yumurtal\u0131k fonksiyonu olan ineklerde kullan\u0131l\u0131r. 200 mcg&#39;lik bir dozda sessiz yumurtal\u0131klar\u0131 olan ineklerin klinik tedavisi i\u00e7in \u00f6nerilir. luteinize edici hormon salg\u0131lat\u0131c\u0131 hormonun ilk enjeksiyonu olan e\u015f zamanl\u0131 k\u0131zg\u0131nl\u0131k ve zamanl\u0131 tohumlama, ard\u0131ndan 7 g\u00fcn sonra yeni olu\u015fan korpus luteumu eritmek i\u00e7in 0,5 mg\/ba\u015f\u0131 prostaglandin uyguland\u0131. 48 saat sonra, ikinci l\u00fcteinize edici hormon salg\u0131lat\u0131c\u0131 hormon enjeksiyonu, ard\u0131ndan 16 ila 24 saatlik suni tohumlama. \u0130neklerde e\u015f zamanl\u0131 k\u0131zg\u0131nl\u0131k ve zamanl\u0131 tohumlama uygulamalar\u0131 i\u00e7in bu \u00fcr\u00fcn\u00fcn \u00f6nerilen dozu 100 mcg&#39;dir.<\/p>\n<p> <strong>Gonadorelin\/ Gonadorelin asetat CAS 33515-09-2<\/strong><br \/>\n1. Biyokimyasal \u00e7al\u0131\u015fmalar; k\u0131s\u0131rl\u0131k tedavisinde kullan\u0131lan \u00f6n hipofiz bezi taraf\u0131ndan seks hormonlar\u0131n\u0131n (LH ve FSH) salg\u0131lanmas\u0131n\u0131 uyar\u0131c\u0131 etkiye sahiptir; akuak\u00fclt\u00fcrde ebeveyn bal\u0131k Chemicalbook&#39;un yumurtlamas\u0131n\u0131 te\u015fvik etmek i\u00e7in kullan\u0131l\u0131r.<br \/>\n2. Uzun s\u00fcreli steroidal kontraseptif kullan\u0131m\u0131na ba\u011fl\u0131 olarak normal bireysel kad\u0131nlarda hipotalamik infertilite, sekonder amenore ve amenore tan\u0131 ve tedavisi.<\/p>\n","protected":false},"excerpt":{"rendered":"<p>\u00dcr\u00fcn Ad\u0131: Gonadorelin<br \/>\nCAS: 33515-09-2<br \/>\nMF: C55H75N17O13<br \/>\nMW: 1182.31<br \/>\nEINECS: 251-553-1<br \/>\nMol Dosya: 33515-09-2.mol<\/p>\n","protected":false},"featured_media":2282,"comment_status":"closed","ping_status":"closed","template":"","meta":{"om_disable_all_campaigns":false,"_monsterinsights_skip_tracking":false,"_monsterinsights_sitenote_active":false,"_monsterinsights_sitenote_note":"","_monsterinsights_sitenote_category":0,"site-sidebar-layout":"default","site-content-layout":"default","ast-site-content-layout":"default","site-content-style":"default","site-sidebar-style":"default","ast-global-header-display":"","ast-banner-title-visibility":"","ast-main-header-display":"","ast-hfb-above-header-display":"","ast-hfb-below-header-display":"","ast-hfb-mobile-header-display":"","site-post-title":"","ast-breadcrumbs-content":"","ast-featured-img":"","footer-sml-layout":"","ast-disable-related-posts":"","theme-transparent-header-meta":"default","adv-header-id-meta":"","stick-header-meta":"","header-above-stick-meta":"","header-main-stick-meta":"","header-below-stick-meta":"","astra-migrate-meta-layouts":"default","ast-page-background-enabled":"default","ast-page-background-meta":{"desktop":{"background-color":"","background-image":"","background-repeat":"repeat","background-position":"center center","background-size":"auto","background-attachment":"scroll","background-type":"","background-media":"","overlay-type":"","overlay-color":"","overlay-opacity":"","overlay-gradient":""},"tablet":{"background-color":"","background-image":"","background-repeat":"repeat","background-position":"center center","background-size":"auto","background-attachment":"scroll","background-type":"","background-media":"","overlay-type":"","overlay-color":"","overlay-opacity":"","overlay-gradient":""},"mobile":{"background-color":"","background-image":"","background-repeat":"repeat","background-position":"center center","background-size":"auto","background-attachment":"scroll","background-type":"","background-media":"","overlay-type":"","overlay-color":"","overlay-opacity":"","overlay-gradient":""}},"ast-content-background-meta":{"desktop":{"background-color":"var(--ast-global-color-5)","background-image":"","background-repeat":"repeat","background-position":"center center","background-size":"auto","background-attachment":"scroll","background-type":"","background-media":"","overlay-type":"","overlay-color":"","overlay-opacity":"","overlay-gradient":""},"tablet":{"background-color":"var(--ast-global-color-5)","background-image":"","background-repeat":"repeat","background-position":"center center","background-size":"auto","background-attachment":"scroll","background-type":"","background-media":"","overlay-type":"","overlay-color":"","overlay-opacity":"","overlay-gradient":""},"mobile":{"background-color":"var(--ast-global-color-5)","background-image":"","background-repeat":"repeat","background-position":"center center","background-size":"auto","background-attachment":"scroll","background-type":"","background-media":"","overlay-type":"","overlay-color":"","overlay-opacity":"","overlay-gradient":""}}},"product_brand":[],"product_cat":[443],"product_tag":[1895],"class_list":{"0":"post-7904","1":"product","2":"type-product","3":"status-publish","4":"has-post-thumbnail","6":"product_cat-urogenital-peptit","7":"product_tag-gonadorelin-gonadorelin-acetate-cas-33515-09-2-use-for-treat-infertility-and-aquaculture-tr","8":"desktop-align-left","9":"tablet-align-left","10":"mobile-align-left","12":"first","13":"instock","14":"shipping-taxable","15":"product-type-simple"},"_links":{"self":[{"href":"https:\/\/puyapeptide.net\/tr\/wp-json\/wp\/v2\/product\/7904","targetHints":{"allow":["GET"]}}],"collection":[{"href":"https:\/\/puyapeptide.net\/tr\/wp-json\/wp\/v2\/product"}],"about":[{"href":"https:\/\/puyapeptide.net\/tr\/wp-json\/wp\/v2\/types\/product"}],"replies":[{"embeddable":true,"href":"https:\/\/puyapeptide.net\/tr\/wp-json\/wp\/v2\/comments?post=7904"}],"wp:featuredmedia":[{"embeddable":true,"href":"https:\/\/puyapeptide.net\/tr\/wp-json\/wp\/v2\/media\/2282"}],"wp:attachment":[{"href":"https:\/\/puyapeptide.net\/tr\/wp-json\/wp\/v2\/media?parent=7904"}],"wp:term":[{"taxonomy":"product_brand","embeddable":true,"href":"https:\/\/puyapeptide.net\/tr\/wp-json\/wp\/v2\/product_brand?post=7904"},{"taxonomy":"product_cat","embeddable":true,"href":"https:\/\/puyapeptide.net\/tr\/wp-json\/wp\/v2\/product_cat?post=7904"},{"taxonomy":"product_tag","embeddable":true,"href":"https:\/\/puyapeptide.net\/tr\/wp-json\/wp\/v2\/product_tag?post=7904"}],"curies":[{"name":"wp","href":"https:\/\/api.w.org\/{rel}","templated":true}]}}