{"id":7923,"date":"2021-12-16T11:20:52","date_gmt":"2021-12-16T16:20:52","guid":{"rendered":"https:\/\/puyapeptide.net\/product\/deslorelin-deslorelin-asetat-cas-57773-65-6-prostat-kanseri-tedavisi\/"},"modified":"2021-12-16T11:20:52","modified_gmt":"2021-12-16T16:20:52","slug":"deslorelin-deslorelin-asetat-cas-57773-65-6-prostat-kanseri-tedavisi","status":"publish","type":"product","link":"https:\/\/puyapeptide.net\/tr\/product\/deslorelin-deslorelin-asetat-cas-57773-65-6-prostat-kanseri-tedavisi\/","title":{"rendered":"Deslorelin\/ Deslorelin Asetat CAS 57773-65-6 Prostat kanseri tedavisi"},"content":{"rendered":"<h2><strong>Deslorelin\/ Deslorelin Asetat CAS 57773-65-6 Prostat kanseri tedavisi<\/strong><\/h2>\n<p>\u00dcr\u00fcn Ad\u0131: Deslorelin<br \/>\nE\u015f Anlamlar\u0131: GLP-HIS-TRP-SER-TYR-D-TRP-LEU-ARG-PRO-NHET;[D-TRP6, DES-GLY10]-LH-RH ET\u0130LAM\u0130D;DESORELIN ;DESLORELIN;deslorelin asetat;DESLORELIN (\u0130NSAN);DES-GLY10,[D-TRP6]-LH-RH ET\u0130LAM\u0130T;(DES-GLY10,D-TRP6,PRO-NHET9)-GONADOTROPIN SALICI HORMON<br \/>\nCAS: 57773 -65-6<br \/>\nMF: C64H83N17O12<br \/>\nMW: 1282.48<br \/>\nEINECS: 637-335-2<br \/>\n\u00dcr\u00fcn Kategorileri: hormonlar;Peptid<br \/>\nMol Dosya: 57773-65-6.mol&lt;&amp; &gt;<br \/>\nDeslorelin\/Dehidronandrolon asetat, sentez (faslodex) i\u00e7in anahtar bir ara madde iken, ilki AstraZeneca Company taraf\u0131ndan geli\u015ftirilen bir meme kanseri \u00f6nleyici ila\u00e7t\u0131 ve ikincisi, klimakterik \u015fikayetler i\u00e7in Organon Company taraf\u0131ndan pazarlanan sentetik bir steroiddi. Kaliteli, uzun s\u00fcreli kas kazan\u0131mlar\u0131 sa\u011flayan etkili bir bile\u015fiktir. Bunun nedeni, ilac\u0131n nispeten uzun yar\u0131 \u00f6mr\u00fcd\u00fcr. Kullan\u0131c\u0131lar, en b\u00fcy\u00fck yan etki su tutma olan hafif yan etkiler bildirmektedir. birincisi AstraZeneca Company taraf\u0131ndan geli\u015ftirilen bir meme kanseri \u00f6nleyici ila\u00e7 iken, ikincisi Organon Company taraf\u0131ndan klimakterik \u015fikayetler i\u00e7in pazarlanan sentetik bir steroid iken, sentez i\u00e7in anahtar bir ara maddedir (faslodex). Kaliteli, uzun s\u00fcreli kas kazan\u0131mlar\u0131 sa\u011flayan etkili bir bile\u015fiktir. Bunun nedeni, ilac\u0131n nispeten uzun yar\u0131 \u00f6mr\u00fcd\u00fcr. Kullan\u0131c\u0131lar, en b\u00fcy\u00fck yan etki su tutma olan hafif yan etkiler bildirmektedir. birincisi AstraZeneca Company taraf\u0131ndan geli\u015ftirilen bir meme kanseri \u00f6nleyici ila\u00e7 iken, ikincisi Organon Company taraf\u0131ndan klimakterik \u015fikayetler i\u00e7in pazarlanan sentetik bir steroid iken, sentez i\u00e7in anahtar bir ara maddedir (faslodex). Kaliteli, uzun s\u00fcreli kas kazan\u0131mlar\u0131 sa\u011flayan etkili bir bile\u015fiktir. Bunun nedeni, ilac\u0131n nispeten uzun yar\u0131 \u00f6mr\u00fcd\u00fcr. Kullan\u0131c\u0131lar, en b\u00fcy\u00fck yan etkisi su tutma olmak \u00fczere hafif yan etkiler bildirmektedir.<\/p>\n<p> <strong>Deslorelin\/ Deslorelin Asetat CAS 57773-65-6 Kimyasal \u00d6zellikler<\/strong><br \/>\nalfa D24 -61\u00b0 (c = 0,37, 0,1M asetik asitte) )<br \/>\nyo\u011funluk 1,48\u00b10,1 g\/cm3(Tahmini)<br \/>\ndepolama s\u0131cakl\u0131\u011f\u0131. \u221220\u00b0C<br \/>\npka 9.82\u00b10.15(\u00d6ng\u00f6r\u00fclen)<br \/>\nCAS Veri Taban\u0131 Referans\u0131 57773-65-6(CAS Veri Taban\u0131 Referans\u0131)<\/p>\n<p> <strong>Deslorelin\/ Deslorelin Asetat CAS 57773-65-6 \u0130\u015flevi ve Uygulamas\u0131<\/strong><br \/>\nDeslorelin ABD&#39;de ba\u015far\u0131yla denendi ve belirli ko\u015fullar alt\u0131nda veteriner kullan\u0131m\u0131 i\u00e7in onayland\u0131. Avrupa&#39;da, at destekli \u00fcremede kullan\u0131m i\u00e7in onaylanm\u0131\u015ft\u0131r.<br \/>\nAyr\u0131ca, kad\u0131nlarda meme kanseri tedavisinde ve erkek ve k\u0131z \u00e7ocuklarda erken ergenlik ve konjenital adrenal hiperplazi tedavisinde etkinli\u011fini incelemek i\u00e7in insanlarda denenmektedir.<\/p>\n","protected":false},"excerpt":{"rendered":"<p>\u00dcr\u00fcn Ad\u0131: Deslorelin<br \/>\nCAS: 57773-65-6<br \/>\nMF: C64H83N17O12<br \/>\nMW: 1282.48<br \/>\nEINECS: 637-335-2<br \/>\nMol Dosya: 57773-65-6.mol<\/p>\n","protected":false},"featured_media":2114,"comment_status":"open","ping_status":"closed","template":"","meta":{"om_disable_all_campaigns":false,"_monsterinsights_skip_tracking":false,"_monsterinsights_sitenote_active":false,"_monsterinsights_sitenote_note":"","_monsterinsights_sitenote_category":0,"site-sidebar-layout":"default","site-content-layout":"default","ast-site-content-layout":"default","site-content-style":"default","site-sidebar-style":"default","ast-global-header-display":"","ast-banner-title-visibility":"","ast-main-header-display":"","ast-hfb-above-header-display":"","ast-hfb-below-header-display":"","ast-hfb-mobile-header-display":"","site-post-title":"","ast-breadcrumbs-content":"","ast-featured-img":"","footer-sml-layout":"","ast-disable-related-posts":"","theme-transparent-header-meta":"default","adv-header-id-meta":"","stick-header-meta":"","header-above-stick-meta":"","header-main-stick-meta":"","header-below-stick-meta":"","astra-migrate-meta-layouts":"default","ast-page-background-enabled":"default","ast-page-background-meta":{"desktop":{"background-color":"","background-image":"","background-repeat":"repeat","background-position":"center center","background-size":"auto","background-attachment":"scroll","background-type":"","background-media":"","overlay-type":"","overlay-color":"","overlay-opacity":"","overlay-gradient":""},"tablet":{"background-color":"","background-image":"","background-repeat":"repeat","background-position":"center center","background-size":"auto","background-attachment":"scroll","background-type":"","background-media":"","overlay-type":"","overlay-color":"","overlay-opacity":"","overlay-gradient":""},"mobile":{"background-color":"","background-image":"","background-repeat":"repeat","background-position":"center center","background-size":"auto","background-attachment":"scroll","background-type":"","background-media":"","overlay-type":"","overlay-color":"","overlay-opacity":"","overlay-gradient":""}},"ast-content-background-meta":{"desktop":{"background-color":"var(--ast-global-color-5)","background-image":"","background-repeat":"repeat","background-position":"center center","background-size":"auto","background-attachment":"scroll","background-type":"","background-media":"","overlay-type":"","overlay-color":"","overlay-opacity":"","overlay-gradient":""},"tablet":{"background-color":"var(--ast-global-color-5)","background-image":"","background-repeat":"repeat","background-position":"center center","background-size":"auto","background-attachment":"scroll","background-type":"","background-media":"","overlay-type":"","overlay-color":"","overlay-opacity":"","overlay-gradient":""},"mobile":{"background-color":"var(--ast-global-color-5)","background-image":"","background-repeat":"repeat","background-position":"center center","background-size":"auto","background-attachment":"scroll","background-type":"","background-media":"","overlay-type":"","overlay-color":"","overlay-opacity":"","overlay-gradient":""}}},"product_brand":[],"product_cat":[387],"product_tag":[1869],"class_list":{"0":"post-7923","1":"product","2":"type-product","3":"status-publish","4":"has-post-thumbnail","6":"product_cat-anti-tumor-peptidi","7":"product_tag-deslorelin-deslorelin-acetate-cas-57773-65-6-treatment-of-prostate-cancer-tr","8":"desktop-align-left","9":"tablet-align-left","10":"mobile-align-left","12":"first","13":"instock","14":"shipping-taxable","15":"product-type-simple"},"_links":{"self":[{"href":"https:\/\/puyapeptide.net\/tr\/wp-json\/wp\/v2\/product\/7923","targetHints":{"allow":["GET"]}}],"collection":[{"href":"https:\/\/puyapeptide.net\/tr\/wp-json\/wp\/v2\/product"}],"about":[{"href":"https:\/\/puyapeptide.net\/tr\/wp-json\/wp\/v2\/types\/product"}],"replies":[{"embeddable":true,"href":"https:\/\/puyapeptide.net\/tr\/wp-json\/wp\/v2\/comments?post=7923"}],"wp:featuredmedia":[{"embeddable":true,"href":"https:\/\/puyapeptide.net\/tr\/wp-json\/wp\/v2\/media\/2114"}],"wp:attachment":[{"href":"https:\/\/puyapeptide.net\/tr\/wp-json\/wp\/v2\/media?parent=7923"}],"wp:term":[{"taxonomy":"product_brand","embeddable":true,"href":"https:\/\/puyapeptide.net\/tr\/wp-json\/wp\/v2\/product_brand?post=7923"},{"taxonomy":"product_cat","embeddable":true,"href":"https:\/\/puyapeptide.net\/tr\/wp-json\/wp\/v2\/product_cat?post=7923"},{"taxonomy":"product_tag","embeddable":true,"href":"https:\/\/puyapeptide.net\/tr\/wp-json\/wp\/v2\/product_tag?post=7923"}],"curies":[{"name":"wp","href":"https:\/\/api.w.org\/{rel}","templated":true}]}}