{"id":7983,"date":"2021-12-16T11:24:18","date_gmt":"2021-12-16T16:24:18","guid":{"rendered":"https:\/\/puyapeptide.net\/product\/puya-tedarik-ipamorelin-ipamorelin-asetat-cas-170851-70-4\/"},"modified":"2021-12-16T11:24:18","modified_gmt":"2021-12-16T16:24:18","slug":"puya-tedarik-ipamorelin-ipamorelin-asetat-cas-170851-70-4","status":"publish","type":"product","link":"https:\/\/puyapeptide.net\/tr\/product\/puya-tedarik-ipamorelin-ipamorelin-asetat-cas-170851-70-4\/","title":{"rendered":"Puya Tedarik Ipamorelin\/ Ipamorelin Asetat CAS 170851-70-4"},"content":{"rendered":"<h2><strong>Puya Tedarik Ipamorelin\/ Ipamorelin Asetat CAS 170851-70-4<\/strong><\/h2>\n<p>\u00dcr\u00fcn Ad\u0131: Ipamorelin<br \/>\nE\u015f anlaml\u0131lar: IpoMarelin;IpaMorelin Acetate;Aib-His-D-2-Nal-D-Phe-Lys-NH2;IPAMORELIN(1MG);IPAMORELIN(5MG);2-Methylalanyl-L -histidil-3-(2-naftil)-D-alanil-D-fenilalanil-L-lisinamid;L-Lisinamid,2-metilalanil-L-histidil-3-(2-naftalenil)-D-alanil-D-fenilalanil -;NNC-26-0161<br \/>\nCAS: 170851-70-4<br \/>\nMF: C38H49N9O5<br \/>\nMW: 711.85<br \/>\nEINECS:<br \/>\n\u00dcr\u00fcn Kategorileri: Peptitler<br \/>\nMol Dosyas\u0131: 170851-70 -4.mol<\/p>\n<p>\u0130pamorelin bir GHRP&#39;dir (b\u00fcy\u00fcme hormonu salan peptit), en hafifi olarak kabul edilir, \u00e7\u00fcnk\u00fc g\u00fc\u00e7l\u00fc bir duyars\u0131zla\u015ft\u0131rma olmadan kararl\u0131 ve yava\u015f bir \u015fekilde sal\u0131n\u0131r. Ipamorelin&#39;in basit bir i\u015flevi vard\u0131r ve v\u00fccuttaki do\u011fal GH \u00fcretimini art\u0131rabilir. Yeni ince doku olu\u015fturmam\u0131za ve mevcut ince dokuyu korumam\u0131za yard\u0131mc\u0131 olun. Uykuya iyi gelir ve ya\u015flanma kar\u015f\u0131t\u0131 etkiye sahiptir. B\u00fcy\u00fcme hormonu salg\u0131lat\u0131c\u0131 peptit \u00e7e\u015fitleri aras\u0131ndad\u0131r.<\/p>\n<p> <strong>Ipamorelin\/ Ipamorelin Asetat CAS 170851-70-4 Kimyasal \u00d6zellikler<\/strong><br \/>\nKaynama noktas\u0131 1185.5\u00b165.0 \u00b0C(Tahmini)&lt; &amp;&gt;yo\u011funluk 1.263\u00b10.06 g\/cm3(Tahmini)<br \/>\npka 13.04\u00b10.46(Tahmini)<\/p>\n<p> <strong>Ipamorelin\/ Ipamorelin Asetat CAS 170851-70-4 \u0130\u015flevi ve Uygulamas\u0131<\/strong><br \/>\nIpomorelin b\u00fcy\u00fcleyici bir yeni v\u00fccut geli\u015ftirme d\u00fcnyas\u0131nda \u00e7ok dikkat \u00e7eken kas geli\u015ftirme ke\u015ffi. GHRP\/6 peptidi (hekzapeptid salan) gibi, g\u00fc\u00e7l\u00fc salma \u00f6zelliklerine sahip sentetik bir peptiddir. Ve bu serbest b\u0131rakma \u00f6zellikleri, geli\u015ftirebilece\u011finiz kas miktar\u0131 ve ne kadar h\u0131zl\u0131 ya\u011f yakt\u0131\u011f\u0131n\u0131z konusunda muazzam bir fark yaratabildikleri i\u00e7in sporcular ve v\u00fccut geli\u015ftiriciler i\u00e7in ilgi \u00e7ekicidir.<\/p>\n","protected":false},"excerpt":{"rendered":"<p>\u00dcr\u00fcn Ad\u0131: Ipamorelin<br \/>\nCAS: 170851-70-4<br \/>\nMF: C38H49N9O5<br \/>\nMW: 711.85<br \/>\nMol Dosya: 170851-70-4.mol<\/p>\n","protected":false},"featured_media":2219,"comment_status":"open","ping_status":"closed","template":"","meta":{"om_disable_all_campaigns":false,"_monsterinsights_skip_tracking":false,"_monsterinsights_sitenote_active":false,"_monsterinsights_sitenote_note":"","_monsterinsights_sitenote_category":0,"site-sidebar-layout":"default","site-content-layout":"default","ast-site-content-layout":"default","site-content-style":"default","site-sidebar-style":"default","ast-global-header-display":"","ast-banner-title-visibility":"","ast-main-header-display":"","ast-hfb-above-header-display":"","ast-hfb-below-header-display":"","ast-hfb-mobile-header-display":"","site-post-title":"","ast-breadcrumbs-content":"","ast-featured-img":"","footer-sml-layout":"","ast-disable-related-posts":"","theme-transparent-header-meta":"default","adv-header-id-meta":"","stick-header-meta":"","header-above-stick-meta":"","header-main-stick-meta":"","header-below-stick-meta":"","astra-migrate-meta-layouts":"default","ast-page-background-enabled":"default","ast-page-background-meta":{"desktop":{"background-color":"","background-image":"","background-repeat":"repeat","background-position":"center center","background-size":"auto","background-attachment":"scroll","background-type":"","background-media":"","overlay-type":"","overlay-color":"","overlay-opacity":"","overlay-gradient":""},"tablet":{"background-color":"","background-image":"","background-repeat":"repeat","background-position":"center center","background-size":"auto","background-attachment":"scroll","background-type":"","background-media":"","overlay-type":"","overlay-color":"","overlay-opacity":"","overlay-gradient":""},"mobile":{"background-color":"","background-image":"","background-repeat":"repeat","background-position":"center center","background-size":"auto","background-attachment":"scroll","background-type":"","background-media":"","overlay-type":"","overlay-color":"","overlay-opacity":"","overlay-gradient":""}},"ast-content-background-meta":{"desktop":{"background-color":"var(--ast-global-color-5)","background-image":"","background-repeat":"repeat","background-position":"center center","background-size":"auto","background-attachment":"scroll","background-type":"","background-media":"","overlay-type":"","overlay-color":"","overlay-opacity":"","overlay-gradient":""},"tablet":{"background-color":"var(--ast-global-color-5)","background-image":"","background-repeat":"repeat","background-position":"center center","background-size":"auto","background-attachment":"scroll","background-type":"","background-media":"","overlay-type":"","overlay-color":"","overlay-opacity":"","overlay-gradient":""},"mobile":{"background-color":"var(--ast-global-color-5)","background-image":"","background-repeat":"repeat","background-position":"center center","background-size":"auto","background-attachment":"scroll","background-type":"","background-media":"","overlay-type":"","overlay-color":"","overlay-opacity":"","overlay-gradient":""}}},"product_brand":[],"product_cat":[529],"product_tag":[1828],"class_list":{"0":"post-7983","1":"product","2":"type-product","3":"status-publish","4":"has-post-thumbnail","6":"product_cat-diger-peptitler","7":"product_tag-puya-supply-ipamorelin-ipamorelin-acetate-cas-170851-70-4-tr","8":"desktop-align-left","9":"tablet-align-left","10":"mobile-align-left","12":"first","13":"instock","14":"shipping-taxable","15":"product-type-simple"},"_links":{"self":[{"href":"https:\/\/puyapeptide.net\/tr\/wp-json\/wp\/v2\/product\/7983","targetHints":{"allow":["GET"]}}],"collection":[{"href":"https:\/\/puyapeptide.net\/tr\/wp-json\/wp\/v2\/product"}],"about":[{"href":"https:\/\/puyapeptide.net\/tr\/wp-json\/wp\/v2\/types\/product"}],"replies":[{"embeddable":true,"href":"https:\/\/puyapeptide.net\/tr\/wp-json\/wp\/v2\/comments?post=7983"}],"wp:featuredmedia":[{"embeddable":true,"href":"https:\/\/puyapeptide.net\/tr\/wp-json\/wp\/v2\/media\/2219"}],"wp:attachment":[{"href":"https:\/\/puyapeptide.net\/tr\/wp-json\/wp\/v2\/media?parent=7983"}],"wp:term":[{"taxonomy":"product_brand","embeddable":true,"href":"https:\/\/puyapeptide.net\/tr\/wp-json\/wp\/v2\/product_brand?post=7983"},{"taxonomy":"product_cat","embeddable":true,"href":"https:\/\/puyapeptide.net\/tr\/wp-json\/wp\/v2\/product_cat?post=7983"},{"taxonomy":"product_tag","embeddable":true,"href":"https:\/\/puyapeptide.net\/tr\/wp-json\/wp\/v2\/product_tag?post=7983"}],"curies":[{"name":"wp","href":"https:\/\/api.w.org\/{rel}","templated":true}]}}