{"id":8031,"date":"2021-12-16T11:26:54","date_gmt":"2021-12-16T16:26:54","guid":{"rendered":"https:\/\/puyapeptide.net\/product\/laboratuvar-arastirmasi-icin-teduglutide-alx-0600-cas-197922-42-2\/"},"modified":"2021-12-16T11:26:54","modified_gmt":"2021-12-16T16:26:54","slug":"laboratuvar-arastirmasi-icin-teduglutide-alx-0600-cas-197922-42-2","status":"publish","type":"product","link":"https:\/\/puyapeptide.net\/tr\/product\/laboratuvar-arastirmasi-icin-teduglutide-alx-0600-cas-197922-42-2\/","title":{"rendered":"Laboratuvar Ara\u015ft\u0131rmas\u0131 i\u00e7in Teduglutide\/ ALX 0600 CAS 197922-42-2"},"content":{"rendered":"<h2><strong>Laboratuvar Ara\u015ft\u0131rmas\u0131 i\u00e7in Teduglutide\/ ALX 0600 CAS 197922-42-2<\/strong><\/h2>\n<p>\u00dcr\u00fcn Ad\u0131: Teduglutide\/ ALX 0600<br \/>\nE\u015f Anlaml\u0131lar: ALX 0600;Gattex;Glukagon benzeri peptid II [2-glisin] (insan);Teduglutide;ALX 0600 USP\/EP\/BP<br \/>\nCAS: 197922- 42-2<br \/>\nMF: C164H252N44O55S<br \/>\nMW: 3752.08248<br \/>\nEINECS:<br \/>\n\u00dcr\u00fcn Kategorileri:<br \/>\nMol Dosya: 197922-42-2.mol<\/p>\n<p>Teduglutide bir glukagondur. peptit-2 (GLP-2) analogu gibi. 33 amino asitten olu\u015fur ve rekombinant DNA teknolojisi ile modifiye edilmi\u015f bir Escherichia coli su\u015fu kullan\u0131larak \u00fcretilir.<\/p>\n<p>Teduglutide, GLP-2&#39;den bir amino asit ile farkl\u0131d\u0131r (alanin, glisin ile ikame edilir). Bu ikamenin \u00f6nemi, dipeptidil peptidaz-4&#39;ten proteolize kar\u015f\u0131 daha diren\u00e7li oldu\u011fundan teduglutidin endojen GLP-2&#39;den daha uzun s\u00fcre etkili olmas\u0131d\u0131r.<\/p>\n<p> <strong>Teduglutide\/ ALX 0600 CAS 197922-42-2<\/strong><br \/>\n K\u0131sa Ba\u011f\u0131rsak Sendromu (SBS) gibi ba\u011f\u0131rsak epitelinde kimyasal veya cerrahi hasar veya hastal\u0131k nedeniyle ba\u011f\u0131rsak epitelinde hasar (glukagon benzeri peptid-2 (GLP-2) analo\u011fu) ile karakterize ba\u011f\u0131rsak hastal\u0131klar\u0131n\u0131n tedavisi.<br \/>\n&lt; &amp;&gt; <strong>Teduglutide\/ ALX 0600 CAS 197922-42-2&#39;nin uygulama alan\u0131<\/strong><br \/>\nTeduglutide, glukagon benzeri bir peptit-2&#39;dir (GLP-2); ba\u011f\u0131rsaklar\u0131n yenilenmesi, bak\u0131m\u0131 ve onar\u0131m\u0131.<\/p>\n","protected":false},"excerpt":{"rendered":"<p>\u00dcr\u00fcn Ad\u0131: Teduglutide\/ ALX 0600<br \/>\nCAS: 197922-42-2<br \/>\nMF: C164H252N44O55S<br \/>\nMW: 3752.08248<br \/>\nMol Dosya: 197922-42-2.mol<\/p>\n","protected":false},"featured_media":2135,"comment_status":"open","ping_status":"closed","template":"","meta":{"om_disable_all_campaigns":false,"_monsterinsights_skip_tracking":false,"_monsterinsights_sitenote_active":false,"_monsterinsights_sitenote_note":"","_monsterinsights_sitenote_category":0,"site-sidebar-layout":"default","site-content-layout":"default","ast-site-content-layout":"default","site-content-style":"default","site-sidebar-style":"default","ast-global-header-display":"","ast-banner-title-visibility":"","ast-main-header-display":"","ast-hfb-above-header-display":"","ast-hfb-below-header-display":"","ast-hfb-mobile-header-display":"","site-post-title":"","ast-breadcrumbs-content":"","ast-featured-img":"","footer-sml-layout":"","ast-disable-related-posts":"","theme-transparent-header-meta":"default","adv-header-id-meta":"","stick-header-meta":"","header-above-stick-meta":"","header-main-stick-meta":"","header-below-stick-meta":"","astra-migrate-meta-layouts":"default","ast-page-background-enabled":"default","ast-page-background-meta":{"desktop":{"background-color":"","background-image":"","background-repeat":"repeat","background-position":"center center","background-size":"auto","background-attachment":"scroll","background-type":"","background-media":"","overlay-type":"","overlay-color":"","overlay-opacity":"","overlay-gradient":""},"tablet":{"background-color":"","background-image":"","background-repeat":"repeat","background-position":"center center","background-size":"auto","background-attachment":"scroll","background-type":"","background-media":"","overlay-type":"","overlay-color":"","overlay-opacity":"","overlay-gradient":""},"mobile":{"background-color":"","background-image":"","background-repeat":"repeat","background-position":"center center","background-size":"auto","background-attachment":"scroll","background-type":"","background-media":"","overlay-type":"","overlay-color":"","overlay-opacity":"","overlay-gradient":""}},"ast-content-background-meta":{"desktop":{"background-color":"var(--ast-global-color-5)","background-image":"","background-repeat":"repeat","background-position":"center center","background-size":"auto","background-attachment":"scroll","background-type":"","background-media":"","overlay-type":"","overlay-color":"","overlay-opacity":"","overlay-gradient":""},"tablet":{"background-color":"var(--ast-global-color-5)","background-image":"","background-repeat":"repeat","background-position":"center center","background-size":"auto","background-attachment":"scroll","background-type":"","background-media":"","overlay-type":"","overlay-color":"","overlay-opacity":"","overlay-gradient":""},"mobile":{"background-color":"var(--ast-global-color-5)","background-image":"","background-repeat":"repeat","background-position":"center center","background-size":"auto","background-attachment":"scroll","background-type":"","background-media":"","overlay-type":"","overlay-color":"","overlay-opacity":"","overlay-gradient":""}}},"product_brand":[],"product_cat":[460],"product_tag":[1648],"class_list":{"0":"post-8031","1":"product","2":"type-product","3":"status-publish","4":"has-post-thumbnail","6":"product_cat-gastrointestinal-sistem-peptidi","7":"product_tag-teduglutide-alx-0600-cas-197922-42-2-for-lab-research-tr","8":"desktop-align-left","9":"tablet-align-left","10":"mobile-align-left","12":"first","13":"instock","14":"shipping-taxable","15":"product-type-simple"},"_links":{"self":[{"href":"https:\/\/puyapeptide.net\/tr\/wp-json\/wp\/v2\/product\/8031","targetHints":{"allow":["GET"]}}],"collection":[{"href":"https:\/\/puyapeptide.net\/tr\/wp-json\/wp\/v2\/product"}],"about":[{"href":"https:\/\/puyapeptide.net\/tr\/wp-json\/wp\/v2\/types\/product"}],"replies":[{"embeddable":true,"href":"https:\/\/puyapeptide.net\/tr\/wp-json\/wp\/v2\/comments?post=8031"}],"wp:featuredmedia":[{"embeddable":true,"href":"https:\/\/puyapeptide.net\/tr\/wp-json\/wp\/v2\/media\/2135"}],"wp:attachment":[{"href":"https:\/\/puyapeptide.net\/tr\/wp-json\/wp\/v2\/media?parent=8031"}],"wp:term":[{"taxonomy":"product_brand","embeddable":true,"href":"https:\/\/puyapeptide.net\/tr\/wp-json\/wp\/v2\/product_brand?post=8031"},{"taxonomy":"product_cat","embeddable":true,"href":"https:\/\/puyapeptide.net\/tr\/wp-json\/wp\/v2\/product_cat?post=8031"},{"taxonomy":"product_tag","embeddable":true,"href":"https:\/\/puyapeptide.net\/tr\/wp-json\/wp\/v2\/product_tag?post=8031"}],"curies":[{"name":"wp","href":"https:\/\/api.w.org\/{rel}","templated":true}]}}