{"id":8059,"date":"2021-12-16T12:15:33","date_gmt":"2021-12-16T17:15:33","guid":{"rendered":"https:\/\/puyapeptide.net\/product\/laboratuvar-arastirmasi-icin-protirelin-asetat-protirelin-tirotropin-salgilatici-hormon-trh-cas-24305-27-9\/"},"modified":"2021-12-16T12:15:33","modified_gmt":"2021-12-16T17:15:33","slug":"laboratuvar-arastirmasi-icin-protirelin-asetat-protirelin-tirotropin-salgilatici-hormon-trh-cas-24305-27-9","status":"publish","type":"product","link":"https:\/\/puyapeptide.net\/tr\/product\/laboratuvar-arastirmasi-icin-protirelin-asetat-protirelin-tirotropin-salgilatici-hormon-trh-cas-24305-27-9\/","title":{"rendered":"Laboratuvar Ara\u015ft\u0131rmas\u0131 i\u00e7in Protirelin Asetat\/ Protirelin\/ Tirotropin salg\u0131lat\u0131c\u0131 hormon (TRH) CAS 24305-27-9"},"content":{"rendered":"<h2><strong>Laboratuvar Ara\u015ft\u0131rmas\u0131 i\u00e7in Protirelin Asetat\/ Protirelin\/ Tirotropin salg\u0131lat\u0131c\u0131 hormon (TRH) CAS 24305-27-9<\/strong><\/h2>\n<p>\u00dcr\u00fcn Ad\u0131: Protirelin Asetat\/ Protirelin\/ Tirotropin salg\u0131lat\u0131c\u0131 hormon (TRH)<br \/>\nE\u015f anlaml\u0131lar: THR 1-2;THR 2-3;PROTIRELIN;PYROGLU-HIS-PRO AMIDE;PYROGLU-HIS-PRO NH2;PYR- HIS-PRO-NH2(TRH);PYR-HIS-PRO-NH2;PGLU-HIS-PRO-NH2<br \/>\nCAS: 24305-27-9<br \/>\nMF: C16H22N6O4<br \/>\nMW: 362.38<br \/>\nEINECS : 246-143-4<br \/>\n\u00dcr\u00fcn Kategorileri: Peptid;THYPINONE<br \/>\nMol Dosya: 24305-27-9.mol<\/p>\n<p>Protirelin, eskiden Tirotropin salg\u0131lat\u0131c\u0131 hormon olarak bilinirdi. hipotalamus. TRH, merkezi sinir sistemi ve baz\u0131 periferik organlarda yayg\u0131n olarak da\u011f\u0131l\u0131r ve endokrin etkilerine ek olarak, ayn\u0131 zamanda \u00e7ok \u00e7e\u015fitli merkezi ve periferik etkiler \u00fcreten bir endojen uyar\u0131c\u0131 n\u00f6rotransmitter olarak g\u00f6rev yapar. Endojen opioid resept\u00f6rleri \u00fczerinde bir miktar antagonistik etkiye sahiptir, ancak morfinin analjezik etkisini antagonize etmez.<\/p>\n<p> <strong>Protirelin Asetat\/ Protirelin\/ Tirotropin salg\u0131lat\u0131c\u0131 hormon (TRH) CAS 24305-27-9 Kimyasal \u00d6zellikler<\/strong><br \/>\nTRH Kimyasal \u00d6zellikler<br \/>\nalfa -50 (D\/25\u2103) (c=1,5, H2O)-65.5 (D) (c=1,0, H2O)<br \/>\nKaynama noktas\u0131 494\u00b0C (kabaca tahmin)<br \/>\nyo\u011funluk 1.1675 (kaba tahmin)<br \/>\nk\u0131r\u0131lma indeksi 1.6000 (tahmini)<br \/>\ndepolama s\u0131cakl\u0131\u011f\u0131. \u221220\u00b0C<br \/>\n\u00e7\u00f6z\u00fcn\u00fcrl\u00fck H2O: 10 mg\/mL, berrak, renksiz<br \/>\npka 13.05\u00b10.20(Tahmini)<br \/>\ntoz halinde<br \/>\nPH pH (10g\/l, 25\u2103) : 3.0\uff5e4.0<br \/>\nMerck 13,9663<br \/>\nBRN 770238<br \/>\nInChIKey ITYONPBTNRIEBA-SRVKXCTJSA-N<br \/>\nCAS Veritaban\u0131 Referans\u0131 24305-27-9<\/p>\n<p> <strong>Protirelin Asetat\/ Protirelin\/ Tirotropin salg\u0131lat\u0131c\u0131 hormonun \u0130\u015flevi ve Uygulamas\u0131 (TRH)<\/strong><br \/>\nProtirelin&#39;in \u015fok tedavisine ek olarak, endokrinolojide hipotalamik hipotiroidizm ve santral hipertiroidizm tedavisi gibi ba\u015fka kullan\u0131mlar\u0131 da vard\u0131r. Psikiyatride depresyon ve \u015fizofreni tedavisinde kullan\u0131l\u0131r. N\u00f6rolojide beyin ve omurilik yaralanmalar\u0131, \u00e7e\u015fitli nedenlere ba\u011fl\u0131 kimyasal koma, amyotrofik lateral skleroz, spinal serebellar dejenerasyon, Alzheimer hastal\u0131\u011f\u0131, epilepsi vb. hastal\u0131klar\u0131n tedavisinde kullan\u0131l\u0131r. Hipertiroidi tan\u0131s\u0131nda kullan\u0131l\u0131r. Bu nedenle, Protirelin iyi bir geli\u015ftirme de\u011ferine sahip ve uygulamas\u0131n\u0131 geni\u015fletmek i\u00e7in daha fazla ara\u015ft\u0131rmay\u0131 hak eden bir ila\u00e7t\u0131r.<\/p>\n","protected":false},"excerpt":{"rendered":"<p>\u00dcr\u00fcn Ad\u0131: Protirelin Asetat\/ Protirelin\/ Tirotropin salg\u0131lat\u0131c\u0131 hormon (TRH)<br \/>\nCAS: 24305-27-9<br \/>\nMF: C16H22N6O4<br \/>\nMW: 362.38<br \/>\nEINECS: 246-143-4<br \/>\nMol Dosya: 24305-27-9.mol<\/p>\n","protected":false},"featured_media":2219,"comment_status":"open","ping_status":"closed","template":"","meta":{"om_disable_all_campaigns":false,"_monsterinsights_skip_tracking":false,"_monsterinsights_sitenote_active":false,"_monsterinsights_sitenote_note":"","_monsterinsights_sitenote_category":0,"site-sidebar-layout":"default","site-content-layout":"default","ast-site-content-layout":"default","site-content-style":"default","site-sidebar-style":"default","ast-global-header-display":"","ast-banner-title-visibility":"","ast-main-header-display":"","ast-hfb-above-header-display":"","ast-hfb-below-header-display":"","ast-hfb-mobile-header-display":"","site-post-title":"","ast-breadcrumbs-content":"","ast-featured-img":"","footer-sml-layout":"","ast-disable-related-posts":"","theme-transparent-header-meta":"default","adv-header-id-meta":"","stick-header-meta":"","header-above-stick-meta":"","header-main-stick-meta":"","header-below-stick-meta":"","astra-migrate-meta-layouts":"default","ast-page-background-enabled":"default","ast-page-background-meta":{"desktop":{"background-color":"","background-image":"","background-repeat":"repeat","background-position":"center center","background-size":"auto","background-attachment":"scroll","background-type":"","background-media":"","overlay-type":"","overlay-color":"","overlay-opacity":"","overlay-gradient":""},"tablet":{"background-color":"","background-image":"","background-repeat":"repeat","background-position":"center center","background-size":"auto","background-attachment":"scroll","background-type":"","background-media":"","overlay-type":"","overlay-color":"","overlay-opacity":"","overlay-gradient":""},"mobile":{"background-color":"","background-image":"","background-repeat":"repeat","background-position":"center center","background-size":"auto","background-attachment":"scroll","background-type":"","background-media":"","overlay-type":"","overlay-color":"","overlay-opacity":"","overlay-gradient":""}},"ast-content-background-meta":{"desktop":{"background-color":"var(--ast-global-color-5)","background-image":"","background-repeat":"repeat","background-position":"center center","background-size":"auto","background-attachment":"scroll","background-type":"","background-media":"","overlay-type":"","overlay-color":"","overlay-opacity":"","overlay-gradient":""},"tablet":{"background-color":"var(--ast-global-color-5)","background-image":"","background-repeat":"repeat","background-position":"center center","background-size":"auto","background-attachment":"scroll","background-type":"","background-media":"","overlay-type":"","overlay-color":"","overlay-opacity":"","overlay-gradient":""},"mobile":{"background-color":"var(--ast-global-color-5)","background-image":"","background-repeat":"repeat","background-position":"center center","background-size":"auto","background-attachment":"scroll","background-type":"","background-media":"","overlay-type":"","overlay-color":"","overlay-opacity":"","overlay-gradient":""}}},"product_brand":[],"product_cat":[529],"product_tag":[1631],"class_list":{"0":"post-8059","1":"product","2":"type-product","3":"status-publish","4":"has-post-thumbnail","6":"product_cat-diger-peptitler","7":"product_tag-protirelin-acetate-protirelin-thyrotropin-releasing-hormone-trh-cas-24305-27-9-for-lab-research-tr","8":"desktop-align-left","9":"tablet-align-left","10":"mobile-align-left","12":"first","13":"instock","14":"shipping-taxable","15":"product-type-simple"},"_links":{"self":[{"href":"https:\/\/puyapeptide.net\/tr\/wp-json\/wp\/v2\/product\/8059","targetHints":{"allow":["GET"]}}],"collection":[{"href":"https:\/\/puyapeptide.net\/tr\/wp-json\/wp\/v2\/product"}],"about":[{"href":"https:\/\/puyapeptide.net\/tr\/wp-json\/wp\/v2\/types\/product"}],"replies":[{"embeddable":true,"href":"https:\/\/puyapeptide.net\/tr\/wp-json\/wp\/v2\/comments?post=8059"}],"wp:featuredmedia":[{"embeddable":true,"href":"https:\/\/puyapeptide.net\/tr\/wp-json\/wp\/v2\/media\/2219"}],"wp:attachment":[{"href":"https:\/\/puyapeptide.net\/tr\/wp-json\/wp\/v2\/media?parent=8059"}],"wp:term":[{"taxonomy":"product_brand","embeddable":true,"href":"https:\/\/puyapeptide.net\/tr\/wp-json\/wp\/v2\/product_brand?post=8059"},{"taxonomy":"product_cat","embeddable":true,"href":"https:\/\/puyapeptide.net\/tr\/wp-json\/wp\/v2\/product_cat?post=8059"},{"taxonomy":"product_tag","embeddable":true,"href":"https:\/\/puyapeptide.net\/tr\/wp-json\/wp\/v2\/product_tag?post=8059"}],"curies":[{"name":"wp","href":"https:\/\/api.w.org\/{rel}","templated":true}]}}