{"id":8071,"date":"2021-12-16T12:16:36","date_gmt":"2021-12-16T17:16:36","guid":{"rendered":"https:\/\/puyapeptide.net\/product\/antide-asetat-antide-cas-112568-12-4-senil-sagirlik-tedavisi\/"},"modified":"2021-12-16T12:16:36","modified_gmt":"2021-12-16T17:16:36","slug":"antide-asetat-antide-cas-112568-12-4-senil-sagirlik-tedavisi","status":"publish","type":"product","link":"https:\/\/puyapeptide.net\/tr\/product\/antide-asetat-antide-cas-112568-12-4-senil-sagirlik-tedavisi\/","title":{"rendered":"Antide Asetat\/ Antide CAS 112568-12-4 Senil Sa\u011f\u0131rl\u0131k Tedavisi"},"content":{"rendered":"<h2><strong>Antide Asetat\/ Antide CAS 112568-12-4 Senil Sa\u011f\u0131rl\u0131k Tedavisi<\/strong><\/h2>\n<p>\u00dcr\u00fcn Ad\u0131: Antide<br \/>\nE\u015f anlaml\u0131lar: iturelix;Ac-D-2-Nal-4-chloro-D-Phe-beta-(3-pyridyl)-D-Ala-Ser-Lys(nicotinoyl)-D -Lys(nicotinoyl)-Leu-Lys(izopropil)-Pro-D-Ala-NH2;AC-DNAL-D: P-CLHE-DPAL-SER-LYS: NICOTINOYL-DLYS: NICOTINOYL-LEU-LYS: ISOPROPYL-PRO -DALA-NH2;Brn 4866881;D-Alaninamid, N-asetil-3-(2-naftalenil)-D-alanil-4-kloro-D-fenilalanil-3-(3-piridinil)-D-alanil-L- seril-N(sup 6)-(3-piridinilkarbonil)-L-lisil-N(sup 6)-(3-piridinilkarbonil)-D-lisil-L-leusil-N(sup 6)-(1-metiletil)- L-lisil-L-prolil-;D-Alaninamid, N-asetil-3-(2-naftalenil)-D-alanil-4-kloro-D-fenilalanil-3-(3-piridinil)-D-alanil-L -seril-N6-(3-piridinilkarbonil)-L-lisil-N6-(3-piridinilkarbonil)-D-lisil-L-leusil-N6-(1-metiletil)-L-lisil-L-prolil-;Orf 23541 ;Ac-D-2-Nal-4-kloro-D-Phe-b-(3-piridil)-D-Ala-Ser-Lys(nicotinoyl)-D-Lys(nicotinoyl)-Leu-Lys(izopropil)- Pro-D-Ala-NH2<br \/>\nCAS: 112568-12-4<br \/>\nMF: C82H108ClN17O14<br \/>\nMW: 1591.29<br \/>\nEINECS:<br \/>\n\u00dcr\u00fcn Kategorileri: hormonlar;Peptit;LH-RH;LH- H\u00fccre Biyolojisi i\u00e7in RHPeptidler;Ne uropeptidler;Salg\u0131lay\u0131c\u0131 Fakt\u00f6rler<br \/>\nMol Dosya: 112568-12-4.mol<\/p>\n<p>Antide asetat bir GnRH antagonistidir, endojen n\u00f6rohormon GnRH (luteinize edici hormon salg\u0131lat\u0131c\u0131 hormon olarak da bilinir) ile rekabet eden sentetik bir peptittir. ChemicalbookLHRH) \u00f6n hipofiz bezindeki resept\u00f6r\u00fcne ba\u011flanmak i\u00e7in. GnRH&#39;nin etkisini azaltarak veya bloke ederek GnRH antagonistleri, \u00f6n hipofizden folik\u00fcl uyar\u0131c\u0131 hormon (FSH) ve luteinize edici hormon (LH) gibi gonadotropinlerin sal\u0131n\u0131m\u0131n\u0131 engeller.<\/p>\n<p> <strong>Antide Asetat\/ Antide CAS 112568-12 -4 Kimyasal \u00d6zellikler<\/strong><br \/>\nAntid Kimyasal \u00d6zellikler<br \/>\nKaynama noktas\u0131 1798.0\u00b165,0 \u00b0C(Tahmini)<br \/>\nyo\u011funluk 1.258\u00b10.06 g\/cm3(Tahmini)<br \/>\ndepolama s\u0131cakl\u0131\u011f\u0131. \u221220\u00b0C<br \/>\nKat\u0131<br \/>\npka 12.78\u00b10.46(Tahmini)<br \/>\nrenk Beyazdan kirli beyaza<\/p>\n<p> <strong>Antide Asetat\/ Antide Kullan\u0131mlar\u0131 CAS 112568-12-4<\/strong><br \/>\nTersinir gonadotropin sekresyonunun inhibisyonu ve ard\u0131ndan yumurtal\u0131k ve testis steroid sekresyonunun bask\u0131lanmas\u0131 (gonadotropin salg\u0131lat\u0131c\u0131 hormon antagonisti).<\/p>\n<p> <strong>Antide Asetat\/Antide \u0130\u015flevi ve Uygulamas\u0131 CAS 112568-12-4<\/strong><br \/>\nTrefolane A ve Antitide oran\u0131nda 14-17:1 nazal mukoza a\u015f\u0131r\u0131 duyarl\u0131l\u0131\u011f\u0131n\u0131n geli\u015fmesini \u00f6nemli \u00f6l\u00e7\u00fcde \u00f6nleyebilir, nazal eozinofiliyi ve mast h\u00fccrelerinin aktivasyonunu etkili bir \u015fekilde ortadan kald\u0131rabilir ve IL-5 inhibisyonunun \u00fcretimini do\u011frudan inhibe edebilir. Ya\u015fl\u0131l\u0131k sa\u011f\u0131rl\u0131\u011f\u0131n\u0131n \u00f6nlenmesi ve tedavisi i\u00e7in iyi bir terap\u00f6tik etkiye sahiptir.<\/p>\n","protected":false},"excerpt":{"rendered":"<p>\u00dcr\u00fcn Ad\u0131: Antide<br \/>\nCAS: 112568-12-4<br \/>\nMF: C82H108ClN17O14<br \/>\nMW: 1591.29<br \/>\nMol Dosya: 112568-12-4.mol<\/p>\n","protected":false},"featured_media":2177,"comment_status":"open","ping_status":"closed","template":"","meta":{"om_disable_all_campaigns":false,"_monsterinsights_skip_tracking":false,"_monsterinsights_sitenote_active":false,"_monsterinsights_sitenote_note":"","_monsterinsights_sitenote_category":0,"site-sidebar-layout":"default","site-content-layout":"default","ast-site-content-layout":"default","site-content-style":"default","site-sidebar-style":"default","ast-global-header-display":"","ast-banner-title-visibility":"","ast-main-header-display":"","ast-hfb-above-header-display":"","ast-hfb-below-header-display":"","ast-hfb-mobile-header-display":"","site-post-title":"","ast-breadcrumbs-content":"","ast-featured-img":"","footer-sml-layout":"","ast-disable-related-posts":"","theme-transparent-header-meta":"default","adv-header-id-meta":"","stick-header-meta":"","header-above-stick-meta":"","header-main-stick-meta":"","header-below-stick-meta":"","astra-migrate-meta-layouts":"default","ast-page-background-enabled":"default","ast-page-background-meta":{"desktop":{"background-color":"","background-image":"","background-repeat":"repeat","background-position":"center center","background-size":"auto","background-attachment":"scroll","background-type":"","background-media":"","overlay-type":"","overlay-color":"","overlay-opacity":"","overlay-gradient":""},"tablet":{"background-color":"","background-image":"","background-repeat":"repeat","background-position":"center center","background-size":"auto","background-attachment":"scroll","background-type":"","background-media":"","overlay-type":"","overlay-color":"","overlay-opacity":"","overlay-gradient":""},"mobile":{"background-color":"","background-image":"","background-repeat":"repeat","background-position":"center center","background-size":"auto","background-attachment":"scroll","background-type":"","background-media":"","overlay-type":"","overlay-color":"","overlay-opacity":"","overlay-gradient":""}},"ast-content-background-meta":{"desktop":{"background-color":"var(--ast-global-color-5)","background-image":"","background-repeat":"repeat","background-position":"center center","background-size":"auto","background-attachment":"scroll","background-type":"","background-media":"","overlay-type":"","overlay-color":"","overlay-opacity":"","overlay-gradient":""},"tablet":{"background-color":"var(--ast-global-color-5)","background-image":"","background-repeat":"repeat","background-position":"center center","background-size":"auto","background-attachment":"scroll","background-type":"","background-media":"","overlay-type":"","overlay-color":"","overlay-opacity":"","overlay-gradient":""},"mobile":{"background-color":"var(--ast-global-color-5)","background-image":"","background-repeat":"repeat","background-position":"center center","background-size":"auto","background-attachment":"scroll","background-type":"","background-media":"","overlay-type":"","overlay-color":"","overlay-opacity":"","overlay-gradient":""}}},"product_brand":[],"product_cat":[529],"product_tag":[1601],"class_list":{"0":"post-8071","1":"product","2":"type-product","3":"status-publish","4":"has-post-thumbnail","6":"product_cat-diger-peptitler","7":"product_tag-antide-acetate-antide-cas-112568-12-4-treat-for-senile-deafness-tr","8":"desktop-align-left","9":"tablet-align-left","10":"mobile-align-left","12":"first","13":"instock","14":"shipping-taxable","15":"product-type-simple"},"_links":{"self":[{"href":"https:\/\/puyapeptide.net\/tr\/wp-json\/wp\/v2\/product\/8071","targetHints":{"allow":["GET"]}}],"collection":[{"href":"https:\/\/puyapeptide.net\/tr\/wp-json\/wp\/v2\/product"}],"about":[{"href":"https:\/\/puyapeptide.net\/tr\/wp-json\/wp\/v2\/types\/product"}],"replies":[{"embeddable":true,"href":"https:\/\/puyapeptide.net\/tr\/wp-json\/wp\/v2\/comments?post=8071"}],"wp:featuredmedia":[{"embeddable":true,"href":"https:\/\/puyapeptide.net\/tr\/wp-json\/wp\/v2\/media\/2177"}],"wp:attachment":[{"href":"https:\/\/puyapeptide.net\/tr\/wp-json\/wp\/v2\/media?parent=8071"}],"wp:term":[{"taxonomy":"product_brand","embeddable":true,"href":"https:\/\/puyapeptide.net\/tr\/wp-json\/wp\/v2\/product_brand?post=8071"},{"taxonomy":"product_cat","embeddable":true,"href":"https:\/\/puyapeptide.net\/tr\/wp-json\/wp\/v2\/product_cat?post=8071"},{"taxonomy":"product_tag","embeddable":true,"href":"https:\/\/puyapeptide.net\/tr\/wp-json\/wp\/v2\/product_tag?post=8071"}],"curies":[{"name":"wp","href":"https:\/\/api.w.org\/{rel}","templated":true}]}}