{"id":8139,"date":"2021-12-16T12:19:55","date_gmt":"2021-12-16T17:19:55","guid":{"rendered":"https:\/\/puyapeptide.net\/product\/vapreotid-asetat-rc-160-cas-103222-11-3-tedavi-akut-ozofagus-varis-kanamasi-icin\/"},"modified":"2021-12-16T12:19:55","modified_gmt":"2021-12-16T17:19:55","slug":"vapreotid-asetat-rc-160-cas-103222-11-3-tedavi-akut-ozofagus-varis-kanamasi-icin","status":"publish","type":"product","link":"https:\/\/puyapeptide.net\/tr\/product\/vapreotid-asetat-rc-160-cas-103222-11-3-tedavi-akut-ozofagus-varis-kanamasi-icin\/","title":{"rendered":"Vapreotid Asetat\/ RC 160 CAS 103222-11-3 Tedavi Akut \u00f6zofagus varis kanamas\u0131 i\u00e7in"},"content":{"rendered":"<h2><strong>Vapreotid Asetat\/ RC 160 CAS 103222-11-3 Tedavi Akut \u00f6zofagus varis kanamas\u0131 i\u00e7in<\/strong><\/h2>\n<p>\u00dcr\u00fcn Ad\u0131: VAPREOTIDE<br \/>\nE\u015f Anlamlar\u0131: D-Phe-Cys-Tyr-D-Trp-Lys-Val-Cys-Trp-NH2 (Dis\u00fclfid k\u00f6pr\u00fcs\u00fc Cys2-Cys7);HD-Phe-Cys-Tyr-D -Trp-Lys-Val-Cys-Trp-NH2;D-Phe-Cys-Trp-D-Trp-Lys-Val-Cys-Trp-CONH2(dis\u00fclfid Cys2-Cys7);Vapreotid, RC-160;RC-160 ;VAPREOTIDE;D-PHE-CYS-TYR-D-TRP-LYS-VAL-CYS-TRP-NH2;FCYWKVCW-NH2<br \/>\nCAS: 103222-11-3<br \/>\nMF: C57H70N12O9S2<br \/>\nMW: 1131.37<br \/>\nEINECS:<br \/>\n\u00dcr\u00fcn Kategorileri: Somatostatin resept\u00f6r\u00fc<br \/>\nMol Dosya: 103222-11-3.mol<\/p>\n<p>H3Pharma, \u0130svi\u00e7re&#39;deki Debiopharm&#39;dan vaptan i\u00e7in d\u00fcnya \u00e7ap\u0131nda ara\u015ft\u0131rma geli\u015ftirme ve ticari lisans ald\u0131. 2001 New England Journal of Medicine, Akut \u00f6zofagus tedavisinde erken kullan\u0131m i\u00e7in Chemicalbook taraf\u0131ndan klinik olarak test edilmi\u015f ve kan\u0131tlanm\u0131\u015f hemen sal\u0131nan form\u00fclasyonu bildirdi 2004 y\u0131l\u0131nda, Debiopharm&#39;\u0131n yan kurulu\u015fu Kanadal\u0131 kanser ve endokrinoloji uzman\u0131 H3Pharma, yeni bir ila\u00e7 geli\u015ftirdi ve \u00fcretti .<\/p>\n<p> <strong>Vapreotid Asetat\/ RC 160 CAS 103222-11-3 Kimyasal \u00d6zellikler<\/strong><br \/>\nKaynama noktas\u0131 1540.9\u00b165,0 \u00b0C(Tahmini)<br \/>\nyo\u011funluk 1,40\u00b10,1 g\/cm3(Tahmini)<br \/>\nsaklama s\u0131cakl\u0131k \u221220\u00b0C<br \/>\npka 9.90\u00b10.15(\u00d6ng\u00f6r\u00fclen)<\/p>\n<p> <strong>Vapreotid Asetat\/ RC 160 CAS 103222-11-3 \u0130\u015flevi ve Uygulamas\u0131<\/strong><br \/>\n1.Somatostatin analo\u011fu olan Sanvar&#39;\u0131n hemen sal\u0131nan form\u00fclasyonu , akut \u00f6zofagus varis kanamas\u0131n\u0131n (EVB) tedavisinde kullan\u0131l\u0131r.<br \/>\n2.Sanvar kanamay\u0131 kontrol alt\u0131na almak ve kanaman\u0131n ba\u015flamas\u0131n\u0131 takip eden kritik be\u015f g\u00fcn boyunca tekrar kanamay\u0131 \u00f6nlemek i\u00e7in endoskopik m\u00fcdahaleden \u00f6nce kullan\u0131l\u0131r. EVB ya\u015fam\u0131 tehdit eden bir durumdur ve kanamay\u0131 takip eden ilk alt\u0131 haftada \u00f6l\u00fcm oran\u0131 y\u00fcksektir (yakla\u015f\u0131k %15 ila %25). EVB, karaci\u011fer sirozu olan hastalarda mide-ba\u011f\u0131rsak kanamas\u0131n\u0131n yakla\u015f\u0131k %70&#39;inin nedenidir.<br \/>\n3.Sanvar (vapreotid asetat), do\u011fal olarak olu\u015fan somatostatin hormonunun sentetik bir oktapeptid analo\u011fudur. Do\u011fal somatostatine benzer farmakolojik \u00f6zelliklere sahiptir, ancak daha uzun bir etki s\u00fcresi sergiler. Plasebo kontroll\u00fc bir klinik \u00e7al\u0131\u015fmada endoskopik tedavi ile birlikte EVB&#39;nin erken tedavisinde istatistiksel olarak anlaml\u0131 faydalar g\u00f6steren tek somatostatin analo\u011fudur (Cal\u00e8s ve di\u011ferleri. New England Journal of Medicine, 2001). Be\u015f g\u00fcnde sa\u011fkal\u0131m ile kanama kontrol\u00fc, plaseboya k\u0131yasla Sanvar ile daha s\u0131k sa\u011fland\u0131 (p=0.021). Ek olarak<\/p>\n","protected":false},"excerpt":{"rendered":"<p>\u00dcr\u00fcn Ad\u0131: VAPREOTIDE<br \/>\nCAS: 103222-11-3<br \/>\nMF: C57H70N12O9S2<br \/>\nMW: 1131.37<br \/>\nMol Dosya: 103222-11-3.mol<\/p>\n","protected":false},"featured_media":2135,"comment_status":"open","ping_status":"closed","template":"","meta":{"om_disable_all_campaigns":false,"_monsterinsights_skip_tracking":false,"_monsterinsights_sitenote_active":false,"_monsterinsights_sitenote_note":"","_monsterinsights_sitenote_category":0,"site-sidebar-layout":"default","site-content-layout":"default","ast-site-content-layout":"default","site-content-style":"default","site-sidebar-style":"default","ast-global-header-display":"","ast-banner-title-visibility":"","ast-main-header-display":"","ast-hfb-above-header-display":"","ast-hfb-below-header-display":"","ast-hfb-mobile-header-display":"","site-post-title":"","ast-breadcrumbs-content":"","ast-featured-img":"","footer-sml-layout":"","ast-disable-related-posts":"","theme-transparent-header-meta":"default","adv-header-id-meta":"","stick-header-meta":"","header-above-stick-meta":"","header-main-stick-meta":"","header-below-stick-meta":"","astra-migrate-meta-layouts":"default","ast-page-background-enabled":"default","ast-page-background-meta":{"desktop":{"background-color":"","background-image":"","background-repeat":"repeat","background-position":"center center","background-size":"auto","background-attachment":"scroll","background-type":"","background-media":"","overlay-type":"","overlay-color":"","overlay-opacity":"","overlay-gradient":""},"tablet":{"background-color":"","background-image":"","background-repeat":"repeat","background-position":"center center","background-size":"auto","background-attachment":"scroll","background-type":"","background-media":"","overlay-type":"","overlay-color":"","overlay-opacity":"","overlay-gradient":""},"mobile":{"background-color":"","background-image":"","background-repeat":"repeat","background-position":"center center","background-size":"auto","background-attachment":"scroll","background-type":"","background-media":"","overlay-type":"","overlay-color":"","overlay-opacity":"","overlay-gradient":""}},"ast-content-background-meta":{"desktop":{"background-color":"var(--ast-global-color-5)","background-image":"","background-repeat":"repeat","background-position":"center center","background-size":"auto","background-attachment":"scroll","background-type":"","background-media":"","overlay-type":"","overlay-color":"","overlay-opacity":"","overlay-gradient":""},"tablet":{"background-color":"var(--ast-global-color-5)","background-image":"","background-repeat":"repeat","background-position":"center center","background-size":"auto","background-attachment":"scroll","background-type":"","background-media":"","overlay-type":"","overlay-color":"","overlay-opacity":"","overlay-gradient":""},"mobile":{"background-color":"var(--ast-global-color-5)","background-image":"","background-repeat":"repeat","background-position":"center center","background-size":"auto","background-attachment":"scroll","background-type":"","background-media":"","overlay-type":"","overlay-color":"","overlay-opacity":"","overlay-gradient":""}}},"product_brand":[],"product_cat":[529],"product_tag":[1535],"class_list":{"0":"post-8139","1":"product","2":"type-product","3":"status-publish","4":"has-post-thumbnail","6":"product_cat-diger-peptitler","7":"product_tag-vapreotide-acetate-rc-160-cas-103222-11-3-treatment-for-acute-esophageal-variceal-bleeding-tr","8":"desktop-align-left","9":"tablet-align-left","10":"mobile-align-left","12":"first","13":"instock","14":"shipping-taxable","15":"product-type-simple"},"_links":{"self":[{"href":"https:\/\/puyapeptide.net\/tr\/wp-json\/wp\/v2\/product\/8139","targetHints":{"allow":["GET"]}}],"collection":[{"href":"https:\/\/puyapeptide.net\/tr\/wp-json\/wp\/v2\/product"}],"about":[{"href":"https:\/\/puyapeptide.net\/tr\/wp-json\/wp\/v2\/types\/product"}],"replies":[{"embeddable":true,"href":"https:\/\/puyapeptide.net\/tr\/wp-json\/wp\/v2\/comments?post=8139"}],"wp:featuredmedia":[{"embeddable":true,"href":"https:\/\/puyapeptide.net\/tr\/wp-json\/wp\/v2\/media\/2135"}],"wp:attachment":[{"href":"https:\/\/puyapeptide.net\/tr\/wp-json\/wp\/v2\/media?parent=8139"}],"wp:term":[{"taxonomy":"product_brand","embeddable":true,"href":"https:\/\/puyapeptide.net\/tr\/wp-json\/wp\/v2\/product_brand?post=8139"},{"taxonomy":"product_cat","embeddable":true,"href":"https:\/\/puyapeptide.net\/tr\/wp-json\/wp\/v2\/product_cat?post=8139"},{"taxonomy":"product_tag","embeddable":true,"href":"https:\/\/puyapeptide.net\/tr\/wp-json\/wp\/v2\/product_tag?post=8139"}],"curies":[{"name":"wp","href":"https:\/\/api.w.org\/{rel}","templated":true}]}}