{"id":8190,"date":"2021-12-16T12:23:29","date_gmt":"2021-12-16T17:23:29","guid":{"rendered":"https:\/\/puyapeptide.net\/product\/laboratuvar-arastirmasi-icin-timozin-beta-4-asetat-timozin-%ce%b24-asetat-cas-77591-33-4\/"},"modified":"2021-12-16T12:23:29","modified_gmt":"2021-12-16T17:23:29","slug":"laboratuvar-arastirmasi-icin-timozin-beta-4-asetat-timozin-%ce%b24-asetat-cas-77591-33-4","status":"publish","type":"product","link":"https:\/\/puyapeptide.net\/tr\/product\/laboratuvar-arastirmasi-icin-timozin-beta-4-asetat-timozin-%ce%b24-asetat-cas-77591-33-4\/","title":{"rendered":"Laboratuvar Ara\u015ft\u0131rmas\u0131 i\u00e7in Timozin beta 4 asetat\/ Timozin \u03b24 Asetat CAS 77591-33-4"},"content":{"rendered":"<h2><strong>Laboratuvar Ara\u015ft\u0131rmas\u0131 i\u00e7in Timozin beta 4 asetat\/ Timozin \u03b24 Asetat CAS 77591-33-4<\/strong><\/h2>\n<p>\u00dcr\u00fcn Ad\u0131: Thymosin beta 4 asetat<br \/>\nE\u015f Anlamlar\u0131: AC-SER-ASP-LYS-PRO-ASP-MET-ALA-GLU-ILE-GLU-LYS-PHE-ASP-LYS-SER-LYS-LEU -LYS-LYS-THR-GLU-THR-GLN-GLU-LYS-ASN-PRO-LEU-PRO-SER-LYS-GLU-THR-ILE-GLU-GLN-GLU-LYS-GLN-ALA-GLY-GLU -SER-OH;FX (HUMAN, BOVINE, HORSE, RAT);thymosin beta 4 asetat;THYMOSIN BETA4 (HUMAN, BOVINE, HORSE, RAT);Thymosin beta4;Timosin Beta4 Beta4 Asetat;Timosin \u03b24 Asetat;THYMOSIN SS4 ASETAT&lt;&amp; &gt;CAS: 77591-33-4<br \/>\nMF: C212H350N56O78S<br \/>\nMW: 4963.4408<br \/>\nEINECS: 1592732-453-0<br \/>\n\u00dcr\u00fcn Kategorileri: Genel Peptit;Peptit<br \/>\nMol Dosya: 77591-33- 4.mol<\/p>\n<p>Timozin \u03b2-4, hormon reg\u00fclasyonunda yer alan endojen pro-anjiyojenik, fibroblast aktive edici bir peptittir. Thymosin \u03b2-4 ayr\u0131ca imm\u00fcnomod\u00fclat\u00f6r ve kardiyoprotektif aktiviteler sergiler. Thymosin \u03b2-4, kardiyak sorunda iyile\u015fmeyi iyile\u015ftirir ve in vivo kardiyak fonksiyonu iyile\u015ftirir. Thymosin \u03b2-4, G-aktin filamentlerini ba\u011flayarak aktin polimerizasyonunu \u00f6nler.<\/p>\n<p> <strong>Thymosin beta 4 asetat\/ Thymosin \u03b24 Acetate&#39;in Faydalar\u0131 CAS 77591-33-4<\/strong><br \/>\nThymosin Beta-4, bir 43-&#39;t\u00fcr. v\u00fccutta iyile\u015fmeyi destekleyen amino asit peptidi. Ayr\u0131ca anti-inflamatuar \u00f6zelliklere sahiptir. Yaralanma b\u00f6lgelerinde do\u011fal olarak daha y\u00fcksek konsantrasyonlarda bulunan suda \u00e7\u00f6z\u00fcn\u00fcr protein, doku hasar\u0131n\u0131 onarabilir ve bir b\u00f6lgeye h\u00fccre g\u00f6\u00e7\u00fcn\u00fc d\u00fczenleyebilir. Yara iyile\u015fmesini iyile\u015ftirebilir ve sadece cildi de\u011fil ayn\u0131 zamanda beyni, omurili\u011fi ve kalbi de onarabilir. T\u0131p uzmanlar\u0131, Thymosin Beta-4&#39;\u00fc, TB-500 olarak bilinen do\u011fal veya sentetik formunda g\u00fcvenli ve g\u00fc\u00e7l\u00fc bir madde olarak kabul eder.<br \/>\nAyr\u0131ca, TB4, d\u00fc\u015f\u00fck molek\u00fcler a\u011f\u0131rl\u0131\u011fa sahiptir ve h\u00fccre d\u0131\u015f\u0131 matrise ba\u011flanmaz. Bu, daha h\u0131zl\u0131 bir iyile\u015fme oran\u0131n\u0131 destekleyen v\u00fccut dokular\u0131nda kolayca dola\u015fmas\u0131n\u0131 sa\u011flar. Peptit uzun mesafeler kat eder, bu nedenle genellikle do\u011frudan yaralanma b\u00f6lgesine enjekte edilmesi gerekmez. Baz\u0131lar\u0131 onu yaral\u0131 b\u00f6lgeye daha yak\u0131n enjekte etmenin daha iyi sonu\u00e7lar verdi\u011fine inan\u0131rken, klinik kan\u0131tlar aksini g\u00f6steriyor.<\/p>\n<p> <strong>Thymosin beta 4 asetat\/ Thymosin \u03b24 Asetat CAS 77591-33-4<\/strong><br \/>\n 1. Timus \u03b24 ve t\u00fcm\u00f6r \u00e7al\u0131\u015fmalar, timus \u03b24 asetat\u0131n kolon kanseri, melanom, fibrosarkom, meme kanseri, pankreas kanseri ve akci\u011fer kanseri vb. dahil olmak \u00fczere \u00e7e\u015fitli t\u00fcm\u00f6rlerle ili\u015fkili oldu\u011funu g\u00f6stermi\u015ftir. T\u00fcm\u00f6r istilas\u0131n\u0131 te\u015fvik etmek i\u00e7in \u00e7e\u015fitli fakt\u00f6rlerle sinerji olu\u015fturabilir Chemicalbook ve metastaz.<br \/>\n2. Kalp yaralanmas\u0131 onar\u0131m\u0131nda Timus \u03b24 Miyokard enfarkt\u00fcs\u00fcn\u00fcn akut faz\u0131nda, \u00e7ok say\u0131da kardiyak miyosit iskemik nekroz, kalp fonksiyonunun bozulmas\u0131na ve nihayetinde kalp yetmezli\u011fine ilerlemeye yol a\u00e7ar. \u00c7al\u0131\u015fmalar, timus \u03b24 asetat\u0131n kardiyomiyositlerde koruyucu bir etkiye sahip oldu\u011funu do\u011frulam\u0131\u015ft\u0131r.<\/p>\n","protected":false},"excerpt":{"rendered":"<p>\u00dcr\u00fcn Ad\u0131: Thymosin beta 4 asetat<br \/>\nCAS: 77591-33-4<br \/>\nMF: C212H350N56O78S<br \/>\nMW: 4963.4408<br \/>\nEINECS: 1592732-453-0<br \/>\nMol Dosya: 77591-33-4 .mol<\/p>\n","protected":false},"featured_media":2219,"comment_status":"open","ping_status":"closed","template":"","meta":{"om_disable_all_campaigns":false,"_monsterinsights_skip_tracking":false,"_monsterinsights_sitenote_active":false,"_monsterinsights_sitenote_note":"","_monsterinsights_sitenote_category":0,"site-sidebar-layout":"default","site-content-layout":"default","ast-site-content-layout":"default","site-content-style":"default","site-sidebar-style":"default","ast-global-header-display":"","ast-banner-title-visibility":"","ast-main-header-display":"","ast-hfb-above-header-display":"","ast-hfb-below-header-display":"","ast-hfb-mobile-header-display":"","site-post-title":"","ast-breadcrumbs-content":"","ast-featured-img":"","footer-sml-layout":"","ast-disable-related-posts":"","theme-transparent-header-meta":"default","adv-header-id-meta":"","stick-header-meta":"","header-above-stick-meta":"","header-main-stick-meta":"","header-below-stick-meta":"","astra-migrate-meta-layouts":"default","ast-page-background-enabled":"default","ast-page-background-meta":{"desktop":{"background-color":"","background-image":"","background-repeat":"repeat","background-position":"center center","background-size":"auto","background-attachment":"scroll","background-type":"","background-media":"","overlay-type":"","overlay-color":"","overlay-opacity":"","overlay-gradient":""},"tablet":{"background-color":"","background-image":"","background-repeat":"repeat","background-position":"center center","background-size":"auto","background-attachment":"scroll","background-type":"","background-media":"","overlay-type":"","overlay-color":"","overlay-opacity":"","overlay-gradient":""},"mobile":{"background-color":"","background-image":"","background-repeat":"repeat","background-position":"center center","background-size":"auto","background-attachment":"scroll","background-type":"","background-media":"","overlay-type":"","overlay-color":"","overlay-opacity":"","overlay-gradient":""}},"ast-content-background-meta":{"desktop":{"background-color":"var(--ast-global-color-5)","background-image":"","background-repeat":"repeat","background-position":"center center","background-size":"auto","background-attachment":"scroll","background-type":"","background-media":"","overlay-type":"","overlay-color":"","overlay-opacity":"","overlay-gradient":""},"tablet":{"background-color":"var(--ast-global-color-5)","background-image":"","background-repeat":"repeat","background-position":"center center","background-size":"auto","background-attachment":"scroll","background-type":"","background-media":"","overlay-type":"","overlay-color":"","overlay-opacity":"","overlay-gradient":""},"mobile":{"background-color":"var(--ast-global-color-5)","background-image":"","background-repeat":"repeat","background-position":"center center","background-size":"auto","background-attachment":"scroll","background-type":"","background-media":"","overlay-type":"","overlay-color":"","overlay-opacity":"","overlay-gradient":""}}},"product_brand":[],"product_cat":[529],"product_tag":[1497],"class_list":{"0":"post-8190","1":"product","2":"type-product","3":"status-publish","4":"has-post-thumbnail","6":"product_cat-diger-peptitler","7":"product_tag-thymosin-beta-4-acetate-thymosin-4-acetate-cas-77591-33-4-for-lab-research-tr","8":"desktop-align-left","9":"tablet-align-left","10":"mobile-align-left","12":"first","13":"instock","14":"shipping-taxable","15":"product-type-simple"},"_links":{"self":[{"href":"https:\/\/puyapeptide.net\/tr\/wp-json\/wp\/v2\/product\/8190","targetHints":{"allow":["GET"]}}],"collection":[{"href":"https:\/\/puyapeptide.net\/tr\/wp-json\/wp\/v2\/product"}],"about":[{"href":"https:\/\/puyapeptide.net\/tr\/wp-json\/wp\/v2\/types\/product"}],"replies":[{"embeddable":true,"href":"https:\/\/puyapeptide.net\/tr\/wp-json\/wp\/v2\/comments?post=8190"}],"wp:featuredmedia":[{"embeddable":true,"href":"https:\/\/puyapeptide.net\/tr\/wp-json\/wp\/v2\/media\/2219"}],"wp:attachment":[{"href":"https:\/\/puyapeptide.net\/tr\/wp-json\/wp\/v2\/media?parent=8190"}],"wp:term":[{"taxonomy":"product_brand","embeddable":true,"href":"https:\/\/puyapeptide.net\/tr\/wp-json\/wp\/v2\/product_brand?post=8190"},{"taxonomy":"product_cat","embeddable":true,"href":"https:\/\/puyapeptide.net\/tr\/wp-json\/wp\/v2\/product_cat?post=8190"},{"taxonomy":"product_tag","embeddable":true,"href":"https:\/\/puyapeptide.net\/tr\/wp-json\/wp\/v2\/product_tag?post=8190"}],"curies":[{"name":"wp","href":"https:\/\/api.w.org\/{rel}","templated":true}]}}