{"id":8242,"date":"2021-12-16T12:26:47","date_gmt":"2021-12-16T17:26:47","guid":{"rendered":"https:\/\/puyapeptide.net\/product\/yuksek-kaliteli-cosyntropin-tetracosactide-acetate-cas-16960-16-0-bazi-crohn-hastaligi-veya-ulseratif-kolit-icin-tedavi\/"},"modified":"2021-12-16T12:26:47","modified_gmt":"2021-12-16T17:26:47","slug":"yuksek-kaliteli-cosyntropin-tetracosactide-acetate-cas-16960-16-0-bazi-crohn-hastaligi-veya-ulseratif-kolit-icin-tedavi","status":"publish","type":"product","link":"https:\/\/puyapeptide.net\/tr\/product\/yuksek-kaliteli-cosyntropin-tetracosactide-acetate-cas-16960-16-0-bazi-crohn-hastaligi-veya-ulseratif-kolit-icin-tedavi\/","title":{"rendered":"Y\u00fcksek Kaliteli Cosyntropin \/ Tetracosactide Acetate CAS 16960-16-0 Baz\u0131 Crohn hastal\u0131\u011f\u0131 veya \u00fclseratif kolit i\u00e7in Tedavi"},"content":{"rendered":"<h2><strong>Y\u00fcksek Kaliteli Cosyntropin \/ Tetracosactide Acetate CAS 16960-16-0 Baz\u0131 Crohn hastal\u0131\u011f\u0131 veya \u00fclseratif kolit i\u00e7in Tedavi<\/strong><\/h2>\n<p>\u00dcr\u00fcn Ad\u0131: Cosyntropin<br \/>\nE\u015f Anlamlar\u0131: L-SER-TYR-SER-MET-GLU-HIS-PHE-ARG-TRP-GLY-LYS-PRO-VAL-GLY-LYS-LYS-ARG-ARG- PRO-VAL-LYS-VAL-TYR-PRO;kosintropin;H-SER-TYR-SER-MET-GLU-HIS-PHE-ARG-TRP-GLY-LYS-PRO-VAL-GLY-LYS-LYS-ARG- ARG PRO-VAL-LYS-VAL-TYR-PRO-OH TETRAKOZAKT\u0130D (\u0130NSAN, S\u0131\u011f\u0131r, FARE, SEVK, DO\u011eU, TAV\u015eAN, S\u0131\u00c7AN);H-SER-TYR-SER-MET-GLU-HIS-PHE-ARG-TRP -GLY-LYS-PRO-VAL-GLY-LYS-LYS-ARG-ARG-PRO-VAL-LYS-VAL-TYR-PRO-OH;SER-TYR-SER-MET-GLU-HIS-PHE-ARG-TRP -GLY-LYS-PRO-VAL-GLY-LYS-LYS-ARG-ARG-PRO-VAL-LYS-VAL-TYR-PRO \u0130NSAN;SER-TYR-SER-MET-GLU-HIS-PHE-ARG-TRP- GLY-LYS-PRO-VAL-GLY-LYS-LYS-ARG-ARG-PRO-VAL-LYS-VAL-TYR-PRO;TETRACOSACTIDE;TETRACOSACTIDE (\u0130NSAN)<br \/>\nCAS: 16960-16-0<br \/>\nMF : C136H210N40O31S<br \/>\nMW: 2933.44<br \/>\nEINECS: 241-031-1<br \/>\n\u00dcr\u00fcn Kategorileri: Melanocortin receptor;Peptide;Organics<br \/>\nMol Dosya: 16960-16-0.mol<\/p>\n<p>Cosyntropin insan ACTH&#39;sinin 1 ila 24 aras\u0131ndaki amino asit kal\u0131nt\u0131lar\u0131ndan olu\u015fan, ancak ebeveyninin tam biyolojik aktivitesine sahip olan sentetik bir polipeptittir. Sentetik k\u00f6kenli oldu\u011fu i\u00e7in do\u011fal kaynakl\u0131 ACTH&#39;den daha az alerjiktir. Cosyntropin, adrenokortikal yetmezlikten \u015f\u00fcphelenilen hastalar\u0131n taranmas\u0131nda tan\u0131 ajan\u0131 olarak kullan\u0131l\u0131r. Normal olarak, kosintropinin parenteral uygulamas\u0131, plazma hidrokortizon sal\u0131n\u0131m\u0131n\u0131 etkilemek i\u00e7in adrenal korteks \u00fczerinde h\u0131zla etki eder; testi ger\u00e7ekle\u015ftirirken, hidrokortizon seviyeleri daha \u00f6nce al\u0131nan bir kontrol kan \u00f6rne\u011fiyle kar\u015f\u0131la\u015ft\u0131r\u0131l\u0131r.<\/p>\n<p> <strong>Cosyntropin\/ Tetracosactide Acetate CAS 16960-16-0 Kimyasal \u00d6zellikler<\/strong><br \/>\nyo\u011funluk 1,47\u00b10,1 g\/cm3(Tahmini)&lt; &amp;&gt;depolama s\u0131cakl\u0131\u011f\u0131 \u221220\u00b0C<br \/>\n\u00e7\u00f6z\u00fcn\u00fcrl\u00fck Suda az \u00e7\u00f6z\u00fcn\u00fcr.<br \/>\nSuda \u00c7\u00f6z\u00fcn\u00fcrl\u00fck Suda \u00e7\u00f6z\u00fcn\u00fcr<br \/>\nInChIKey ZOEFCCMDUURGSE-SQKVDDBVSA-N<br \/>\nCAS Veritaban\u0131 Referans\u0131 16960-16-0(CAS Veritaban\u0131 Referans\u0131)<br \/>\n&lt; &amp;&gt; <strong>Kosintropin\/ Tetrakosaktid Asetat CAS 16960-16-0 \u0130\u015flevi ve Uygulamas\u0131<\/strong><br \/>\nAdrenal kortikal yetmezli\u011fi te\u015fhis etmek i\u00e7in kullan\u0131l\u0131r; romatizma, romatoid artrit, cilt hastal\u0131klar\u0131 ve \u015fok tedavisinde de kullan\u0131l\u0131r. Olumsuz reaksiyonlar ve kontrendikasyonlar: ka\u015f\u0131nt\u0131, k\u0131zarma, \u00fcrtiker, bronkospazm ve di\u011fer Chemicalbook alerjik reaksiyonlar\u0131 kortikosteroidlerden daha az yayg\u0131nd\u0131r. Ara s\u0131ra senkop ve eksiklik. Uzun s\u00fcreli veya a\u015f\u0131r\u0131 kullan\u0131mda \u015fi\u015flik, hipertansiyon, hipokalemi, hiperpigmentasyon ve ind\u00fcklenmi\u015f enfeksiyon vb. olabilir. Do\u011fal kortikosteroidlere alerjiniz varsa dikkatli kullan\u0131n.<\/p>\n","protected":false},"excerpt":{"rendered":"<p>\u00dcr\u00fcn Ad\u0131: Cosyntropin<br \/>\nCAS: 16960-16-0<br \/>\nMF: C136H210N40O31S<br \/>\nMW: 2933.44<br \/>\nEINECS: 241-031-1<br \/>\nMol Dosya: 16960-16-0.mol<\/p>\n","protected":false},"featured_media":2345,"comment_status":"open","ping_status":"closed","template":"","meta":{"om_disable_all_campaigns":false,"_monsterinsights_skip_tracking":false,"_monsterinsights_sitenote_active":false,"_monsterinsights_sitenote_note":"","_monsterinsights_sitenote_category":0,"site-sidebar-layout":"default","site-content-layout":"default","ast-site-content-layout":"default","site-content-style":"default","site-sidebar-style":"default","ast-global-header-display":"","ast-banner-title-visibility":"","ast-main-header-display":"","ast-hfb-above-header-display":"","ast-hfb-below-header-display":"","ast-hfb-mobile-header-display":"","site-post-title":"","ast-breadcrumbs-content":"","ast-featured-img":"","footer-sml-layout":"","ast-disable-related-posts":"","theme-transparent-header-meta":"default","adv-header-id-meta":"","stick-header-meta":"","header-above-stick-meta":"","header-main-stick-meta":"","header-below-stick-meta":"","astra-migrate-meta-layouts":"default","ast-page-background-enabled":"default","ast-page-background-meta":{"desktop":{"background-color":"","background-image":"","background-repeat":"repeat","background-position":"center center","background-size":"auto","background-attachment":"scroll","background-type":"","background-media":"","overlay-type":"","overlay-color":"","overlay-opacity":"","overlay-gradient":""},"tablet":{"background-color":"","background-image":"","background-repeat":"repeat","background-position":"center center","background-size":"auto","background-attachment":"scroll","background-type":"","background-media":"","overlay-type":"","overlay-color":"","overlay-opacity":"","overlay-gradient":""},"mobile":{"background-color":"","background-image":"","background-repeat":"repeat","background-position":"center center","background-size":"auto","background-attachment":"scroll","background-type":"","background-media":"","overlay-type":"","overlay-color":"","overlay-opacity":"","overlay-gradient":""}},"ast-content-background-meta":{"desktop":{"background-color":"var(--ast-global-color-5)","background-image":"","background-repeat":"repeat","background-position":"center center","background-size":"auto","background-attachment":"scroll","background-type":"","background-media":"","overlay-type":"","overlay-color":"","overlay-opacity":"","overlay-gradient":""},"tablet":{"background-color":"var(--ast-global-color-5)","background-image":"","background-repeat":"repeat","background-position":"center center","background-size":"auto","background-attachment":"scroll","background-type":"","background-media":"","overlay-type":"","overlay-color":"","overlay-opacity":"","overlay-gradient":""},"mobile":{"background-color":"var(--ast-global-color-5)","background-image":"","background-repeat":"repeat","background-position":"center center","background-size":"auto","background-attachment":"scroll","background-type":"","background-media":"","overlay-type":"","overlay-color":"","overlay-opacity":"","overlay-gradient":""}}},"product_brand":[],"product_cat":[529],"product_tag":[1451],"class_list":{"0":"post-8242","1":"product","2":"type-product","3":"status-publish","4":"has-post-thumbnail","6":"product_cat-diger-peptitler","7":"product_tag-high-quality-cosyntropin-tetracosactide-acetate-cas-16960-16-0-treat-for-some-crohns-disease-or-ulcerative-colitis-tr","8":"desktop-align-left","9":"tablet-align-left","10":"mobile-align-left","12":"first","13":"instock","14":"shipping-taxable","15":"product-type-simple"},"_links":{"self":[{"href":"https:\/\/puyapeptide.net\/tr\/wp-json\/wp\/v2\/product\/8242","targetHints":{"allow":["GET"]}}],"collection":[{"href":"https:\/\/puyapeptide.net\/tr\/wp-json\/wp\/v2\/product"}],"about":[{"href":"https:\/\/puyapeptide.net\/tr\/wp-json\/wp\/v2\/types\/product"}],"replies":[{"embeddable":true,"href":"https:\/\/puyapeptide.net\/tr\/wp-json\/wp\/v2\/comments?post=8242"}],"wp:featuredmedia":[{"embeddable":true,"href":"https:\/\/puyapeptide.net\/tr\/wp-json\/wp\/v2\/media\/2345"}],"wp:attachment":[{"href":"https:\/\/puyapeptide.net\/tr\/wp-json\/wp\/v2\/media?parent=8242"}],"wp:term":[{"taxonomy":"product_brand","embeddable":true,"href":"https:\/\/puyapeptide.net\/tr\/wp-json\/wp\/v2\/product_brand?post=8242"},{"taxonomy":"product_cat","embeddable":true,"href":"https:\/\/puyapeptide.net\/tr\/wp-json\/wp\/v2\/product_cat?post=8242"},{"taxonomy":"product_tag","embeddable":true,"href":"https:\/\/puyapeptide.net\/tr\/wp-json\/wp\/v2\/product_tag?post=8242"}],"curies":[{"name":"wp","href":"https:\/\/api.w.org\/{rel}","templated":true}]}}