{"id":8294,"date":"2021-12-16T13:20:57","date_gmt":"2021-12-16T18:20:57","guid":{"rendered":"https:\/\/puyapeptide.net\/product\/puya-tedarik-teriparatid-asetat-cas-52232-67-4-osteoporoz-tedavisi\/"},"modified":"2021-12-16T13:20:57","modified_gmt":"2021-12-16T18:20:57","slug":"puya-tedarik-teriparatid-asetat-cas-52232-67-4-osteoporoz-tedavisi","status":"publish","type":"product","link":"https:\/\/puyapeptide.net\/tr\/product\/puya-tedarik-teriparatid-asetat-cas-52232-67-4-osteoporoz-tedavisi\/","title":{"rendered":"Puya Tedarik Teriparatid Asetat CAS 52232-67-4 Osteoporoz Tedavisi"},"content":{"rendered":"<h2><strong>Puya Tedarik Teriparatid Asetat CAS 52232-67-4 Osteoporoz Tedavisi<\/strong><\/h2>\n<p>\u00dcr\u00fcn Ad\u0131: Teriparatid asetat<br \/>\nE\u015f Anlamlar\u0131: PARATHYROID HORMON \u0130NSAN: FRAGMENT 1-34;PARATHYROID HORMON (\u0130NSAN, 1-34);PARATHYROID HORMON (1-34), \u0130NSAN;PTH (1-34) (\u0130NSAN );PTH (HUMAN, 1-34);TER\u0130PARAT\u0130D;Teriparatid asetat;SVSEIQLMHNLGKHLNSMERVEWLRKKLQDVHNF<br \/>\nCAS: 52232-67-4<br \/>\nMF: C172H278N52O47S2<br \/>\nMW: 3890.49792<br \/>\nEINECS: 640-978-1&lt; &amp;&gt;\u00dcr\u00fcn Kategorileri: Amino Asit T\u00fcrevleri;Endokrinoloji ve Hormonlar;Peptid;Hormonlar;Di\u011fer Protein\/Peptid Hormonlar\u0131;proteinler;Paratiroid Hormonu (PTH)Peptitler ve Proteinler;Paratiroid Hormon Par\u00e7alar\u0131;H\u00fccre Biyolojisi i\u00e7in Peptitler;&lt;Pepitler ve Proteinler;&amp;&gt;\u00c7e\u015fitli Peptitler Mol Dosyas\u0131: 52232-67-4.mol<\/p>\n<p>Teriparatid, insan paratiroid hormonundaki ilk 34 amino asidi temsil eden rekombinant bir \u00fcr\u00fcnd\u00fcr. Teriparatid kemik olu\u015fumunu, kemi\u011fin yeniden \u015fekillenme h\u0131z\u0131n\u0131 ve osteoblast say\u0131s\u0131n\u0131 ve aktivitesini artt\u0131r\u0131r. Hem kemik k\u00fctlesi hem de mimari iyile\u015ftirilmi\u015ftir.<br \/>\nTeriparatid, y\u00fcksek k\u0131r\u0131k riski alt\u0131ndaki postmenopozal kad\u0131nlar ve erkekler i\u00e7in FDA onayl\u0131d\u0131r.<\/p>\n<p> <strong>Teriparatid asetat CAS 52232-67-4 Kimyasal \u00d6zellikler<\/strong><br \/>\nRTECS SQ7770000&lt; &amp;&gt;depolama s\u0131cakl\u0131\u011f\u0131 \u221220\u00b0C<br \/>\nform toz<br \/>\nCAS DataBase Reference 52232-67-4(CAS DataBase Reference)<\/p>\n<p> <strong>Teriparatid asetat\u0131n Kullan\u0131mlar\u0131 CAS 52232-67-4<\/strong><br \/>\nTeriparatid bir paratiroid rekombinant formudur erkeklerde ve menopoz sonras\u0131 kad\u0131nlarda osteoporoz tedavisi i\u00e7in kullan\u0131lan hormon. N-terminal b\u00f6lgesi, insan paratiroid hormonunun 84-aminoasit dizisinin biyolojik olarak aktif b\u00f6lgesine \u00f6zde\u015f olan 34 amino aside sahiptir. Yeni kemik b\u00fcy\u00fcmesini uyarmak ve kemik yo\u011funlu\u011funu iyile\u015ftirmek i\u00e7in osteoblastlar \u00fczerinde etkili oldu\u011fu g\u00f6sterilmi\u015ftir.<\/p>\n","protected":false},"excerpt":{"rendered":"<p>\u00dcr\u00fcn Ad\u0131: Teriparatid asetat<br \/>\nCAS: 52232-67-4<br \/>\nMF: C172H278N52O47S2<br \/>\nMW: 3890.49792<br \/>\nEINECS: 640-978-1<br \/>\nMol Dosya: 52232-67-4.mol<\/p>\n","protected":false},"featured_media":2135,"comment_status":"open","ping_status":"closed","template":"","meta":{"om_disable_all_campaigns":false,"_monsterinsights_skip_tracking":false,"_monsterinsights_sitenote_active":false,"_monsterinsights_sitenote_note":"","_monsterinsights_sitenote_category":0,"site-sidebar-layout":"default","site-content-layout":"default","ast-site-content-layout":"default","site-content-style":"default","site-sidebar-style":"default","ast-global-header-display":"","ast-banner-title-visibility":"","ast-main-header-display":"","ast-hfb-above-header-display":"","ast-hfb-below-header-display":"","ast-hfb-mobile-header-display":"","site-post-title":"","ast-breadcrumbs-content":"","ast-featured-img":"","footer-sml-layout":"","ast-disable-related-posts":"","theme-transparent-header-meta":"default","adv-header-id-meta":"","stick-header-meta":"","header-above-stick-meta":"","header-main-stick-meta":"","header-below-stick-meta":"","astra-migrate-meta-layouts":"default","ast-page-background-enabled":"default","ast-page-background-meta":{"desktop":{"background-color":"","background-image":"","background-repeat":"repeat","background-position":"center center","background-size":"auto","background-attachment":"scroll","background-type":"","background-media":"","overlay-type":"","overlay-color":"","overlay-opacity":"","overlay-gradient":""},"tablet":{"background-color":"","background-image":"","background-repeat":"repeat","background-position":"center center","background-size":"auto","background-attachment":"scroll","background-type":"","background-media":"","overlay-type":"","overlay-color":"","overlay-opacity":"","overlay-gradient":""},"mobile":{"background-color":"","background-image":"","background-repeat":"repeat","background-position":"center center","background-size":"auto","background-attachment":"scroll","background-type":"","background-media":"","overlay-type":"","overlay-color":"","overlay-opacity":"","overlay-gradient":""}},"ast-content-background-meta":{"desktop":{"background-color":"var(--ast-global-color-5)","background-image":"","background-repeat":"repeat","background-position":"center center","background-size":"auto","background-attachment":"scroll","background-type":"","background-media":"","overlay-type":"","overlay-color":"","overlay-opacity":"","overlay-gradient":""},"tablet":{"background-color":"var(--ast-global-color-5)","background-image":"","background-repeat":"repeat","background-position":"center center","background-size":"auto","background-attachment":"scroll","background-type":"","background-media":"","overlay-type":"","overlay-color":"","overlay-opacity":"","overlay-gradient":""},"mobile":{"background-color":"var(--ast-global-color-5)","background-image":"","background-repeat":"repeat","background-position":"center center","background-size":"auto","background-attachment":"scroll","background-type":"","background-media":"","overlay-type":"","overlay-color":"","overlay-opacity":"","overlay-gradient":""}}},"product_brand":[],"product_cat":[487],"product_tag":[1413],"class_list":{"0":"post-8294","1":"product","2":"type-product","3":"status-publish","4":"has-post-thumbnail","6":"product_cat-osteoporoz-peptit","7":"product_tag-puya-supply-teriparatide-acetate-cas-52232-67-4-treat-for-osteoporosis-tr","8":"desktop-align-left","9":"tablet-align-left","10":"mobile-align-left","12":"first","13":"instock","14":"shipping-taxable","15":"product-type-simple"},"_links":{"self":[{"href":"https:\/\/puyapeptide.net\/tr\/wp-json\/wp\/v2\/product\/8294","targetHints":{"allow":["GET"]}}],"collection":[{"href":"https:\/\/puyapeptide.net\/tr\/wp-json\/wp\/v2\/product"}],"about":[{"href":"https:\/\/puyapeptide.net\/tr\/wp-json\/wp\/v2\/types\/product"}],"replies":[{"embeddable":true,"href":"https:\/\/puyapeptide.net\/tr\/wp-json\/wp\/v2\/comments?post=8294"}],"wp:featuredmedia":[{"embeddable":true,"href":"https:\/\/puyapeptide.net\/tr\/wp-json\/wp\/v2\/media\/2135"}],"wp:attachment":[{"href":"https:\/\/puyapeptide.net\/tr\/wp-json\/wp\/v2\/media?parent=8294"}],"wp:term":[{"taxonomy":"product_brand","embeddable":true,"href":"https:\/\/puyapeptide.net\/tr\/wp-json\/wp\/v2\/product_brand?post=8294"},{"taxonomy":"product_cat","embeddable":true,"href":"https:\/\/puyapeptide.net\/tr\/wp-json\/wp\/v2\/product_cat?post=8294"},{"taxonomy":"product_tag","embeddable":true,"href":"https:\/\/puyapeptide.net\/tr\/wp-json\/wp\/v2\/product_tag?post=8294"}],"curies":[{"name":"wp","href":"https:\/\/api.w.org\/{rel}","templated":true}]}}