{"id":8472,"date":"2021-12-16T13:31:31","date_gmt":"2021-12-16T18:31:31","guid":{"rendered":"https:\/\/puyapeptide.net\/product\/yuksek-kaliteli-atosiban-cas-90779-69-4-birlesik-bir-kontraktin-ve-pressin-v1a-reseptor-antagonistidir\/"},"modified":"2021-12-16T13:31:31","modified_gmt":"2021-12-16T18:31:31","slug":"yuksek-kaliteli-atosiban-cas-90779-69-4-birlesik-bir-kontraktin-ve-pressin-v1a-reseptor-antagonistidir","status":"publish","type":"product","link":"https:\/\/puyapeptide.net\/tr\/product\/yuksek-kaliteli-atosiban-cas-90779-69-4-birlesik-bir-kontraktin-ve-pressin-v1a-reseptor-antagonistidir\/","title":{"rendered":"Y\u00fcksek Kaliteli Atosiban CAS 90779-69-4, birle\u015fik bir kontraktin ve pressin V1A resept\u00f6r antagonistidir."},"content":{"rendered":"<h2><strong>Y\u00fcksek Kaliteli Atosiban CAS 90779-69-4, birle\u015fik bir kontraktin ve pressin V1A resept\u00f6r antagonistidir.<\/strong><\/h2>\n<p>\u00dcr\u00fcn Ad\u0131: Atosiban<br \/>\nE\u015f anlaml\u0131lar: RW-22164;RW-22164;RWJ-22164;Atosiban Impurtiy;atosiban price;1-deamino-2d-tyr-(oet)-4-thr-8-orn- oksitosin;oksitosin,1-(3-merkaptopropanoik asit)-2-(o-etil-d-tirozin)-4-l-treonin-8-l;rwj22164;ATOSIBAN ASETAT<br \/>\nCAS: 90779-69-4&lt;&amp; &gt;MF: C43H67N11O12S2<br \/>\nMW: 994.19<br \/>\nEINECS: 806-815-5<br \/>\n\u00dcr\u00fcn Kategorileri: hormonlar;Peptid<br \/>\nMol Dosyas\u0131: 90779-69-4.mol<\/p>\n<p>Atosiban was Birle\u015fik Krall\u0131k&#39;ta, bebek morbidite ve mortalitesinin \u00f6nemli bir nedeni olan erken do\u011fum eyleminin enjekte edilebilir bir inhibit\u00f6r\u00fc olarak tan\u0131t\u0131ld\u0131. Bu peptidik oksitosin analo\u011fu, vasopressin V1a resept\u00f6r\u00fcn\u00fcn ve terme yak\u0131n hamile kad\u0131nlar\u0131n uterus miyometriyumunda \u00e7arp\u0131c\u0131 bi\u00e7imde artan konsantrasyonda bulunan oksitosin resept\u00f6r\u00fcn\u00fcn bir antagonistidir. Oksitosin ve vazopressin taraf\u0131ndan ind\u00fcklenen hamile kobay rahmindeki kas\u0131lmalar\u0131 rekabet\u00e7i bir \u015fekilde inhibe etti. \u00c7ok merkezli, \u00e7ift k\u00f6r, plasebo kontroll\u00fc bir \u00e7al\u0131\u015fmada, atosiban tedavisi 28 haftadan fazla gebeli\u011fi olan kad\u0131nlarda 7 g\u00fcne kadar gebelik uzamas\u0131na neden olmu\u015ftur. Kar\u015f\u0131la\u015ft\u0131rmal\u0131 bir klinik \u00e7al\u0131\u015fmada, atosiban, ritodrine benzer bir tokolitik etki (uterus gev\u015fetici) g\u00f6sterdi, ancak ilki, \u00f6zellikle maternal kardiyovask\u00fcler yan etkiler a\u00e7\u0131s\u0131ndan \u00f6nemli \u00f6l\u00e7\u00fcde daha iyi tolere edildi. Sa\u011fl\u0131kl\u0131 g\u00f6n\u00fcll\u00fclerde, atosiban\u0131n plazma seviyeleri, s\u0131ras\u0131yla 21 dakika ve 1,7 saatlik bir ba\u015flang\u0131\u00e7 ve bir terminal yar\u0131lanma \u00f6mr\u00fc ile iki kat artt\u0131.<\/p>\n<p>Atosiban, kontraktin ve pressin V1A&#39;n\u0131n kombine bir resept\u00f6r antagonistidir. Kontraktin resept\u00f6r\u00fc ve pressin V1A resept\u00f6r\u00fcn\u00fcn yap\u0131s\u0131 benzerdir. Kas\u0131lma hormonu resept\u00f6r\u00fc bloke edildi\u011finde, kas\u0131lma hormonu yine de V1A resept\u00f6r\u00fc yoluyla etki edebilir, bu nedenle ayn\u0131 Chemicalbook kullan\u0131ld\u0131\u011f\u0131nda yukar\u0131daki iki resept\u00f6r etki yolunun bloke edilmesi gerekir ve bir resept\u00f6r\u00fcn tek bir antagonizmi uterus kas\u0131lmas\u0131n\u0131 etkili bir \u015fekilde inhibe edebilir. Beta agonistlerin, kalsiyum kanal blokerlerinin ve prostaglandin sentaz inhibit\u00f6rlerinin uterus kas\u0131lmalar\u0131n\u0131 etkili bir \u015fekilde engellememelerinin ana nedenlerinden biri budur.<\/p>\n<p> <strong>Atosiban CAS 90779-69-4 Kimyasal \u00d6zellikler<\/strong><br \/>\nKaynama noktas\u0131 1469.0\u00b165,0 \u00b0C (Tahmini)<br \/>\nyo\u011funluk 1.254\u00b10.06 g\/cm3(Tahmini)<br \/>\ndepolama s\u0131cakl\u0131\u011f\u0131. -20\u00b0C<br \/>\n\u00e7\u00f6z\u00fcn\u00fcrl\u00fck H2O: \u2264100 mg\/mL<br \/>\nkat\u0131 halde<br \/>\npka 12,81\u00b10,70(\u00d6ng\u00f6r\u00fclen)<br \/>\nCAS Veri Taban\u0131 Referans\u0131 90779-69-4(CAS Veri Taban\u0131 Referans\u0131)<br \/>\n&lt; &amp;&gt; <strong>Atosiban CAS 90779-69-4&#39;\u00fcn \u0130\u015flevi ve Uygulamas\u0131<\/strong><br \/>\n1. Erken do\u011fum<br \/>\n2. Atosiban, deneysel endometriozis tedavisinde bir oksitosin resept\u00f6r bloke edici ajand\u0131r ve \u00f6nemli terap\u00f6tik etkinlik sergiledi\u011fi g\u00f6sterilmi\u015ftir.<\/p>\n<p>Atosiban Antikanser Ara\u015ft\u0131rmas\u0131 O. falcata&#39;n\u0131n u\u00e7ucu ya\u011f\u0131n\u0131n antit\u00fcm\u00f6r etkileri, nakledilen fare H22 kat\u0131 t\u00fcm\u00f6rlerinde in vivo olarak test edilmi\u015ftir. . H22 kat\u0131 t\u00fcm\u00f6rlerinde b\u00fcy\u00fcme inhibisyonu orta d\u00fczeydeydi(Yang ve ark. 2013).<\/p>\n","protected":false},"excerpt":{"rendered":"<p>\u00dcr\u00fcn Ad\u0131: Atosiban<br \/>\nCAS: 90779-69-4<br \/>\nMF: C43H67N11O12S2<br \/>\nMW: 994.19<br \/>\nEINECS: 806-815-5<br \/>\nMol Dosyas\u0131: 90779-69-4.mol<\/p>\n","protected":false},"featured_media":2135,"comment_status":"open","ping_status":"closed","template":"","meta":{"om_disable_all_campaigns":false,"_monsterinsights_skip_tracking":false,"_monsterinsights_sitenote_active":false,"_monsterinsights_sitenote_note":"","_monsterinsights_sitenote_category":0,"site-sidebar-layout":"default","site-content-layout":"default","ast-site-content-layout":"default","site-content-style":"default","site-sidebar-style":"default","ast-global-header-display":"","ast-banner-title-visibility":"","ast-main-header-display":"","ast-hfb-above-header-display":"","ast-hfb-below-header-display":"","ast-hfb-mobile-header-display":"","site-post-title":"","ast-breadcrumbs-content":"","ast-featured-img":"","footer-sml-layout":"","ast-disable-related-posts":"","theme-transparent-header-meta":"default","adv-header-id-meta":"","stick-header-meta":"","header-above-stick-meta":"","header-main-stick-meta":"","header-below-stick-meta":"","astra-migrate-meta-layouts":"default","ast-page-background-enabled":"default","ast-page-background-meta":{"desktop":{"background-color":"","background-image":"","background-repeat":"repeat","background-position":"center center","background-size":"auto","background-attachment":"scroll","background-type":"","background-media":"","overlay-type":"","overlay-color":"","overlay-opacity":"","overlay-gradient":""},"tablet":{"background-color":"","background-image":"","background-repeat":"repeat","background-position":"center center","background-size":"auto","background-attachment":"scroll","background-type":"","background-media":"","overlay-type":"","overlay-color":"","overlay-opacity":"","overlay-gradient":""},"mobile":{"background-color":"","background-image":"","background-repeat":"repeat","background-position":"center center","background-size":"auto","background-attachment":"scroll","background-type":"","background-media":"","overlay-type":"","overlay-color":"","overlay-opacity":"","overlay-gradient":""}},"ast-content-background-meta":{"desktop":{"background-color":"var(--ast-global-color-5)","background-image":"","background-repeat":"repeat","background-position":"center center","background-size":"auto","background-attachment":"scroll","background-type":"","background-media":"","overlay-type":"","overlay-color":"","overlay-opacity":"","overlay-gradient":""},"tablet":{"background-color":"var(--ast-global-color-5)","background-image":"","background-repeat":"repeat","background-position":"center center","background-size":"auto","background-attachment":"scroll","background-type":"","background-media":"","overlay-type":"","overlay-color":"","overlay-opacity":"","overlay-gradient":""},"mobile":{"background-color":"var(--ast-global-color-5)","background-image":"","background-repeat":"repeat","background-position":"center center","background-size":"auto","background-attachment":"scroll","background-type":"","background-media":"","overlay-type":"","overlay-color":"","overlay-opacity":"","overlay-gradient":""}}},"product_brand":[],"product_cat":[443],"product_tag":[1235],"class_list":{"0":"post-8472","1":"product","2":"type-product","3":"status-publish","4":"has-post-thumbnail","6":"product_cat-urogenital-peptit","7":"product_tag-high-quality-atosiban-cas-90779-69-4-is-a-combined-contractin-and-pressin-v1a-receptor-antagonist-tr","8":"desktop-align-left","9":"tablet-align-left","10":"mobile-align-left","12":"first","13":"instock","14":"shipping-taxable","15":"product-type-simple"},"_links":{"self":[{"href":"https:\/\/puyapeptide.net\/tr\/wp-json\/wp\/v2\/product\/8472","targetHints":{"allow":["GET"]}}],"collection":[{"href":"https:\/\/puyapeptide.net\/tr\/wp-json\/wp\/v2\/product"}],"about":[{"href":"https:\/\/puyapeptide.net\/tr\/wp-json\/wp\/v2\/types\/product"}],"replies":[{"embeddable":true,"href":"https:\/\/puyapeptide.net\/tr\/wp-json\/wp\/v2\/comments?post=8472"}],"wp:featuredmedia":[{"embeddable":true,"href":"https:\/\/puyapeptide.net\/tr\/wp-json\/wp\/v2\/media\/2135"}],"wp:attachment":[{"href":"https:\/\/puyapeptide.net\/tr\/wp-json\/wp\/v2\/media?parent=8472"}],"wp:term":[{"taxonomy":"product_brand","embeddable":true,"href":"https:\/\/puyapeptide.net\/tr\/wp-json\/wp\/v2\/product_brand?post=8472"},{"taxonomy":"product_cat","embeddable":true,"href":"https:\/\/puyapeptide.net\/tr\/wp-json\/wp\/v2\/product_cat?post=8472"},{"taxonomy":"product_tag","embeddable":true,"href":"https:\/\/puyapeptide.net\/tr\/wp-json\/wp\/v2\/product_tag?post=8472"}],"curies":[{"name":"wp","href":"https:\/\/api.w.org\/{rel}","templated":true}]}}