{"id":8507,"date":"2021-12-17T01:44:14","date_gmt":"2021-12-17T06:44:14","guid":{"rendered":"https:\/\/puyapeptide.net\/product\/kilo-kaybi-ve-tip-2-diyabet-tedavisi-icin-liraglutide-cas-204656-20-2\/"},"modified":"2021-12-17T01:44:14","modified_gmt":"2021-12-17T06:44:14","slug":"kilo-kaybi-ve-tip-2-diyabet-tedavisi-icin-liraglutide-cas-204656-20-2","status":"publish","type":"product","link":"https:\/\/puyapeptide.net\/tr\/product\/kilo-kaybi-ve-tip-2-diyabet-tedavisi-icin-liraglutide-cas-204656-20-2\/","title":{"rendered":"Kilo kayb\u0131 ve Tip 2 Diyabet Tedavisi i\u00e7in Liraglutide CAS 204656-20-2"},"content":{"rendered":"<h2><strong>Kilo kayb\u0131 ve Tip 2 Diyabet Tedavisi i\u00e7in Liraglutide CAS 204656-20-2<\/strong><\/h2>\n<p>\u00dcr\u00fcn Ad\u0131: Liraglutide<br \/>\nE\u015f Anlaml\u0131lar\u0131: Liraglutide;Glycine, L-histidil-L-alanyl-L-alpha-glutamylglycyl-L-threonyl-L-phenylalanyl-L-threonyl-L-seryl-L-alpha- aspartil-L-valil-L-seril-L-seril-L-tirosil-L-leusil-L-alfa-glutamilglisil-L-glutaminil-L-alanil-L-alanil-N6-(N-(1-oksoheksadesil) -L-gamma-glutamil)-L-lisil-L-alfa-glutamil-L-fenilalanil-L-izol\u00f6sil-L-alanil-L-triptofil-L-leusil-L-valil-L-arginilglisil-L-arginil- ;Liraglutida;Liraglutida [inn-ispanyolca];Liraglutide [usan:inn];Liraglutidum;Liraglutidum [inn-latin];N26-(Hexadecanoyl-gamma-glutamyle)-(34-arginin)glp-1-(7-37) -peptid<br \/>\nCAS: 204656-20-2<br \/>\nMF: C172H265N43O51<br \/>\nMW: 3751.202<br \/>\nEINECS: 810-818-7<br \/>\n\u00dcr\u00fcn Kategorileri: GLP<br \/>\nMol Dosyas\u0131: 204656-20 -2.mol<\/p>\n<p>Liraglutide berrak, renksiz bir \u00e7\u00f6zeltidir. Dozaj formu deri alt\u0131 enjeksiyondur. 10 y\u0131l\u0131 a\u015fk\u0131n ara\u015ft\u0131rma ve geli\u015ftirmeden sonra Liraglutide, adac\u0131k h\u00fccrelerinin yenilenmesini te\u015fvik etmek, kan \u015fekerini d\u00fc\u015f\u00fcrmek, kilo vermek ve kardiyovask\u00fcler sistemi korumak gibi bir\u00e7ok i\u015fleve sahiptir. Victoza markas\u0131 tip 2 diyabeti tedavi etmek i\u00e7in kullan\u0131l\u0131r ve Saxenda markas\u0131 kronik obeziteyi tedavi etmek i\u00e7in kullan\u0131l\u0131r. Diyet kontrol\u00fc ve fiziksel egzersize ek olarak. Liraglutid, insan endojen GChemicalbookLP-1 (7-37) ile %97 amino asit dizi homolojisine sahip olan ve GLP-&#39;nin t\u00fcm biyolojik aktivitelerine sahip olan, a\u00e7illenmi\u015f bir insan glukagon benzeri peptit-1 (GLP-1) resept\u00f6r agonistidir. 1 ve GLP-1 resept\u00f6r agonizmine sahiptir. Saccharomyces cerevisiae&#39;deki rekombinant DNA&#39;n\u0131n ekspresyonu sayesinde molek\u00fcler yap\u0131s\u0131, do\u011fal GLP-1 molek\u00fcl\u00fcnden sadece bir amino asit fark\u0131d\u0131r. Yap\u0131 sadece GLP-1&#39;in a\u015fa\u011f\u0131daki iki par\u00e7as\u0131n\u0131 de\u011fi\u015ftirir: yani 34. lizin arginin ile de\u011fi\u015ftirilir. Asit ikamesi, 26. lizine glutamik asit arac\u0131l\u0131 16 karbonlu palmitoil ya\u011f asidi yan zinciri eklenmesine ek olarak.<\/p>\n<p> <strong>Liraglutide CAS 204656-20-2<\/strong> <\/p>\n<p>1. glikoza ba\u011f\u0131ml\u0131 bir \u015fekilde, yani sadece kan \u015fekeri seviyeleri normalden y\u00fcksek oldu\u011funda ins\u00fclin salg\u0131lanmas\u0131n\u0131 uyararak &quot;a\u015fmay\u0131&quot; \u00f6nler. Sonu\u00e7 olarak, g\u00f6z ard\u0131 edilebilir hipoglisemi riski g\u00f6sterir.<br \/>\n2.Apoptozu inhibe etme ve beta h\u00fccrelerinin rejenerasyonunu uyarma potansiyeline sahiptir (hayvan \u00e7al\u0131\u015fmalar\u0131nda g\u00f6r\u00fclm\u00fc\u015ft\u00fcr).<br \/>\n3.G\u00f6sterildi\u011fi gibi i\u015ftah\u0131 azalt\u0131r ve v\u00fccut a\u011f\u0131rl\u0131\u011f\u0131 art\u0131\u015f\u0131n\u0131 engeller. glimepiride kar\u015f\u0131 kafa kafaya bir \u00e7al\u0131\u015fmada.<br \/>\n4.Kan trigliserit d\u00fczeylerini d\u00fc\u015f\u00fcr\u00fcr.<\/p>\n<p> <strong>Liraglutide CAS 204656-20-2 Uygulamas\u0131<\/strong><br \/>\n1.Tip 2 diyabet tedavisi.<br \/>\n 2. Obezite tedavisi.<\/p>\n","protected":false},"excerpt":{"rendered":"<p>\u00dcr\u00fcn Ad\u0131: Liraglutide<br \/>\nCAS: 204656-20-2<br \/>\nMF: C172H265N43O51<br \/>\nMW: 3751.202<br \/>\nEINECS: 810-818-7<br \/>\n\u00dcr\u00fcn Kategorileri: GLP<br \/>\nMol Dosyas\u0131: 204656 -20-2.mol<\/p>\n","protected":false},"featured_media":2135,"comment_status":"open","ping_status":"closed","template":"","meta":{"om_disable_all_campaigns":false,"_monsterinsights_skip_tracking":false,"_monsterinsights_sitenote_active":false,"_monsterinsights_sitenote_note":"","_monsterinsights_sitenote_category":0,"site-sidebar-layout":"default","site-content-layout":"default","ast-site-content-layout":"default","site-content-style":"default","site-sidebar-style":"default","ast-global-header-display":"","ast-banner-title-visibility":"","ast-main-header-display":"","ast-hfb-above-header-display":"","ast-hfb-below-header-display":"","ast-hfb-mobile-header-display":"","site-post-title":"","ast-breadcrumbs-content":"","ast-featured-img":"","footer-sml-layout":"","ast-disable-related-posts":"","theme-transparent-header-meta":"default","adv-header-id-meta":"","stick-header-meta":"","header-above-stick-meta":"","header-main-stick-meta":"","header-below-stick-meta":"","astra-migrate-meta-layouts":"default","ast-page-background-enabled":"default","ast-page-background-meta":{"desktop":{"background-color":"","background-image":"","background-repeat":"repeat","background-position":"center center","background-size":"auto","background-attachment":"scroll","background-type":"","background-media":"","overlay-type":"","overlay-color":"","overlay-opacity":"","overlay-gradient":""},"tablet":{"background-color":"","background-image":"","background-repeat":"repeat","background-position":"center center","background-size":"auto","background-attachment":"scroll","background-type":"","background-media":"","overlay-type":"","overlay-color":"","overlay-opacity":"","overlay-gradient":""},"mobile":{"background-color":"","background-image":"","background-repeat":"repeat","background-position":"center center","background-size":"auto","background-attachment":"scroll","background-type":"","background-media":"","overlay-type":"","overlay-color":"","overlay-opacity":"","overlay-gradient":""}},"ast-content-background-meta":{"desktop":{"background-color":"var(--ast-global-color-5)","background-image":"","background-repeat":"repeat","background-position":"center center","background-size":"auto","background-attachment":"scroll","background-type":"","background-media":"","overlay-type":"","overlay-color":"","overlay-opacity":"","overlay-gradient":""},"tablet":{"background-color":"var(--ast-global-color-5)","background-image":"","background-repeat":"repeat","background-position":"center center","background-size":"auto","background-attachment":"scroll","background-type":"","background-media":"","overlay-type":"","overlay-color":"","overlay-opacity":"","overlay-gradient":""},"mobile":{"background-color":"var(--ast-global-color-5)","background-image":"","background-repeat":"repeat","background-position":"center center","background-size":"auto","background-attachment":"scroll","background-type":"","background-media":"","overlay-type":"","overlay-color":"","overlay-opacity":"","overlay-gradient":""}}},"product_brand":[],"product_cat":[353],"product_tag":[1204],"class_list":{"0":"post-8507","1":"product","2":"type-product","3":"status-publish","4":"has-post-thumbnail","6":"product_cat-diyabet-peptidi","7":"product_tag-liraglutide-cas-204656-20-2-for-weight-loss-and-treat-for-type-2-diabetes-tr","8":"desktop-align-left","9":"tablet-align-left","10":"mobile-align-left","12":"first","13":"instock","14":"shipping-taxable","15":"product-type-simple"},"_links":{"self":[{"href":"https:\/\/puyapeptide.net\/tr\/wp-json\/wp\/v2\/product\/8507","targetHints":{"allow":["GET"]}}],"collection":[{"href":"https:\/\/puyapeptide.net\/tr\/wp-json\/wp\/v2\/product"}],"about":[{"href":"https:\/\/puyapeptide.net\/tr\/wp-json\/wp\/v2\/types\/product"}],"replies":[{"embeddable":true,"href":"https:\/\/puyapeptide.net\/tr\/wp-json\/wp\/v2\/comments?post=8507"}],"wp:featuredmedia":[{"embeddable":true,"href":"https:\/\/puyapeptide.net\/tr\/wp-json\/wp\/v2\/media\/2135"}],"wp:attachment":[{"href":"https:\/\/puyapeptide.net\/tr\/wp-json\/wp\/v2\/media?parent=8507"}],"wp:term":[{"taxonomy":"product_brand","embeddable":true,"href":"https:\/\/puyapeptide.net\/tr\/wp-json\/wp\/v2\/product_brand?post=8507"},{"taxonomy":"product_cat","embeddable":true,"href":"https:\/\/puyapeptide.net\/tr\/wp-json\/wp\/v2\/product_cat?post=8507"},{"taxonomy":"product_tag","embeddable":true,"href":"https:\/\/puyapeptide.net\/tr\/wp-json\/wp\/v2\/product_tag?post=8507"}],"curies":[{"name":"wp","href":"https:\/\/api.w.org\/{rel}","templated":true}]}}