{"id":8537,"date":"2021-12-17T01:45:23","date_gmt":"2021-12-17T06:45:23","guid":{"rendered":"https:\/\/puyapeptide.net\/product\/laboratuvar-arastirmasi-icin-sicak-satis-argipressin-arg8-vasopressin-argipressin-asetat-cas-113-79-1\/"},"modified":"2021-12-17T01:45:23","modified_gmt":"2021-12-17T06:45:23","slug":"laboratuvar-arastirmasi-icin-sicak-satis-argipressin-arg8-vasopressin-argipressin-asetat-cas-113-79-1","status":"publish","type":"product","link":"https:\/\/puyapeptide.net\/tr\/product\/laboratuvar-arastirmasi-icin-sicak-satis-argipressin-arg8-vasopressin-argipressin-asetat-cas-113-79-1\/","title":{"rendered":"Laboratuvar Ara\u015ft\u0131rmas\u0131 i\u00e7in S\u0131cak Sat\u0131\u015f Argipressin\/ [Arg8]-Vasopressin\/ Argipressin Asetat CAS 113-79-1"},"content":{"rendered":"<h2><strong>Laboratuvar Ara\u015ft\u0131rmas\u0131 i\u00e7in S\u0131cak Sat\u0131\u015f Argipressin\/ [Arg8]-Vasopressin\/ Argipressin Asetat CAS 113-79-1<\/strong><\/h2>\n<p>\u00dcr\u00fcn Ad\u0131: Argipressin<br \/>\nE\u015f Anlamlar\u0131: [ARG8]-VASOPRESSIN (HUMAN, BOVINE, OVINE, RAT, MOUSE);[ARG8]-VASOPRESSIN;[ARG8]-VASOPRESSIN (AVP);ANT\u0130D\u0130\u00dcRET\u0130K HORMON;AVP;BETA -H\u0130POFAM\u0130N;\u03b2-Hipopamin;(ARG8)-VASOPRES\u0130N SINIF VI \u00c7\u00d6Z\u00dcM*APP ROX. 100 I.<br \/>\nCAS: 113-79-1<br \/>\nMF: C46H65N15O12S2<br \/>\nMW: 1084.24<br \/>\nEINECS: 204-035-4<br \/>\n\u00dcr\u00fcn Kategorileri: Amino Asit T\u00fcrevleri;Vasopressin ve Oksitosin resept\u00f6r\u00fc; Peptid Resept\u00f6rleri;Ara \u00dcr\u00fcnler ve \u0130nce Kimyasallar;Peptitler;Peptidler;Peptid<br \/>\nMol Dosya: 113-79-1.mol<\/p>\n<p>Argininevasopres-sin (AVP), ayn\u0131 zamanda antidi\u00fcretik hormon olarak da bilinir, \u00f6nemli bir n\u00f6rotransmitterdir. merkezi sinir sistemi. Hipotalamusun supraoptik \u00e7ekirde\u011finde (SON) ve paraventrik\u00fcler \u00e7ekirde\u011finde (PVN) bulunan AVP n\u00f6ronlar\u0131 taraf\u0131ndan salg\u0131lanan 9 peptitli bir hormondur. V\u00fccudun s\u0131v\u0131 metabolizmas\u0131, kan hacmi, kardiyovask\u00fcler fonksiyon, v\u00fccut \u0131s\u0131 dengesi, \u00f6\u011frenme ve haf\u0131za ve adrenokortikotropik hormon salg\u0131lanmas\u0131 ile yak\u0131ndan ilgilidir. V\u00fccut suyunun geri emilimi, kan Chemicalbook vazokonstriksiyonu, adrenokortikotropik hormon (ACTH) salg\u0131lanmas\u0131, haf\u0131za vb. konularda \u00f6nemli fizyolojik rolleri vard\u0131r. Kan bas\u0131nc\u0131n\u0131 y\u00fckseltme, anti-di\u00fcrez, haf\u0131zaya kat\u0131lma, ate\u015fi s\u0131n\u0131rlama ve ate\u015fi d\u00fc\u015f\u00fcrmeyi te\u015fvik etme etkileri vard\u0131r. Ayr\u0131ca su ve sodyum tutulmas\u0131n\u0131 ve vazokonstriksiyonu d\u00fczenleme, kardiyomiyositleri do\u011frudan d\u00fczenleme ve kardiyak hipertrofi, miyokardiyal fibrozis ve aritmilere kat\u0131lma gibi \u00e7ok \u00e7e\u015fitli kardiyovask\u00fcler etkilere sahiptir. Vazodilat\u00f6r \u015fok, kardiyopulmoner ve serebral res\u00fcsitasyon, \u00fcremi ve hemorajik hastal\u0131klar\u0131n tedavisinde ba\u015far\u0131yla kullan\u0131lmaktad\u0131r.<\/p>\n<p> <strong>Argipressin\/ [Arg8]-Vasopressin\/ Argipressin Acetate CAS 113-79-1 Kimyasal \u00d6zellikler<\/strong><br \/>\ndensity 1,59\u00b10,1 g\/cm3(Tahmini)<br \/>\nFp 113\u2103<br \/>\ndepolama s\u0131cakl\u0131\u011f\u0131. 2-8\u00b0C<br \/>\npka 9.90\u00b10.15(Tahmini)<br \/>\nPH ~3.5<\/p>\n<p> <strong>Argipressin Asetat Faydalar\u0131<\/strong><br \/>\nV\u00fccutta su geri emilimi, vazokonstriksiyon, adrenokortikotropik hormon (ACTH) gibi \u00f6nemli fizyolojik fonksiyonlara sahiptir. ) salg\u0131, haf\u0131za vb. ve tansiyonu y\u00fckseltme, di\u00fcreze direnme, haf\u0131zaya kat\u0131lma, ate\u015fi d\u00fc\u015f\u00fcrme ve ate\u015fi y\u00fckseltme etkileri vard\u0131r.<\/p>\n<p>Ayn\u0131 zamanda \u00e7ok \u00e7e\u015fitli kardiyovask\u00fcler etkileri de vard\u0131r. su ve sodyum tutulmas\u0131n\u0131 ve vazokonstriksiyonu d\u00fczenleme, kardiyomiyositleri do\u011frudan d\u00fczenleme, kardiyak hipertrofi, miyokardiyal fibroz ve aritmiye kat\u0131lma gibi. Vazodilat\u00f6r \u015fok, kardiyopulmoner serebral res\u00fcsitasyon, \u015fekersiz diyabet ve hemorajik hastal\u0131klar\u0131n tedavisinde ba\u015far\u0131yla kullan\u0131lm\u0131\u015ft\u0131r.<\/p>\n<p> <strong>Argipressin Asetat Dozaj\u0131<\/strong><br \/>\nBu, v\u00fccut a\u011f\u0131rl\u0131\u011f\u0131n\u0131za ba\u011fl\u0131d\u0131r. \u015eimdiye kadar yap\u0131lan t\u00fcm ara\u015ft\u0131rmalar kemirgen \u00e7al\u0131\u015fmalar\u0131n\u0131 kullanm\u0131\u015ft\u0131r, s\u0131\u00e7anlara ve farelere genellikle KG ba\u015f\u0131na yakla\u015f\u0131k 10 \u03bcg (mcg) oldu\u011fu d\u00fc\u015f\u00fcn\u00fclen etkili bir dozaj enjekte edilir, insanlarda bunun 1,6 \u03bcg e\u015fde\u011feri y\u00fckleme civar\u0131nda oldu\u011fu d\u00fc\u015f\u00fcn\u00fclmektedir. insanlarda KG ba\u015f\u0131na, yani:<\/p>\n<p>60 KG (132 lb.) iseniz, ideal g\u00fcnl\u00fck BPC-157 oral dozunuz 96 \u03bcg (mcg)<br \/>\n70 KG (154 lb.) = &gt; 112 \u03bcg<br \/>\n80 KG (176 lb.) =&gt; 128 \u03bcg<br \/>\n90 KG (198 lb.) =&gt; 144 \u03bcg<\/p>\n","protected":false},"excerpt":{"rendered":"<p>\u00dcr\u00fcn Ad\u0131: Argipressin<br \/>\nCAS: 113-79-1<br \/>\nMF: C46H65N15O12S2<br \/>\nMW: 1084.24<br \/>\nEINECS: 204-035-4<br \/>\nMol Dosya: 113-79-1.mol<\/p>\n","protected":false},"featured_media":2114,"comment_status":"open","ping_status":"closed","template":"","meta":{"om_disable_all_campaigns":false,"_monsterinsights_skip_tracking":false,"_monsterinsights_sitenote_active":false,"_monsterinsights_sitenote_note":"","_monsterinsights_sitenote_category":0,"site-sidebar-layout":"default","site-content-layout":"default","ast-site-content-layout":"default","site-content-style":"default","site-sidebar-style":"default","ast-global-header-display":"","ast-banner-title-visibility":"","ast-main-header-display":"","ast-hfb-above-header-display":"","ast-hfb-below-header-display":"","ast-hfb-mobile-header-display":"","site-post-title":"","ast-breadcrumbs-content":"","ast-featured-img":"","footer-sml-layout":"","ast-disable-related-posts":"","theme-transparent-header-meta":"default","adv-header-id-meta":"","stick-header-meta":"","header-above-stick-meta":"","header-main-stick-meta":"","header-below-stick-meta":"","astra-migrate-meta-layouts":"default","ast-page-background-enabled":"default","ast-page-background-meta":{"desktop":{"background-color":"","background-image":"","background-repeat":"repeat","background-position":"center center","background-size":"auto","background-attachment":"scroll","background-type":"","background-media":"","overlay-type":"","overlay-color":"","overlay-opacity":"","overlay-gradient":""},"tablet":{"background-color":"","background-image":"","background-repeat":"repeat","background-position":"center center","background-size":"auto","background-attachment":"scroll","background-type":"","background-media":"","overlay-type":"","overlay-color":"","overlay-opacity":"","overlay-gradient":""},"mobile":{"background-color":"","background-image":"","background-repeat":"repeat","background-position":"center center","background-size":"auto","background-attachment":"scroll","background-type":"","background-media":"","overlay-type":"","overlay-color":"","overlay-opacity":"","overlay-gradient":""}},"ast-content-background-meta":{"desktop":{"background-color":"var(--ast-global-color-5)","background-image":"","background-repeat":"repeat","background-position":"center center","background-size":"auto","background-attachment":"scroll","background-type":"","background-media":"","overlay-type":"","overlay-color":"","overlay-opacity":"","overlay-gradient":""},"tablet":{"background-color":"var(--ast-global-color-5)","background-image":"","background-repeat":"repeat","background-position":"center center","background-size":"auto","background-attachment":"scroll","background-type":"","background-media":"","overlay-type":"","overlay-color":"","overlay-opacity":"","overlay-gradient":""},"mobile":{"background-color":"var(--ast-global-color-5)","background-image":"","background-repeat":"repeat","background-position":"center center","background-size":"auto","background-attachment":"scroll","background-type":"","background-media":"","overlay-type":"","overlay-color":"","overlay-opacity":"","overlay-gradient":""}}},"product_brand":[],"product_cat":[529],"product_tag":[1185],"class_list":{"0":"post-8537","1":"product","2":"type-product","3":"status-publish","4":"has-post-thumbnail","6":"product_cat-diger-peptitler","7":"product_tag-hot-sale-argipressine-arg8-vasopressin-argipressin-acetate-cas-113-79-1-for-lab-research-tr","8":"desktop-align-left","9":"tablet-align-left","10":"mobile-align-left","12":"first","13":"instock","14":"shipping-taxable","15":"product-type-simple"},"_links":{"self":[{"href":"https:\/\/puyapeptide.net\/tr\/wp-json\/wp\/v2\/product\/8537","targetHints":{"allow":["GET"]}}],"collection":[{"href":"https:\/\/puyapeptide.net\/tr\/wp-json\/wp\/v2\/product"}],"about":[{"href":"https:\/\/puyapeptide.net\/tr\/wp-json\/wp\/v2\/types\/product"}],"replies":[{"embeddable":true,"href":"https:\/\/puyapeptide.net\/tr\/wp-json\/wp\/v2\/comments?post=8537"}],"wp:featuredmedia":[{"embeddable":true,"href":"https:\/\/puyapeptide.net\/tr\/wp-json\/wp\/v2\/media\/2114"}],"wp:attachment":[{"href":"https:\/\/puyapeptide.net\/tr\/wp-json\/wp\/v2\/media?parent=8537"}],"wp:term":[{"taxonomy":"product_brand","embeddable":true,"href":"https:\/\/puyapeptide.net\/tr\/wp-json\/wp\/v2\/product_brand?post=8537"},{"taxonomy":"product_cat","embeddable":true,"href":"https:\/\/puyapeptide.net\/tr\/wp-json\/wp\/v2\/product_cat?post=8537"},{"taxonomy":"product_tag","embeddable":true,"href":"https:\/\/puyapeptide.net\/tr\/wp-json\/wp\/v2\/product_tag?post=8537"}],"curies":[{"name":"wp","href":"https:\/\/api.w.org\/{rel}","templated":true}]}}