{"id":8567,"date":"2021-12-17T01:47:28","date_gmt":"2021-12-17T06:47:28","guid":{"rendered":"https:\/\/puyapeptide.net\/product\/leuprolide-asetat-cas-74381-53-6-yaygin-olarak-kullanilan-hormonal-anti-malign\/"},"modified":"2021-12-17T01:47:28","modified_gmt":"2021-12-17T06:47:28","slug":"leuprolide-asetat-cas-74381-53-6-yaygin-olarak-kullanilan-hormonal-anti-malign","status":"publish","type":"product","link":"https:\/\/puyapeptide.net\/tr\/product\/leuprolide-asetat-cas-74381-53-6-yaygin-olarak-kullanilan-hormonal-anti-malign\/","title":{"rendered":"Leuprolide Asetat CAS 74381-53-6 yayg\u0131n olarak kullan\u0131lan hormonal anti-malign."},"content":{"rendered":"<h2><strong>Leuprolide Asetat CAS 74381-53-6 yayg\u0131n olarak kullan\u0131lan hormonal anti-malign.<\/strong><\/h2>\n<p>\u00dcr\u00fcn Ad\u0131: Leuprorelin asetat<br \/>\nE\u015f anlaml\u0131lar: leutenizinghormone-reeasingfactor(domuz),6-d-leucine-9-(n-ethyl-l-prolinamid;lupron;tap-144;6-D-Leucine-9 -(N-etil-L-prolinamid)-10-deglisinamidluteinize edici Hormon Salg\u0131lay\u0131c\u0131 Fakt\u00f6r Asetat(Domuz);Abbott 43818;Procren Depot;Procrin;Prostap<br \/>\nCAS: 74381-53-6<br \/>\nMF: C61H88N16O14&lt;&amp; &gt;MW: 1269.47<br \/>\nEINECS: 686-285-8<br \/>\n\u00dcr\u00fcn Kategorileri: Gonadotropin salg\u0131lat\u0131c\u0131 hormon (GnRH);Anti-kanser&amp;ba\u011f\u0131\u015f\u0131kl\u0131k;Bazlar ve \u0130lgili Reaktifler;Heterosikller;Ara \u00fcr\u00fcnler ve \u0130nce Kimyasallar;N\u00fckleotidler;Organikler;\u0130la\u00e7lar&lt; &amp;&gt;Mol Dosya: 74381-53-6.mol<\/p>\n<p>Leuprolide asetat, ilerlemi\u015f prostat kanseri tedavisinde t\u0131bbi had\u0131m etmede yararl\u0131 olan g\u00fc\u00e7l\u00fc bir LH-RH analo\u011fudur.Ayr\u0131ca tedavi i\u00e7in ara\u015ft\u0131r\u0131lm\u0131\u015ft\u0131r. <\/p>\n<p> <strong>Leuprorelin asetat CAS 74381-53-6 Kimyasal \u00d6zellikler<\/strong><br \/>\nErime noktas\u0131 150-155\u00b0C<br \/>\nsaklama s\u0131cakl\u0131\u011f\u0131 -20\u00b0C<br \/>\nMerck 14,5457&lt;&amp; &gt;InChIKey RGLRXNKKBLIBQS-XNHQSDQCSA-N<\/p>\n<p> <strong>Leuprorelin as\u0131n\u0131n \u0130\u015flevi ve Uygulamas\u0131 tate CAS 74381-53-6<\/strong><br \/>\nKullan\u0131r Leuprolide asetat USP (Leupron), Prostatik karsinom tedavisinde kullan\u0131l\u0131r.<br \/>\nLH-RH&#39;nin Sentetik nonapeptit agonist analogunu kullan\u0131r. Antineoplastik (hormonal).<\/p>\n","protected":false},"excerpt":{"rendered":"<p>\u00dcr\u00fcn Ad\u0131: Leuprorelin asetat<br \/>\nCAS: 74381-53-6<br \/>\nMF: C61H88N16O14<br \/>\nMW: 1269.47<br \/>\nEINECS: 686-285-8<br \/>\nMol Dosya: 74381-53-6.mol<\/p>\n","protected":false},"featured_media":2135,"comment_status":"open","ping_status":"closed","template":"","meta":{"om_disable_all_campaigns":false,"_monsterinsights_skip_tracking":false,"_monsterinsights_sitenote_active":false,"_monsterinsights_sitenote_note":"","_monsterinsights_sitenote_category":0,"site-sidebar-layout":"default","site-content-layout":"default","ast-site-content-layout":"default","site-content-style":"default","site-sidebar-style":"default","ast-global-header-display":"","ast-banner-title-visibility":"","ast-main-header-display":"","ast-hfb-above-header-display":"","ast-hfb-below-header-display":"","ast-hfb-mobile-header-display":"","site-post-title":"","ast-breadcrumbs-content":"","ast-featured-img":"","footer-sml-layout":"","ast-disable-related-posts":"","theme-transparent-header-meta":"default","adv-header-id-meta":"","stick-header-meta":"","header-above-stick-meta":"","header-main-stick-meta":"","header-below-stick-meta":"","astra-migrate-meta-layouts":"default","ast-page-background-enabled":"default","ast-page-background-meta":{"desktop":{"background-color":"","background-image":"","background-repeat":"repeat","background-position":"center center","background-size":"auto","background-attachment":"scroll","background-type":"","background-media":"","overlay-type":"","overlay-color":"","overlay-opacity":"","overlay-gradient":""},"tablet":{"background-color":"","background-image":"","background-repeat":"repeat","background-position":"center center","background-size":"auto","background-attachment":"scroll","background-type":"","background-media":"","overlay-type":"","overlay-color":"","overlay-opacity":"","overlay-gradient":""},"mobile":{"background-color":"","background-image":"","background-repeat":"repeat","background-position":"center center","background-size":"auto","background-attachment":"scroll","background-type":"","background-media":"","overlay-type":"","overlay-color":"","overlay-opacity":"","overlay-gradient":""}},"ast-content-background-meta":{"desktop":{"background-color":"var(--ast-global-color-5)","background-image":"","background-repeat":"repeat","background-position":"center center","background-size":"auto","background-attachment":"scroll","background-type":"","background-media":"","overlay-type":"","overlay-color":"","overlay-opacity":"","overlay-gradient":""},"tablet":{"background-color":"var(--ast-global-color-5)","background-image":"","background-repeat":"repeat","background-position":"center center","background-size":"auto","background-attachment":"scroll","background-type":"","background-media":"","overlay-type":"","overlay-color":"","overlay-opacity":"","overlay-gradient":""},"mobile":{"background-color":"var(--ast-global-color-5)","background-image":"","background-repeat":"repeat","background-position":"center center","background-size":"auto","background-attachment":"scroll","background-type":"","background-media":"","overlay-type":"","overlay-color":"","overlay-opacity":"","overlay-gradient":""}}},"product_brand":[],"product_cat":[387],"product_tag":[1171],"class_list":{"0":"post-8567","1":"product","2":"type-product","3":"status-publish","4":"has-post-thumbnail","6":"product_cat-anti-tumor-peptidi","7":"product_tag-leuprolide-acetate-cas-74381-53-6-commonly-used-hormonal-anti-malignant-tr","8":"desktop-align-left","9":"tablet-align-left","10":"mobile-align-left","12":"first","13":"instock","14":"shipping-taxable","15":"product-type-simple"},"_links":{"self":[{"href":"https:\/\/puyapeptide.net\/tr\/wp-json\/wp\/v2\/product\/8567","targetHints":{"allow":["GET"]}}],"collection":[{"href":"https:\/\/puyapeptide.net\/tr\/wp-json\/wp\/v2\/product"}],"about":[{"href":"https:\/\/puyapeptide.net\/tr\/wp-json\/wp\/v2\/types\/product"}],"replies":[{"embeddable":true,"href":"https:\/\/puyapeptide.net\/tr\/wp-json\/wp\/v2\/comments?post=8567"}],"wp:featuredmedia":[{"embeddable":true,"href":"https:\/\/puyapeptide.net\/tr\/wp-json\/wp\/v2\/media\/2135"}],"wp:attachment":[{"href":"https:\/\/puyapeptide.net\/tr\/wp-json\/wp\/v2\/media?parent=8567"}],"wp:term":[{"taxonomy":"product_brand","embeddable":true,"href":"https:\/\/puyapeptide.net\/tr\/wp-json\/wp\/v2\/product_brand?post=8567"},{"taxonomy":"product_cat","embeddable":true,"href":"https:\/\/puyapeptide.net\/tr\/wp-json\/wp\/v2\/product_cat?post=8567"},{"taxonomy":"product_tag","embeddable":true,"href":"https:\/\/puyapeptide.net\/tr\/wp-json\/wp\/v2\/product_tag?post=8567"}],"curies":[{"name":"wp","href":"https:\/\/api.w.org\/{rel}","templated":true}]}}