{"id":8608,"date":"2021-12-17T01:49:38","date_gmt":"2021-12-17T06:49:38","guid":{"rendered":"https:\/\/puyapeptide.net\/product\/sicak-satis-anti-kanser-peptit-lanreotid-cas-108736-35-2\/"},"modified":"2021-12-17T01:49:38","modified_gmt":"2021-12-17T06:49:38","slug":"sicak-satis-anti-kanser-peptit-lanreotid-cas-108736-35-2","status":"publish","type":"product","link":"https:\/\/puyapeptide.net\/tr\/product\/sicak-satis-anti-kanser-peptit-lanreotid-cas-108736-35-2\/","title":{"rendered":"S\u0131cak Sat\u0131\u015f Anti Kanser Peptit Lanreotid CAS 108736-35-2"},"content":{"rendered":"<h2><strong>S\u0131cak Sat\u0131\u015f Anti Kanser Peptit Lanreotid CAS 108736-35-2<\/strong><\/h2>\n<p>\u00dcr\u00fcn Ad\u0131: Lanreotide<br \/>\nE\u015f Anlaml\u0131lar: LANREOTIDE;AUTOGEL;BETA-(2-NAPHTHYL)-D-ALA-CYS-TYR-D-TRP-LYS-VAL-CYS-THR AMIDE;BIM-23014;ANGIOPEPTIN ;HD-2-NAL-CYS-TYR-D-TRP-LYS-VAL-CYS-THR-NH2;HD-2-NAL-CYS-TYR-D-TRP-LYS-VAL-CYS-THR-NH2, ( DISULFIDE BOND);IPSTYL<br \/>\nCAS: 108736-35-2<br \/>\nMF: C54 H69 N11 O10 S2<br \/>\nMW: 1096.32<br \/>\nEINECS: 689-178-4<br \/>\n\u00dcr\u00fcn Kategorileri: hormonlar&lt;&amp; &gt;Mol Dosyas\u0131: 108736-35-2.mol<\/p>\n<p>Lanreotid (INN) do\u011fal b\u00fcy\u00fcme inhibit\u00f6rleri gibi, lanreotid bir\u00e7ok endokrin, n\u00f6roendokrin, ekzokrin ve parakrin fonksiyonlar\u0131n bir peptit inhibit\u00f6r\u00fcd\u00fcr. Lanreotid, do\u011fal b\u00fcy\u00fcme inhibit\u00f6rlerinden daha aktiftir ve daha uzun bir etki s\u00fcresine sahiptir. B\u00fcy\u00fcme hormonu salg\u0131lanmas\u0131 \u00fczerindeki inhibit\u00f6r etkisi, ins\u00fclin salg\u0131lanmas\u0131 \u00fczerindekinden \u00f6nemli \u00f6l\u00e7\u00fcde daha se\u00e7icidir ve 2017 y\u0131l\u0131nda FDA, n\u00f6roendokrin t\u00fcm\u00f6rlerin tedavisi i\u00e7in enjeksiyon i\u00e7in lanreotid asetat\u0131 onaylad\u0131. akromegali ve n\u00f6roendokrin t\u00fcm\u00f6rlerin, \u00f6zellikle karsinoid sendromun neden oldu\u011fu semptomlar\u0131n tedavisi.<\/p>\n<p>Lanreotid, hem hipofiz hem de hipofiz d\u0131\u015f\u0131 b\u00fcy\u00fcme hormonu salg\u0131layan t\u00fcm\u00f6rlere ba\u011fl\u0131 akromegali tedavisinde ve neden oldu\u011fu semptomlar\u0131n y\u00f6netiminde kullan\u0131l\u0131r. n\u00f6roendokrin t\u00fcm\u00f6rler, \u00f6zellikle karsinoid t\u00fcm\u00f6rler ve VIPomalar taraf\u0131ndan. Amerika Birle\u015fik Devletleri ve Kanada&#39;da lanreotid sadece akromegali tedavisi i\u00e7in endikedir. Birle\u015fik Krall\u0131k&#39;ta, hipofiz bezinin TSH salg\u0131layan nadir bir t\u00fcm\u00f6r\u00fc olan tirotrofik adenomun tedavisinde de endikedir.<\/p>\n<p>Lanreotid ayr\u0131ca endokrin olmayan t\u00fcm\u00f6rlere ve di\u011fer somatostatin analoglar\u0131na kar\u015f\u0131 aktivite g\u00f6sterir. , olas\u0131 bir genel antit\u00fcm\u00f6r ajan olarak incelenmektedir.<\/p>\n<p> <strong>Lanreotide CAS 108736-35-2 Kimyasal \u00d6zellikler<\/strong><br \/>\nKaynama noktas\u0131 1508.2\u00b165,0 \u00b0C(Tahmini)<br \/>\nyo\u011funluk 1.40\u00b10.1 g\/cm3( Tahmini)<br \/>\ndepolama s\u0131cakl\u0131\u011f\u0131. Karanl\u0131k bir yerde saklay\u0131n,Kuru olarak kapat\u0131n,Dondurucuda -20\u00b0C&#39;nin alt\u0131nda saklay\u0131n<br \/>\npka 9.90\u00b10.15(Tahmini)<\/p>\n<p> <strong>Lanreotide CAS 108736-35-2&#39;nin \u0130\u015flevi ve Uygulamas\u0131<\/strong><br \/>\nLanreotide hem hipofiz hem de hipofiz d\u0131\u015f\u0131 b\u00fcy\u00fcme hormonu salg\u0131layan t\u00fcm\u00f6rlere ba\u011fl\u0131 akromegali tedavisinde ve n\u00f6roendokrin t\u00fcm\u00f6rlerin, \u00f6zellikle karsinoid t\u00fcm\u00f6rlerin ve VIPomalar\u0131n neden oldu\u011fu semptomlar\u0131n tedavisinde kullan\u0131l\u0131r. Amerika Birle\u015fik Devletleri ve Kanada&#39;da lanreotid sadece akromegali tedavisi i\u00e7in endikedir. Birle\u015fik Krall\u0131k&#39;ta, hipofiz bezinin sekrete eden nadir bir t\u00fcm\u00f6r\u00fc olan tirotrofik adenomun tedavisinde de endikedir.<\/p>\n<p>Lanreotid ayr\u0131ca endokrin olmayan t\u00fcm\u00f6rlere kar\u015f\u0131 aktivite g\u00f6sterir ve di\u011fer somatostatin analoglar\u0131 ile birlikte, olas\u0131 bir genel antit\u00fcm\u00f6r ajan olarak ara\u015ft\u0131r\u0131lmaktad\u0131r.<\/p>\n<p>Lanreotid ,Aral\u0131k 2014&#39;te ABD FDA, rezeke edilemeyen, iyi veya orta derecede farkl\u0131la\u015fm\u0131\u015f, lokal olarak ilerlemi\u015f veya metastatik gastroenteropankreatik n\u00f6roendokrin t\u00fcm\u00f6rleri (GEP-NET&#39;ler) olan hastalar\u0131n tedavisi i\u00e7in lanreotidi onaylad\u0131 ).<\/p>\n","protected":false},"excerpt":{"rendered":"<p>\u00dcr\u00fcn Ad\u0131: Lanreotid<br \/>\nCAS: 108736-35-2<br \/>\nMF: C54 H69 N11 O10 S2<br \/>\nMW: 1096.32<br \/>\nEINECS: 689-178-4<br \/>\n\u00dcr\u00fcn Kategorileri: hormonlar<br \/>\n Mol Dosyas\u0131: 108736-35-2.mol<\/p>\n","protected":false},"featured_media":2114,"comment_status":"open","ping_status":"closed","template":"","meta":{"om_disable_all_campaigns":false,"_monsterinsights_skip_tracking":false,"_monsterinsights_sitenote_active":false,"_monsterinsights_sitenote_note":"","_monsterinsights_sitenote_category":0,"site-sidebar-layout":"default","site-content-layout":"default","ast-site-content-layout":"default","site-content-style":"default","site-sidebar-style":"default","ast-global-header-display":"","ast-banner-title-visibility":"","ast-main-header-display":"","ast-hfb-above-header-display":"","ast-hfb-below-header-display":"","ast-hfb-mobile-header-display":"","site-post-title":"","ast-breadcrumbs-content":"","ast-featured-img":"","footer-sml-layout":"","ast-disable-related-posts":"","theme-transparent-header-meta":"default","adv-header-id-meta":"","stick-header-meta":"","header-above-stick-meta":"","header-main-stick-meta":"","header-below-stick-meta":"","astra-migrate-meta-layouts":"default","ast-page-background-enabled":"default","ast-page-background-meta":{"desktop":{"background-color":"","background-image":"","background-repeat":"repeat","background-position":"center center","background-size":"auto","background-attachment":"scroll","background-type":"","background-media":"","overlay-type":"","overlay-color":"","overlay-opacity":"","overlay-gradient":""},"tablet":{"background-color":"","background-image":"","background-repeat":"repeat","background-position":"center center","background-size":"auto","background-attachment":"scroll","background-type":"","background-media":"","overlay-type":"","overlay-color":"","overlay-opacity":"","overlay-gradient":""},"mobile":{"background-color":"","background-image":"","background-repeat":"repeat","background-position":"center center","background-size":"auto","background-attachment":"scroll","background-type":"","background-media":"","overlay-type":"","overlay-color":"","overlay-opacity":"","overlay-gradient":""}},"ast-content-background-meta":{"desktop":{"background-color":"var(--ast-global-color-5)","background-image":"","background-repeat":"repeat","background-position":"center center","background-size":"auto","background-attachment":"scroll","background-type":"","background-media":"","overlay-type":"","overlay-color":"","overlay-opacity":"","overlay-gradient":""},"tablet":{"background-color":"var(--ast-global-color-5)","background-image":"","background-repeat":"repeat","background-position":"center center","background-size":"auto","background-attachment":"scroll","background-type":"","background-media":"","overlay-type":"","overlay-color":"","overlay-opacity":"","overlay-gradient":""},"mobile":{"background-color":"var(--ast-global-color-5)","background-image":"","background-repeat":"repeat","background-position":"center center","background-size":"auto","background-attachment":"scroll","background-type":"","background-media":"","overlay-type":"","overlay-color":"","overlay-opacity":"","overlay-gradient":""}}},"product_brand":[],"product_cat":[387],"product_tag":[],"class_list":{"0":"post-8608","1":"product","2":"type-product","3":"status-publish","4":"has-post-thumbnail","6":"product_cat-anti-tumor-peptidi","7":"desktop-align-left","8":"tablet-align-left","9":"mobile-align-left","11":"first","12":"instock","13":"shipping-taxable","14":"product-type-simple"},"_links":{"self":[{"href":"https:\/\/puyapeptide.net\/tr\/wp-json\/wp\/v2\/product\/8608","targetHints":{"allow":["GET"]}}],"collection":[{"href":"https:\/\/puyapeptide.net\/tr\/wp-json\/wp\/v2\/product"}],"about":[{"href":"https:\/\/puyapeptide.net\/tr\/wp-json\/wp\/v2\/types\/product"}],"replies":[{"embeddable":true,"href":"https:\/\/puyapeptide.net\/tr\/wp-json\/wp\/v2\/comments?post=8608"}],"wp:featuredmedia":[{"embeddable":true,"href":"https:\/\/puyapeptide.net\/tr\/wp-json\/wp\/v2\/media\/2114"}],"wp:attachment":[{"href":"https:\/\/puyapeptide.net\/tr\/wp-json\/wp\/v2\/media?parent=8608"}],"wp:term":[{"taxonomy":"product_brand","embeddable":true,"href":"https:\/\/puyapeptide.net\/tr\/wp-json\/wp\/v2\/product_brand?post=8608"},{"taxonomy":"product_cat","embeddable":true,"href":"https:\/\/puyapeptide.net\/tr\/wp-json\/wp\/v2\/product_cat?post=8608"},{"taxonomy":"product_tag","embeddable":true,"href":"https:\/\/puyapeptide.net\/tr\/wp-json\/wp\/v2\/product_tag?post=8608"}],"curies":[{"name":"wp","href":"https:\/\/api.w.org\/{rel}","templated":true}]}}