{"id":8621,"date":"2021-12-17T01:50:38","date_gmt":"2021-12-17T06:50:38","guid":{"rendered":"https:\/\/puyapeptide.net\/product\/ikatibant-asetat-cas-30308-48-4-kalitsal-anjiyoodem-tedavisinde-kullanim\/"},"modified":"2021-12-17T01:50:38","modified_gmt":"2021-12-17T06:50:38","slug":"ikatibant-asetat-cas-30308-48-4-kalitsal-anjiyoodem-tedavisinde-kullanim","status":"publish","type":"product","link":"https:\/\/puyapeptide.net\/tr\/product\/ikatibant-asetat-cas-30308-48-4-kalitsal-anjiyoodem-tedavisinde-kullanim\/","title":{"rendered":"Ikatibant Asetat CAS 30308-48-4 Kal\u0131tsal anjiyo\u00f6dem Tedavisinde Kullan\u0131m"},"content":{"rendered":"<h2><strong>Ikatibant Asetat CAS 30308-48-4 Kal\u0131tsal anjiyo\u00f6dem Tedavisinde Kullan\u0131m<\/strong><\/h2>\n<p>\u00dcr\u00fcn Ad\u0131: Icatibant Acetate<br \/>\nE\u015f Anlaml\u0131lar\u0131: Icatibant Acetate;Icatibant Impurity;Itibantide Asetat<br \/>\nCAS: 130308-48-4<br \/>\nS\u0131ra: HD-Arg-Arg-Pro-Hyp-Gly-Thi- Ser-D-Tic-Oic-Arg-OH<br \/>\nMolek\u00fcler form\u00fcl: C59H89N19O13S<br \/>\nMolek\u00fcl a\u011f\u0131rl\u0131\u011f\u0131: 1304.54<\/p>\n<p>Eltebante, bradikinin tip 2 (B2) resept\u00f6r\u00fcnde se\u00e7ici bir rekabet\u00e7i antagonist, bir dekapeptittir Be\u015f protein t\u00fcrevi olmayan amino asit i\u00e7eren bradikinin benzeri bir yap\u0131ya sahiptir. Eltebante, akut kal\u0131tsal anjiyo\u00f6dem (HAE) ataklar\u0131n\u0131n tedavisi i\u00e7in 1 Kas\u0131m 2010 tarihinde AB&#39;de pazarlama i\u00e7in onaylanm\u0131\u015ft\u0131r.<\/p>\n<p> <strong>Icatibant Asetat CAS 30308-48-4<br \/>\nEltebante&#39;nin \u0130\u015flevi ve Uygulamas\u0131<\/strong> asetat, akut HAE&#39;de emboli lokal \u015fi\u015fmesini tedavi eden bradikinin tip 2 (B2) resept\u00f6rlerinin g\u00fc\u00e7l\u00fc ve se\u00e7ici rekabet\u00e7i bir antagonistidir ve bradikinin&#39;in embolik lokal \u015fi\u015fme, iltihaplanma ve HAE&#39;nin a\u011fr\u0131l\u0131 semptomlar\u0131 ile ba\u011flant\u0131l\u0131 etkilerini inhibe ederek tedavi eder. HAE, eltebante asetat ile tedavi edilebilen birka\u00e7 endikasyondan yaln\u0131zca ilkidir; di\u011fer potansiyel belirtiler ast\u0131m, siroz ve di\u011fer anjiyo\u00f6dem t\u00fcrleridir.<\/p>\n","protected":false},"excerpt":{"rendered":"<p>\u00dcr\u00fcn Ad\u0131: \u0130katibant Asetat<br \/>\nCAS: 130308-48-4<br \/>\nS\u0131ra: HD-Arg-Arg-Pro-Hyp-Gly-Thi-Ser-D-Tic-Oic-Arg-OH<br \/>\nMolek\u00fcler form\u00fcl : C59H89N19O13S<br \/>\nMolek\u00fcl a\u011f\u0131rl\u0131\u011f\u0131: 1304.54<\/p>\n","protected":false},"featured_media":2135,"comment_status":"open","ping_status":"closed","template":"","meta":{"om_disable_all_campaigns":false,"_monsterinsights_skip_tracking":false,"_monsterinsights_sitenote_active":false,"_monsterinsights_sitenote_note":"","_monsterinsights_sitenote_category":0,"site-sidebar-layout":"default","site-content-layout":"default","ast-site-content-layout":"default","site-content-style":"default","site-sidebar-style":"default","ast-global-header-display":"","ast-banner-title-visibility":"","ast-main-header-display":"","ast-hfb-above-header-display":"","ast-hfb-below-header-display":"","ast-hfb-mobile-header-display":"","site-post-title":"","ast-breadcrumbs-content":"","ast-featured-img":"","footer-sml-layout":"","ast-disable-related-posts":"","theme-transparent-header-meta":"default","adv-header-id-meta":"","stick-header-meta":"","header-above-stick-meta":"","header-main-stick-meta":"","header-below-stick-meta":"","astra-migrate-meta-layouts":"default","ast-page-background-enabled":"default","ast-page-background-meta":{"desktop":{"background-color":"","background-image":"","background-repeat":"repeat","background-position":"center center","background-size":"auto","background-attachment":"scroll","background-type":"","background-media":"","overlay-type":"","overlay-color":"","overlay-opacity":"","overlay-gradient":""},"tablet":{"background-color":"","background-image":"","background-repeat":"repeat","background-position":"center center","background-size":"auto","background-attachment":"scroll","background-type":"","background-media":"","overlay-type":"","overlay-color":"","overlay-opacity":"","overlay-gradient":""},"mobile":{"background-color":"","background-image":"","background-repeat":"repeat","background-position":"center center","background-size":"auto","background-attachment":"scroll","background-type":"","background-media":"","overlay-type":"","overlay-color":"","overlay-opacity":"","overlay-gradient":""}},"ast-content-background-meta":{"desktop":{"background-color":"var(--ast-global-color-5)","background-image":"","background-repeat":"repeat","background-position":"center center","background-size":"auto","background-attachment":"scroll","background-type":"","background-media":"","overlay-type":"","overlay-color":"","overlay-opacity":"","overlay-gradient":""},"tablet":{"background-color":"var(--ast-global-color-5)","background-image":"","background-repeat":"repeat","background-position":"center center","background-size":"auto","background-attachment":"scroll","background-type":"","background-media":"","overlay-type":"","overlay-color":"","overlay-opacity":"","overlay-gradient":""},"mobile":{"background-color":"var(--ast-global-color-5)","background-image":"","background-repeat":"repeat","background-position":"center center","background-size":"auto","background-attachment":"scroll","background-type":"","background-media":"","overlay-type":"","overlay-color":"","overlay-opacity":"","overlay-gradient":""}}},"product_brand":[],"product_cat":[421],"product_tag":[1115],"class_list":{"0":"post-8621","1":"product","2":"type-product","3":"status-publish","4":"has-post-thumbnail","6":"product_cat-kan-ve-vaskuler-peptit","7":"product_tag-icatibant-acetate-cas-30308-48-4-use-for-treat-hereditary-angioedema-tr","8":"desktop-align-left","9":"tablet-align-left","10":"mobile-align-left","12":"first","13":"instock","14":"shipping-taxable","15":"product-type-simple"},"_links":{"self":[{"href":"https:\/\/puyapeptide.net\/tr\/wp-json\/wp\/v2\/product\/8621","targetHints":{"allow":["GET"]}}],"collection":[{"href":"https:\/\/puyapeptide.net\/tr\/wp-json\/wp\/v2\/product"}],"about":[{"href":"https:\/\/puyapeptide.net\/tr\/wp-json\/wp\/v2\/types\/product"}],"replies":[{"embeddable":true,"href":"https:\/\/puyapeptide.net\/tr\/wp-json\/wp\/v2\/comments?post=8621"}],"wp:featuredmedia":[{"embeddable":true,"href":"https:\/\/puyapeptide.net\/tr\/wp-json\/wp\/v2\/media\/2135"}],"wp:attachment":[{"href":"https:\/\/puyapeptide.net\/tr\/wp-json\/wp\/v2\/media?parent=8621"}],"wp:term":[{"taxonomy":"product_brand","embeddable":true,"href":"https:\/\/puyapeptide.net\/tr\/wp-json\/wp\/v2\/product_brand?post=8621"},{"taxonomy":"product_cat","embeddable":true,"href":"https:\/\/puyapeptide.net\/tr\/wp-json\/wp\/v2\/product_cat?post=8621"},{"taxonomy":"product_tag","embeddable":true,"href":"https:\/\/puyapeptide.net\/tr\/wp-json\/wp\/v2\/product_tag?post=8621"}],"curies":[{"name":"wp","href":"https:\/\/api.w.org\/{rel}","templated":true}]}}