{"id":8698,"date":"2021-12-17T01:54:03","date_gmt":"2021-12-17T06:54:03","guid":{"rendered":"https:\/\/puyapeptide.net\/product\/puya-tedarik-abarelix-cas-183552-38-7-prostat-kanseri-icin-kullanim\/"},"modified":"2021-12-17T01:54:03","modified_gmt":"2021-12-17T06:54:03","slug":"puya-tedarik-abarelix-cas-183552-38-7-prostat-kanseri-icin-kullanim","status":"publish","type":"product","link":"https:\/\/puyapeptide.net\/tr\/product\/puya-tedarik-abarelix-cas-183552-38-7-prostat-kanseri-icin-kullanim\/","title":{"rendered":"Puya Tedarik Abarelix CAS 183552-38-7 Prostat Kanseri \u0130\u00e7in Kullan\u0131m"},"content":{"rendered":"<h2><strong>Puya Tedarik Abarelix CAS 183552-38-7 Prostat Kanseri \u0130\u00e7in Kullan\u0131m<\/strong><\/h2>\n<p>\u00dcr\u00fcn Ad\u0131: Abarelix<br \/>\nE\u015f anlaml\u0131lar: PPI-149;Abarelix Acetate;Plenaxis;R 3827;Ac-DNal-DCpa-DPal-Ser-N\u03b1MeTyr-DAsp-Leu-Ilys-Pro-DAl-NH2;Abarelix; Abarelix Asetat(Plenaxis);D-Alaninamid, N-asetil-3-(2-naftalenil)-D-alanil-4-kloro-D-fenilalanil-3-(3-piridinil)-D-alanil-L-seril- N-metil-L-tirosil-D-asparaginil-L-leusil-N6-(1-metiletil)-L-lisil-L-prolil-CAS: 183552-38-7<br \/>\nMF: C72H95ClN14O14&lt;&amp; &gt;MW: 1416.06<br \/>\nEINECS: 1592732-453-0<br \/>\n\u00dcr\u00fcn Kategorileri:<br \/>\nMol Dosya: 183552-38-7.mol<\/p>\n<p>Abarelix, testislerdeki testosteron \u00fcretimini do\u011frudan inhibe ederek azalt\u0131r. luteinize edici hormon (LH) ve folik\u00fcl uyar\u0131c\u0131 hormon (FSH) salg\u0131lanmas\u0131. Chemicalbook taraf\u0131ndan LH salg\u0131lanmas\u0131n\u0131n do\u011frudan inhibisyonu nedeniyle, plazma testosteron konsantrasyonu artmaz ve daha sonra azal\u0131r. \u00c7al\u0131\u015fman\u0131n sonu\u00e7lar\u0131, abarelix asetat\u0131n s\u0131\u00e7anlarda hipofiz LHRH resept\u00f6rleri i\u00e7in y\u00fcksek bir afiniteye sahip oldu\u011funu g\u00f6stermi\u015ftir.<\/p>\n<p> <strong>Abarelix CAS 183552-38-7 Kimyasal \u00d6zellikler<\/strong><br \/>\nAbarelix Kimyasal \u00d6zellikler<br \/>\nKaynama noktas\u0131 1688.4\u00b165.0 \u00b0C(Tahmini)<br \/>\nyo\u011funluk 1.286\u00b10.06 g\/cm3(Tahmini)<br \/>\npka 9.82\u00b10.15(Tahmini)<br \/>\nCAS Veritaban\u0131 Referans\u0131 183552-38-7<\/p>\n<p> <strong>Abarelix&#39;in \u0130\u015flevi ve Uygulamas\u0131 CAS 183552-38-7<\/strong><br \/>\nBir antineoplastik ajan olan Abarelix, \u015fu anda onaylanm\u0131\u015f 1. depolanabilir gonadotropin salg\u0131lat\u0131c\u0131 hormon antagonisti form\u00fclasyonu ve 1. yeni tip prostat kanseri ilac\u0131d\u0131r.<\/p>\n<p>Abarelix CAS 183552-38-7 Prostat Kanseri \u0130\u00e7in Kullan\u0131n<\/p>\n","protected":false},"excerpt":{"rendered":"<p>\u00dcr\u00fcn Ad\u0131: Abarelix<br \/>\nCAS: 183552-38-7<br \/>\nMF: C72H95ClN14O14<br \/>\nMW: 1416.06<br \/>\nEINECS: 1592732-453-0<br \/>\nMol Dosyas\u0131: 183552-38-7.mol<\/p>\n","protected":false},"featured_media":2135,"comment_status":"open","ping_status":"closed","template":"","meta":{"om_disable_all_campaigns":false,"_monsterinsights_skip_tracking":false,"_monsterinsights_sitenote_active":false,"_monsterinsights_sitenote_note":"","_monsterinsights_sitenote_category":0,"site-sidebar-layout":"default","site-content-layout":"default","ast-site-content-layout":"default","site-content-style":"default","site-sidebar-style":"default","ast-global-header-display":"","ast-banner-title-visibility":"","ast-main-header-display":"","ast-hfb-above-header-display":"","ast-hfb-below-header-display":"","ast-hfb-mobile-header-display":"","site-post-title":"","ast-breadcrumbs-content":"","ast-featured-img":"","footer-sml-layout":"","ast-disable-related-posts":"","theme-transparent-header-meta":"default","adv-header-id-meta":"","stick-header-meta":"","header-above-stick-meta":"","header-main-stick-meta":"","header-below-stick-meta":"","astra-migrate-meta-layouts":"default","ast-page-background-enabled":"default","ast-page-background-meta":{"desktop":{"background-color":"","background-image":"","background-repeat":"repeat","background-position":"center center","background-size":"auto","background-attachment":"scroll","background-type":"","background-media":"","overlay-type":"","overlay-color":"","overlay-opacity":"","overlay-gradient":""},"tablet":{"background-color":"","background-image":"","background-repeat":"repeat","background-position":"center center","background-size":"auto","background-attachment":"scroll","background-type":"","background-media":"","overlay-type":"","overlay-color":"","overlay-opacity":"","overlay-gradient":""},"mobile":{"background-color":"","background-image":"","background-repeat":"repeat","background-position":"center center","background-size":"auto","background-attachment":"scroll","background-type":"","background-media":"","overlay-type":"","overlay-color":"","overlay-opacity":"","overlay-gradient":""}},"ast-content-background-meta":{"desktop":{"background-color":"var(--ast-global-color-5)","background-image":"","background-repeat":"repeat","background-position":"center center","background-size":"auto","background-attachment":"scroll","background-type":"","background-media":"","overlay-type":"","overlay-color":"","overlay-opacity":"","overlay-gradient":""},"tablet":{"background-color":"var(--ast-global-color-5)","background-image":"","background-repeat":"repeat","background-position":"center center","background-size":"auto","background-attachment":"scroll","background-type":"","background-media":"","overlay-type":"","overlay-color":"","overlay-opacity":"","overlay-gradient":""},"mobile":{"background-color":"var(--ast-global-color-5)","background-image":"","background-repeat":"repeat","background-position":"center center","background-size":"auto","background-attachment":"scroll","background-type":"","background-media":"","overlay-type":"","overlay-color":"","overlay-opacity":"","overlay-gradient":""}}},"product_brand":[],"product_cat":[387],"product_tag":[1060],"class_list":{"0":"post-8698","1":"product","2":"type-product","3":"status-publish","4":"has-post-thumbnail","6":"product_cat-anti-tumor-peptidi","7":"product_tag-puya-supply-abarelix-cas-183552-38-7-use-for-prostate-cancer-tr","8":"desktop-align-left","9":"tablet-align-left","10":"mobile-align-left","12":"first","13":"instock","14":"shipping-taxable","15":"product-type-simple"},"_links":{"self":[{"href":"https:\/\/puyapeptide.net\/tr\/wp-json\/wp\/v2\/product\/8698","targetHints":{"allow":["GET"]}}],"collection":[{"href":"https:\/\/puyapeptide.net\/tr\/wp-json\/wp\/v2\/product"}],"about":[{"href":"https:\/\/puyapeptide.net\/tr\/wp-json\/wp\/v2\/types\/product"}],"replies":[{"embeddable":true,"href":"https:\/\/puyapeptide.net\/tr\/wp-json\/wp\/v2\/comments?post=8698"}],"wp:featuredmedia":[{"embeddable":true,"href":"https:\/\/puyapeptide.net\/tr\/wp-json\/wp\/v2\/media\/2135"}],"wp:attachment":[{"href":"https:\/\/puyapeptide.net\/tr\/wp-json\/wp\/v2\/media?parent=8698"}],"wp:term":[{"taxonomy":"product_brand","embeddable":true,"href":"https:\/\/puyapeptide.net\/tr\/wp-json\/wp\/v2\/product_brand?post=8698"},{"taxonomy":"product_cat","embeddable":true,"href":"https:\/\/puyapeptide.net\/tr\/wp-json\/wp\/v2\/product_cat?post=8698"},{"taxonomy":"product_tag","embeddable":true,"href":"https:\/\/puyapeptide.net\/tr\/wp-json\/wp\/v2\/product_tag?post=8698"}],"curies":[{"name":"wp","href":"https:\/\/api.w.org\/{rel}","templated":true}]}}