{"id":8738,"date":"2021-12-17T03:02:11","date_gmt":"2021-12-17T08:02:11","guid":{"rendered":"https:\/\/puyapeptide.net\/product\/enteral-hipoglisemik-ajan-olarak-kullanilan-eksenatid-asetat-cas-141732-76-5\/"},"modified":"2021-12-17T03:02:11","modified_gmt":"2021-12-17T08:02:11","slug":"enteral-hipoglisemik-ajan-olarak-kullanilan-eksenatid-asetat-cas-141732-76-5","status":"publish","type":"product","link":"https:\/\/puyapeptide.net\/tr\/product\/enteral-hipoglisemik-ajan-olarak-kullanilan-eksenatid-asetat-cas-141732-76-5\/","title":{"rendered":"Enteral hipoglisemik ajan olarak kullan\u0131lan eksenatid asetat CAS 141732-76-5"},"content":{"rendered":"<h2><strong>Enteral hipoglisemik ajan olarak kullan\u0131lan eksenatid asetat CAS 141732-76-5<\/strong><\/h2>\n<p>\u00dcr\u00fcn Ad\u0131: Eksenatid asetat<br \/>\nE\u015f anlaml\u0131lar: Exenatide;His-Gly-Gly-Gly-Thr-Phe-Thr-Ser-Asp-Leu-Ser-Lys-Gln-Met-Glu-Glu-Glu-Ala -Val-Arg-Leu-Phe-Ile-Glu-Trp-Leu-Lys-Asn-Gly-Gly-Pro-Ser-Gly-Ala-Pro-Pro-Pro-Ser-NH{2};EXENATIDE ASETAT(EXENDIN) -4);His-Gly-Gly-Gly-Thr-Phe-Thr-Ser-Asp-Leu-Ser-Lys-Gln-Met-Glu-Glu-Glu-Ala-Val-Arg-Leu-Phe-Ile- Glu-Trp-Leu-Lys-Asn-Gly-Gly-Pro-Ser-Ser-Gly-Ala-Pro-Pro-Pro-Ser-NH2;Exenatide Asetat;EXENATIDE ASETAT;ENFUVIRTIDE ASETAT;Extendin-4&lt;CAS : 141732-76-5<br \/>\nMF: C186H286N50O62S<br \/>\nMW: 4244.60796<br \/>\nEINECS: 1592732-453-0<br \/>\n\u00dcr\u00fcn Kategorileri: Agonist;Bazlar ve \u0130lgili Reaktifler;Peptid;Ara \u00fcr\u00fcnler ve \u0130nce Kimyasallar;N\u00fckleotidler; Pharmaceuticals;GLP<br \/>\nMol Dosya: 141732-76-5.mol<\/p>\n<p>Exenatid Acetate&#39;in amino asit dizisi k\u0131smen insan GLP-1&#39;i ile \u00f6rt\u00fc\u015f\u00fcr. Eksenatid asetat\u0131n bilinen insan GLP-1 resept\u00f6r\u00fcne in vitro ba\u011fland\u0131\u011f\u0131 ve aktive etti\u011fi g\u00f6sterilmi\u015ftir. Bu, cAMP (siklik adenosin monofosfat) veya di\u011fer h\u00fccre i\u00e7i sinyal mekanizmalar\u0131n\u0131n dahil edilmesiyle, v\u00fccuttaki pankreas \u03b2 h\u00fccreleri taraf\u0131ndan glukoza ba\u011f\u0131ml\u0131 ins\u00fclin sentezi ve ins\u00fclin salg\u0131lanmas\u0131n\u0131n artt\u0131r\u0131ld\u0131\u011f\u0131 anlam\u0131na gelir.<\/p>\n<p> <strong>Eksenatid asetat CAS&#39;\u0131n \u0130\u015flevi ve Uygulamas\u0131 141732-76-5<\/strong><br \/>\n Eksenatid asetat uygulamas\u0131, amilaz sal\u0131n\u0131m\u0131n\u0131 uyarmadan asiner cAMP&#39;de bir art\u0131\u015fa neden olur. Bir inkretin mimeti\u011fi olarak eksenatid asetat, glukagon benzeri peptit-1 (GLP-1) resept\u00f6r\u00fcn\u00fcn agonisti olarak g\u00f6rev yapar. GLP-1 olarak, uzun s\u00fcreli aktiviteye sahip olmas\u0131na ra\u011fmen, eksenatid asetat yemek sonras\u0131 ins\u00fclin \u00fcretimini artt\u0131r\u0131r ve glukagon salg\u0131lanmas\u0131n\u0131 bask\u0131lar. Bu nedenle eksenatid asetat diyabet II ilac\u0131 olarak kullan\u0131m bulmu\u015ftur.<\/p>\n","protected":false},"excerpt":{"rendered":"<p>\u00dcr\u00fcn Ad\u0131: Eksenatid asetat<br \/>\nCAS: 141732-76-5<br \/>\nMF: C186H286N50O62S<br \/>\nMW: 4244.60796<br \/>\nEINECS: 1592732-453-0<br \/>\nMol Dosya: 141732-76-5.mol<\/p>\n","protected":false},"featured_media":2219,"comment_status":"open","ping_status":"closed","template":"","meta":{"om_disable_all_campaigns":false,"_monsterinsights_skip_tracking":false,"_monsterinsights_sitenote_active":false,"_monsterinsights_sitenote_note":"","_monsterinsights_sitenote_category":0,"site-sidebar-layout":"default","site-content-layout":"default","ast-site-content-layout":"default","site-content-style":"default","site-sidebar-style":"default","ast-global-header-display":"","ast-banner-title-visibility":"","ast-main-header-display":"","ast-hfb-above-header-display":"","ast-hfb-below-header-display":"","ast-hfb-mobile-header-display":"","site-post-title":"","ast-breadcrumbs-content":"","ast-featured-img":"","footer-sml-layout":"","ast-disable-related-posts":"","theme-transparent-header-meta":"default","adv-header-id-meta":"","stick-header-meta":"","header-above-stick-meta":"","header-main-stick-meta":"","header-below-stick-meta":"","astra-migrate-meta-layouts":"default","ast-page-background-enabled":"default","ast-page-background-meta":{"desktop":{"background-color":"","background-image":"","background-repeat":"repeat","background-position":"center center","background-size":"auto","background-attachment":"scroll","background-type":"","background-media":"","overlay-type":"","overlay-color":"","overlay-opacity":"","overlay-gradient":""},"tablet":{"background-color":"","background-image":"","background-repeat":"repeat","background-position":"center center","background-size":"auto","background-attachment":"scroll","background-type":"","background-media":"","overlay-type":"","overlay-color":"","overlay-opacity":"","overlay-gradient":""},"mobile":{"background-color":"","background-image":"","background-repeat":"repeat","background-position":"center center","background-size":"auto","background-attachment":"scroll","background-type":"","background-media":"","overlay-type":"","overlay-color":"","overlay-opacity":"","overlay-gradient":""}},"ast-content-background-meta":{"desktop":{"background-color":"var(--ast-global-color-5)","background-image":"","background-repeat":"repeat","background-position":"center center","background-size":"auto","background-attachment":"scroll","background-type":"","background-media":"","overlay-type":"","overlay-color":"","overlay-opacity":"","overlay-gradient":""},"tablet":{"background-color":"var(--ast-global-color-5)","background-image":"","background-repeat":"repeat","background-position":"center center","background-size":"auto","background-attachment":"scroll","background-type":"","background-media":"","overlay-type":"","overlay-color":"","overlay-opacity":"","overlay-gradient":""},"mobile":{"background-color":"var(--ast-global-color-5)","background-image":"","background-repeat":"repeat","background-position":"center center","background-size":"auto","background-attachment":"scroll","background-type":"","background-media":"","overlay-type":"","overlay-color":"","overlay-opacity":"","overlay-gradient":""}}},"product_brand":[],"product_cat":[353],"product_tag":[1012],"class_list":{"0":"post-8738","1":"product","2":"type-product","3":"status-publish","4":"has-post-thumbnail","6":"product_cat-diyabet-peptidi","7":"product_tag-exenatide-acetate-cas-141732-76-5-used-as-an-enteral-hypoglycemic-agent-tr","8":"desktop-align-left","9":"tablet-align-left","10":"mobile-align-left","12":"first","13":"instock","14":"shipping-taxable","15":"product-type-simple"},"_links":{"self":[{"href":"https:\/\/puyapeptide.net\/tr\/wp-json\/wp\/v2\/product\/8738","targetHints":{"allow":["GET"]}}],"collection":[{"href":"https:\/\/puyapeptide.net\/tr\/wp-json\/wp\/v2\/product"}],"about":[{"href":"https:\/\/puyapeptide.net\/tr\/wp-json\/wp\/v2\/types\/product"}],"replies":[{"embeddable":true,"href":"https:\/\/puyapeptide.net\/tr\/wp-json\/wp\/v2\/comments?post=8738"}],"wp:featuredmedia":[{"embeddable":true,"href":"https:\/\/puyapeptide.net\/tr\/wp-json\/wp\/v2\/media\/2219"}],"wp:attachment":[{"href":"https:\/\/puyapeptide.net\/tr\/wp-json\/wp\/v2\/media?parent=8738"}],"wp:term":[{"taxonomy":"product_brand","embeddable":true,"href":"https:\/\/puyapeptide.net\/tr\/wp-json\/wp\/v2\/product_brand?post=8738"},{"taxonomy":"product_cat","embeddable":true,"href":"https:\/\/puyapeptide.net\/tr\/wp-json\/wp\/v2\/product_cat?post=8738"},{"taxonomy":"product_tag","embeddable":true,"href":"https:\/\/puyapeptide.net\/tr\/wp-json\/wp\/v2\/product_tag?post=8738"}],"curies":[{"name":"wp","href":"https:\/\/api.w.org\/{rel}","templated":true}]}}