{"id":8763,"date":"2021-12-17T03:04:33","date_gmt":"2021-12-17T08:04:33","guid":{"rendered":"https:\/\/puyapeptide.net\/product\/puya-supply-eptifibatide-cas-188627-80-7-trombosit-agregasyonunu-ve-trombozu-inhibe-eder\/"},"modified":"2021-12-17T03:04:33","modified_gmt":"2021-12-17T08:04:33","slug":"puya-supply-eptifibatide-cas-188627-80-7-trombosit-agregasyonunu-ve-trombozu-inhibe-eder","status":"publish","type":"product","link":"https:\/\/puyapeptide.net\/tr\/product\/puya-supply-eptifibatide-cas-188627-80-7-trombosit-agregasyonunu-ve-trombozu-inhibe-eder\/","title":{"rendered":"Puya Supply Eptifibatide CAS 188627-80-7 Trombosit agregasyonunu ve trombozu inhibe eder"},"content":{"rendered":"<h2><strong>Puya Supply Eptifibatide CAS 188627-80-7 Trombosit agregasyonunu ve trombozu inhibe eder<\/strong><\/h2>\n<p>\u00dcr\u00fcn Ad\u0131: Eptifibatide<br \/>\nE\u015f Anlamlar\u0131: Eptifibatide asetat tuzu;Eptifibatide,MPA-HAR-Gly-Asp-Trp-Pro-Cys-NH2,MPAHARGDWPC-NH2, &gt;99%;MAP-LYS-GLY-ASP- TRP-PRO-CYS-NH2;INTEGRELIN;Eptifibatid;N6-(Aminoiminometil)-N2-(3-merkapto-1-oksopropil-L-lisilglisil-La-aspartil-L-triptofil-L-prolil-L-sisteinamid;MPA -HAR-GLY-ASP-TRP-PRO-CYS-NH2(D\u0130S\u00dcLF\u0130T K\u00d6PR\u00dcS\u00dc, MPA1-CYS6);Intrifiban<br \/>\nCAS: 188627-80-7<br \/>\nMF: C35H49N11O9S2<br \/>\nMW: 831.96<br \/>\nEINECS : 641-366-7<br \/>\n\u00dcr\u00fcn Kategorileri: Ara \u00dcr\u00fcnler ve \u0130nce Kimyasallar;Peptitler;Pharmaceuticals<br \/>\nMol Dosya: 188627-80-7.mol<\/p>\n<p>Eptifibatid, 6&#39;dan olu\u015fan bir t\u00fcr sentetik siklik hekzapeptiddir. amino asitler ve 1 merkaptopropionil kal\u0131nt\u0131s\u0131 \u0130nsan trombositlerinin trombosit resept\u00f6r glikoproteini (GP) IIb\/IIIa&#39;ya ba\u011flanma ve trombosit agregasyonunu inhibe etme, b\u00f6ylece fibrinojen, von Willebrand fakt\u00f6r\u00fc ve di\u011fer yap\u0131\u015fkan ligandlar\u0131n ba\u011flanmas\u0131n\u0131 bloke etme yetene\u011fine sahiptir. akut koroner sendrom (ACS) ve Perk\u00fctan koroner i tedavisi i\u00e7in endikedir. m\u00fcdahale (PCI). Karars\u0131z angina veya ST segment y\u00fckselmeli olmayan miyokard enfeksiyonu olan hastalarda akut kardiyak iskemik olay riskini azaltabilir. Genellikle aspirin veya klopidogrel ve heparin ile birlikte kullan\u0131l\u0131r. \u00c7\u00f6zelti fazl\u0131 peptit sentezi yoluyla \u00fcretilebilir ve haz\u0131rlay\u0131c\u0131 ters fazl\u0131 s\u0131v\u0131 kromatografisi ve liyofilizasyon ile safla\u015ft\u0131r\u0131labilir. <\/p>\n<p> <strong>Eptifibatide CAS 188627-80-7 Kimyasal \u00d6zellikler<\/strong><br \/>\nyo\u011funluk 1,60\u00b10,1 g\/cm3(\u00d6ng\u00f6r\u00fclen)<br \/>\ndepolama s\u0131cakl\u0131\u011f\u0131. Kuru ortamda, Dondurucuda, -20\u00b0C&#39;nin alt\u0131nda saklay\u0131n<br \/>\npka 4.01\u00b10.10(Tahmini)<br \/>\nCAS Veri Taban\u0131 Referans\u0131 188627-80-7<\/p>\n<p> <strong>Eptifibatid CAS 188627-80- \u0130\u015flevi ve Uygulamas\u0131 7<\/strong><br \/>\nBir Arginin-glisin-aspartat-mimetik, kardiyak iskemik olay riskini azaltmak i\u00e7in trombositlere geri d\u00f6n\u00fc\u015f\u00fcml\u00fc olarak ba\u011flan\u0131r.<\/p>\n","protected":false},"excerpt":{"rendered":"<p>\u00dcr\u00fcn Ad\u0131: Eptifibatid<br \/>\nCAS: 188627-80-7<br \/>\nMF: C35H49N11O9S2<br \/>\nMW: 831.96<br \/>\nEINECS: 641-366-7<br \/>\nMol Dosya: 188627-80-7.mol<\/p>\n","protected":false},"featured_media":2114,"comment_status":"open","ping_status":"closed","template":"","meta":{"om_disable_all_campaigns":false,"_monsterinsights_skip_tracking":false,"_monsterinsights_sitenote_active":false,"_monsterinsights_sitenote_note":"","_monsterinsights_sitenote_category":0,"site-sidebar-layout":"default","site-content-layout":"default","ast-site-content-layout":"default","site-content-style":"default","site-sidebar-style":"default","ast-global-header-display":"","ast-banner-title-visibility":"","ast-main-header-display":"","ast-hfb-above-header-display":"","ast-hfb-below-header-display":"","ast-hfb-mobile-header-display":"","site-post-title":"","ast-breadcrumbs-content":"","ast-featured-img":"","footer-sml-layout":"","ast-disable-related-posts":"","theme-transparent-header-meta":"default","adv-header-id-meta":"","stick-header-meta":"","header-above-stick-meta":"","header-main-stick-meta":"","header-below-stick-meta":"","astra-migrate-meta-layouts":"default","ast-page-background-enabled":"default","ast-page-background-meta":{"desktop":{"background-color":"","background-image":"","background-repeat":"repeat","background-position":"center center","background-size":"auto","background-attachment":"scroll","background-type":"","background-media":"","overlay-type":"","overlay-color":"","overlay-opacity":"","overlay-gradient":""},"tablet":{"background-color":"","background-image":"","background-repeat":"repeat","background-position":"center center","background-size":"auto","background-attachment":"scroll","background-type":"","background-media":"","overlay-type":"","overlay-color":"","overlay-opacity":"","overlay-gradient":""},"mobile":{"background-color":"","background-image":"","background-repeat":"repeat","background-position":"center center","background-size":"auto","background-attachment":"scroll","background-type":"","background-media":"","overlay-type":"","overlay-color":"","overlay-opacity":"","overlay-gradient":""}},"ast-content-background-meta":{"desktop":{"background-color":"var(--ast-global-color-5)","background-image":"","background-repeat":"repeat","background-position":"center center","background-size":"auto","background-attachment":"scroll","background-type":"","background-media":"","overlay-type":"","overlay-color":"","overlay-opacity":"","overlay-gradient":""},"tablet":{"background-color":"var(--ast-global-color-5)","background-image":"","background-repeat":"repeat","background-position":"center center","background-size":"auto","background-attachment":"scroll","background-type":"","background-media":"","overlay-type":"","overlay-color":"","overlay-opacity":"","overlay-gradient":""},"mobile":{"background-color":"var(--ast-global-color-5)","background-image":"","background-repeat":"repeat","background-position":"center center","background-size":"auto","background-attachment":"scroll","background-type":"","background-media":"","overlay-type":"","overlay-color":"","overlay-opacity":"","overlay-gradient":""}}},"product_brand":[],"product_cat":[421],"product_tag":[993],"class_list":{"0":"post-8763","1":"product","2":"type-product","3":"status-publish","4":"has-post-thumbnail","6":"product_cat-kan-ve-vaskuler-peptit","7":"product_tag-puya-supply-eptifibatide-cas-188627-80-7-tr","8":"desktop-align-left","9":"tablet-align-left","10":"mobile-align-left","12":"first","13":"instock","14":"shipping-taxable","15":"product-type-simple"},"_links":{"self":[{"href":"https:\/\/puyapeptide.net\/tr\/wp-json\/wp\/v2\/product\/8763","targetHints":{"allow":["GET"]}}],"collection":[{"href":"https:\/\/puyapeptide.net\/tr\/wp-json\/wp\/v2\/product"}],"about":[{"href":"https:\/\/puyapeptide.net\/tr\/wp-json\/wp\/v2\/types\/product"}],"replies":[{"embeddable":true,"href":"https:\/\/puyapeptide.net\/tr\/wp-json\/wp\/v2\/comments?post=8763"}],"wp:featuredmedia":[{"embeddable":true,"href":"https:\/\/puyapeptide.net\/tr\/wp-json\/wp\/v2\/media\/2114"}],"wp:attachment":[{"href":"https:\/\/puyapeptide.net\/tr\/wp-json\/wp\/v2\/media?parent=8763"}],"wp:term":[{"taxonomy":"product_brand","embeddable":true,"href":"https:\/\/puyapeptide.net\/tr\/wp-json\/wp\/v2\/product_brand?post=8763"},{"taxonomy":"product_cat","embeddable":true,"href":"https:\/\/puyapeptide.net\/tr\/wp-json\/wp\/v2\/product_cat?post=8763"},{"taxonomy":"product_tag","embeddable":true,"href":"https:\/\/puyapeptide.net\/tr\/wp-json\/wp\/v2\/product_tag?post=8763"}],"curies":[{"name":"wp","href":"https:\/\/api.w.org\/{rel}","templated":true}]}}