{"id":8784,"date":"2021-12-17T03:06:08","date_gmt":"2021-12-17T08:06:08","guid":{"rendered":"https:\/\/puyapeptide.net\/product\/meme-kanseri-tedavisinde-kullanilan-yuksek-kaliteli-goserelin-asetat-cas-145781-92-6\/"},"modified":"2021-12-17T03:06:08","modified_gmt":"2021-12-17T08:06:08","slug":"meme-kanseri-tedavisinde-kullanilan-yuksek-kaliteli-goserelin-asetat-cas-145781-92-6","status":"publish","type":"product","link":"https:\/\/puyapeptide.net\/tr\/product\/meme-kanseri-tedavisinde-kullanilan-yuksek-kaliteli-goserelin-asetat-cas-145781-92-6\/","title":{"rendered":"Meme Kanseri Tedavisinde Kullan\u0131lan Y\u00fcksek Kaliteli Goserelin Asetat CAS 145781-92-6"},"content":{"rendered":"<h2><strong>Meme Kanseri Tedavisinde Kullan\u0131lan Y\u00fcksek Kaliteli Goserelin Asetat CAS 145781-92-6<\/strong><\/h2>\n<p>\u00dcr\u00fcn Ad\u0131: Goserelin asetat<br \/>\nE\u015f anlaml\u0131lar: PYR-HIS-TRP-SER-TYR-D-SER(TBU)-LEU-ARG-PRO-AZAGLY-NH2;[(T-BU)DSER6, (AZA) )GLY10]-LH-RH;[(T-BU)DSER6, (AZA)GLY10]-LUTE\u0130N\u0130Z\u0130C\u0130 HORMON YAYICI HORMON;ICI-118630 asetat;GOSERELIN HCL[PYR-HIS-TRP-SER-TYR-D-SER( T-BU)-LEU-ARG-PRO-AZAGLY-NH2];1-9-Luteinize edici hormon salg\u0131lat\u0131c\u0131 fakt\u00f6r (domuz), 6-(o-(1,1-dimetiletil)-D-serin)-, 2- (aminokarbonil)hidrazid, asetat (tuz);Fertilan;GLP-HIS-TRP-SER-TYR-D-SER(TBU)-LEU-ARG-PRO-AZA-GLY-NH2<br \/>\nCAS: 145781-92-6<br \/>\nMF: C59H84N18O14<br \/>\nMW: 1269.41<br \/>\nEINECS: 652-995-1<br \/>\n\u00dcr\u00fcn Kategorileri: Peptid;Pepetidler;Amino Asit T\u00fcrevleri;Ara \u00fcr\u00fcnler ve \u0130nce Kimyasallar;Peptitler;Pharmaceuticals<br \/>\nMol Dosyas\u0131: 145781-92-6.mol<\/p>\n<p>Goserelin asetat, l\u00f6prolid asetat gibi, do\u011fal hormondan daha fazla g\u00fcce sahip olan GnRH&#39;nin sentetik bir s\u00fcperagonist peptit olmayan analo\u011fudur. S\u0131ras\u0131yla Gly6 ve Gly10-NH2 yerine D-Ser(But) ve NH-NHCONH2 i\u00e7erdi\u011fine dikkat edin. Yani, C terminal modifikasyonu, Gly&#39;nin CH2&#39;sinin yerini alan bir NH&#39;ye sahiptir ve l\u00f6prolid asetattaki C-terminal de\u011fi\u015fikli\u011fi gibi, bu, postprolin karboksiamid peptidaz taraf\u0131ndan peptidin enzimatik bozunmas\u0131n\u0131 engeller. menopoz \u00f6ncesi ve perimenopozal kad\u0131nlarda ilerlemi\u015f, metastatik meme kanserinin palyatif tedavisi i\u00e7in bir SC implant\u0131 olarak veya benzer \u015fekilde ilerlemi\u015f prostat kanserinde palyatif olarak uygulanan k\u00fc\u00e7\u00fck, kat\u0131 bir pelet formu. Bu ilac\u0131n kullan\u0131m\u0131n\u0131n mant\u0131\u011f\u0131, yukar\u0131da a\u00e7\u0131kland\u0131\u011f\u0131 gibi, bir s\u00fcperagonist olarak \u00f6stradiol veya testosteron seviyelerini yak\u0131n kastrasyon seviyelerine getirme, dolay\u0131s\u0131yla s\u0131ras\u0131yla meme veya prostat karsinomunun ilerlemesini yava\u015flatma yetene\u011fidir. Ek olarak, goserelin asetat, endometriozis tedavisinde 6 aya kadar kullan\u0131m i\u00e7in onaylanm\u0131\u015ft\u0131r.<\/p>\n<p> <strong>Goserelin asetat CAS 145781-92-6 Kimyasal \u00d6zellikler<\/strong><br \/>\nErime noktas\u0131 &gt;190\u00b0C (dec.)<br \/>\nsaklama s\u0131cakl\u0131k -20\u00b0C<br \/>\n\u00e7\u00f6z\u00fcn\u00fcrl\u00fck H2O: 20 mg\/mL, berrak, renksiz<br \/>\nbeyaz toz halinde<br \/>\nInChIKey IKDXDQDKCZPQSZ-JHYYTBFNSA-N<br \/>\nCAS Veritaban\u0131 Referans\u0131 145781-92-6<\/p>\n<p> <strong>\u0130\u015flev ve Uygulama Goserelin asetat CAS 145781-92-6<\/strong><br \/>\n1. Antikanser<br \/>\n2. meme, prostat ve endometriyal kanserlerde enjekte edilebilir gonadotropin salg\u0131lat\u0131c\u0131 hormon s\u00fcperagonisti (GnRH agonisti) veya luteinize edici hormon antiproliferatif aktivite<br \/>\n3. LH-RH&#39;nin sentetik peptit agonisti analo\u011fu. Antineoplastik (hormonal).<\/p>\n","protected":false},"excerpt":{"rendered":"<p>\u00dcr\u00fcn Ad\u0131: Goserelin asetat<br \/>\nCAS: 145781-92-6<br \/>\nMF: C59H84N18O14<br \/>\nMW: 1269.41<br \/>\nEINECS: 652-995-1<br \/>\nMol Dosya: 145781-92-6.mol<\/p>\n","protected":false},"featured_media":2219,"comment_status":"open","ping_status":"closed","template":"","meta":{"om_disable_all_campaigns":false,"_monsterinsights_skip_tracking":false,"_monsterinsights_sitenote_active":false,"_monsterinsights_sitenote_note":"","_monsterinsights_sitenote_category":0,"site-sidebar-layout":"default","site-content-layout":"default","ast-site-content-layout":"default","site-content-style":"default","site-sidebar-style":"default","ast-global-header-display":"","ast-banner-title-visibility":"","ast-main-header-display":"","ast-hfb-above-header-display":"","ast-hfb-below-header-display":"","ast-hfb-mobile-header-display":"","site-post-title":"","ast-breadcrumbs-content":"","ast-featured-img":"","footer-sml-layout":"","ast-disable-related-posts":"","theme-transparent-header-meta":"default","adv-header-id-meta":"","stick-header-meta":"","header-above-stick-meta":"","header-main-stick-meta":"","header-below-stick-meta":"","astra-migrate-meta-layouts":"default","ast-page-background-enabled":"default","ast-page-background-meta":{"desktop":{"background-color":"","background-image":"","background-repeat":"repeat","background-position":"center center","background-size":"auto","background-attachment":"scroll","background-type":"","background-media":"","overlay-type":"","overlay-color":"","overlay-opacity":"","overlay-gradient":""},"tablet":{"background-color":"","background-image":"","background-repeat":"repeat","background-position":"center center","background-size":"auto","background-attachment":"scroll","background-type":"","background-media":"","overlay-type":"","overlay-color":"","overlay-opacity":"","overlay-gradient":""},"mobile":{"background-color":"","background-image":"","background-repeat":"repeat","background-position":"center center","background-size":"auto","background-attachment":"scroll","background-type":"","background-media":"","overlay-type":"","overlay-color":"","overlay-opacity":"","overlay-gradient":""}},"ast-content-background-meta":{"desktop":{"background-color":"var(--ast-global-color-5)","background-image":"","background-repeat":"repeat","background-position":"center center","background-size":"auto","background-attachment":"scroll","background-type":"","background-media":"","overlay-type":"","overlay-color":"","overlay-opacity":"","overlay-gradient":""},"tablet":{"background-color":"var(--ast-global-color-5)","background-image":"","background-repeat":"repeat","background-position":"center center","background-size":"auto","background-attachment":"scroll","background-type":"","background-media":"","overlay-type":"","overlay-color":"","overlay-opacity":"","overlay-gradient":""},"mobile":{"background-color":"var(--ast-global-color-5)","background-image":"","background-repeat":"repeat","background-position":"center center","background-size":"auto","background-attachment":"scroll","background-type":"","background-media":"","overlay-type":"","overlay-color":"","overlay-opacity":"","overlay-gradient":""}}},"product_brand":[],"product_cat":[387],"product_tag":[970],"class_list":{"0":"post-8784","1":"product","2":"type-product","3":"status-publish","4":"has-post-thumbnail","6":"product_cat-anti-tumor-peptidi","7":"product_tag-goserelin-acetate-cas-145781-92-6-used-for-treat-breast-cancer-tr","8":"desktop-align-left","9":"tablet-align-left","10":"mobile-align-left","12":"first","13":"instock","14":"shipping-taxable","15":"product-type-simple"},"_links":{"self":[{"href":"https:\/\/puyapeptide.net\/tr\/wp-json\/wp\/v2\/product\/8784","targetHints":{"allow":["GET"]}}],"collection":[{"href":"https:\/\/puyapeptide.net\/tr\/wp-json\/wp\/v2\/product"}],"about":[{"href":"https:\/\/puyapeptide.net\/tr\/wp-json\/wp\/v2\/types\/product"}],"replies":[{"embeddable":true,"href":"https:\/\/puyapeptide.net\/tr\/wp-json\/wp\/v2\/comments?post=8784"}],"wp:featuredmedia":[{"embeddable":true,"href":"https:\/\/puyapeptide.net\/tr\/wp-json\/wp\/v2\/media\/2219"}],"wp:attachment":[{"href":"https:\/\/puyapeptide.net\/tr\/wp-json\/wp\/v2\/media?parent=8784"}],"wp:term":[{"taxonomy":"product_brand","embeddable":true,"href":"https:\/\/puyapeptide.net\/tr\/wp-json\/wp\/v2\/product_brand?post=8784"},{"taxonomy":"product_cat","embeddable":true,"href":"https:\/\/puyapeptide.net\/tr\/wp-json\/wp\/v2\/product_cat?post=8784"},{"taxonomy":"product_tag","embeddable":true,"href":"https:\/\/puyapeptide.net\/tr\/wp-json\/wp\/v2\/product_tag?post=8784"}],"curies":[{"name":"wp","href":"https:\/\/api.w.org\/{rel}","templated":true}]}}