{"id":8869,"date":"2021-12-17T03:11:01","date_gmt":"2021-12-17T08:11:01","guid":{"rendered":"https:\/\/puyapeptide.net\/product\/akut-varis-kanamasini-tedavi-etmek-icin-yuksek-kaliteli-terlipressin-asetat-cas-14636-12-5\/"},"modified":"2021-12-17T03:11:01","modified_gmt":"2021-12-17T08:11:01","slug":"akut-varis-kanamasini-tedavi-etmek-icin-yuksek-kaliteli-terlipressin-asetat-cas-14636-12-5","status":"publish","type":"product","link":"https:\/\/puyapeptide.net\/tr\/product\/akut-varis-kanamasini-tedavi-etmek-icin-yuksek-kaliteli-terlipressin-asetat-cas-14636-12-5\/","title":{"rendered":"Akut Varis Kanamas\u0131n\u0131 Tedavi Etmek \u0130\u00e7in Y\u00fcksek Kaliteli Terlipressin Asetat CAS 14636-12-5"},"content":{"rendered":"<h2><strong>Akut Varis Kanamas\u0131n\u0131 Tedavi Etmek \u0130\u00e7in Y\u00fcksek Kaliteli Terlipressin Asetat CAS 14636-12-5<\/strong><\/h2>\n<p>\u00dcr\u00fcn Ad\u0131: N-(N-(N-Glycylglycyl)glycyl)-8-L-lysinevasopressin<br \/>\nE\u015f anlaml\u0131lar: [N-\u03b1-Triglycyl-8-lysine]-vasopressin;130: PN: W02010033207 SIRA K\u0130ML\u0130K: 171 ClaiMed protein;1-Triglycyl-8-lysine Vasopressin;Na-Glycyl-glycyl-glycyl-[8-lysine]-vasopressin;Na-Glycyl-glycyl-glycyl-lysine-vasopressin;Na-Glycylglycylglycyl;N\u03b1-vasopressin -Gly-Gly-8-Lys-vazopressin;Terlipressin, Terlipressin, Terlipressina, Terlipressinum<br \/>\nCAS: 14636-12-5<br \/>\nMF: C52H74N16O15S2<br \/>\nMW: 1227.37<br \/>\nEINECS: 238-680-8<br \/>\n\u00dcr\u00fcn Kategorileri: hormonlar;Peptid;Amino Asit T\u00fcrevleri<br \/>\nMol Dosya: 14636-12-5.mol<\/p>\n<p>Terlipressinin kimyasal ad\u0131, yeni bir sentetik t\u00fcr\u00fc olan s\u00fclinde triglisilamid lizindir. uzun etkili anjiyojenik preparasyon. Kendi ba\u015f\u0131na inaktif olan bir \u00f6n ila\u00e7t\u0131r. N-terminalindeki 3 glisin ikame kal\u0131nt\u0131s\u0131n\u0131 \u00e7\u0131kard\u0131ktan sonra, aktif lizin art\u0131y\u0131 yava\u015f\u00e7a &quot;serbest b\u0131rak\u0131r&quot; Bu nedenle, terlipressin, lizin vazopressini sabit bir oranda salabilen bir rezervuara e\u015fde\u011ferdir.<\/p>\n<p> <strong>Terlipressin Asetat\u0131n Kimyasal \u00d6zellikleri CAS 14636-12-5<\/strong><br \/>\nKaynama noktas\u0131 1824,0\u00b165,0 \u00b0C(Tahmini)<br \/>\nyo\u011funluk 1,46\u00b10,1 g\/cm3(Tahmini)<br \/>\ndepolama s\u0131cakl\u0131\u011f\u0131. Karanl\u0131k yerde saklay\u0131n,Atmosferde,Dondurucuda -20\u00b0C&#39;nin alt\u0131nda saklay\u0131n<br \/>\npka 9,90\u00b10,15(\u00d6ng\u00f6r\u00fclen)<br \/>\nCAS Veritaban\u0131 Referans\u0131 14636-12-5(CAS Veritaban\u0131 Referans\u0131)<\/p>\n<p> <strong>Fonksiyon Ve Terlipressin Asetat Uygulamas\u0131 CAS 14636-12-5<\/strong><br \/>\nN-(N-(N-Glycylglycyl)glycyl)-8-L-lysinevasopressin, hipotansiyon tedavisinde vazoaktif bir ila\u00e7 olarak kullan\u0131lan bir vazopressin analo\u011fudur. N-(N-(N-Glycylglycyl)glycyl)-8-L-lysinevasopressin norepinefrine diren\u00e7li septik \u015fok ve hepatorenal sendromda kullan\u0131l\u0131r. N-(N-(N-Glycylglycyl)glycyl)-8-L-lysinevasopressin akut varis kanamas\u0131n\u0131n tedavisinde de kullan\u0131l\u0131r.<\/p>\n","protected":false},"excerpt":{"rendered":"<p>\u00dcr\u00fcn Ad\u0131: N-(N-(N-Glycylglycyl)glycyl)-8-L-lysinevasopressin<br \/>\nCAS: 14636-12-5<br \/>\nMF: C52H74N16O15S2<br \/>\nMW: 1227.37<br \/>\nEINECS: 238- 680-8<br \/>\n\u00dcr\u00fcn Kategorileri: hormonlar;Peptid;Amino Asit T\u00fcrevleri<br \/>\nMol Dosya: 14636-12-5.mol<\/p>\n","protected":false},"featured_media":2303,"comment_status":"open","ping_status":"closed","template":"","meta":{"om_disable_all_campaigns":false,"_monsterinsights_skip_tracking":false,"_monsterinsights_sitenote_active":false,"_monsterinsights_sitenote_note":"","_monsterinsights_sitenote_category":0,"site-sidebar-layout":"default","site-content-layout":"default","ast-site-content-layout":"default","site-content-style":"default","site-sidebar-style":"default","ast-global-header-display":"","ast-banner-title-visibility":"","ast-main-header-display":"","ast-hfb-above-header-display":"","ast-hfb-below-header-display":"","ast-hfb-mobile-header-display":"","site-post-title":"","ast-breadcrumbs-content":"","ast-featured-img":"","footer-sml-layout":"","ast-disable-related-posts":"","theme-transparent-header-meta":"default","adv-header-id-meta":"","stick-header-meta":"","header-above-stick-meta":"","header-main-stick-meta":"","header-below-stick-meta":"","astra-migrate-meta-layouts":"default","ast-page-background-enabled":"default","ast-page-background-meta":{"desktop":{"background-color":"","background-image":"","background-repeat":"repeat","background-position":"center center","background-size":"auto","background-attachment":"scroll","background-type":"","background-media":"","overlay-type":"","overlay-color":"","overlay-opacity":"","overlay-gradient":""},"tablet":{"background-color":"","background-image":"","background-repeat":"repeat","background-position":"center center","background-size":"auto","background-attachment":"scroll","background-type":"","background-media":"","overlay-type":"","overlay-color":"","overlay-opacity":"","overlay-gradient":""},"mobile":{"background-color":"","background-image":"","background-repeat":"repeat","background-position":"center center","background-size":"auto","background-attachment":"scroll","background-type":"","background-media":"","overlay-type":"","overlay-color":"","overlay-opacity":"","overlay-gradient":""}},"ast-content-background-meta":{"desktop":{"background-color":"var(--ast-global-color-5)","background-image":"","background-repeat":"repeat","background-position":"center center","background-size":"auto","background-attachment":"scroll","background-type":"","background-media":"","overlay-type":"","overlay-color":"","overlay-opacity":"","overlay-gradient":""},"tablet":{"background-color":"var(--ast-global-color-5)","background-image":"","background-repeat":"repeat","background-position":"center center","background-size":"auto","background-attachment":"scroll","background-type":"","background-media":"","overlay-type":"","overlay-color":"","overlay-opacity":"","overlay-gradient":""},"mobile":{"background-color":"var(--ast-global-color-5)","background-image":"","background-repeat":"repeat","background-position":"center center","background-size":"auto","background-attachment":"scroll","background-type":"","background-media":"","overlay-type":"","overlay-color":"","overlay-opacity":"","overlay-gradient":""}}},"product_brand":[],"product_cat":[421],"product_tag":[880],"class_list":{"0":"post-8869","1":"product","2":"type-product","3":"status-publish","4":"has-post-thumbnail","6":"product_cat-kan-ve-vaskuler-peptit","7":"product_tag-terlipressin-acetate-cas-14636-12-5-for-treat-acute-variceal-bleeding-tr","8":"desktop-align-left","9":"tablet-align-left","10":"mobile-align-left","12":"first","13":"instock","14":"shipping-taxable","15":"product-type-simple"},"_links":{"self":[{"href":"https:\/\/puyapeptide.net\/tr\/wp-json\/wp\/v2\/product\/8869","targetHints":{"allow":["GET"]}}],"collection":[{"href":"https:\/\/puyapeptide.net\/tr\/wp-json\/wp\/v2\/product"}],"about":[{"href":"https:\/\/puyapeptide.net\/tr\/wp-json\/wp\/v2\/types\/product"}],"replies":[{"embeddable":true,"href":"https:\/\/puyapeptide.net\/tr\/wp-json\/wp\/v2\/comments?post=8869"}],"wp:featuredmedia":[{"embeddable":true,"href":"https:\/\/puyapeptide.net\/tr\/wp-json\/wp\/v2\/media\/2303"}],"wp:attachment":[{"href":"https:\/\/puyapeptide.net\/tr\/wp-json\/wp\/v2\/media?parent=8869"}],"wp:term":[{"taxonomy":"product_brand","embeddable":true,"href":"https:\/\/puyapeptide.net\/tr\/wp-json\/wp\/v2\/product_brand?post=8869"},{"taxonomy":"product_cat","embeddable":true,"href":"https:\/\/puyapeptide.net\/tr\/wp-json\/wp\/v2\/product_cat?post=8869"},{"taxonomy":"product_tag","embeddable":true,"href":"https:\/\/puyapeptide.net\/tr\/wp-json\/wp\/v2\/product_tag?post=8869"}],"curies":[{"name":"wp","href":"https:\/\/api.w.org\/{rel}","templated":true}]}}