{"id":8891,"date":"2021-12-17T03:12:11","date_gmt":"2021-12-17T08:12:11","guid":{"rendered":"https:\/\/puyapeptide.net\/product\/antikanser-buyumesini-onleyen-antisekretuar-sandostatin-icin-en-kaliteli-octreotide-cas-79517-01-4\/"},"modified":"2021-12-17T03:12:11","modified_gmt":"2021-12-17T08:12:11","slug":"antikanser-buyumesini-onleyen-antisekretuar-sandostatin-icin-en-kaliteli-octreotide-cas-79517-01-4","status":"publish","type":"product","link":"https:\/\/puyapeptide.net\/tr\/product\/antikanser-buyumesini-onleyen-antisekretuar-sandostatin-icin-en-kaliteli-octreotide-cas-79517-01-4\/","title":{"rendered":"Antikanser B\u00fcy\u00fcmesini \u00d6nleyen Antisekretuar Sandostatin \u0130\u00e7in En Kaliteli Octreotide CAS 79517-01-4"},"content":{"rendered":"<h2><strong>Antikanser B\u00fcy\u00fcmesini \u00d6nleyen Antisekretuar Sandostatin \u0130\u00e7in En Kaliteli Octreotide CAS 79517-01-4<\/strong><\/h2>\n<p>\u00dcr\u00fcn Ad\u0131: Octreotide<br \/>\nE\u015f Anlaml\u0131lar\u0131: SANDOSTATIN;SMS-201-995;[r-(r*,r*)]-d-fenilalanil-l-sisteinil-l-fenilalanil-d-triptophyl-l- lisil-1-treonil-n-[2-hidroksi-1-(hidroksi-metil)propil]-sisteinamid siklik(2-&gt;7)-dis\u00fclfid;OKTREOT\u0130T;OKTREOT\u0130T (SMS 201-995), ASETAT;siklik(2- 7)-dis\u00fclfid,(rl-treonil-n-(2-hidroksi-1-(hidroksimetil)propil); Oktreotid (D-Phe5,Cys6.11,D-Trp8,L-Threoninol12)-SoMatostatin-14 (5- 12), SMS-201-995;D-Fenilalanil-L-sisteinil-L-fenilalanil-D-triptofil-L-lisil-L-threonil-N-[(1R,2R)-2-hidroksi-1-(hidroksiMetil )propil]-<br \/>\nCAS: 79517-01-4<br \/>\nMF: C51H70N10O12S2<br \/>\nMW: 1079.3<br \/>\nEINECS: 616-695-4<br \/>\n\u00dcr\u00fcn Kategorileri: peptid;Somatostatin resept\u00f6r\u00fc;Amino Asit T\u00fcrevleri ;Ara \u00fcr\u00fcnler &amp; \u0130nce Kimyasallar;Peptitler;Pharmaceuticals<br \/>\nMol Dosya: 79517-01-4.mol<\/p>\n<p>Octreotide, sindirim sisteminde kullan\u0131lan sentetik 8-peptid siklik bir bile\u015fiktir.Do\u011fal Somatostatinin bir homologudur. Do\u011fal Somatostatinin farmakolojik aktivitesine ve uzun s\u00fcreli etkiye sahiptir (yar\u0131m li Bu \u00fcr\u00fcn\u00fcn s\u00fcresi 1.5 saat, do\u011fal Somatostatin ise 2-3 dakikad\u0131r. Bu \u00fcr\u00fcn, do\u011fal somatostatinden daha g\u00fc\u00e7l\u00fc olan b\u00fcy\u00fcme hormonu, glukagon ve ins\u00fclin salg\u0131lanmas\u0131n\u0131 se\u00e7ici olarak inhibe edebilir.<\/p>\n<p> <strong>Fonksiyon ve Uygulamas\u0131 Oktreotid CAS 79517-01-4<\/strong><br \/>\n1. Somatostatinin oktapeptid analo\u011fu. Mide salg\u0131s\u0131n\u0131 \u00f6nleyici bir madde. Akromegali tedavisinde kullan\u0131l\u0131r<br \/>\n2. do\u011fal hormon somatostatin<br \/>\n3. Oktreotid asetat USP (Sandostatin), Mestastatik karsinoid t\u00fcm\u00f6rleri tedavi etmek i\u00e7in kullan\u0131l\u0131r; vazoaktif ba\u011f\u0131rsak peptit salg\u0131layan t\u00fcm\u00f6rler.<\/p>\n<p>Octreotid, belirli kanser t\u00fcrlerinin neden oldu\u011fu diyare ve cilt k\u0131zarmas\u0131n\u0131 tedavi etmek i\u00e7in kullan\u0131lan bir ila\u00e7t\u0131r.<\/p>\n","protected":false},"excerpt":{"rendered":"<p>\u00dcr\u00fcn Ad\u0131: Octreotide<br \/>\nCAS: 79517-01-4<br \/>\nMF: C51H70N10O12S2<br \/>\nMW: 1079.3<br \/>\nEINECS: 616-695-4<\/p>\n","protected":false},"featured_media":2282,"comment_status":"open","ping_status":"closed","template":"","meta":{"om_disable_all_campaigns":false,"_monsterinsights_skip_tracking":false,"_monsterinsights_sitenote_active":false,"_monsterinsights_sitenote_note":"","_monsterinsights_sitenote_category":0,"site-sidebar-layout":"default","site-content-layout":"default","ast-site-content-layout":"default","site-content-style":"default","site-sidebar-style":"default","ast-global-header-display":"","ast-banner-title-visibility":"","ast-main-header-display":"","ast-hfb-above-header-display":"","ast-hfb-below-header-display":"","ast-hfb-mobile-header-display":"","site-post-title":"","ast-breadcrumbs-content":"","ast-featured-img":"","footer-sml-layout":"","ast-disable-related-posts":"","theme-transparent-header-meta":"default","adv-header-id-meta":"","stick-header-meta":"","header-above-stick-meta":"","header-main-stick-meta":"","header-below-stick-meta":"","astra-migrate-meta-layouts":"default","ast-page-background-enabled":"default","ast-page-background-meta":{"desktop":{"background-color":"","background-image":"","background-repeat":"repeat","background-position":"center center","background-size":"auto","background-attachment":"scroll","background-type":"","background-media":"","overlay-type":"","overlay-color":"","overlay-opacity":"","overlay-gradient":""},"tablet":{"background-color":"","background-image":"","background-repeat":"repeat","background-position":"center center","background-size":"auto","background-attachment":"scroll","background-type":"","background-media":"","overlay-type":"","overlay-color":"","overlay-opacity":"","overlay-gradient":""},"mobile":{"background-color":"","background-image":"","background-repeat":"repeat","background-position":"center center","background-size":"auto","background-attachment":"scroll","background-type":"","background-media":"","overlay-type":"","overlay-color":"","overlay-opacity":"","overlay-gradient":""}},"ast-content-background-meta":{"desktop":{"background-color":"var(--ast-global-color-5)","background-image":"","background-repeat":"repeat","background-position":"center center","background-size":"auto","background-attachment":"scroll","background-type":"","background-media":"","overlay-type":"","overlay-color":"","overlay-opacity":"","overlay-gradient":""},"tablet":{"background-color":"var(--ast-global-color-5)","background-image":"","background-repeat":"repeat","background-position":"center center","background-size":"auto","background-attachment":"scroll","background-type":"","background-media":"","overlay-type":"","overlay-color":"","overlay-opacity":"","overlay-gradient":""},"mobile":{"background-color":"var(--ast-global-color-5)","background-image":"","background-repeat":"repeat","background-position":"center center","background-size":"auto","background-attachment":"scroll","background-type":"","background-media":"","overlay-type":"","overlay-color":"","overlay-opacity":"","overlay-gradient":""}}},"product_brand":[],"product_cat":[387],"product_tag":[858],"class_list":{"0":"post-8891","1":"product","2":"type-product","3":"status-publish","4":"has-post-thumbnail","6":"product_cat-anti-tumor-peptidi","7":"product_tag-top-quality-octreotide-cas-79517-01-4-for-anticancer-growth-inhibiting-tr","8":"desktop-align-left","9":"tablet-align-left","10":"mobile-align-left","12":"first","13":"instock","14":"shipping-taxable","15":"product-type-simple"},"_links":{"self":[{"href":"https:\/\/puyapeptide.net\/tr\/wp-json\/wp\/v2\/product\/8891","targetHints":{"allow":["GET"]}}],"collection":[{"href":"https:\/\/puyapeptide.net\/tr\/wp-json\/wp\/v2\/product"}],"about":[{"href":"https:\/\/puyapeptide.net\/tr\/wp-json\/wp\/v2\/types\/product"}],"replies":[{"embeddable":true,"href":"https:\/\/puyapeptide.net\/tr\/wp-json\/wp\/v2\/comments?post=8891"}],"wp:featuredmedia":[{"embeddable":true,"href":"https:\/\/puyapeptide.net\/tr\/wp-json\/wp\/v2\/media\/2282"}],"wp:attachment":[{"href":"https:\/\/puyapeptide.net\/tr\/wp-json\/wp\/v2\/media?parent=8891"}],"wp:term":[{"taxonomy":"product_brand","embeddable":true,"href":"https:\/\/puyapeptide.net\/tr\/wp-json\/wp\/v2\/product_brand?post=8891"},{"taxonomy":"product_cat","embeddable":true,"href":"https:\/\/puyapeptide.net\/tr\/wp-json\/wp\/v2\/product_cat?post=8891"},{"taxonomy":"product_tag","embeddable":true,"href":"https:\/\/puyapeptide.net\/tr\/wp-json\/wp\/v2\/product_tag?post=8891"}],"curies":[{"name":"wp","href":"https:\/\/api.w.org\/{rel}","templated":true}]}}