{"id":8916,"date":"2021-12-17T03:14:23","date_gmt":"2021-12-17T08:14:23","guid":{"rendered":"https:\/\/puyapeptide.net\/product\/karbetosin-asetat-cas-37025-55-1-zayif-rahim-kasilmalarinin-ve-sonunda-sonunun-bitlerinin\/"},"modified":"2021-12-17T03:14:23","modified_gmt":"2021-12-17T08:14:23","slug":"karbetosin-asetat-cas-37025-55-1-zayif-rahim-kasilmalarinin-ve-sonunda-sonunun-bitlerinin","status":"publish","type":"product","link":"https:\/\/puyapeptide.net\/tr\/product\/karbetosin-asetat-cas-37025-55-1-zayif-rahim-kasilmalarinin-ve-sonunda-sonunun-bitlerinin\/","title":{"rendered":"Karbetosin Asetat CAS 37025-55-1 zay\u0131f rahim kas\u0131lmalar\u0131n\u0131n ve sonunda sonunun bitlerinin"},"content":{"rendered":"<h2><strong>Karbetosin Asetat CAS 37025-55-1 zay\u0131f rahim kas\u0131lmalar\u0131n\u0131n ve sonunda sonunun bitlerinin<\/strong><\/h2>\n<p>\u00dcr\u00fcn Ad\u0131: CARBETOSIN<br \/>\nE\u015f Anlaml\u0131lar\u0131: BUTYRYL-TYR(ME)-ILE-GLN-ASN-CYS-PRO-LEU-GLY-NH2, (BUTYRYL-4-YL VE CYS ARASINDAK\u0130 S\u00dcLF\u0130T BA\u011e);BUTYRYL &#8211; TYR(ME)-ILE-GLN-ASN-CYS-PRO-LEU-GLY-NH2 TR\u0130FLOROACETAT TUZU;(BUT\u0130R\u0130L1,TYR(ME)2)-1-KARBAOKS\u0130TOS\u0130N TRFLOROASETAT TUZU;(BUT\u0130R\u0130L1,TYR(ME)2)- OKS\u0130TOS\u0130N ;(BUT\u0130R\u0130L1,TYR(ME)2)-OKS\u0130TOS\u0130N TR\u0130FLOROASETAT TUZu;KARBETOS\u0130N;KARBETOS\u0130N TR\u0130FLOROACETAT TUZU;(2-O-MET\u0130LT\u0130ROS\u0130N)-DE-AM\u0130NO-1-KARBAOKS\u0130TOS\u0130N<br \/>\nCAS:&lt;&gt;37025-55-1 MF : C45H69N11O12S<br \/>\nMW: 988.17<br \/>\nEINECS: 253-312-6<br \/>\n\u00dcr\u00fcn Kategorileri: Di\u011fer API&#39;ler;Peptid;Vasopressin ve Oksitosin resept\u00f6r\u00fc;Ara \u00fcr\u00fcnler ve \u0130nce Kimyasallar;\u0130la\u00e7lar<br \/>\nMol Dosyas\u0131: 37025-&amp; &#39;55- 1.mol&lt;&gt;&lt;&gt;Karbetosin, do\u011fal olarak olu\u015fan oksitosine klinik ve farmakolojik i\u00e7eri\u011fi, agonist sahip uzun oksitosin 8-peptid analo\u011fudur. Oksitosin gibi, karbetosin de rahmin d\u00fcz kas\u0131ndaki oksitosin s\u0131n\u0131flar\u0131na ba\u011flanarak rahmin sistemik bir kas\u0131lmas\u0131na neden olur, bu da orijinal Chemicalbook&#39;un s\u0131kl\u0131\u011f\u0131n\u0131n \u00fczerineli\u011fini ve uterusa ba\u011fl\u0131. Hamile olmayan durumda, rahimdeki oksitosin \u015fans\u0131n\u0131n d\u00fc\u015f\u00fckse, hamilelikte artar ve do\u011fumda zirveye ula\u015f\u0131r. Bu artan kabergolin gebe olmayan <strong>uterusa<\/strong> hi\u00e7bir etkisi yoktur, ancak gebe ve yeni bir uterus etkisi vard\u0131r. = 0,25 in 1M asetik asit)<br \/>\nKaynama noktas\u0131 1477,9\u00b165,0 \u00b0C(Tahmini)<br \/>\nyo\u011funluk 1,218\u00b10,06 g\/cm3(Tahmini)<br \/>\ndepolama kayna\u011f\u0131. -15\u00b0C<br \/>\ntoz \u015feklinde<br \/>\npka 13.07\u00b10.70(Tahmini)<br \/>\nrenk beyazdan bej&#39;e<\/p>\n<p> <strong>Karbetosinin \u0130\u015flevi ve Uygulamas\u0131<\/strong><br \/>\nSezaryen i\u00e7in elektif epidural veya lomber anestezi sonras\u0131 uygulama i\u00e7in zay\u0131f rahim kaslar\u0131n\u0131 ve genel hava durumu i\u00e7in.<br \/>\nAcil sezaryen i\u00e7in kullan\u0131m kapsam\u0131nda kapsaml\u0131 sezaryen, klasik sezaryen, epidural veya spinal anestezi veya \u00f6nemli kalp hastalar\u0131, sonu\u00e7ta, &quot;\u00f6\u011frenim veya hasta muayenesi, \u00f6l\u00fcm ile anne muayenesi ve endokrin hastalar\u0131 i\u00e7in. (gebelik diyabeti hari\u00e7) Karbetosin kullan\u0131m\u0131 ara\u015ft\u0131r\u0131lmam\u0131\u015ft\u0131r. Vajinal do\u011fumdan sonra karbetosin uygulamas\u0131 ne gibi \u00e7al\u0131\u015f\u0131lmam\u0131\u015ft\u0131r ve doz belirlenmemi\u015ftir.<\/p>\n","protected":false},"excerpt":{"rendered":"<p>\u00dcr\u00fcn Ad\u0131: KARBETOS\u0130N<br \/>\nCAS: 37025-55-1<br \/>\nMF: C45H69N11O12S<br \/>\nMW: 988.17<br \/>\nEINECS: 253-312-6<br \/>\nMol Dosya: 37025-55-1.mol<\/p>\n","protected":false},"featured_media":2219,"comment_status":"open","ping_status":"closed","template":"","meta":{"om_disable_all_campaigns":false,"_monsterinsights_skip_tracking":false,"_monsterinsights_sitenote_active":false,"_monsterinsights_sitenote_note":"","_monsterinsights_sitenote_category":0,"site-sidebar-layout":"default","site-content-layout":"default","ast-site-content-layout":"default","site-content-style":"default","site-sidebar-style":"default","ast-global-header-display":"","ast-banner-title-visibility":"","ast-main-header-display":"","ast-hfb-above-header-display":"","ast-hfb-below-header-display":"","ast-hfb-mobile-header-display":"","site-post-title":"","ast-breadcrumbs-content":"","ast-featured-img":"","footer-sml-layout":"","ast-disable-related-posts":"","theme-transparent-header-meta":"default","adv-header-id-meta":"","stick-header-meta":"","header-above-stick-meta":"","header-main-stick-meta":"","header-below-stick-meta":"","astra-migrate-meta-layouts":"default","ast-page-background-enabled":"default","ast-page-background-meta":{"desktop":{"background-color":"","background-image":"","background-repeat":"repeat","background-position":"center center","background-size":"auto","background-attachment":"scroll","background-type":"","background-media":"","overlay-type":"","overlay-color":"","overlay-opacity":"","overlay-gradient":""},"tablet":{"background-color":"","background-image":"","background-repeat":"repeat","background-position":"center center","background-size":"auto","background-attachment":"scroll","background-type":"","background-media":"","overlay-type":"","overlay-color":"","overlay-opacity":"","overlay-gradient":""},"mobile":{"background-color":"","background-image":"","background-repeat":"repeat","background-position":"center center","background-size":"auto","background-attachment":"scroll","background-type":"","background-media":"","overlay-type":"","overlay-color":"","overlay-opacity":"","overlay-gradient":""}},"ast-content-background-meta":{"desktop":{"background-color":"var(--ast-global-color-5)","background-image":"","background-repeat":"repeat","background-position":"center center","background-size":"auto","background-attachment":"scroll","background-type":"","background-media":"","overlay-type":"","overlay-color":"","overlay-opacity":"","overlay-gradient":""},"tablet":{"background-color":"var(--ast-global-color-5)","background-image":"","background-repeat":"repeat","background-position":"center center","background-size":"auto","background-attachment":"scroll","background-type":"","background-media":"","overlay-type":"","overlay-color":"","overlay-opacity":"","overlay-gradient":""},"mobile":{"background-color":"var(--ast-global-color-5)","background-image":"","background-repeat":"repeat","background-position":"center center","background-size":"auto","background-attachment":"scroll","background-type":"","background-media":"","overlay-type":"","overlay-color":"","overlay-opacity":"","overlay-gradient":""}}},"product_brand":[],"product_cat":[443],"product_tag":[838],"class_list":{"0":"post-8916","1":"product","2":"type-product","3":"status-publish","4":"has-post-thumbnail","6":"product_cat-urogenital-peptit","7":"product_tag-carbetocin-acetate-cas-37025-55-1-tr","8":"desktop-align-left","9":"tablet-align-left","10":"mobile-align-left","12":"first","13":"instock","14":"shipping-taxable","15":"product-type-simple"},"_links":{"self":[{"href":"https:\/\/puyapeptide.net\/tr\/wp-json\/wp\/v2\/product\/8916","targetHints":{"allow":["GET"]}}],"collection":[{"href":"https:\/\/puyapeptide.net\/tr\/wp-json\/wp\/v2\/product"}],"about":[{"href":"https:\/\/puyapeptide.net\/tr\/wp-json\/wp\/v2\/types\/product"}],"replies":[{"embeddable":true,"href":"https:\/\/puyapeptide.net\/tr\/wp-json\/wp\/v2\/comments?post=8916"}],"wp:featuredmedia":[{"embeddable":true,"href":"https:\/\/puyapeptide.net\/tr\/wp-json\/wp\/v2\/media\/2219"}],"wp:attachment":[{"href":"https:\/\/puyapeptide.net\/tr\/wp-json\/wp\/v2\/media?parent=8916"}],"wp:term":[{"taxonomy":"product_brand","embeddable":true,"href":"https:\/\/puyapeptide.net\/tr\/wp-json\/wp\/v2\/product_brand?post=8916"},{"taxonomy":"product_cat","embeddable":true,"href":"https:\/\/puyapeptide.net\/tr\/wp-json\/wp\/v2\/product_cat?post=8916"},{"taxonomy":"product_tag","embeddable":true,"href":"https:\/\/puyapeptide.net\/tr\/wp-json\/wp\/v2\/product_tag?post=8916"}],"curies":[{"name":"wp","href":"https:\/\/api.w.org\/{rel}","templated":true}]}}