{"id":8974,"date":"2021-12-17T03:41:10","date_gmt":"2021-12-17T08:41:10","guid":{"rendered":"https:\/\/puyapeptide.net\/product\/puya-tedarik-ust-sinif-semaglutide-cas-910463-68-2-tedavi-tip-2-diyabet-icin-kullanin\/"},"modified":"2021-12-17T03:41:10","modified_gmt":"2021-12-17T08:41:10","slug":"puya-tedarik-ust-sinif-semaglutide-cas-910463-68-2-tedavi-tip-2-diyabet-icin-kullanin","status":"publish","type":"product","link":"https:\/\/puyapeptide.net\/tr\/product\/puya-tedarik-ust-sinif-semaglutide-cas-910463-68-2-tedavi-tip-2-diyabet-icin-kullanin\/","title":{"rendered":"Puya Tedarik \u00dcst S\u0131n\u0131f Semaglutide Cas 910463-68-2 Tedavi Tip 2 diyabet i\u00e7in kullan\u0131n"},"content":{"rendered":"<h2><strong>Puya Tedarik \u00dcst S\u0131n\u0131f Semaglutide Cas 910463-68-2 Tedavi Tip 2 diyabet i\u00e7in kullan\u0131n<\/strong><\/h2>\n<p>\u00dcr\u00fcn Ad\u0131: Sermaglutide<br \/>\nE\u015f anlaml\u0131lar: Sermaglutide;Semaglutide fandachem;Semaglutide impurity;Semaglutide USP\/EP\/BP;semaglutide;Semaglutide CAS 910463 68 2<br \/>\nCAS: 910463-68-2<br \/>\nMF 91:C187<br \/>\nMW: 4113.57754<br \/>\nEINECS: 203-405-2<br \/>\n\u00dcr\u00fcn Kategorileri: GLP;PP;APIs;API<br \/>\nMol Dosyas\u0131: 910463-68-2.mol<br \/>\nPaketleme Boyutu 1g\/\u015ei\u015fe , 10g\/\u015ei\u015fe,50g\/\u015ei\u015fe veya m\u00fc\u015fterilerin iste\u011fi \u00fczerine<\/p>\n<p>Semaglutide yeni nesil GLP-1 (glukagon benzeri peptid-1) analoglar\u0131d\u0131r. Semaglutid, tip 2 diyabet tedavisinde daha etkili olan liraglutidin temel yap\u0131s\u0131na dayanan uzun etkili bir dozaj formudur. Lilarlutid ile kar\u015f\u0131la\u015ft\u0131r\u0131ld\u0131\u011f\u0131nda, somalutidin daha uzun bir alifob zinciri ve artan bir hidrofobisitesi vard\u0131r, ancak somalutid k\u0131sa bir PEG zinciri ile modifiye edilir ve hidrofilikli\u011fi b\u00fcy\u00fck \u00f6l\u00e7\u00fcde artt\u0131r\u0131l\u0131r. PEG modifikasyonu sadece alb\u00fcmine s\u0131k\u0131 bir \u015fekilde ba\u011flanmakla kalmaz, DPP-4 enzimatikli\u011fini de \u00f6rter. hidroliz b\u00f6lgesi, ayn\u0131 zamanda b\u00f6brek at\u0131l\u0131m\u0131n\u0131 azalt\u0131r, biyolojik yar\u0131 \u00f6mr\u00fc uzat\u0131r ve uzun dola\u015f\u0131m\u0131n etkisini sa\u011flar.<\/p>\n<p> <strong>\u0130\u015flev ve Uygulama<\/strong><br \/>\nSemaglutide (ABD; ticari ad\u0131 Ozempic), geli\u015ftirilmekte olan bir farmas\u00f6tik ila\u00e7t\u0131r. Danimarkal\u0131 bir \u015firket Novo Nordisk taraf\u0131ndan tip 2 diyabet tedavisi i\u00e7in. Ozempic ad\u0131yla pazarlanmaktad\u0131r. Glukagon benzeri bir peptid-1 resept\u00f6r agonisti olarak, in.sulin \u00fcretimini art\u0131rarak kan \u015fekeri seviyesini d\u00fc\u015f\u00fcr\u00fcr. 2012 y\u0131l\u0131nda, Novo Nordisk&#39;teki bir ara\u015ft\u0131rma ekibi taraf\u0131ndan liraglutide daha uzun etkili bir alternatif olarak ke\u015ffedilmi\u015ftir. 2015 y\u0131l\u0131nda klinik denemelere ba\u015fland\u0131 ve 2016 y\u0131l\u0131nda faz 3 tamamland\u0131. Aral\u0131k 2016&#39;da FDA onay\u0131 uyguland\u0131 ve Ekim 2017&#39;de FDA Dan\u0131\u015fma Komitesi 16-0 lehte oy kulland\u0131. Hem enjeksiyon tipi hem de oral tip ila\u00e7 olarak kullan\u0131labilir.<br \/>\nLeeds \u00dcniversitesi&#39;ndeki ara\u015ft\u0131rmac\u0131lar, 2017 y\u0131l\u0131nda obezite tedavisinde de kullan\u0131labilece\u011fini bildirdi. A\u00e7l\u0131\u011f\u0131, a\u015fermeyi ve v\u00fccut ya\u011f\u0131n\u0131 azalt\u0131r.<\/p>\n","protected":false},"excerpt":{"rendered":"<p>\u00dcr\u00fcn Ad\u0131: Sermaglutide<br \/>\nCAS: 910463-68-2<br \/>\nMF: C187H291N45O59<br \/>\nMW: 4113.57754<br \/>\nEINECS: 203-405-2<br \/>\n\u00dcr\u00fcn Kategorileri: GLP;PP;APIs;API&lt; &amp;&gt;Mol Dosyas\u0131: 910463-68-2.mol<\/p>\n","protected":false},"featured_media":2114,"comment_status":"open","ping_status":"closed","template":"","meta":{"om_disable_all_campaigns":false,"_monsterinsights_skip_tracking":false,"_monsterinsights_sitenote_active":false,"_monsterinsights_sitenote_note":"","_monsterinsights_sitenote_category":0,"site-sidebar-layout":"default","site-content-layout":"default","ast-site-content-layout":"default","site-content-style":"default","site-sidebar-style":"default","ast-global-header-display":"","ast-banner-title-visibility":"","ast-main-header-display":"","ast-hfb-above-header-display":"","ast-hfb-below-header-display":"","ast-hfb-mobile-header-display":"","site-post-title":"","ast-breadcrumbs-content":"","ast-featured-img":"","footer-sml-layout":"","ast-disable-related-posts":"","theme-transparent-header-meta":"default","adv-header-id-meta":"","stick-header-meta":"","header-above-stick-meta":"","header-main-stick-meta":"","header-below-stick-meta":"","astra-migrate-meta-layouts":"default","ast-page-background-enabled":"default","ast-page-background-meta":{"desktop":{"background-color":"","background-image":"","background-repeat":"repeat","background-position":"center center","background-size":"auto","background-attachment":"scroll","background-type":"","background-media":"","overlay-type":"","overlay-color":"","overlay-opacity":"","overlay-gradient":""},"tablet":{"background-color":"","background-image":"","background-repeat":"repeat","background-position":"center center","background-size":"auto","background-attachment":"scroll","background-type":"","background-media":"","overlay-type":"","overlay-color":"","overlay-opacity":"","overlay-gradient":""},"mobile":{"background-color":"","background-image":"","background-repeat":"repeat","background-position":"center center","background-size":"auto","background-attachment":"scroll","background-type":"","background-media":"","overlay-type":"","overlay-color":"","overlay-opacity":"","overlay-gradient":""}},"ast-content-background-meta":{"desktop":{"background-color":"var(--ast-global-color-5)","background-image":"","background-repeat":"repeat","background-position":"center center","background-size":"auto","background-attachment":"scroll","background-type":"","background-media":"","overlay-type":"","overlay-color":"","overlay-opacity":"","overlay-gradient":""},"tablet":{"background-color":"var(--ast-global-color-5)","background-image":"","background-repeat":"repeat","background-position":"center center","background-size":"auto","background-attachment":"scroll","background-type":"","background-media":"","overlay-type":"","overlay-color":"","overlay-opacity":"","overlay-gradient":""},"mobile":{"background-color":"var(--ast-global-color-5)","background-image":"","background-repeat":"repeat","background-position":"center center","background-size":"auto","background-attachment":"scroll","background-type":"","background-media":"","overlay-type":"","overlay-color":"","overlay-opacity":"","overlay-gradient":""}}},"product_brand":[],"product_cat":[353],"product_tag":[786,764],"class_list":{"0":"post-8974","1":"product","2":"type-product","3":"status-publish","4":"has-post-thumbnail","6":"product_cat-diyabet-peptidi","7":"product_tag-cas-910463-68-2-tr","8":"product_tag-semaglutide-tr","9":"desktop-align-left","10":"tablet-align-left","11":"mobile-align-left","13":"first","14":"instock","15":"shipping-taxable","16":"product-type-simple"},"_links":{"self":[{"href":"https:\/\/puyapeptide.net\/tr\/wp-json\/wp\/v2\/product\/8974","targetHints":{"allow":["GET"]}}],"collection":[{"href":"https:\/\/puyapeptide.net\/tr\/wp-json\/wp\/v2\/product"}],"about":[{"href":"https:\/\/puyapeptide.net\/tr\/wp-json\/wp\/v2\/types\/product"}],"replies":[{"embeddable":true,"href":"https:\/\/puyapeptide.net\/tr\/wp-json\/wp\/v2\/comments?post=8974"}],"wp:featuredmedia":[{"embeddable":true,"href":"https:\/\/puyapeptide.net\/tr\/wp-json\/wp\/v2\/media\/2114"}],"wp:attachment":[{"href":"https:\/\/puyapeptide.net\/tr\/wp-json\/wp\/v2\/media?parent=8974"}],"wp:term":[{"taxonomy":"product_brand","embeddable":true,"href":"https:\/\/puyapeptide.net\/tr\/wp-json\/wp\/v2\/product_brand?post=8974"},{"taxonomy":"product_cat","embeddable":true,"href":"https:\/\/puyapeptide.net\/tr\/wp-json\/wp\/v2\/product_cat?post=8974"},{"taxonomy":"product_tag","embeddable":true,"href":"https:\/\/puyapeptide.net\/tr\/wp-json\/wp\/v2\/product_tag?post=8974"}],"curies":[{"name":"wp","href":"https:\/\/api.w.org\/{rel}","templated":true}]}}