{"id":5050,"date":"2021-12-16T03:25:48","date_gmt":"2021-12-16T08:25:48","guid":{"rendered":"https:\/\/puyapeptide.net\/peptide-tuy-chinh\/"},"modified":"2021-12-16T03:25:51","modified_gmt":"2021-12-16T08:25:51","slug":"peptide-tuy-chinh","status":"publish","type":"page","link":"https:\/\/puyapeptide.net\/vi\/peptide-tuy-chinh\/","title":{"rendered":"Peptide t\u00f9y ch\u1ec9nh"},"content":{"rendered":"\t\t<div data-elementor-type=\"wp-page\" data-elementor-id=\"5050\" class=\"elementor elementor-5050\">\n\t\t\t\t\t\t<section class=\"elementor-section elementor-top-section elementor-element elementor-element-750ce8d elementor-section-boxed elementor-section-height-default elementor-section-height-default\" data-id=\"750ce8d\" data-element_type=\"section\" data-e-type=\"section\" data-settings=\"{&quot;background_background&quot;:&quot;classic&quot;}\">\n\t\t\t\t\t\t<div class=\"elementor-container elementor-column-gap-no\">\n\t\t\t\t\t<div class=\"elementor-column elementor-col-100 elementor-top-column elementor-element elementor-element-5392e4d\" data-id=\"5392e4d\" data-element_type=\"column\" data-e-type=\"column\">\n\t\t\t<div class=\"elementor-widget-wrap elementor-element-populated\">\n\t\t\t\t\t\t<div class=\"elementor-element elementor-element-950ab56 elementor-widget elementor-widget-heading\" data-id=\"950ab56\" data-element_type=\"widget\" data-e-type=\"widget\" data-widget_type=\"heading.default\">\n\t\t\t\t<div class=\"elementor-widget-container\">\n\t\t\t\t\t<h1 class=\"elementor-heading-title elementor-size-default\">Peptide t\u00f9y ch\u1ec9nh<\/h1>\t\t\t\t<\/div>\n\t\t\t\t<\/div>\n\t\t\t\t<div class=\"elementor-element elementor-element-8063b88 elementor-widget elementor-widget-text-editor\" data-id=\"8063b88\" data-element_type=\"widget\" data-e-type=\"widget\" data-widget_type=\"text-editor.default\">\n\t\t\t\t<div class=\"elementor-widget-container\">\n\t\t\t\t\t\t\t\t\t<p>Ch\u00fang t\u00f4i cam k\u1ebft cung c\u1ea5p c\u00e1c d\u1ecbch v\u1ee5 t\u00f9y ch\u1ec9nh peptide to\u00e0n di\u1ec7n v\u00e0 ch\u1ea5t l\u01b0\u1ee3ng cao c\u0169ng nh\u01b0 h\u1ed7 tr\u1ee3 k\u1ef9 thu\u1eadt cho c\u00e1c c\u00f4ng ty c\u00f4ng ngh\u1ec7 sinh h\u1ecdc, vi\u1ec7n nghi\u00ean c\u1ee9u v\u00e0 tr\u01b0\u1eddng \u0111\u1ea1i h\u1ecdc trong v\u00e0 ngo\u00e0i n\u01b0\u1edbc. Cho \u0111\u1ebfn nay, ch\u00fang t\u00f4i \u0111\u00e3 cung c\u1ea5p g\u1ea7n 20.000 peptide cho kh\u00e1ch h\u00e0ng c\u1ee7a m\u00ecnh. Theo h\u1ec7 th\u1ed1ng ch\u1ea5t l\u01b0\u1ee3ng nghi\u00eam ng\u1eb7t, c\u00f4ng ty ch\u00fang t\u00f4i s\u1eed d\u1ee5ng c\u00e1c thi\u1ebft b\u1ecb ti\u00ean ti\u1ebfn c\u00f9ng v\u1edbi nhau nh\u01b0 Waters, Agilent, \u0111\u1ea3m b\u1ea3o ch\u1ea5t l\u01b0\u1ee3ng s\u1ea3n ph\u1ea9m.<\/p>\n\t\t\t\t\t\t\t\t<\/div>\n\t\t\t\t<\/div>\n\t\t\t\t\t<\/div>\n\t\t<\/div>\n\t\t\t\t\t<\/div>\n\t\t<\/section>\n\t\t\t\t<section class=\"elementor-section elementor-top-section elementor-element elementor-element-f7e7052 elementor-section-boxed elementor-section-height-default elementor-section-height-default\" data-id=\"f7e7052\" data-element_type=\"section\" data-e-type=\"section\">\n\t\t\t\t\t\t<div class=\"elementor-container elementor-column-gap-default\">\n\t\t\t\t\t<div class=\"elementor-column elementor-col-33 elementor-top-column elementor-element elementor-element-afe398d\" data-id=\"afe398d\" data-element_type=\"column\" data-e-type=\"column\">\n\t\t\t<div class=\"elementor-widget-wrap elementor-element-populated\">\n\t\t\t\t\t\t<div class=\"elementor-element elementor-element-d447bbe elementor-widget elementor-widget-image\" data-id=\"d447bbe\" data-element_type=\"widget\" data-e-type=\"widget\" data-widget_type=\"image.default\">\n\t\t\t\t<div class=\"elementor-widget-container\">\n\t\t\t\t\t\t\t\t\t\t\t\t\t\t\t<img fetchpriority=\"high\" decoding=\"async\" width=\"344\" height=\"258\" src=\"https:\/\/puyapeptide.net\/wp-content\/uploads\/2020\/08\/pathologycam-testing.jpg\" class=\"attachment-large size-large wp-image-1317\" alt=\"\" \/>\t\t\t\t\t\t\t\t\t\t\t\t\t\t\t<\/div>\n\t\t\t\t<\/div>\n\t\t\t\t\t<\/div>\n\t\t<\/div>\n\t\t\t\t<div class=\"elementor-column elementor-col-33 elementor-top-column elementor-element elementor-element-1f724c8\" data-id=\"1f724c8\" data-element_type=\"column\" data-e-type=\"column\">\n\t\t\t<div class=\"elementor-widget-wrap elementor-element-populated\">\n\t\t\t\t\t\t<div class=\"elementor-element elementor-element-179709f elementor-widget elementor-widget-image\" data-id=\"179709f\" data-element_type=\"widget\" data-e-type=\"widget\" data-widget_type=\"image.default\">\n\t\t\t\t<div class=\"elementor-widget-container\">\n\t\t\t\t\t\t\t\t\t\t\t\t\t\t\t<img decoding=\"async\" width=\"344\" height=\"258\" src=\"https:\/\/puyapeptide.net\/wp-content\/uploads\/2020\/08\/mineral-assay.jpg\" class=\"attachment-large size-large wp-image-1275\" alt=\"\" \/>\t\t\t\t\t\t\t\t\t\t\t\t\t\t\t<\/div>\n\t\t\t\t<\/div>\n\t\t\t\t\t<\/div>\n\t\t<\/div>\n\t\t\t\t<div class=\"elementor-column elementor-col-33 elementor-top-column elementor-element elementor-element-38c63b1\" data-id=\"38c63b1\" data-element_type=\"column\" data-e-type=\"column\">\n\t\t\t<div class=\"elementor-widget-wrap elementor-element-populated\">\n\t\t\t\t\t\t<div class=\"elementor-element elementor-element-47f701a elementor-widget elementor-widget-image\" data-id=\"47f701a\" data-element_type=\"widget\" data-e-type=\"widget\" data-widget_type=\"image.default\">\n\t\t\t\t<div class=\"elementor-widget-container\">\n\t\t\t\t\t\t\t\t\t\t\t\t\t\t\t<img decoding=\"async\" width=\"344\" height=\"258\" src=\"https:\/\/puyapeptide.net\/wp-content\/uploads\/2020\/08\/parmaceutical-reserach.jpg\" class=\"attachment-large size-large wp-image-1296\" alt=\"\" \/>\t\t\t\t\t\t\t\t\t\t\t\t\t\t\t<\/div>\n\t\t\t\t<\/div>\n\t\t\t\t\t<\/div>\n\t\t<\/div>\n\t\t\t\t\t<\/div>\n\t\t<\/section>\n\t\t\t\t<section class=\"elementor-section elementor-top-section elementor-element elementor-element-c933d5a elementor-section-boxed elementor-section-height-default elementor-section-height-default\" data-id=\"c933d5a\" data-element_type=\"section\" data-e-type=\"section\">\n\t\t\t\t\t\t<div class=\"elementor-container elementor-column-gap-default\">\n\t\t\t\t\t<div class=\"elementor-column elementor-col-33 elementor-top-column elementor-element elementor-element-9ada36e\" data-id=\"9ada36e\" data-element_type=\"column\" data-e-type=\"column\">\n\t\t\t<div class=\"elementor-widget-wrap elementor-element-populated\">\n\t\t\t\t\t\t<div class=\"elementor-element elementor-element-9431dcd elementor-widget elementor-widget-heading\" data-id=\"9431dcd\" data-element_type=\"widget\" data-e-type=\"widget\" data-widget_type=\"heading.default\">\n\t\t\t\t<div class=\"elementor-widget-container\">\n\t\t\t\t\t<h3 class=\"elementor-heading-title elementor-size-default\">Ki\u1ec3m tra camera b\u1ec7nh l\u00fd<\/h3>\t\t\t\t<\/div>\n\t\t\t\t<\/div>\n\t\t\t\t\t<\/div>\n\t\t<\/div>\n\t\t\t\t<div class=\"elementor-column elementor-col-33 elementor-top-column elementor-element elementor-element-42668e2\" data-id=\"42668e2\" data-element_type=\"column\" data-e-type=\"column\">\n\t\t\t<div class=\"elementor-widget-wrap elementor-element-populated\">\n\t\t\t\t\t\t<div class=\"elementor-element elementor-element-caa987b elementor-widget elementor-widget-heading\" data-id=\"caa987b\" data-element_type=\"widget\" data-e-type=\"widget\" data-widget_type=\"heading.default\">\n\t\t\t\t<div class=\"elementor-widget-container\">\n\t\t\t\t\t<h3 class=\"elementor-heading-title elementor-size-default\">Th\u1eed nghi\u1ec7m kho\u00e1ng ch\u1ea5t<\/h3>\t\t\t\t<\/div>\n\t\t\t\t<\/div>\n\t\t\t\t\t<\/div>\n\t\t<\/div>\n\t\t\t\t<div class=\"elementor-column elementor-col-33 elementor-top-column elementor-element elementor-element-24f94bf\" data-id=\"24f94bf\" data-element_type=\"column\" data-e-type=\"column\">\n\t\t\t<div class=\"elementor-widget-wrap elementor-element-populated\">\n\t\t\t\t\t\t<div class=\"elementor-element elementor-element-7229e80 elementor-widget elementor-widget-heading\" data-id=\"7229e80\" data-element_type=\"widget\" data-e-type=\"widget\" data-widget_type=\"heading.default\">\n\t\t\t\t<div class=\"elementor-widget-container\">\n\t\t\t\t\t<h3 class=\"elementor-heading-title elementor-size-default\">Nghi\u00ean c\u1ee9u d\u01b0\u1ee3c ph\u1ea9m<\/h3>\t\t\t\t<\/div>\n\t\t\t\t<\/div>\n\t\t\t\t\t<\/div>\n\t\t<\/div>\n\t\t\t\t\t<\/div>\n\t\t<\/section>\n\t\t\t\t<section class=\"elementor-section elementor-top-section elementor-element elementor-element-9267557 elementor-section-boxed elementor-section-height-default elementor-section-height-default\" data-id=\"9267557\" data-element_type=\"section\" data-e-type=\"section\">\n\t\t\t\t\t\t<div class=\"elementor-container elementor-column-gap-default\">\n\t\t\t\t\t<div class=\"elementor-column elementor-col-100 elementor-top-column elementor-element elementor-element-282c6ae\" data-id=\"282c6ae\" data-element_type=\"column\" data-e-type=\"column\">\n\t\t\t<div class=\"elementor-widget-wrap elementor-element-populated\">\n\t\t\t\t\t\t<div class=\"elementor-element elementor-element-a30e273 elementor-widget elementor-widget-heading\" data-id=\"a30e273\" data-element_type=\"widget\" data-e-type=\"widget\" data-widget_type=\"heading.default\">\n\t\t\t\t<div class=\"elementor-widget-container\">\n\t\t\t\t\t<h2 class=\"elementor-heading-title elementor-size-default\">D\u1ecbch v\u1ee5 c\u1ee7a ch\u00fang t\u00f4i<\/h2>\t\t\t\t<\/div>\n\t\t\t\t<\/div>\n\t\t\t\t\t<\/div>\n\t\t<\/div>\n\t\t\t\t\t<\/div>\n\t\t<\/section>\n\t\t\t\t<section class=\"elementor-section elementor-top-section elementor-element elementor-element-34e06f5 elementor-section-boxed elementor-section-height-default elementor-section-height-default\" data-id=\"34e06f5\" data-element_type=\"section\" data-e-type=\"section\">\n\t\t\t\t\t\t<div class=\"elementor-container elementor-column-gap-default\">\n\t\t\t\t\t<div class=\"elementor-column elementor-col-100 elementor-top-column elementor-element elementor-element-edf93ef\" data-id=\"edf93ef\" data-element_type=\"column\" data-e-type=\"column\">\n\t\t\t<div class=\"elementor-widget-wrap elementor-element-populated\">\n\t\t\t\t\t\t<div class=\"elementor-element elementor-element-1a6bc98 elementor-widget elementor-widget-text-editor\" data-id=\"1a6bc98\" data-element_type=\"widget\" data-e-type=\"widget\" data-widget_type=\"text-editor.default\">\n\t\t\t\t<div class=\"elementor-widget-container\">\n\t\t\t\t\t\t\t\t\t<p>Chi\u1ec1u d\u00e0i peptit: t\u1ed5ng h\u1ee3p peptit l\u1edbn h\u01a1n 100 axit amin, t\u1ed5ng h\u1ee3p \u0111ipeptit m\u1ea1ch v\u00f2ng<\/p>\n<p> Bi\u1ebfn \u0111\u1ed5i tu\u1ea7n ho\u00e0n: peptit m\u1ea1ch v\u00f2ng li\u00ean k\u1ebft v\u1edbi disunfua c\u00f3 nhi\u1ec1u h\u01a1n 4 c\u1eb7p, peptit m\u1ea1ch v\u00f2ng c\u00f3 li\u00ean k\u1ebft amit th\u1ee9 nh\u1ea5t, peptit m\u1ea1ch v\u00f2ng c\u00f3 li\u00ean k\u1ebft amit m\u1ea1ch b\u00ean, peptit m\u1ea1ch v\u00f2ng c\u00f3 li\u00ean k\u1ebft amit v\u00e0 disunfua<\/p>\n<p> S\u1eeda \u0111\u1ed5i hu\u1ef3nh quang: ghi nh\u00e3n hu\u1ef3nh quang Cy3, Cy5, v.v., k\u1ebft h\u1ee3p d\u1eadp t\u1eaft Dabcyl \/ Edans, AMC, PNA, Dnasyl, MCA<\/p>\n<p> S\u1eeda \u0111\u1ed5i v\u1eadt li\u1ec7u \u0111\u1eb7c bi\u1ec7t: peptit bi\u1ebfn \u0111\u1ed5i glycosyl h\u00f3a, phosphoryl h\u00f3a v\u00e0 sulfo h\u00f3a peptit bi\u1ebfn t\u00ednh, peptit bi\u1ebfn t\u00ednh azide (alkyl) Arg (t\u00f4i), Arg (Me) 2 (asi-metrial), peptit bi\u1ebfn \u0111\u1ed5i Arg (Me) 2 (\u0111\u1ed1i x\u1ee9ng), Lys (Me ), Lys (t\u00f4i) 2, Lys (t\u00f4i) 3 peptit \u0111\u00e3 s\u1eeda \u0111\u1ed5i<br \/> Kh\u1edbp n\u1ed1i kh\u00e1ng th\u1ec3: b\u1eb1ng c\u00e1ch gh\u00e9p Cys ho\u1eb7c b\u1eb1ng c\u00e1ch gh\u00e9p n\u1ed1i t\u1eadn c\u00f9ng cacboxyl KLH, BSA, OVA<\/p>\n<p> Peptit ph\u00e2n nh\u00e1nh: Lys, Orn peptit hai nh\u00e1nh, b\u1ed1n nh\u00e1nh, t\u00e1m nh\u00e1nh; Asp, Glu peptit hai nh\u00e1nh, b\u1ed1n nh\u00e1nh, t\u00e1m nh\u00e1nh<br \/> Polypeptit m\u1ea1ch v\u00f2ng RGD: Polypeptit m\u1ea1ch v\u00f2ng RGD v\u00e0 polypeptit bi\u1ebfn t\u00ednh<\/p>\n<p> Peptide neoantigen kh\u1ed1i u: peptide th\u00e2m nh\u1eadp t\u1ebf b\u00e0o, peptide kh\u00e1ng khu\u1ea9n, thi\u1ebft k\u1ebf v\u00e0 ph\u00e1t tri\u1ec3n peptide n\u1ea1p thu\u1ed1c, s\u1ea3n xu\u1ea5t peptide neoantigen kh\u1ed1i u (\u0111\u1eb7c \u0111i\u1ec3m k\u1ef9 thu\u1eadt ho\u1ea1t \u0111\u1ed9ng c\u1ee7a GMP)<\/p>\n<p> Peptide ch\u1ed1ng t\u00e2n v\u01b0\u01a1ng mi\u1ec7n: thi\u1ebft k\u1ebf v\u00e0 t\u1ed5ng h\u1ee3p c\u00e1c peptit li\u00ean quan \u0111\u1ebfn vi r\u00fat t\u00e2n v\u01b0\u01a1ng mi\u1ec7n cho c\u00e1c m\u1ee5c ti\u00eau ph\u1ed5 bi\u1ebfn, h\u1ed7 tr\u1ee3 to\u00e0n di\u1ec7n<\/p>\n<p> Th\u01b0 vi\u1ec7n peptit: Th\u01b0 vi\u1ec7n peptit ch\u1ed3ng ch\u00e9o, th\u01b0 vi\u1ec7n peptit s\u00e0ng l\u1ecdc axit amin, th\u01b0 vi\u1ec7n peptit s\u00e0ng l\u1ecdc b\u1ea3n \u0111\u1ecba h\u00f3a, th\u01b0 vi\u1ec7n peptit ng\u1eabu nhi\u00ean (th\u01b0 vi\u1ec7n peptit qu\u1ea3ng b\u00e1)<\/p>\n<p> C\u00e1c peptit kh\u00e1c. Peptide d\u1ea1ng peptit, peptit d\u1eadp ghim, peptit axit sialic, peptit cholesterol, peptit Hynic, v.v.<\/p>\n\t\t\t\t\t\t\t\t<\/div>\n\t\t\t\t<\/div>\n\t\t\t\t\t<\/div>\n\t\t<\/div>\n\t\t\t\t\t<\/div>\n\t\t<\/section>\n\t\t\t\t<\/div>\n\t\t","protected":false},"excerpt":{"rendered":"<p>Peptide t\u00f9y ch\u1ec9nh Ch\u00fang t\u00f4i cam k\u1ebft cung c\u1ea5p c\u00e1c d\u1ecbch v\u1ee5 t\u00f9y ch\u1ec9nh peptide to\u00e0n di\u1ec7n v\u00e0 ch\u1ea5t l\u01b0\u1ee3ng cao c\u0169ng nh\u01b0 h\u1ed7 tr\u1ee3 k\u1ef9 thu\u1eadt cho c\u00e1c c\u00f4ng ty c\u00f4ng ngh\u1ec7 sinh h\u1ecdc, vi\u1ec7n nghi\u00ean c\u1ee9u v\u00e0 tr\u01b0\u1eddng \u0111\u1ea1i h\u1ecdc trong v\u00e0 ngo\u00e0i n\u01b0\u1edbc. Cho \u0111\u1ebfn nay, ch\u00fang t\u00f4i \u0111\u00e3 cung c\u1ea5p g\u1ea7n [&hellip;]<\/p>\n","protected":false},"author":1,"featured_media":0,"parent":0,"menu_order":0,"comment_status":"closed","ping_status":"closed","template":"","meta":{"om_disable_all_campaigns":false,"_monsterinsights_skip_tracking":false,"_monsterinsights_sitenote_active":false,"_monsterinsights_sitenote_note":"","_monsterinsights_sitenote_category":0,"site-sidebar-layout":"no-sidebar","site-content-layout":"page-builder","ast-site-content-layout":"default","site-content-style":"default","site-sidebar-style":"default","ast-global-header-display":"","ast-banner-title-visibility":"","ast-main-header-display":"","ast-hfb-above-header-display":"","ast-hfb-below-header-display":"","ast-hfb-mobile-header-display":"","site-post-title":"disabled","ast-breadcrumbs-content":"","ast-featured-img":"disabled","footer-sml-layout":"","ast-disable-related-posts":"","theme-transparent-header-meta":"enabled","adv-header-id-meta":"","stick-header-meta":"","header-above-stick-meta":"","header-main-stick-meta":"","header-below-stick-meta":"","astra-migrate-meta-layouts":"default","ast-page-background-enabled":"default","ast-page-background-meta":{"desktop":{"background-color":"","background-image":"","background-repeat":"repeat","background-position":"center center","background-size":"auto","background-attachment":"scroll","background-type":"","background-media":"","overlay-type":"","overlay-color":"","overlay-opacity":"","overlay-gradient":""},"tablet":{"background-color":"","background-image":"","background-repeat":"repeat","background-position":"center center","background-size":"auto","background-attachment":"scroll","background-type":"","background-media":"","overlay-type":"","overlay-color":"","overlay-opacity":"","overlay-gradient":""},"mobile":{"background-color":"","background-image":"","background-repeat":"repeat","background-position":"center center","background-size":"auto","background-attachment":"scroll","background-type":"","background-media":"","overlay-type":"","overlay-color":"","overlay-opacity":"","overlay-gradient":""}},"ast-content-background-meta":{"desktop":{"background-color":"var(--ast-global-color-5)","background-image":"","background-repeat":"repeat","background-position":"center center","background-size":"auto","background-attachment":"scroll","background-type":"","background-media":"","overlay-type":"","overlay-color":"","overlay-opacity":"","overlay-gradient":""},"tablet":{"background-color":"var(--ast-global-color-5)","background-image":"","background-repeat":"repeat","background-position":"center center","background-size":"auto","background-attachment":"scroll","background-type":"","background-media":"","overlay-type":"","overlay-color":"","overlay-opacity":"","overlay-gradient":""},"mobile":{"background-color":"var(--ast-global-color-5)","background-image":"","background-repeat":"repeat","background-position":"center center","background-size":"auto","background-attachment":"scroll","background-type":"","background-media":"","overlay-type":"","overlay-color":"","overlay-opacity":"","overlay-gradient":""}},"footnotes":""},"class_list":["post-5050","page","type-page","status-publish","hentry"],"_links":{"self":[{"href":"https:\/\/puyapeptide.net\/vi\/wp-json\/wp\/v2\/pages\/5050","targetHints":{"allow":["GET"]}}],"collection":[{"href":"https:\/\/puyapeptide.net\/vi\/wp-json\/wp\/v2\/pages"}],"about":[{"href":"https:\/\/puyapeptide.net\/vi\/wp-json\/wp\/v2\/types\/page"}],"author":[{"embeddable":true,"href":"https:\/\/puyapeptide.net\/vi\/wp-json\/wp\/v2\/users\/1"}],"replies":[{"embeddable":true,"href":"https:\/\/puyapeptide.net\/vi\/wp-json\/wp\/v2\/comments?post=5050"}],"version-history":[{"count":1,"href":"https:\/\/puyapeptide.net\/vi\/wp-json\/wp\/v2\/pages\/5050\/revisions"}],"predecessor-version":[{"id":5051,"href":"https:\/\/puyapeptide.net\/vi\/wp-json\/wp\/v2\/pages\/5050\/revisions\/5051"}],"wp:attachment":[{"href":"https:\/\/puyapeptide.net\/vi\/wp-json\/wp\/v2\/media?parent=5050"}],"curies":[{"name":"wp","href":"https:\/\/api.w.org\/{rel}","templated":true}]}}