{"id":6300,"date":"2021-12-16T04:23:43","date_gmt":"2021-12-16T09:23:43","guid":{"rendered":"https:\/\/puyapeptide.net\/product\/acetyl-hexapeptide-37-cas-1447824-16-9-de-giu-am-cho-da\/"},"modified":"2021-12-16T04:23:43","modified_gmt":"2021-12-16T09:23:43","slug":"acetyl-hexapeptide-37-cas-1447824-16-9-de-giu-am-cho-da","status":"publish","type":"product","link":"https:\/\/puyapeptide.net\/vi\/product\/acetyl-hexapeptide-37-cas-1447824-16-9-de-giu-am-cho-da\/","title":{"rendered":"Acetyl Hexapeptide-37 CAS 1447824-16-9 \u0111\u1ec3 gi\u1eef \u1ea9m cho da"},"content":{"rendered":"<h2><strong>Acetyl Hexapeptide-37 CAS 1447824-16-9 \u0111\u1ec3 gi\u1eef \u1ea9m cho da<\/strong><\/h2>\n<p> T\u00ean s\u1ea3n ph\u1ea9m: Acetyl Hexapeptide-37, Diffuporine<br \/>\n S\u1ed1 CAS: N \/ A<br \/>\n \u0110\u1ed9 tinh khi\u1ebft \uff1a \u226598%<br \/>\n Tr\u1ecdng l\u01b0\u1ee3ng ph\u00e2n t\u1eed \uff1a 539,55g \/ mol<br \/>\n C\u00f4ng th\u1ee9c ph\u00e2n t\u1eed: C22H33N7O9<br \/>\n H\u00ecnh th\u1ee9c: b\u1ed9t tr\u1eafng<br \/>\n \u0110i\u1ec1u ki\u1ec7n b\u1ea3o qu\u1ea3n: 2 \u2103 \uff5e 8 \u2103<br \/>\n Quy c\u00e1ch \u0111\u00f3ng g\u00f3i (b\u1ed9t): 1g, 10g, 100g<br \/>\n \u1ee8ng d\u1ee5ng: Nguy\u00ean li\u1ec7u m\u1ef9 ph\u1ea9m <\/p>\n<p> Acetyl hexapeptide-37, d\u1ea1ng n\u01b0\u1edbc ch\u1ea5t d\u01b0\u1ee1ng \u1ea9m t\u1ebf b\u00e0o k\u00eanh protein, l\u00e0 m\u1ed9t hexapeptide m\u1edbi bao g\u1ed3m c\u00e1c axit amin t\u1ef1 nhi\u00ean, c\u00f3 th\u1ec3 l\u00e0m t\u0103ng hi\u1ec7u qu\u1ea3 s\u1ef1 bi\u1ec3u hi\u1ec7n c\u1ee7a AQP3 trong c\u01a1 th\u1ec3 ng\u01b0\u1eddi \u1edf c\u1ea5p \u0111\u1ed9 mRNA, do \u0111\u00f3 l\u00e0m t\u0103ng h\u00e0m l\u01b0\u1ee3ng AQP3 trong da. N\u00f3 th\u00fac \u0111\u1ea9y s\u1ef1 t\u1ed5ng h\u1ee3p collagen lo\u1ea1i I trong c\u00e1c t\u1ebf b\u00e0o ti\u1ec1n th\u00e2n nguy\u00ean b\u00e0o s\u1ee3i \u1edf da ng\u01b0\u1eddi v\u00e0 s\u1ef1 t\u0103ng sinh c\u1ee7a c\u00e1c t\u1ebf b\u00e0o s\u1eebng h\u00f3a. <\/p>\n<p> <strong>Ch\u1ee9c n\u0103ng c\u1ee7a Acetyl Hexapeptide-37 CAS 1447824-16-9<\/strong><br \/>\n 1. Acetyl Hexapeptide-37 c\u00f3 th\u1ec3 ch\u1ed1ng nh\u0103n v\u00e0 ch\u1ed1ng l\u00e3o h\u00f3a v\u00e0 d\u01b0\u1ee1ng \u1ea9m cho da<br \/>\n 2. C\u1ea3i thi\u1ec7n ch\u1ea5t l\u01b0\u1ee3ng da<br \/>\n 3. Ch\u0103m s\u00f3c da m\u1eb7t &amp; c\u01a1 th\u1ec3<br \/>\n 4. S\u1ea3n ph\u1ea9m ch\u0103m s\u00f3c da m\u1eb7t, c\u1ed5 v\u00e0 tay<br \/>\n 5. C\u00f3 th\u1ec3 \u0111\u01b0\u1ee3c th\u00eam v\u00e0o c\u00e1c s\u1ea3n ph\u1ea9m ch\u0103m s\u00f3c s\u1eafc \u0111\u1eb9p nh\u01b0 kem d\u01b0\u1ee1ng da, kem d\u01b0\u1ee1ng da bu\u1ed5i s\u00e1ng v\u00e0 ban \u0111\u00eam, huy\u1ebft thanh m\u1eaft, v.v. <\/p>\n<p> <strong>S\u1eed d\u1ee5ng Acetyl Hexapeptide-37 CAS 1447824-16-9<\/strong><br \/>\n N\u00f3 c\u00f3 th\u1ec3 l\u00e0m t\u0103ng hi\u1ec7u qu\u1ea3 bi\u1ec3u hi\u1ec7n c\u1ee7a AQP3 trong c\u01a1 th\u1ec3 ng\u01b0\u1eddi \u1edf c\u1ea5p \u0111\u1ed9 mRNA, do \u0111\u00f3 l\u00e0m t\u0103ng h\u00e0m l\u01b0\u1ee3ng AQP3 trong da. N\u00f3 c\u00f3 \u0111\u1eb7c t\u00ednh t\u0103ng c\u01b0\u1eddng d\u01b0\u1ee1ng \u1ea9m v\u00e0 l\u00e0 ho\u1ea1t ch\u1ea5t d\u01b0\u1ee1ng \u1ea9m t\u1ed1t. N\u00f3 c\u0169ng c\u00f3 th\u1ec3 th\u00fac \u0111\u1ea9y lo\u1ea1i I trong nguy\u00ean b\u00e0o s\u1ee3i da c\u1ee7a con ng\u01b0\u1eddi. S\u1ef1 t\u1ed5ng h\u1ee3p collagen v\u00e0 t\u0103ng sinh t\u1ebf b\u00e0o s\u1eebng. Acetyl hexapeptide-37 peptide d\u01b0\u1ee1ng \u1ea9m l\u00e0 m\u1ed9t ho\u1ea1t ch\u1ea5t ch\u1ed1ng l\u00e3o h\u00f3a m\u1edbi v\u00e0 to\u00e0n di\u1ec7n.<\/p>\n","protected":false},"excerpt":{"rendered":"<p>T\u00ean s\u1ea3n ph\u1ea9m: Acetyl Hexapeptide-37, Diffuporine<br \/>\n \u0110\u1ed9 tinh khi\u1ebft \uff1a \u226598%<br \/>\n Tr\u1ecdng l\u01b0\u1ee3ng ph\u00e2n t\u1eed \uff1a 539,55g \/ mol<br \/>\n C\u00f4ng th\u1ee9c ph\u00e2n t\u1eed: C22H33N7O9<br \/>\n H\u00ecnh th\u1ee9c: b\u1ed9t tr\u1eafng<br \/>\n \u1ee8ng d\u1ee5ng: Nguy\u00ean li\u1ec7u m\u1ef9 ph\u1ea9m<\/p>\n","protected":false},"featured_media":2220,"comment_status":"open","ping_status":"closed","template":"","meta":{"om_disable_all_campaigns":false,"_monsterinsights_skip_tracking":false,"_monsterinsights_sitenote_active":false,"_monsterinsights_sitenote_note":"","_monsterinsights_sitenote_category":0,"site-sidebar-layout":"default","site-content-layout":"default","ast-site-content-layout":"default","site-content-style":"default","site-sidebar-style":"default","ast-global-header-display":"","ast-banner-title-visibility":"","ast-main-header-display":"","ast-hfb-above-header-display":"","ast-hfb-below-header-display":"","ast-hfb-mobile-header-display":"","site-post-title":"","ast-breadcrumbs-content":"","ast-featured-img":"","footer-sml-layout":"","ast-disable-related-posts":"","theme-transparent-header-meta":"default","adv-header-id-meta":"","stick-header-meta":"","header-above-stick-meta":"","header-main-stick-meta":"","header-below-stick-meta":"","astra-migrate-meta-layouts":"default","ast-page-background-enabled":"default","ast-page-background-meta":{"desktop":{"background-color":"","background-image":"","background-repeat":"repeat","background-position":"center center","background-size":"auto","background-attachment":"scroll","background-type":"","background-media":"","overlay-type":"","overlay-color":"","overlay-opacity":"","overlay-gradient":""},"tablet":{"background-color":"","background-image":"","background-repeat":"repeat","background-position":"center center","background-size":"auto","background-attachment":"scroll","background-type":"","background-media":"","overlay-type":"","overlay-color":"","overlay-opacity":"","overlay-gradient":""},"mobile":{"background-color":"","background-image":"","background-repeat":"repeat","background-position":"center center","background-size":"auto","background-attachment":"scroll","background-type":"","background-media":"","overlay-type":"","overlay-color":"","overlay-opacity":"","overlay-gradient":""}},"ast-content-background-meta":{"desktop":{"background-color":"var(--ast-global-color-5)","background-image":"","background-repeat":"repeat","background-position":"center center","background-size":"auto","background-attachment":"scroll","background-type":"","background-media":"","overlay-type":"","overlay-color":"","overlay-opacity":"","overlay-gradient":""},"tablet":{"background-color":"var(--ast-global-color-5)","background-image":"","background-repeat":"repeat","background-position":"center center","background-size":"auto","background-attachment":"scroll","background-type":"","background-media":"","overlay-type":"","overlay-color":"","overlay-opacity":"","overlay-gradient":""},"mobile":{"background-color":"var(--ast-global-color-5)","background-image":"","background-repeat":"repeat","background-position":"center center","background-size":"auto","background-attachment":"scroll","background-type":"","background-media":"","overlay-type":"","overlay-color":"","overlay-opacity":"","overlay-gradient":""}}},"product_brand":[],"product_cat":[730],"product_tag":[3612],"class_list":{"0":"post-6300","1":"product","2":"type-product","3":"status-publish","4":"has-post-thumbnail","6":"product_cat-peptide-chong-oxy-hoa-duong-am","7":"product_tag-acetyl-hexapeptide-37-cas-1447824-16-9-for-skin-moisturizing-vi","8":"desktop-align-left","9":"tablet-align-left","10":"mobile-align-left","12":"first","13":"instock","14":"shipping-taxable","15":"product-type-simple"},"_links":{"self":[{"href":"https:\/\/puyapeptide.net\/vi\/wp-json\/wp\/v2\/product\/6300","targetHints":{"allow":["GET"]}}],"collection":[{"href":"https:\/\/puyapeptide.net\/vi\/wp-json\/wp\/v2\/product"}],"about":[{"href":"https:\/\/puyapeptide.net\/vi\/wp-json\/wp\/v2\/types\/product"}],"replies":[{"embeddable":true,"href":"https:\/\/puyapeptide.net\/vi\/wp-json\/wp\/v2\/comments?post=6300"}],"wp:featuredmedia":[{"embeddable":true,"href":"https:\/\/puyapeptide.net\/vi\/wp-json\/wp\/v2\/media\/2220"}],"wp:attachment":[{"href":"https:\/\/puyapeptide.net\/vi\/wp-json\/wp\/v2\/media?parent=6300"}],"wp:term":[{"taxonomy":"product_brand","embeddable":true,"href":"https:\/\/puyapeptide.net\/vi\/wp-json\/wp\/v2\/product_brand?post=6300"},{"taxonomy":"product_cat","embeddable":true,"href":"https:\/\/puyapeptide.net\/vi\/wp-json\/wp\/v2\/product_cat?post=6300"},{"taxonomy":"product_tag","embeddable":true,"href":"https:\/\/puyapeptide.net\/vi\/wp-json\/wp\/v2\/product_tag?post=6300"}],"curies":[{"name":"wp","href":"https:\/\/api.w.org\/{rel}","templated":true}]}}