{"id":6345,"date":"2021-12-16T04:32:02","date_gmt":"2021-12-16T09:32:02","guid":{"rendered":"https:\/\/puyapeptide.net\/product\/myristoyl-hexapeptide-23-evaleptide380-co-the-tieu-diet-vi-khuan-propionibacterium-acnes-thich-hop-cho-cac-san-pham-kiem-soat-dau-va-giam-mun-khac-nhau\/"},"modified":"2021-12-16T04:32:02","modified_gmt":"2021-12-16T09:32:02","slug":"myristoyl-hexapeptide-23-evaleptide380-co-the-tieu-diet-vi-khuan-propionibacterium-acnes-thich-hop-cho-cac-san-pham-kiem-soat-dau-va-giam-mun-khac-nhau","status":"publish","type":"product","link":"https:\/\/puyapeptide.net\/vi\/product\/myristoyl-hexapeptide-23-evaleptide380-co-the-tieu-diet-vi-khuan-propionibacterium-acnes-thich-hop-cho-cac-san-pham-kiem-soat-dau-va-giam-mun-khac-nhau\/","title":{"rendered":"Myristoyl Hexapeptide-23 \/ evaleptide380 c\u00f3 th\u1ec3 ti\u00eau di\u1ec7t vi khu\u1ea9n Propionibacterium acnes th\u00edch h\u1ee3p cho c\u00e1c s\u1ea3n ph\u1ea9m ki\u1ec3m so\u00e1t d\u1ea7u v\u00e0 gi\u1ea3m m\u1ee5n kh\u00e1c nhau"},"content":{"rendered":"<h2><strong>Myristoyl Hexapeptide-23 \/ evaleptide380 c\u00f3 th\u1ec3 ti\u00eau di\u1ec7t vi khu\u1ea9n Propionibacterium acnes th\u00edch h\u1ee3p cho c\u00e1c s\u1ea3n ph\u1ea9m ki\u1ec3m so\u00e1t d\u1ea7u v\u00e0 gi\u1ea3m m\u1ee5n kh\u00e1c nhau<\/strong><\/h2>\n<p> T\u00ean s\u1ea3n ph\u1ea9m: Myristoyl Hexapeptide-23 \/ SymPeptide 380<br \/>\n Cas No: N \/ A<br \/>\n C\u00f4ng th\u1ee9c: C47H92N10O7<br \/>\n Ph\u00e2n t\u1eed: 909,3g \/ mol<br \/>\n M\u00f9i: kh\u00f4ng<br \/>\n T\u00ednh \u1ed5n \u0111\u1ecbnh: \u1ed5n \u0111\u1ecbnh &lt; &amp;&gt; MSDS v\u00e0 COA: c\u00f3 s\u1eb5n cho b\u1ea1n tham kh\u1ea3o<br \/>\n C\u00f4ng th\u1ee9c: c\u00f3 s\u1eb5n \u0111\u1ec3 b\u1ea1n tham kh\u1ea3o, vui l\u00f2ng li\u00ean h\u1ec7 v\u1edbi ch\u00fang t\u00f4i.<br \/>\n Giao h\u00e0ng: nhanh ch\u00f3ng t\u1eeb kho<br \/>\n Ngu\u1ed3n: t\u1ed5ng h\u1ee3p<br \/>\n C\u00f4ng su\u1ea5t: 500g m\u1ed7i th\u00e1ng<br \/>\n H\u00ecnh th\u1ee9c : b\u1ed9t tr\u1eafng <\/p>\n<p> Ch\u00fang ta \u0111\u1ec1u bi\u1ebft r\u1eb1ng m\u1ee5n tr\u00ean m\u1eb7t ph\u1ea3i do m\u1ed9t s\u1ed1 lo\u1ea1i vi khu\u1ea9n c\u00f3 t\u00ean l\u00e0 Propionibacterium acnes g\u00e2y ra. V\u1eady ch\u00ednh x\u00e1c th\u00ec \u0111\u00e2u l\u00e0 nguy\u00ean nh\u00e2n khi\u1ebfn vi khu\u1ea9n n\u00e0y \u0111\u1ebfn v\u1edbi b\u1ea1n? Propionibacterium acnes l\u00e0 m\u1ed9t lo\u1ea1i tr\u1ef1c khu\u1ea9n ng\u1eafn d\u01b0\u01a1ng t\u00ednh b\u1eaft m\u00e0u Gram. Tr\u00ean da b\u00ecnh th\u01b0\u1eddng c\u00f2n c\u00f3 vi khu\u1ea9n Propionibacterium acnes, k\u00fd sinh \u1edf nang l\u00f4ng v\u00e0 tuy\u1ebfn b\u00e3 nh\u1eddn. \u1ede tu\u1ed5i d\u1eady th\u00ec, tuy\u1ebfn b\u00e3 nh\u1eddn ti\u1ebft ra nhi\u1ec1u d\u1eabn \u0111\u1ebfn t\u1eafc ngh\u1ebdn nang l\u00f4ng, b\u00e3 nh\u1eddn t\u00edch t\u1ee5 l\u1ea1i trong nang l\u00f4ng khi\u1ebfn vi khu\u1ea9n Propionibacterium acnes sinh s\u00f4i v\u00e0 d\u1eabn \u0111\u1ebfn m\u1ee5n tr\u1ee9ng c\u00e1. th\u01b0\u1eddng \u0111\u1ea7y d\u1ea7u v\u00e0 m\u1ed9t v\u00e0i m\u1ee5n n\u1ed5i l\u00ean theo th\u1eddi gian. Nhi\u1ec1u ng\u01b0\u1eddi b\u1ea1n c\u1ee7a t\u00f4i th\u1eadm ch\u00ed c\u00f2n b\u1ecb m\u1ee5n ho\u00e0i, m\u1eb7t n\u1ed5i \u0111\u1ea7y m\u1ee5n, tr\u00f4ng r\u1ea5t kinh kh\u1ee7ng. V\u00ec \u0111\u00e2y l\u00e0 v\u1ea5n \u0111\u1ec1 khi\u1ebfn h\u1ea7u h\u1ebft m\u1ecdi ng\u01b0\u1eddi \u0111au kh\u1ed5, h\u1ecd s\u1ebd t\u00ecm c\u00e1ch gi\u1ea3i quy\u1ebft n\u00f3. M\u00ecnh nh\u1edb m\u1ed9t ng\u01b0\u1eddi b\u1ea1n c\u0169ng m\u00ea m\u1ee5n, sau \u0111\u00f3 \u0111\u00e3 t\u1ed1n r\u1ea5t nhi\u1ec1u ti\u1ec1n v\u00e0o vi\u1ec7c n\u1eb7n m\u1ee5n, u\u1ed1ng thu\u1ed1c b\u1ed5, l\u00e0m th\u00f4ng kim hay g\u00ec \u0111\u00f3, nh\u01b0ng c\u0169ng l\u00e0 tri\u1ec7u ch\u1ee9ng ch\u1ee9 kh\u00f4ng ch\u1eefa \u0111\u01b0\u1ee3c. Kh\u00f4ng c\u00f3 c\u00e1ch n\u00e0o kh\u00e1c? T\u1ea5t nhi\u00ean l\u00e0 kh\u00f4ng! <\/p>\n<p> H\u00f4m nay, ch\u00fang t\u00f4i gi\u1edbi thi\u1ec7u v\u1edbi b\u1ea1n thi\u00ean \u0111\u1ecbch c\u1ee7a vi khu\u1ea9n m\u1ee5n tr\u1ee9ng c\u00e1 \uff1a myristyl hexapeptide-23<br \/>\n In vitro: DNA microarray, MIC ch\u1ed1ng l\u1ea1i P. acnes, kh\u00e1ng khu\u1ea9n ph\u1ed5 r\u1ed9ng<br \/>\n &lt;&amp; &gt; <strong>Ch\u1ee9c n\u0103ng c\u1ee7a Myristoyl Hexapeptide-23<\/strong><br \/>\n \u2022 Myristoyl Hexapeptide-23 gi\u00fap ng\u0103n ng\u1eeba da c\u00f3 v\u1ea5n \u0111\u1ec1.<br \/>\n \u2022 Myristoyl Hexapeptide-23 Ti\u00eau di\u1ec7t vi khu\u1ea9n g\u00e2y m\u1ee5n.<\/p>\n","protected":false},"excerpt":{"rendered":"<p>T\u00ean s\u1ea3n ph\u1ea9m: Myristoyl Hexapeptide-23 \/ SymPeptide 380<br \/>\n Cas No: N \/ A<br \/>\n C\u00f4ng th\u1ee9c: C47H92N10O7<br \/>\n Ph\u00e2n t\u1eed: 909,3g \/ mol<br \/>\n \u0110\u1ed9 \u1ed5n \u0111\u1ecbnh: \u1ed5n \u0111\u1ecbnh<br \/>\n H\u00ecnh th\u1ee9c: b\u1ed9t m\u00e0u tr\u1eafng<\/p>\n","protected":false},"featured_media":2115,"comment_status":"open","ping_status":"closed","template":"","meta":{"om_disable_all_campaigns":false,"_monsterinsights_skip_tracking":false,"_monsterinsights_sitenote_active":false,"_monsterinsights_sitenote_note":"","_monsterinsights_sitenote_category":0,"site-sidebar-layout":"default","site-content-layout":"default","ast-site-content-layout":"default","site-content-style":"default","site-sidebar-style":"default","ast-global-header-display":"","ast-banner-title-visibility":"","ast-main-header-display":"","ast-hfb-above-header-display":"","ast-hfb-below-header-display":"","ast-hfb-mobile-header-display":"","site-post-title":"","ast-breadcrumbs-content":"","ast-featured-img":"","footer-sml-layout":"","ast-disable-related-posts":"","theme-transparent-header-meta":"default","adv-header-id-meta":"","stick-header-meta":"","header-above-stick-meta":"","header-main-stick-meta":"","header-below-stick-meta":"","astra-migrate-meta-layouts":"default","ast-page-background-enabled":"default","ast-page-background-meta":{"desktop":{"background-color":"","background-image":"","background-repeat":"repeat","background-position":"center center","background-size":"auto","background-attachment":"scroll","background-type":"","background-media":"","overlay-type":"","overlay-color":"","overlay-opacity":"","overlay-gradient":""},"tablet":{"background-color":"","background-image":"","background-repeat":"repeat","background-position":"center center","background-size":"auto","background-attachment":"scroll","background-type":"","background-media":"","overlay-type":"","overlay-color":"","overlay-opacity":"","overlay-gradient":""},"mobile":{"background-color":"","background-image":"","background-repeat":"repeat","background-position":"center center","background-size":"auto","background-attachment":"scroll","background-type":"","background-media":"","overlay-type":"","overlay-color":"","overlay-opacity":"","overlay-gradient":""}},"ast-content-background-meta":{"desktop":{"background-color":"var(--ast-global-color-5)","background-image":"","background-repeat":"repeat","background-position":"center center","background-size":"auto","background-attachment":"scroll","background-type":"","background-media":"","overlay-type":"","overlay-color":"","overlay-opacity":"","overlay-gradient":""},"tablet":{"background-color":"var(--ast-global-color-5)","background-image":"","background-repeat":"repeat","background-position":"center center","background-size":"auto","background-attachment":"scroll","background-type":"","background-media":"","overlay-type":"","overlay-color":"","overlay-opacity":"","overlay-gradient":""},"mobile":{"background-color":"var(--ast-global-color-5)","background-image":"","background-repeat":"repeat","background-position":"center center","background-size":"auto","background-attachment":"scroll","background-type":"","background-media":"","overlay-type":"","overlay-color":"","overlay-opacity":"","overlay-gradient":""}}},"product_brand":[],"product_cat":[709],"product_tag":[3569],"class_list":{"0":"post-6345","1":"product","2":"type-product","3":"status-publish","4":"has-post-thumbnail","6":"product_cat-peptide-chong-vi-khuan-mun-trung-ca","7":"product_tag-myristoyl-hexapeptide-23-sympeptide380-can-kill-propionibacterium-acnes-suitable-for-various-oil-control-and-acne-relief-products-vi","8":"desktop-align-left","9":"tablet-align-left","10":"mobile-align-left","12":"first","13":"instock","14":"shipping-taxable","15":"product-type-simple"},"_links":{"self":[{"href":"https:\/\/puyapeptide.net\/vi\/wp-json\/wp\/v2\/product\/6345","targetHints":{"allow":["GET"]}}],"collection":[{"href":"https:\/\/puyapeptide.net\/vi\/wp-json\/wp\/v2\/product"}],"about":[{"href":"https:\/\/puyapeptide.net\/vi\/wp-json\/wp\/v2\/types\/product"}],"replies":[{"embeddable":true,"href":"https:\/\/puyapeptide.net\/vi\/wp-json\/wp\/v2\/comments?post=6345"}],"wp:featuredmedia":[{"embeddable":true,"href":"https:\/\/puyapeptide.net\/vi\/wp-json\/wp\/v2\/media\/2115"}],"wp:attachment":[{"href":"https:\/\/puyapeptide.net\/vi\/wp-json\/wp\/v2\/media?parent=6345"}],"wp:term":[{"taxonomy":"product_brand","embeddable":true,"href":"https:\/\/puyapeptide.net\/vi\/wp-json\/wp\/v2\/product_brand?post=6345"},{"taxonomy":"product_cat","embeddable":true,"href":"https:\/\/puyapeptide.net\/vi\/wp-json\/wp\/v2\/product_cat?post=6345"},{"taxonomy":"product_tag","embeddable":true,"href":"https:\/\/puyapeptide.net\/vi\/wp-json\/wp\/v2\/product_tag?post=6345"}],"curies":[{"name":"wp","href":"https:\/\/api.w.org\/{rel}","templated":true}]}}