{"id":6364,"date":"2021-12-16T04:34:45","date_gmt":"2021-12-16T09:34:45","guid":{"rendered":"https:\/\/puyapeptide.net\/product\/acetyl-tetrapeptide-40-telangy-cas-1472633-28-5-lam-giam-do-mat-do-phan-ung-viem\/"},"modified":"2021-12-16T04:34:45","modified_gmt":"2021-12-16T09:34:45","slug":"acetyl-tetrapeptide-40-telangy-cas-1472633-28-5-lam-giam-do-mat-do-phan-ung-viem","status":"publish","type":"product","link":"https:\/\/puyapeptide.net\/vi\/product\/acetyl-tetrapeptide-40-telangy-cas-1472633-28-5-lam-giam-do-mat-do-phan-ung-viem\/","title":{"rendered":"Acetyl Tetrapeptide-40 \/ Telangy CAS 1472633-28-5 l\u00e0m gi\u1ea3m \u0111\u1ecf m\u1eb7t do ph\u1ea3n \u1ee9ng vi\u00eam"},"content":{"rendered":"<h2><strong>Acetyl Tetrapeptide-40 \/ Telangy CAS 1472633-28-5 l\u00e0m gi\u1ea3m \u0111\u1ecf m\u1eb7t do ph\u1ea3n \u1ee9ng vi\u00eam<\/strong><\/h2>\n<p> T\u00ean s\u1ea3n ph\u1ea9m: Acetyl Tetrapeptide-40<br \/>\n T\u1eeb \u0111\u1ed3ng ngh\u0129a: Acetyl Tetrapeptide-40; Telangyn; L-Threonine, N-acetyl-L-alanyl-L-threonyl-L-asparaginyl &#8211;<br \/>\n CAS: 1472633-28 -5<br \/>\n MF: C17H29N5O9<br \/>\n MW: 447.44<br \/>\n EINECS:<br \/>\n Danh m\u1ee5c s\u1ea3n ph\u1ea9m:<br \/>\n Mol File: 1472633-28-5.mol <\/p>\n<p> Acetyl Tetrapeptide-40 \u1ee9c ch\u1ebf t\u00e1c d\u1ee5ng g\u00e2y vi\u00eam c\u1ee7a LL-37 th\u00f4ng qua vi\u1ec7c gi\u1ea3m gi\u1ea3i ph\u00f3ng interleukin (IL-6 v\u00e0 IL-8), g\u00e2y ra b\u1edfi s\u1ef1 k\u00edch ho\u1ea1t qu\u00e1 m\u1ee9c c\u1ee7a LL-37. N\u00f3 c\u0169ng c\u00f3 t\u00e1c d\u1ee5ng b\u1ea3o v\u1ec7 quang l\u00e0m gi\u1ea3m t\u1ed5n th\u01b0\u01a1ng t\u1ebf b\u00e0o v\u00e0 t\u00e1c h\u1ea1i c\u1ee7a vi\u00eam da. <\/p>\n<p> <strong>Acetyl Tetrapeptide-40 \/ Telangy CAS 1472633-28-5 L\u1ee3i \u00edch c\u1ee7a Peptide<\/strong><br \/>\n Acetyl Tetrapeptide-40 l\u00e0m gi\u1ea3m m\u1ea9n \u0111\u1ecf tr\u00ean m\u1eb7t b\u1edfi m\u1ed9t ph\u1ea3n \u1ee9ng vi\u00eam. C\u00e1c t\u00e1c d\u1ee5ng ph\u1ee5 c\u1ee7a vi\u00eam: \u0111\u1ecf da, m\u1ea1ch m\u00e1u gi\u00e3n ra v\u00e0 t\u0103ng s\u1eafc t\u1ed1 da gi\u1ea3m \u0111i r\u00f5 r\u1ec7t. C\u00e1c v\u00f9ng m\u00e0u \u0111\u1ecf \u00edt h\u01a1n v\u00e0 l\u1edbn h\u01a1n v\u00e0 c\u01b0\u1eddng \u0111\u1ed9 c\u1ee7a n\u00f3 b\u1ecb y\u1ebfu \u0111i. Da \u0111\u1ed3ng \u0111\u1ec1u h\u01a1n v\u00e0 \u00edt v\u1ebft h\u1eb1n h\u01a1n. <\/p>\n<p> <strong>Ch\u1ee9c n\u0103ng c\u1ee7a Acetyl Tetrapeptide-40 \/ Telangy CAS 1472633-28-5<\/strong><br \/>\n Tetrapeptide n\u00e0y l\u00e0m gi\u1ea3m m\u1ea9n \u0111\u1ecf tr\u00ean m\u1eb7t do ph\u1ea3n \u1ee9ng vi\u00eam. , c\u00e1c m\u1ea1ch m\u00e1u gi\u00e3n ra v\u00e0 t\u0103ng s\u1eafc t\u1ed1, gi\u1ea3m r\u00f5 r\u1ec7t. C\u00e1c v\u00f9ng m\u00e0u \u0111\u1ecf \u00edt h\u01a1n v\u00e0 l\u1edbn h\u01a1n v\u00e0 c\u01b0\u1eddng \u0111\u1ed9 c\u1ee7a n\u00f3 b\u1ecb y\u1ebfu \u0111i. Da \u0111\u1ed3ng \u0111\u1ec1u h\u01a1n v\u00e0 \u00edt v\u1ebft h\u1eb1n h\u01a1n. <\/p>\n<p> <strong>\u1ee8ng d\u1ee5ng c\u1ee7a Acetyl Tetrapeptide-40 \/ Telangy CAS 1472633-28-5<\/strong><br \/>\n 1. \u0111i\u1ec1u tr\u1ecb da b\u1ecb b\u1ec7nh rosacea nh\u1eb9<br \/>\n 2. \u0111\u1ed9 d\u00e0y<br \/>\n 3.Anti-collagenase<br \/>\n 4.Anti-tyrosinase<br \/>\n 5. \u1ee9c ch\u1ebf h\u00ecnh th\u00e0nh h\u1eafc t\u1ed1<br \/>\n 6.B\u1ea3o v\u1ec7 nguy\u00ean b\u00e0o s\u1ee3i \u1edf ng\u01b0\u1eddi<\/p>\n","protected":false},"excerpt":{"rendered":"<p>T\u00ean s\u1ea3n ph\u1ea9m: Acetyl Tetrapeptide-40<br \/>\n CAS: 1472633-28-5<br \/>\n MF: C17H29N5O9<br \/>\n MW: 447.44<br \/>\n Mol T\u1ec7p: 1472633-28-5.mol<\/p>\n","protected":false},"featured_media":2220,"comment_status":"open","ping_status":"closed","template":"","meta":{"om_disable_all_campaigns":false,"_monsterinsights_skip_tracking":false,"_monsterinsights_sitenote_active":false,"_monsterinsights_sitenote_note":"","_monsterinsights_sitenote_category":0,"site-sidebar-layout":"default","site-content-layout":"default","ast-site-content-layout":"default","site-content-style":"default","site-sidebar-style":"default","ast-global-header-display":"","ast-banner-title-visibility":"","ast-main-header-display":"","ast-hfb-above-header-display":"","ast-hfb-below-header-display":"","ast-hfb-mobile-header-display":"","site-post-title":"","ast-breadcrumbs-content":"","ast-featured-img":"","footer-sml-layout":"","ast-disable-related-posts":"","theme-transparent-header-meta":"default","adv-header-id-meta":"","stick-header-meta":"","header-above-stick-meta":"","header-main-stick-meta":"","header-below-stick-meta":"","astra-migrate-meta-layouts":"default","ast-page-background-enabled":"default","ast-page-background-meta":{"desktop":{"background-color":"","background-image":"","background-repeat":"repeat","background-position":"center center","background-size":"auto","background-attachment":"scroll","background-type":"","background-media":"","overlay-type":"","overlay-color":"","overlay-opacity":"","overlay-gradient":""},"tablet":{"background-color":"","background-image":"","background-repeat":"repeat","background-position":"center center","background-size":"auto","background-attachment":"scroll","background-type":"","background-media":"","overlay-type":"","overlay-color":"","overlay-opacity":"","overlay-gradient":""},"mobile":{"background-color":"","background-image":"","background-repeat":"repeat","background-position":"center center","background-size":"auto","background-attachment":"scroll","background-type":"","background-media":"","overlay-type":"","overlay-color":"","overlay-opacity":"","overlay-gradient":""}},"ast-content-background-meta":{"desktop":{"background-color":"var(--ast-global-color-5)","background-image":"","background-repeat":"repeat","background-position":"center center","background-size":"auto","background-attachment":"scroll","background-type":"","background-media":"","overlay-type":"","overlay-color":"","overlay-opacity":"","overlay-gradient":""},"tablet":{"background-color":"var(--ast-global-color-5)","background-image":"","background-repeat":"repeat","background-position":"center center","background-size":"auto","background-attachment":"scroll","background-type":"","background-media":"","overlay-type":"","overlay-color":"","overlay-opacity":"","overlay-gradient":""},"mobile":{"background-color":"var(--ast-global-color-5)","background-image":"","background-repeat":"repeat","background-position":"center center","background-size":"auto","background-attachment":"scroll","background-type":"","background-media":"","overlay-type":"","overlay-color":"","overlay-opacity":"","overlay-gradient":""}}},"product_brand":[],"product_cat":[684],"product_tag":[3544],"class_list":{"0":"post-6364","1":"product","2":"type-product","3":"status-publish","4":"has-post-thumbnail","6":"product_cat-peptide-chong-di-ung-va-chong-viem","7":"product_tag-acetyl-tetrapeptide-40-telangy-cas-1472633-28-5-reduces-redness-of-face-caused-by-an-inflammatory-reaction-vi","8":"desktop-align-left","9":"tablet-align-left","10":"mobile-align-left","12":"first","13":"instock","14":"shipping-taxable","15":"product-type-simple"},"_links":{"self":[{"href":"https:\/\/puyapeptide.net\/vi\/wp-json\/wp\/v2\/product\/6364","targetHints":{"allow":["GET"]}}],"collection":[{"href":"https:\/\/puyapeptide.net\/vi\/wp-json\/wp\/v2\/product"}],"about":[{"href":"https:\/\/puyapeptide.net\/vi\/wp-json\/wp\/v2\/types\/product"}],"replies":[{"embeddable":true,"href":"https:\/\/puyapeptide.net\/vi\/wp-json\/wp\/v2\/comments?post=6364"}],"wp:featuredmedia":[{"embeddable":true,"href":"https:\/\/puyapeptide.net\/vi\/wp-json\/wp\/v2\/media\/2220"}],"wp:attachment":[{"href":"https:\/\/puyapeptide.net\/vi\/wp-json\/wp\/v2\/media?parent=6364"}],"wp:term":[{"taxonomy":"product_brand","embeddable":true,"href":"https:\/\/puyapeptide.net\/vi\/wp-json\/wp\/v2\/product_brand?post=6364"},{"taxonomy":"product_cat","embeddable":true,"href":"https:\/\/puyapeptide.net\/vi\/wp-json\/wp\/v2\/product_cat?post=6364"},{"taxonomy":"product_tag","embeddable":true,"href":"https:\/\/puyapeptide.net\/vi\/wp-json\/wp\/v2\/product_tag?post=6364"}],"curies":[{"name":"wp","href":"https:\/\/api.w.org\/{rel}","templated":true}]}}