{"id":6388,"date":"2021-12-16T04:40:23","date_gmt":"2021-12-16T09:40:23","guid":{"rendered":"https:\/\/puyapeptide.net\/product\/acetyl-tetrapeptide-22-de-phuc-hoi-da\/"},"modified":"2021-12-16T04:40:23","modified_gmt":"2021-12-16T09:40:23","slug":"acetyl-tetrapeptide-22-de-phuc-hoi-da","status":"publish","type":"product","link":"https:\/\/puyapeptide.net\/vi\/product\/acetyl-tetrapeptide-22-de-phuc-hoi-da\/","title":{"rendered":"Acetyl Tetrapeptide-22 \u0111\u1ec3 ph\u1ee5c h\u1ed3i da"},"content":{"rendered":"<h2><strong>Acetyl Tetrapeptide-22 \u0111\u1ec3 ph\u1ee5c h\u1ed3i da<\/strong><\/h2>\n<p> T\u00ean s\u1ea3n ph\u1ea9m: Acetyl Tetrapeptide-22<br \/>\n Tham kh\u1ea3o: Thermostressine<br \/>\n C\u00f4ng th\u1ee9c:<br \/>\n Ph\u00e2n t\u1eed:<br \/>\n \u0110\u1ed9 tinh khi\u1ebft:&gt; 95%<br \/>\n Ngu\u1ed3n: t\u1ed5ng h\u1ee3p<br \/>\n L\u1edbp: m\u1ef9 ph\u1ea9m<br \/>\n C\u00f4ng th\u1ee9c : c\u00f3 s\u1eb5n \u0111\u1ec3 b\u1ea1n tham kh\u1ea3o, vui l\u00f2ng li\u00ean h\u1ec7 v\u1edbi ch\u00fang t\u00f4i.<br \/>\n MSDS v\u00e0 COA: c\u00f3 s\u1eb5n \u0111\u1ec3 b\u1ea1n tham kh\u1ea3o, vui l\u00f2ng li\u00ean h\u1ec7 v\u1edbi ch\u00fang t\u00f4i<br \/>\n Giao h\u00e0ng: ngay t\u1eeb kho<br \/>\n M\u00f9i: \u0111\u1eb7c tr\u01b0ng<br \/>\n T\u00ednh \u1ed5n \u0111\u1ecbnh: \u1ed5n \u0111\u1ecbnh<br \/>\n \u0110\u1ed9 h\u00f2a tan: h\u00f2a tan trong n\u01b0\u1edbc<br \/>\n Dung d\u1ecbch: 0,05% peptide<br \/>\n M\u1ee9c \u0111\u1ed9 s\u1eed d\u1ee5ng khuy\u1ebfn ngh\u1ecb: 2-5%<br \/>\n D\u1ea1ng: b\u1ed9t m\u00e0u tr\u1eafng <\/p>\n<p> Acetyl Tetrapeptide-22 l\u00e0m t\u0103ng m\u1ee9c HPS70 (Protein s\u1ed1c nhi\u1ec7t) trong da cung c\u1ea5p m\u1ed9t l\u00e1 ch\u1eafn b\u1ea3o v\u1ec7, gi\u00fap c\u00e1c t\u1ebf b\u00e0o c\u00f3 kh\u1ea3 n\u0103ng ch\u1ecbu \u0111\u1ef1ng c\u0103ng th\u1eb3ng tr\u01b0\u1edbc nh\u1eefng th\u00e1ch th\u1ee9c h\u00e0ng ng\u00e0y v\u00e0 c\u00e1c k\u00edch th\u00edch c\u0103ng th\u1eb3ng. N\u00f3 gi\u00fap l\u00e0n da \u0111\u01b0\u1ee3c th\u01b0 gi\u00e3n h\u01a1n v\u1edbi v\u1ebb ngo\u00e0i c\u00f3 s\u1ee9c s\u1ed1ng h\u01a1n. N\u00f3 c\u00f3 th\u1ec3 \u0111\u01b0\u1ee3c k\u1ebft h\u1ee3p trong c\u00e1c c\u00f4ng th\u1ee9c m\u1ef9 ph\u1ea9m nh\u01b0 nh\u0169 t\u01b0\u01a1ng, gel, huy\u1ebft thanh \u0111\u1ec3 ch\u1ed1ng l\u1ea1i c\u0103ng th\u1eb3ng v\u00e0 \u0111i\u1ec1u tr\u1ecb l\u00e0n da m\u1ecfng manh, m\u1ec7t m\u1ecfi v\u00e0 x\u1ec9n m\u00e0u. <\/p>\n<p> <strong>C\u00f4ng d\u1ee5ng c\u1ee7a Acetyl Tetrapeptide-22<\/strong><br \/>\n C\u00f4ng d\u1ee5ng: Acetyl Tetrapeptide-22 Gi\u00fap ch\u1ed1ng l\u1ea1i t\u1ebf b\u00e0o c\u0103ng th\u1eb3ng v\u00e0 t\u0103ng m\u1ee9c HSP70 \u0111\u1ec3 ng\u0103n ng\u1eeba c\u0103ng th\u1eb3ng th\u00eam <\/p>\n<p> <strong>Ch\u1ee9c n\u0103ng c\u1ee7a Acetyl Tetrapeptit-22<\/strong><br \/>\n Acetyl tetrapeptit-22 l\u00e0 s\u1ea3n ph\u1ea9m ph\u1ea3n \u1ee9ng c\u1ee7a axit axetic v\u00e0 tetrapeptit-22. N\u00f3 l\u00e0m t\u0103ng l\u01b0\u1ee3ng protein k\u00edch th\u00edch nhi\u1ec7t (HSP70) trong da, do \u0111\u00f3 t\u0103ng c\u01b0\u1eddng kh\u1ea3 n\u0103ng ch\u1ecbu \u0111\u1ef1ng c\u0103ng th\u1eb3ng v\u00e0 ng\u0103n ng\u1eeba t\u1ed5n th\u01b0\u01a1ng. Do \u0111\u00f3, acetyl tetrapeptide-22, m\u1ed9t trong nh\u1eefng th\u00e0nh ph\u1ea7n t\u00e1i t\u1ea1o da hi\u1ec7u qu\u1ea3 nh\u1ea5t, c\u00f3 th\u1ec3 l\u00e0m cho da th\u01b0 gi\u00e3n h\u01a1n v\u00e0 v\u1ebb ngo\u00e0i quan tr\u1ecdng h\u01a1n. <\/p>\n<p> Acetyl tetrapeptide-22 k\u00edch th\u00edch c\u01a1 th\u1ec3 t\u1ed5ng h\u1ee3p protein s\u1ed1c nhi\u1ec7t 70 v\u1edbi s\u1ed1 l\u01b0\u1ee3ng l\u1edbn, c\u00f3 li\u00ean quan \u0111\u1ebfn vi\u1ec7c s\u1eeda ch\u1eefa v\u00e0 lo\u1ea1i b\u1ecf c\u00e1c protein b\u1ecb h\u01b0 h\u1ecfng, b\u1ea3o v\u1ec7 t\u1ebf b\u00e0o kh\u1ecfi b\u1ecb h\u01b0 h\u1ea1i nghi\u00eam tr\u1ecdng, t\u0103ng t\u1ed1c s\u1eeda ch\u1eefa v\u00e0 duy tr\u00ec c\u00e1c ch\u1ee9c n\u0103ng sinh l\u00fd b\u00ecnh th\u01b0\u1eddng c\u1ee7a t\u1ebf b\u00e0o; c\u1ea3i thi\u1ec7n kh\u1ea3 n\u0103ng ch\u1ecbu \u0111\u1ef1ng c\u1ee7a t\u1ebf b\u00e0o \u0111\u1ed1i v\u1edbi c\u00e1c t\u00e1c nh\u00e2n g\u00e2y c\u0103ng th\u1eb3ng. <\/p>\n<p> Acetyl tetrapeptide-22 b\u1ea3o v\u1ec7 da ch\u1ed1ng l\u1ea1i c\u00e1c \u00e1p l\u1ef1c b\u1ea5t l\u1ee3i kh\u00e1c nhau g\u1eb7p ph\u1ea3i h\u00e0ng ng\u00e0y nh\u01b0 g\u1ed1c t\u1ef1 do oxy, m\u00e1y bay ph\u1ea3n l\u1ef1c, m\u1ea5t n\u01b0\u1edbc, chi\u1ebfu tia UV, nhi\u1ec7t \u0111\u1ed9 qu\u00e1 l\u1ea1nh, v.v. , l\u00e0 nguy\u00ean nh\u00e2n g\u00e2y h\u1ea1i cho da, v\u00e0 duy tr\u00ec s\u1ee9c s\u1ed1ng cho l\u00e0n da. N\u00f3 ph\u00f9 h\u1ee3p h\u01a1n cho nh\u1eefng ng\u01b0\u1eddi th\u01b0\u1eddng xuy\u00ean \u1edf trong m\u00f4i tr\u01b0\u1eddng c\u0103ng th\u1eb3ng kh\u00f4ng t\u1ed1t, ch\u1eb3ng h\u1ea1n nh\u01b0 c\u00f4ng nh\u00e2n c\u1ed5 c\u1ed3n tr\u1eafng v\u1edbi \u00e1p l\u1ef1c c\u00f4ng vi\u1ec7c cao, v.v.<\/p>\n","protected":false},"excerpt":{"rendered":"<p>T\u00ean s\u1ea3n ph\u1ea9m: Acetyl Tetrapeptide-22<br \/>\n Tham kh\u1ea3o: Thermostressine<br \/>\n \u0110\u1ed9 tinh khi\u1ebft:&gt; 95%<br \/>\n Ngu\u1ed3n: t\u1ed5ng h\u1ee3p<br \/>\n L\u1edbp: m\u1ef9 ph\u1ea9m<\/p>\n","protected":false},"featured_media":2178,"comment_status":"open","ping_status":"closed","template":"","meta":{"om_disable_all_campaigns":false,"_monsterinsights_skip_tracking":false,"_monsterinsights_sitenote_active":false,"_monsterinsights_sitenote_note":"","_monsterinsights_sitenote_category":0,"site-sidebar-layout":"default","site-content-layout":"default","ast-site-content-layout":"default","site-content-style":"default","site-sidebar-style":"default","ast-global-header-display":"","ast-banner-title-visibility":"","ast-main-header-display":"","ast-hfb-above-header-display":"","ast-hfb-below-header-display":"","ast-hfb-mobile-header-display":"","site-post-title":"","ast-breadcrumbs-content":"","ast-featured-img":"","footer-sml-layout":"","ast-disable-related-posts":"","theme-transparent-header-meta":"default","adv-header-id-meta":"","stick-header-meta":"","header-above-stick-meta":"","header-main-stick-meta":"","header-below-stick-meta":"","astra-migrate-meta-layouts":"default","ast-page-background-enabled":"default","ast-page-background-meta":{"desktop":{"background-color":"","background-image":"","background-repeat":"repeat","background-position":"center center","background-size":"auto","background-attachment":"scroll","background-type":"","background-media":"","overlay-type":"","overlay-color":"","overlay-opacity":"","overlay-gradient":""},"tablet":{"background-color":"","background-image":"","background-repeat":"repeat","background-position":"center center","background-size":"auto","background-attachment":"scroll","background-type":"","background-media":"","overlay-type":"","overlay-color":"","overlay-opacity":"","overlay-gradient":""},"mobile":{"background-color":"","background-image":"","background-repeat":"repeat","background-position":"center center","background-size":"auto","background-attachment":"scroll","background-type":"","background-media":"","overlay-type":"","overlay-color":"","overlay-opacity":"","overlay-gradient":""}},"ast-content-background-meta":{"desktop":{"background-color":"var(--ast-global-color-5)","background-image":"","background-repeat":"repeat","background-position":"center center","background-size":"auto","background-attachment":"scroll","background-type":"","background-media":"","overlay-type":"","overlay-color":"","overlay-opacity":"","overlay-gradient":""},"tablet":{"background-color":"var(--ast-global-color-5)","background-image":"","background-repeat":"repeat","background-position":"center center","background-size":"auto","background-attachment":"scroll","background-type":"","background-media":"","overlay-type":"","overlay-color":"","overlay-opacity":"","overlay-gradient":""},"mobile":{"background-color":"var(--ast-global-color-5)","background-image":"","background-repeat":"repeat","background-position":"center center","background-size":"auto","background-attachment":"scroll","background-type":"","background-media":"","overlay-type":"","overlay-color":"","overlay-opacity":"","overlay-gradient":""}}},"product_brand":[],"product_cat":[684],"product_tag":[3524],"class_list":{"0":"post-6388","1":"product","2":"type-product","3":"status-publish","4":"has-post-thumbnail","6":"product_cat-peptide-chong-di-ung-va-chong-viem","7":"product_tag-acetyl-tetrapeptide-22-for-skin-repair-vi","8":"desktop-align-left","9":"tablet-align-left","10":"mobile-align-left","12":"first","13":"instock","14":"shipping-taxable","15":"product-type-simple"},"_links":{"self":[{"href":"https:\/\/puyapeptide.net\/vi\/wp-json\/wp\/v2\/product\/6388","targetHints":{"allow":["GET"]}}],"collection":[{"href":"https:\/\/puyapeptide.net\/vi\/wp-json\/wp\/v2\/product"}],"about":[{"href":"https:\/\/puyapeptide.net\/vi\/wp-json\/wp\/v2\/types\/product"}],"replies":[{"embeddable":true,"href":"https:\/\/puyapeptide.net\/vi\/wp-json\/wp\/v2\/comments?post=6388"}],"wp:featuredmedia":[{"embeddable":true,"href":"https:\/\/puyapeptide.net\/vi\/wp-json\/wp\/v2\/media\/2178"}],"wp:attachment":[{"href":"https:\/\/puyapeptide.net\/vi\/wp-json\/wp\/v2\/media?parent=6388"}],"wp:term":[{"taxonomy":"product_brand","embeddable":true,"href":"https:\/\/puyapeptide.net\/vi\/wp-json\/wp\/v2\/product_brand?post=6388"},{"taxonomy":"product_cat","embeddable":true,"href":"https:\/\/puyapeptide.net\/vi\/wp-json\/wp\/v2\/product_cat?post=6388"},{"taxonomy":"product_tag","embeddable":true,"href":"https:\/\/puyapeptide.net\/vi\/wp-json\/wp\/v2\/product_tag?post=6388"}],"curies":[{"name":"wp","href":"https:\/\/api.w.org\/{rel}","templated":true}]}}