{"id":6409,"date":"2021-12-16T04:58:09","date_gmt":"2021-12-16T09:58:09","guid":{"rendered":"https:\/\/puyapeptide.net\/product\/acetyl-tetrapeptide-15-cas-928007-64-1-thuong-duoc-su-dung-de-cham-soc-da-nhay-cam\/"},"modified":"2021-12-16T04:58:09","modified_gmt":"2021-12-16T09:58:09","slug":"acetyl-tetrapeptide-15-cas-928007-64-1-thuong-duoc-su-dung-de-cham-soc-da-nhay-cam","status":"publish","type":"product","link":"https:\/\/puyapeptide.net\/vi\/product\/acetyl-tetrapeptide-15-cas-928007-64-1-thuong-duoc-su-dung-de-cham-soc-da-nhay-cam\/","title":{"rendered":"Acetyl Tetrapeptide-15 CAS 928007-64-1 th\u01b0\u1eddng \u0111\u01b0\u1ee3c s\u1eed d\u1ee5ng \u0111\u1ec3 ch\u0103m s\u00f3c da nh\u1ea1y c\u1ea3m"},"content":{"rendered":"<h2><strong>Acetyl Tetrapeptide-15 CAS 928007-64-1 th\u01b0\u1eddng \u0111\u01b0\u1ee3c s\u1eed d\u1ee5ng \u0111\u1ec3 ch\u0103m s\u00f3c da nh\u1ea1y c\u1ea3m<\/strong><\/h2>\n<p> T\u00ean s\u1ea3n ph\u1ea9m: Acetyl tetrapeptit 15<br \/>\n T\u1eeb \u0111\u1ed3ng ngh\u0129a: Acetyl tetrapeptit 15; N-Acetyl-L-tyrosyl-L-prolyl-L-phenylalanyl-L-phenylalaninamide; Skinasensyl; acetyl tetrapeptit-15 \/ Skinasensyl LS 9749; ( 2S) -1 &#8211; [(2S) -2-axetamido-3- (4-hydroxyphenyl) propanoyl] -N &#8211; [(2S) -1 &#8211; [[(2S) -1-amino-1-oxo-3-phenylpropan -2-yl] amino] -1-oxo-3-phenylpropan-2-yl] pyrrolidine-2-carboxamide; L-Phenylalaninamide, N-acetyl-L-tyrosyl-L-prolyl-L-phenylalanyl-; AC-PPLY -OH; Acetyl tetrapeptit 15 USP \/ EP \/ BP<br \/>\n CAS: 928007-64-1<br \/>\n MF: C34H39N5O6<br \/>\n MW: 613.7<br \/>\n EINECS:<br \/>\n Danh m\u1ee5c s\u1ea3n ph\u1ea9m:<br \/>\n Mol File: 928007-64-1.mol <\/p>\n<p> Acetyl Tetrapeptide-15 l\u00e0 m\u1ed9t tetrapeptit t\u1ed5ng h\u1ee3p m\u1edbi gi\u00fap l\u00e0m d\u1ecbu l\u00e0n da nh\u1ea1y c\u1ea3m b\u1eb1ng c\u00e1ch b\u00ecnh th\u01b0\u1eddng h\u00f3a ng\u01b0\u1ee1ng ch\u1ecbu \u0111\u1ef1ng \u0111\u1ed1i v\u1edbi c\u00e1c y\u1ebfu t\u1ed1 m\u00f4i tr\u01b0\u1eddng, m\u1ed9t s\u1ed1 s\u1ea3n ph\u1ea9m g\u00e2y kh\u00f3 ch\u1ecbu b\u00f4i t\u1ea1i ch\u1ed7 ho\u1eb7c li\u1ec7u ph\u00e1p ch\u0103m s\u00f3c da. N\u00f3 b\u1eaft ch\u01b0\u1edbc m\u1ed9t peptide opioid t\u1ef1 nhi\u00ean v\u00e0 \u0111\u01b0\u1ee3c ph\u00e1t tri\u1ec3n v\u1edbi m\u1ee5c \u0111\u00edch l\u00e0m gi\u1ea3m k\u00edch th\u00edch c\u00e1c \u0111\u1ea7u d\u00e2y th\u1ea7n kinh c\u1ee7a da. <\/p>\n<p> Acetyl Tetrapeptide-15 th\u01b0\u1eddng \u0111\u01b0\u1ee3c s\u1eed d\u1ee5ng \u0111\u1ec3 ch\u0103m s\u00f3c da nh\u1ea1y c\u1ea3m. Tetrapeptide nh\u1eafm m\u1ee5c ti\u00eau v\u00e0o da nh\u1ea1y c\u1ea3m th\u1ea7n kinh b\u1eb1ng c\u00e1ch gi\u1ea3m gi\u1ea3i ph\u00f3ng c\u00e1c ch\u1ea5t trung gian g\u00e2y vi\u00eam v\u00e0 t\u0103ng m\u1ee9c \u0111\u1ed9 ch\u1ecbu \u0111\u1ef1ng c\u1ee7a da, d\u1eabn \u0111\u1ebfn da \u00edt ph\u1ea3n \u1ee9ng h\u01a1n v\u00e0 gi\u1ea3m \u0111au v\u00e0 kh\u00f3 ch\u1ecbu. <\/p>\n<p> H\u01a1n 40% d\u00e2n s\u1ed1 ph\u00e0n n\u00e0n v\u1ec1 da nh\u1ea1y c\u1ea3m. Da n\u00e0y, kh\u00f4ng gi\u1ed1ng nh\u01b0 da b\u00ecnh th\u01b0\u1eddng, ph\u1ea3n \u1ee9ng ti\u00eau c\u1ef1c v\u1edbi c\u00e1c y\u1ebfu t\u1ed1 m\u00f4i tr\u01b0\u1eddng kh\u00e1c nhau: thay \u0111\u1ed5i nhi\u1ec7t \u0111\u1ed9, ti\u1ebfp x\u00fac v\u1edbi \u00e1nh n\u1eafng m\u1eb7t tr\u1eddi, m\u1ef9 ph\u1ea9m v\u00e0 s\u1eed d\u1ee5ng thu\u1ed1c. Sau khi ti\u1ebfp x\u00fac v\u1edbi nh\u1eefng y\u1ebfu t\u1ed1 n\u00e0y, nh\u1eefng ng\u01b0\u1eddi b\u1ecb r\u1ed1i lo\u1ea1n da nh\u1ea1y c\u1ea3m s\u1ebd c\u00f3 c\u1ea3m gi\u00e1c kh\u00f3 ch\u1ecbu nh\u01b0 ng\u1ee9a ran, b\u1ecfng r\u00e1t ho\u1eb7c \u0111\u1ecf da. <\/p>\n<p> Acetyl tetrapeptide 15 t\u00e1c \u0111\u1ed9ng l\u00ean c\u00e1c th\u1ee5 th\u1ec3 \u0111au (\u0111\u1ea7u d\u00e2y th\u1ea7n kinh) v\u00e0 l\u00e0m gi\u1ea3m ho\u1ea1t \u0111\u1ed9ng c\u1ee7a ch\u00fang. \u0110i\u1ec1u n\u00e0y l\u00e0m gi\u1ea3m c\u1ea3m gi\u00e1c \u0111au v\u00e0 kh\u00f3 ch\u1ecbu do c\u00e1c y\u1ebfu t\u1ed1 g\u00e2y nh\u1ea1y c\u1ea3m da g\u00e2y ra. <\/p>\n<p> C\u00e1c nghi\u00ean c\u1ee9u l\u00e2m s\u00e0ng trong \u1ed1ng nghi\u1ec7m \u0111\u00e3 ch\u1ec9 ra r\u1eb1ng vi\u1ec7c gi\u1ea3m s\u1ef1 th\u01b0 gi\u00e3n c\u1ee7a ch\u1ea5t d\u1eabn truy\u1ec1n th\u1ea7n kinh CGRP (peptide li\u00ean quan \u0111\u1ebfn gen calcitonin) trong t\u1ebf b\u00e0o th\u1ea7n kinh c\u1ea3m gi\u00e1c l\u00e0m gi\u1ea3m da ph\u1ea3n \u1ee9ng nh\u1ea1y c\u1ea3m. Acetyltetrapeptide-15 c\u0169ng \u0111\u01b0\u1ee3c ch\u1ee9ng minh l\u00e0 ho\u1ea1t \u0111\u1ed9ng nh\u01b0 m\u1ed9t ch\u1ea5t ch\u1ee7 v\u1eadn th\u1ee5 th\u1ec3 ch\u1ea5t gi\u1ed1ng opioid. C\u00e1c nghi\u00ean c\u1ee9u l\u00e2m s\u00e0ng in vivo \u0111\u00e3 ch\u1ec9 ra r\u1eb1ng \u0111i\u1ec1u n\u00e0y l\u00e0m gi\u1ea3m c\u1ea3m gi\u00e1c kh\u00f3 ch\u1ecbu v\u00e0 \u0111au do k\u00edch th\u00edch b\u00ean ngo\u00e0i (nhi\u1ec7t v\u00e0 capsaicin). <\/p>\n<p> Do \u0111\u00f3, acetyl tetrapeptide 15 gi\u00fap kh\u00f4i ph\u1ee5c m\u1ee9c \u0111\u1ed9 b\u00ecnh th\u01b0\u1eddng c\u1ee7a da \u0111\u1ed1i v\u1edbi c\u00e1c y\u1ebfu t\u1ed1 m\u00f4i tr\u01b0\u1eddng ho\u1eb7c m\u1ef9 ph\u1ea9m v\u00e0 s\u1eeda ch\u1eefa h\u00e0ng r\u00e0o b\u1ea3o v\u1ec7 da . <\/p>\n<p> <strong>Ch\u1ee9c n\u0103ng v\u00e0 \u1ee9ng d\u1ee5ng c\u1ee7a Acetyl Tetrapeptide-15 CAS 928007-64-1<\/strong><br \/>\n Acetyl Tetrapeptide-15 l\u00e0m gi\u1ea3m c\u1ea3m gi\u00e1c kh\u00f3 ch\u1ecbu v\u00e0 \u0111au \u0111\u1edbn \u1edf da nh\u1ea1y c\u1ea3m<\/p>\n","protected":false},"excerpt":{"rendered":"<p>T\u00ean s\u1ea3n ph\u1ea9m: Acetyl tetrapeptit 15<br \/>\n CAS: 928007-64-1<br \/>\n MF: C34H39N5O6<br \/>\n MW: 613.7<br \/>\n Mol T\u1ec7p: 928007-64-1.mol<\/p>\n","protected":false},"featured_media":2136,"comment_status":"open","ping_status":"closed","template":"","meta":{"om_disable_all_campaigns":false,"_monsterinsights_skip_tracking":false,"_monsterinsights_sitenote_active":false,"_monsterinsights_sitenote_note":"","_monsterinsights_sitenote_category":0,"site-sidebar-layout":"default","site-content-layout":"default","ast-site-content-layout":"default","site-content-style":"default","site-sidebar-style":"default","ast-global-header-display":"","ast-banner-title-visibility":"","ast-main-header-display":"","ast-hfb-above-header-display":"","ast-hfb-below-header-display":"","ast-hfb-mobile-header-display":"","site-post-title":"","ast-breadcrumbs-content":"","ast-featured-img":"","footer-sml-layout":"","ast-disable-related-posts":"","theme-transparent-header-meta":"default","adv-header-id-meta":"","stick-header-meta":"","header-above-stick-meta":"","header-main-stick-meta":"","header-below-stick-meta":"","astra-migrate-meta-layouts":"default","ast-page-background-enabled":"default","ast-page-background-meta":{"desktop":{"background-color":"","background-image":"","background-repeat":"repeat","background-position":"center center","background-size":"auto","background-attachment":"scroll","background-type":"","background-media":"","overlay-type":"","overlay-color":"","overlay-opacity":"","overlay-gradient":""},"tablet":{"background-color":"","background-image":"","background-repeat":"repeat","background-position":"center center","background-size":"auto","background-attachment":"scroll","background-type":"","background-media":"","overlay-type":"","overlay-color":"","overlay-opacity":"","overlay-gradient":""},"mobile":{"background-color":"","background-image":"","background-repeat":"repeat","background-position":"center center","background-size":"auto","background-attachment":"scroll","background-type":"","background-media":"","overlay-type":"","overlay-color":"","overlay-opacity":"","overlay-gradient":""}},"ast-content-background-meta":{"desktop":{"background-color":"var(--ast-global-color-5)","background-image":"","background-repeat":"repeat","background-position":"center center","background-size":"auto","background-attachment":"scroll","background-type":"","background-media":"","overlay-type":"","overlay-color":"","overlay-opacity":"","overlay-gradient":""},"tablet":{"background-color":"var(--ast-global-color-5)","background-image":"","background-repeat":"repeat","background-position":"center center","background-size":"auto","background-attachment":"scroll","background-type":"","background-media":"","overlay-type":"","overlay-color":"","overlay-opacity":"","overlay-gradient":""},"mobile":{"background-color":"var(--ast-global-color-5)","background-image":"","background-repeat":"repeat","background-position":"center center","background-size":"auto","background-attachment":"scroll","background-type":"","background-media":"","overlay-type":"","overlay-color":"","overlay-opacity":"","overlay-gradient":""}}},"product_brand":[],"product_cat":[684],"product_tag":[3501],"class_list":{"0":"post-6409","1":"product","2":"type-product","3":"status-publish","4":"has-post-thumbnail","6":"product_cat-peptide-chong-di-ung-va-chong-viem","7":"product_tag-acetyl-tetrapeptide-15-cas-928007-64-1-is-generally-used-for-sensitive-skin-care-vi","8":"desktop-align-left","9":"tablet-align-left","10":"mobile-align-left","12":"first","13":"instock","14":"shipping-taxable","15":"product-type-simple"},"_links":{"self":[{"href":"https:\/\/puyapeptide.net\/vi\/wp-json\/wp\/v2\/product\/6409","targetHints":{"allow":["GET"]}}],"collection":[{"href":"https:\/\/puyapeptide.net\/vi\/wp-json\/wp\/v2\/product"}],"about":[{"href":"https:\/\/puyapeptide.net\/vi\/wp-json\/wp\/v2\/types\/product"}],"replies":[{"embeddable":true,"href":"https:\/\/puyapeptide.net\/vi\/wp-json\/wp\/v2\/comments?post=6409"}],"wp:featuredmedia":[{"embeddable":true,"href":"https:\/\/puyapeptide.net\/vi\/wp-json\/wp\/v2\/media\/2136"}],"wp:attachment":[{"href":"https:\/\/puyapeptide.net\/vi\/wp-json\/wp\/v2\/media?parent=6409"}],"wp:term":[{"taxonomy":"product_brand","embeddable":true,"href":"https:\/\/puyapeptide.net\/vi\/wp-json\/wp\/v2\/product_brand?post=6409"},{"taxonomy":"product_cat","embeddable":true,"href":"https:\/\/puyapeptide.net\/vi\/wp-json\/wp\/v2\/product_cat?post=6409"},{"taxonomy":"product_tag","embeddable":true,"href":"https:\/\/puyapeptide.net\/vi\/wp-json\/wp\/v2\/product_tag?post=6409"}],"curies":[{"name":"wp","href":"https:\/\/api.w.org\/{rel}","templated":true}]}}