{"id":6438,"date":"2021-12-16T05:00:52","date_gmt":"2021-12-16T10:00:52","guid":{"rendered":"https:\/\/puyapeptide.net\/product\/palmitoyl-tripeptide-8-cas-936544-53-5-de-ngan-ngua-va-lam-diu-chung-viem-o-da-bi-kich-ung\/"},"modified":"2021-12-16T05:00:52","modified_gmt":"2021-12-16T10:00:52","slug":"palmitoyl-tripeptide-8-cas-936544-53-5-de-ngan-ngua-va-lam-diu-chung-viem-o-da-bi-kich-ung","status":"publish","type":"product","link":"https:\/\/puyapeptide.net\/vi\/product\/palmitoyl-tripeptide-8-cas-936544-53-5-de-ngan-ngua-va-lam-diu-chung-viem-o-da-bi-kich-ung\/","title":{"rendered":"Palmitoyl Tripeptide-8 CAS 936544-53-5 \u0111\u1ec3 ng\u0103n ng\u1eeba v\u00e0 l\u00e0m d\u1ecbu ch\u1ee9ng vi\u00eam \u1edf da b\u1ecb k\u00edch \u1ee9ng"},"content":{"rendered":"<h2><strong>Palmitoyl Tripeptide-8 CAS 936544-53-5 \u0111\u1ec3 ng\u0103n ng\u1eeba v\u00e0 l\u00e0m d\u1ecbu ch\u1ee9ng vi\u00eam \u1edf da b\u1ecb k\u00edch \u1ee9ng<\/strong><\/h2>\n<p> T\u00ean s\u1ea3n ph\u1ea9m: Palmitoyl Tripeptide-8<br \/>\n T\u1eeb \u0111\u1ed3ng ngh\u0129a: Neutrazen; Palmitoyl Tripeptide-8; Palmiltoyl Tripeptide-8; L-Argininamide, N- (1-oxohexadecyl) -L-histidyl-D-phenylalanyl-; Nh\u00e0 cung c\u1ea5p nh\u00e0 m\u00e1y Palmitoyl Tripeptide-8; M\u1ef9 ph\u1ea9m Peptide Palmitoyl Tripeptide-8 B\u1ed9t Neutrazen CAS 936544-53-5 \u0111\u1ec3 ch\u1ed1ng d\u1ecb \u1ee9ng v\u00e0 s\u1eeda ch\u1eefa<br \/>\n CAS: 936544-53-5<br \/>\n MF: C37H61N9O4<br \/>\n MW: 695,94<br \/>\n EINECS:<br \/>\n Danh m\u1ee5c s\u1ea3n ph\u1ea9m:<br \/>\n Mol T\u1ec7p: 936544-53-5.mol <\/p>\n<p> Palmitoyl Tripeptide-8 l\u00e0 m\u1ed9t peptide m\u1edbi. N\u00f3 gi\u00fap ng\u0103n ng\u1eeba v\u00e0 l\u00e0m d\u1ecbu ch\u1ee9ng vi\u00eam \u1edf da b\u1ecb k\u00edch \u1ee9ng. L\u00e0 m\u1ed9t t\u00e0i s\u1ea3n b\u1ed5 sung, n\u00f3 th\u1ef1c s\u1ef1 ho\u1ea1t \u0111\u1ed9ng \u0111\u1ec3 c\u1ea3i thi\u1ec7n kh\u1ea3 n\u0103ng ph\u1ee5c h\u1ed3i c\u1ee7a da nh\u1ea1y c\u1ea3m. Palmitoyl tripeptide-8 c\u00f3 th\u1ec3 l\u00e0m gi\u1ea3m m\u1ed9t lo\u1ea1t c\u00e1c h\u1eadu qu\u1ea3 b\u1ea5t l\u1ee3i do gi\u1ea3i ph\u00f3ng ch\u1ea5t P, gi\u1ea3m gi\u1ea3i ph\u00f3ng c\u00e1c cytokine g\u00e2y vi\u00eam (IL-1, IL-8, TNF-\u03b1), gi\u1ea3m gi\u00e3n m\u1ea1ch, ng\u0103n ng\u1eeba v\u00e0 gi\u1ea3m k\u00edch \u1ee9ng c\u1ee7a c\u00e1c k\u00edch th\u00edch b\u00ean ngo\u00e0i. , gi\u1ea3m ng\u1ee9a, ch\u00e2m ch\u00edch, ban \u0111\u1ecf, ph\u00f9 n\u1ec1 v\u00e0 c\u00e1c tri\u1ec7u ch\u1ee9ng kh\u00e1c, duy tr\u00ec ng\u01b0\u1ee1ng nh\u1ea1y c\u1ea3m b\u00ecnh th\u01b0\u1eddng c\u1ee7a da v\u00e0 gi\u1eef cho da kh\u1ecfe m\u1ea1nh. <\/p>\n<p> <strong>Palmitoyl Tripeptide-8 CAS 936544-53-5 T\u00ednh ch\u1ea5t h\u00f3a h\u1ecdc<\/strong><br \/>\n m\u1eadt \u0111\u1ed9 1,20 \u00b1 0,1 g \/ cm3 (D\u1ef1 \u0111o\u00e1n)<br \/>\n pka 13,34 \u00b1 0,46 (D\u1ef1 \u0111o\u00e1n) <\/p>\n<p> <strong>Ch\u1ee9c n\u0103ng c\u1ee7a Palmitoyl Tripeptide-8 CAS 936544-53-5<\/strong><br \/>\n 1 \u3001 L\u00e0m gi\u1ea3m ph\u1ea3n \u1ee9ng c\u1ee7a da v\u1edbi c\u00e1c ch\u1ea5t g\u00e2y k\u00edch \u1ee9ng, gi\u00fap da gi\u1ea3m ph\u1ea3n \u1ee9ng vi\u00eam v\u00e0 gi\u1ea3m ph\u00f9 th\u1ea7n kinh. <\/p>\n<p> 2 \u3001 \u0110\u1eb7c bi\u1ec7t th\u00edch h\u1ee3p \u0111\u1ec3 ch\u0103m s\u00f3c da nh\u1ea1y c\u1ea3m <\/p>\n<p> 3 \u3001 L\u00e0m gi\u1ea3m nhanh c\u00e1c tri\u1ec7u ch\u1ee9ng vi\u00eam \u0111\u1ecf, s\u01b0ng v\u00e0 \u0111au <\/p>\n<p> <strong>\u1ee8ng d\u1ee5ng c\u1ee7a Palmitoyl Tripeptide-8 CAS 936544-53-5<\/strong><br \/>\n 1. Palmitoyl Tripeptide-8 Ng\u0103n ng\u1eeba &amp; \u0111\u1ea3o ng\u01b0\u1ee3c c\u00e1c d\u1ea5u hi\u1ec7u c\u1ee7a ch\u1ee9ng vi\u00eam th\u1ea7n kinh. <\/p>\n<p> 2. Palmitoyl Tripeptide-8 L\u00e0m d\u1ecbu &amp; l\u00e0m d\u1ecbu l\u00e0n da b\u1ecb k\u00edch \u1ee9ng. <\/p>\n<p> 3. Palmitoyl Tripeptide-8 Gi\u00fap duy tr\u00ec v\u00e0 ph\u1ee5c h\u1ed3i ng\u01b0\u1ee1ng nh\u1ea1y c\u1ea3m b\u00ecnh th\u01b0\u1eddng.<\/p>\n","protected":false},"excerpt":{"rendered":"<p>T\u00ean s\u1ea3n ph\u1ea9m: Palmitoyl Tripeptide-8<br \/>\n CAS: 936544-53-5<br \/>\n MF: C37H61N9O4<br \/>\n MW: 695,94<br \/>\n Mol T\u1ec7p: 936544-53-5.mol<\/p>\n","protected":false},"featured_media":2220,"comment_status":"open","ping_status":"closed","template":"","meta":{"om_disable_all_campaigns":false,"_monsterinsights_skip_tracking":false,"_monsterinsights_sitenote_active":false,"_monsterinsights_sitenote_note":"","_monsterinsights_sitenote_category":0,"site-sidebar-layout":"default","site-content-layout":"default","ast-site-content-layout":"default","site-content-style":"default","site-sidebar-style":"default","ast-global-header-display":"","ast-banner-title-visibility":"","ast-main-header-display":"","ast-hfb-above-header-display":"","ast-hfb-below-header-display":"","ast-hfb-mobile-header-display":"","site-post-title":"","ast-breadcrumbs-content":"","ast-featured-img":"","footer-sml-layout":"","ast-disable-related-posts":"","theme-transparent-header-meta":"default","adv-header-id-meta":"","stick-header-meta":"","header-above-stick-meta":"","header-main-stick-meta":"","header-below-stick-meta":"","astra-migrate-meta-layouts":"default","ast-page-background-enabled":"default","ast-page-background-meta":{"desktop":{"background-color":"","background-image":"","background-repeat":"repeat","background-position":"center center","background-size":"auto","background-attachment":"scroll","background-type":"","background-media":"","overlay-type":"","overlay-color":"","overlay-opacity":"","overlay-gradient":""},"tablet":{"background-color":"","background-image":"","background-repeat":"repeat","background-position":"center center","background-size":"auto","background-attachment":"scroll","background-type":"","background-media":"","overlay-type":"","overlay-color":"","overlay-opacity":"","overlay-gradient":""},"mobile":{"background-color":"","background-image":"","background-repeat":"repeat","background-position":"center center","background-size":"auto","background-attachment":"scroll","background-type":"","background-media":"","overlay-type":"","overlay-color":"","overlay-opacity":"","overlay-gradient":""}},"ast-content-background-meta":{"desktop":{"background-color":"var(--ast-global-color-5)","background-image":"","background-repeat":"repeat","background-position":"center center","background-size":"auto","background-attachment":"scroll","background-type":"","background-media":"","overlay-type":"","overlay-color":"","overlay-opacity":"","overlay-gradient":""},"tablet":{"background-color":"var(--ast-global-color-5)","background-image":"","background-repeat":"repeat","background-position":"center center","background-size":"auto","background-attachment":"scroll","background-type":"","background-media":"","overlay-type":"","overlay-color":"","overlay-opacity":"","overlay-gradient":""},"mobile":{"background-color":"var(--ast-global-color-5)","background-image":"","background-repeat":"repeat","background-position":"center center","background-size":"auto","background-attachment":"scroll","background-type":"","background-media":"","overlay-type":"","overlay-color":"","overlay-opacity":"","overlay-gradient":""}}},"product_brand":[],"product_cat":[684],"product_tag":[3481],"class_list":{"0":"post-6438","1":"product","2":"type-product","3":"status-publish","4":"has-post-thumbnail","6":"product_cat-peptide-chong-di-ung-va-chong-viem","7":"product_tag-palmitoyl-tripeptide-8-cas-936544-53-5-to-prevent-and-sooth-inflammation-in-irritated-skin-vi","8":"desktop-align-left","9":"tablet-align-left","10":"mobile-align-left","12":"first","13":"instock","14":"shipping-taxable","15":"product-type-simple"},"_links":{"self":[{"href":"https:\/\/puyapeptide.net\/vi\/wp-json\/wp\/v2\/product\/6438","targetHints":{"allow":["GET"]}}],"collection":[{"href":"https:\/\/puyapeptide.net\/vi\/wp-json\/wp\/v2\/product"}],"about":[{"href":"https:\/\/puyapeptide.net\/vi\/wp-json\/wp\/v2\/types\/product"}],"replies":[{"embeddable":true,"href":"https:\/\/puyapeptide.net\/vi\/wp-json\/wp\/v2\/comments?post=6438"}],"wp:featuredmedia":[{"embeddable":true,"href":"https:\/\/puyapeptide.net\/vi\/wp-json\/wp\/v2\/media\/2220"}],"wp:attachment":[{"href":"https:\/\/puyapeptide.net\/vi\/wp-json\/wp\/v2\/media?parent=6438"}],"wp:term":[{"taxonomy":"product_brand","embeddable":true,"href":"https:\/\/puyapeptide.net\/vi\/wp-json\/wp\/v2\/product_brand?post=6438"},{"taxonomy":"product_cat","embeddable":true,"href":"https:\/\/puyapeptide.net\/vi\/wp-json\/wp\/v2\/product_cat?post=6438"},{"taxonomy":"product_tag","embeddable":true,"href":"https:\/\/puyapeptide.net\/vi\/wp-json\/wp\/v2\/product_tag?post=6438"}],"curies":[{"name":"wp","href":"https:\/\/api.w.org\/{rel}","templated":true}]}}