{"id":6460,"date":"2021-12-16T05:01:45","date_gmt":"2021-12-16T10:01:45","guid":{"rendered":"https:\/\/puyapeptide.net\/product\/pentapeptide-25-cho-da-san-va-giam-beo\/"},"modified":"2021-12-16T05:01:45","modified_gmt":"2021-12-16T10:01:45","slug":"pentapeptide-25-cho-da-san-va-giam-beo","status":"publish","type":"product","link":"https:\/\/puyapeptide.net\/vi\/product\/pentapeptide-25-cho-da-san-va-giam-beo\/","title":{"rendered":"Pentapeptide-25 cho Da s\u1ea7n v\u00e0 Gi\u1ea3m b\u00e9o"},"content":{"rendered":"<h2><strong>Pentapeptide-25 cho Da s\u1ea7n v\u00e0 Gi\u1ea3m b\u00e9o<\/strong><\/h2>\n<p> T\u00ean s\u1ea3n ph\u1ea9m: PENTAPEPTIDE-25<br \/>\n Tham kh\u1ea3o: UCPEPTIDE V<br \/>\n \u0110\u1ed9 tinh khi\u1ebft:&gt; 95%<br \/>\n Ngu\u1ed3n: t\u1ed5ng h\u1ee3p<br \/>\n L\u1edbp: m\u1ef9 ph\u1ea9m<br \/>\n \u0110\u1ed9 \u1ed5n \u0111\u1ecbnh: \u1ed5n \u0111\u1ecbnh<br \/>\n \u0110\u1ed9 h\u00f2a tan: h\u00f2a tan trong n\u01b0\u1edbc<br \/>\n M\u00f9i: kh\u00f4ng<br \/>\n C\u00f4ng th\u1ee9c: c\u00f3 s\u1eb5n \u0111\u1ec3 b\u1ea1n tham kh\u1ea3o, vui l\u00f2ng li\u00ean h\u1ec7 v\u1edbi ch\u00fang t\u00f4i.<br \/>\n MSDS v\u00e0 COA: c\u00f3 s\u1eb5n \u0111\u1ec3 b\u1ea1n tham kh\u1ea3o, vui l\u00f2ng li\u00ean h\u1ec7 v\u1edbi ch\u00fang t\u00f4i.<br \/>\n Giao h\u00e0ng: ngay t\u1eeb kho<br \/>\n Li\u1ec1u l\u01b0\u1ee3ng \u0111\u1ec1 xu\u1ea5t: 50 PPM<br \/>\n C\u00f4ng su\u1ea5t: 500g m\u1ed7i th\u00e1ng<br \/>\n H\u00ecnh th\u1ee9c: b\u1ed9t m\u00e0u tr\u1eafng <\/p>\n<p> Pentapeptide-25 l\u00e0 m\u1ed9t peptide c\u00f3 t\u00e1c d\u1ee5ng gi\u1ea3m b\u00e9o, c\u00f3 th\u1ec3 h\u1ea1n ch\u1ebf s\u1ef1 t\u00edch t\u1ee5 ch\u1ea5t b\u00e9o trong c\u01a1 th\u1ec3, gi\u1ea3m kh\u1ed1i l\u01b0\u1ee3ng m\u1ee5n n\u01b0\u1edbc trong t\u1ebf b\u00e0o m\u1ee1, c\u0169ng nh\u01b0 gi\u1ea3m th\u1ec3 t\u00edch t\u1ebf b\u00e0o m\u1ee1 \u0111\u1ec3 \u0111\u1ea1t \u0111\u01b0\u1ee3c hi\u1ec7u qu\u1ea3 gi\u1ea3m c\u00e2n, gi\u1ea3m b\u00e9o v\u00e0 l\u00e0m thon g\u1ecdn khu\u00f4n m\u1eb7t. <\/p>\n<p> Pentapeptide-25 l\u00e0 m\u1ed9t peptide gi\u1ed1ng UCP thu \u0111\u01b0\u1ee3c b\u1eb1ng c\u00e1ch t\u1ed5ng h\u1ee3p v\u00e0 thi\u1ebft k\u1ebf cho c\u00e1c s\u1ea3n ph\u1ea9m ch\u0103m s\u00f3c da gi\u1ea3m b\u00e9o. Tr\u00ecnh t\u1ef1 c\u1ee7a UCPEPTIDE V t\u01b0\u01a1ng t\u1ef1 nh\u01b0 tr\u00ecnh t\u1ef1 ph\u1ed5 bi\u1ebfn trong protein t\u00e1ch r\u1eddi (UCP), m\u1ed9t h\u1ecd ph\u1ed5 bi\u1ebfn c\u1ee7a c\u00e1c ch\u1ea5t v\u1eadn chuy\u1ec3n ty th\u1ec3 cho ph\u00e9p gi\u1ea3i ph\u00f3ng n\u0103ng l\u01b0\u1ee3ng d\u01b0\u1edbi d\u1ea1ng nhi\u1ec7t. <\/p>\n<p> <strong>C\u00e1ch s\u1eed d\u1ee5ng Pentapeptit-25<\/strong> &lt; &amp;&gt; 1 &#8211; M\u00f4 ph\u1ecfng sinh h\u1ecdc peptide t\u1ed5ng h\u1ee3p c\u1ee7a UCP (protein t\u00e1ch r\u1eddi)<br \/>\n 2- PENTAPEPTIDE-25 H\u1ea1n ch\u1ebf l\u01b0u tr\u1eef lipid<br \/>\n 3- PENTAPEPTIDE-25 L\u00e0m gi\u1ea3m th\u1ec3 t\u00edch kh\u00f4ng b\u00e0o trong t\u1ebf b\u00e0o m\u1ee1 v\u00e0 k\u00edch th\u01b0\u1edbc t\u1ebf b\u00e0o m\u1ee1<\/p>\n","protected":false},"excerpt":{"rendered":"<p>T\u00ean s\u1ea3n ph\u1ea9m: PENTAPEPTIDE-25<br \/>\n Tham kh\u1ea3o: UCPEPTIDE V<br \/>\n \u0110\u1ed9 tinh khi\u1ebft:&gt; 95%<br \/>\n Ngu\u1ed3n: t\u1ed5ng h\u1ee3p<br \/>\n L\u1edbp: m\u1ef9 ph\u1ea9m<br \/>\n \u0110\u1ed9 h\u00f2a tan: h\u00f2a tan trong n\u01b0\u1edbc<\/p>\n","protected":false},"featured_media":2178,"comment_status":"open","ping_status":"closed","template":"","meta":{"om_disable_all_campaigns":false,"_monsterinsights_skip_tracking":false,"_monsterinsights_sitenote_active":false,"_monsterinsights_sitenote_note":"","_monsterinsights_sitenote_category":0,"site-sidebar-layout":"default","site-content-layout":"default","ast-site-content-layout":"default","site-content-style":"default","site-sidebar-style":"default","ast-global-header-display":"","ast-banner-title-visibility":"","ast-main-header-display":"","ast-hfb-above-header-display":"","ast-hfb-below-header-display":"","ast-hfb-mobile-header-display":"","site-post-title":"","ast-breadcrumbs-content":"","ast-featured-img":"","footer-sml-layout":"","ast-disable-related-posts":"","theme-transparent-header-meta":"default","adv-header-id-meta":"","stick-header-meta":"","header-above-stick-meta":"","header-main-stick-meta":"","header-below-stick-meta":"","astra-migrate-meta-layouts":"default","ast-page-background-enabled":"default","ast-page-background-meta":{"desktop":{"background-color":"","background-image":"","background-repeat":"repeat","background-position":"center center","background-size":"auto","background-attachment":"scroll","background-type":"","background-media":"","overlay-type":"","overlay-color":"","overlay-opacity":"","overlay-gradient":""},"tablet":{"background-color":"","background-image":"","background-repeat":"repeat","background-position":"center center","background-size":"auto","background-attachment":"scroll","background-type":"","background-media":"","overlay-type":"","overlay-color":"","overlay-opacity":"","overlay-gradient":""},"mobile":{"background-color":"","background-image":"","background-repeat":"repeat","background-position":"center center","background-size":"auto","background-attachment":"scroll","background-type":"","background-media":"","overlay-type":"","overlay-color":"","overlay-opacity":"","overlay-gradient":""}},"ast-content-background-meta":{"desktop":{"background-color":"var(--ast-global-color-5)","background-image":"","background-repeat":"repeat","background-position":"center center","background-size":"auto","background-attachment":"scroll","background-type":"","background-media":"","overlay-type":"","overlay-color":"","overlay-opacity":"","overlay-gradient":""},"tablet":{"background-color":"var(--ast-global-color-5)","background-image":"","background-repeat":"repeat","background-position":"center center","background-size":"auto","background-attachment":"scroll","background-type":"","background-media":"","overlay-type":"","overlay-color":"","overlay-opacity":"","overlay-gradient":""},"mobile":{"background-color":"var(--ast-global-color-5)","background-image":"","background-repeat":"repeat","background-position":"center center","background-size":"auto","background-attachment":"scroll","background-type":"","background-media":"","overlay-type":"","overlay-color":"","overlay-opacity":"","overlay-gradient":""}}},"product_brand":[],"product_cat":[664],"product_tag":[3458],"class_list":{"0":"post-6460","1":"product","2":"type-product","3":"status-publish","4":"has-post-thumbnail","6":"product_cat-peptide-giam-chat-beo","7":"product_tag-pentapeptide-25-for-cellulite-and-slimming-vi","8":"desktop-align-left","9":"tablet-align-left","10":"mobile-align-left","12":"first","13":"instock","14":"shipping-taxable","15":"product-type-simple"},"_links":{"self":[{"href":"https:\/\/puyapeptide.net\/vi\/wp-json\/wp\/v2\/product\/6460","targetHints":{"allow":["GET"]}}],"collection":[{"href":"https:\/\/puyapeptide.net\/vi\/wp-json\/wp\/v2\/product"}],"about":[{"href":"https:\/\/puyapeptide.net\/vi\/wp-json\/wp\/v2\/types\/product"}],"replies":[{"embeddable":true,"href":"https:\/\/puyapeptide.net\/vi\/wp-json\/wp\/v2\/comments?post=6460"}],"wp:featuredmedia":[{"embeddable":true,"href":"https:\/\/puyapeptide.net\/vi\/wp-json\/wp\/v2\/media\/2178"}],"wp:attachment":[{"href":"https:\/\/puyapeptide.net\/vi\/wp-json\/wp\/v2\/media?parent=6460"}],"wp:term":[{"taxonomy":"product_brand","embeddable":true,"href":"https:\/\/puyapeptide.net\/vi\/wp-json\/wp\/v2\/product_brand?post=6460"},{"taxonomy":"product_cat","embeddable":true,"href":"https:\/\/puyapeptide.net\/vi\/wp-json\/wp\/v2\/product_cat?post=6460"},{"taxonomy":"product_tag","embeddable":true,"href":"https:\/\/puyapeptide.net\/vi\/wp-json\/wp\/v2\/product_tag?post=6460"}],"curies":[{"name":"wp","href":"https:\/\/api.w.org\/{rel}","templated":true}]}}