{"id":6472,"date":"2021-12-16T05:02:49","date_gmt":"2021-12-16T10:02:49","guid":{"rendered":"https:\/\/puyapeptide.net\/product\/acetyl-hexapeptide-39-de-giam-beo\/"},"modified":"2021-12-16T05:02:49","modified_gmt":"2021-12-16T10:02:49","slug":"acetyl-hexapeptide-39-de-giam-beo","status":"publish","type":"product","link":"https:\/\/puyapeptide.net\/vi\/product\/acetyl-hexapeptide-39-de-giam-beo\/","title":{"rendered":"Acetyl Hexapeptide-39 \u0111\u1ec3 gi\u1ea3m b\u00e9o"},"content":{"rendered":"<h2><strong>Acetyl Hexapeptide-39 \u0111\u1ec3 gi\u1ea3m b\u00e9o<\/strong><\/h2>\n<p> T\u00ean ti\u1ebfng Anh: Acetyl Hexapeptide-39, Silusyne<br \/>\n C\u00f4ng th\u1ee9c ph\u00e2n t\u1eed \uff1a C14H24N6O4<br \/>\n Tr\u1ecdng l\u01b0\u1ee3ng ph\u00e2n t\u1eed \uff1a 340,80g \/ mol<br \/>\n H\u00ecnh th\u1ee9c: B\u1ed9t m\u00e0u tr\u1eafng <\/p>\n<p> Th\u00e0nh ph\u1ea7n m\u1edbi Silusyne ch\u1ee9a hexapeptide trong m\u1ed9t h\u1ec7 th\u1ed1ng ph\u00e2n ph\u1ed1i m\u1edbi (t\u00ean INCI: acetyl hexapeptide-39) l\u00e0m gi\u1ea3m s\u1ef1 bi\u1ec3u hi\u1ec7n c\u1ee7a PGC-1\u03b2, thu \u0111\u01b0\u1ee3c t\u00e1c d\u1ee5ng ng\u01b0\u1ee3c l\u1ea1i v\u00e0 r\u00fat ng\u1eafn li\u00ean k\u1ebft da-d\u01b0\u1edbi da, d\u1eabn \u0111\u1ebfn gi\u1ea3m b\u00e9o v\u00e0 ch\u1ed1ng nh\u0103n. X\u1eed l\u00fd m\u1ee1. \u0110\u1ec3 \u0111i\u1ec1u tra vai tr\u00f2 c\u1ee7a n\u00f3 trong s\u1ef1 bi\u1ec3u hi\u1ec7n PGC-1\u03b1 v\u00e0 s\u1ef1 t\u00edch t\u1ee5 lipid c\u0169ng nh\u01b0 c\u00e1c t\u00e1c \u0111\u1ed9ng v\u0129 m\u00f4 c\u1ee7a n\u00f3, c\u00e1c th\u1eed nghi\u1ec7m in vitro v\u00e0 in vivo \u0111\u00e3 \u0111\u01b0\u1ee3c th\u1ef1c hi\u1ec7n tr\u00ean c\u1ea3 hai th\u00e0nh ph\u1ea7n. <\/p>\n<p> Acetyl Hexapeptide-39 l\u00e0m gi\u1ea3m th\u1ee5 th\u1ec3 k\u00edch ho\u1ea1t peroxisome do Gamma coactivator 1a (PGC-1a) ho\u1ea1t \u0111\u1ed9ng v\u00e0 gi\u1ea3m ch\u1ea5t t\u1ea1o m\u1ee1. N\u00f3 \u0111\u01b0\u1ee3c s\u1eed d\u1ee5ng nh\u01b0 m\u1ed9t ch\u1ea5t gi\u1ea3m b\u00e9o. <\/p>\n<p> Acetyl Hexapeptide-39 (peptide gi\u1ea3m b\u00e9o) l\u00e0 m\u1ed9t peptide ho\u1ea1t t\u00ednh gi\u1ea3m c\u00e2n v\u00e0 gi\u1ea3m b\u00e9o m\u1edbi c\u00f3 ch\u1ee9a s\u00e1u axit amin, c\u00f3 t\u00e1c d\u1ee5ng gi\u1ea3m cellulite, cellulite, cellulite v\u00e0 gi\u1ea3m b\u00e9o. <\/p>\n<p> Acetyl hexapeptide-39 (peptide gi\u1ea3m b\u00e9o) l\u00e0m gi\u1ea3m t\u1ed1c \u0111\u1ed9 bi\u1ec7t h\u00f3a v\u00e0 tr\u01b0\u1edfng th\u00e0nh c\u1ee7a t\u1ebf b\u00e0o m\u1ee1, gi\u1ea3m t\u00edch t\u1ee5 lipid trong m\u00f4 m\u1ee1 v\u00e0 c\u00f3 t\u00e1c d\u1ee5ng gi\u1ea3m cellulite, cellulite, cellulite v\u00e0 gi\u1ea3m b\u00e9o. <\/p>\n<p> <strong>\u1ee8ng d\u1ee5ng c\u1ee7a Acetyl Hexapeptide-39<\/strong><br \/>\n Acetyl Hexapeptide-39 l\u00e0 m\u1ed9t th\u00e0nh ph\u1ea7n ho\u00e0n h\u1ea3o cho c\u00e1c li\u1ec7u ph\u00e1p ch\u1ed1ng cellulite v\u00e0 gi\u1ea3m b\u00e9o v\u00e0 nh\u01b0 m\u1ed9t ch\u1ea5t b\u1ed5 sung trong b\u1ea5t k\u1ef3 lo\u1ea1i c\u00f4ng th\u1ee9c ch\u0103m s\u00f3c c\u01a1 th\u1ec3 n\u00e0o. <\/p>\n<p> <strong>C\u00e1ch s\u1eed d\u1ee5ng Acetyl Hexapeptide-39<\/strong><br \/>\n Acetyl Hexapeptide-39 Gi\u1ea3m s\u1ef1 h\u00ecnh th\u00e0nh m\u1ee1 (ch\u1ea5t b\u00e9o m\u1edbi) b\u1eb1ng c\u00e1ch gi\u1ea3m ho\u1ea1t \u0111\u1ed9ng PGC-1\u03b1 <\/p>\n<p> <strong>Acetyl Hexapeptide-39 L\u1ee3i \u00edch<\/strong><br \/>\n Acetyl Hexapeptide-39 l\u00e0 m\u1ed9t th\u00e0nh ph\u1ea7n ho\u00e0n h\u1ea3o \u0111\u1ec3 ch\u1ed1ng cellulite v\u00e0 ph\u01b0\u01a1ng ph\u00e1p \u0111i\u1ec1u tr\u1ecb gi\u1ea3m b\u00e9o v\u00e0 nh\u01b0 m\u1ed9t ch\u1ea5t b\u1ed5 sung trong b\u1ea5t k\u1ef3 lo\u1ea1i c\u00f4ng th\u1ee9c ch\u0103m s\u00f3c c\u01a1 th\u1ec3 n\u00e0o. <\/p>\n<p> Acetyl Hexa peptide-39 Gi\u1ea3m s\u1ef1 h\u00ecnh th\u00e0nh m\u1ee1 (ch\u1ea5t b\u00e9o m\u1edbi) b\u1eb1ng c\u00e1ch gi\u1ea3m ho\u1ea1t \u0111\u1ed9ng c\u1ee7a PGC-1\u03b1.<br \/>\n Khoa h\u1ecdc \u0111\u00e3 ch\u1ee9ng minh r\u1eb1ng peptide c\u00f3 th\u1ec3 gi\u00fap ki\u1ec3m so\u00e1t n\u1ebfp nh\u0103n tr\u00ean da c\u1ee7a b\u1ea1n v\u00e0 \u0111\u1ea3o ng\u01b0\u1ee3c c\u00e1c d\u1ea5u hi\u1ec7u l\u00e3o h\u00f3a.<br \/>\n Da ng\u01b0\u1eddi bao g\u1ed3m ch\u1ee7 y\u1ebfu l\u00e0 collagen. Collagen l\u00e0 m\u1ed9t lo\u1ea1i protein bao g\u1ed3m c\u00e1c ph\u00e2n \u0111o\u1ea1n d\u00e0i c\u1ee7a c\u00e1c axit amin \u0111\u01b0\u1ee3c s\u1eafp x\u1ebfp gi\u1ed1ng nh\u01b0 m\u1ed9t chu\u1ed7i. Collagen cung c\u1ea5p n\u1ec1n t\u1ea3ng v\u00e0 \u0111\u1ed9 d\u00e0y cho da.<br \/>\n Ph\u1ee5 n\u1eef d\u01b0\u1edbi 30 tu\u1ed5i c\u00f3 l\u01b0\u1ee3ng collagen d\u1ed3i d\u00e0o, d\u1eabn \u0111\u1ebfn l\u00e0n da c\u0103ng m\u1ecbn.<br \/>\n Ph\u1ea7n c\u00f2n l\u1ea1i c\u1ee7a ch\u00fang ta c\u00f3 \u00edt collagen h\u01a1n &#8211; da c\u00f3 xu h\u01b0\u1edbng m\u1ecfng h\u01a1n, l\u1ed9 nhi\u1ec1u n\u1ebfp nh\u0103n h\u01a1n. &lt;&amp; \u25ba Khi collagen b\u1ecb ph\u00e1 v\u1ee1, c\u00e1c \u0111o\u1ea1n ng\u1eafn c\u1ee7a axit amin \u0111\u01b0\u1ee3c h\u00ecnh th\u00e0nh. \u0110\u00e2y l\u00e0 nh\u1eefng protein nh\u1ecf v\u00e0 c\u00e1c ph\u00e2n t\u1eed ho\u1ea1t \u0111\u1ed9ng \u0111\u01b0\u1ee3c g\u1ecdi l\u00e0 peptit. Peptide trong ch\u0103m s\u00f3c da c\u00f3 th\u1ec3 mang l\u1ea1i l\u1ee3i \u00edch ch\u1ed1ng l\u00e3o h\u00f3a \u0111\u00e1ng k\u1ec3.<\/p>\n","protected":false},"excerpt":{"rendered":"<p>T\u00ean ti\u1ebfng Anh: Acetyl Hexapeptide-39, Silusyne<br \/>\n C\u00f4ng th\u1ee9c ph\u00e2n t\u1eed \uff1a C14H24N6O4<br \/>\n Kh\u1ed1i l\u01b0\u1ee3ng ph\u00e2n t\u1eed \uff1a 340,80g \/ mol<br \/>\n H\u00ecnh th\u1ee9c: B\u1ed9t m\u00e0u tr\u1eafng<\/p>\n","protected":false},"featured_media":2115,"comment_status":"open","ping_status":"closed","template":"","meta":{"om_disable_all_campaigns":false,"_monsterinsights_skip_tracking":false,"_monsterinsights_sitenote_active":false,"_monsterinsights_sitenote_note":"","_monsterinsights_sitenote_category":0,"site-sidebar-layout":"default","site-content-layout":"default","ast-site-content-layout":"default","site-content-style":"default","site-sidebar-style":"default","ast-global-header-display":"","ast-banner-title-visibility":"","ast-main-header-display":"","ast-hfb-above-header-display":"","ast-hfb-below-header-display":"","ast-hfb-mobile-header-display":"","site-post-title":"","ast-breadcrumbs-content":"","ast-featured-img":"","footer-sml-layout":"","ast-disable-related-posts":"","theme-transparent-header-meta":"default","adv-header-id-meta":"","stick-header-meta":"","header-above-stick-meta":"","header-main-stick-meta":"","header-below-stick-meta":"","astra-migrate-meta-layouts":"default","ast-page-background-enabled":"default","ast-page-background-meta":{"desktop":{"background-color":"","background-image":"","background-repeat":"repeat","background-position":"center center","background-size":"auto","background-attachment":"scroll","background-type":"","background-media":"","overlay-type":"","overlay-color":"","overlay-opacity":"","overlay-gradient":""},"tablet":{"background-color":"","background-image":"","background-repeat":"repeat","background-position":"center center","background-size":"auto","background-attachment":"scroll","background-type":"","background-media":"","overlay-type":"","overlay-color":"","overlay-opacity":"","overlay-gradient":""},"mobile":{"background-color":"","background-image":"","background-repeat":"repeat","background-position":"center center","background-size":"auto","background-attachment":"scroll","background-type":"","background-media":"","overlay-type":"","overlay-color":"","overlay-opacity":"","overlay-gradient":""}},"ast-content-background-meta":{"desktop":{"background-color":"var(--ast-global-color-5)","background-image":"","background-repeat":"repeat","background-position":"center center","background-size":"auto","background-attachment":"scroll","background-type":"","background-media":"","overlay-type":"","overlay-color":"","overlay-opacity":"","overlay-gradient":""},"tablet":{"background-color":"var(--ast-global-color-5)","background-image":"","background-repeat":"repeat","background-position":"center center","background-size":"auto","background-attachment":"scroll","background-type":"","background-media":"","overlay-type":"","overlay-color":"","overlay-opacity":"","overlay-gradient":""},"mobile":{"background-color":"var(--ast-global-color-5)","background-image":"","background-repeat":"repeat","background-position":"center center","background-size":"auto","background-attachment":"scroll","background-type":"","background-media":"","overlay-type":"","overlay-color":"","overlay-opacity":"","overlay-gradient":""}}},"product_brand":[],"product_cat":[664],"product_tag":[3432],"class_list":{"0":"post-6472","1":"product","2":"type-product","3":"status-publish","4":"has-post-thumbnail","6":"product_cat-peptide-giam-chat-beo","7":"product_tag-acetyl-hexapeptide-39-for-slimming-vi","8":"desktop-align-left","9":"tablet-align-left","10":"mobile-align-left","12":"first","13":"instock","14":"shipping-taxable","15":"product-type-simple"},"_links":{"self":[{"href":"https:\/\/puyapeptide.net\/vi\/wp-json\/wp\/v2\/product\/6472","targetHints":{"allow":["GET"]}}],"collection":[{"href":"https:\/\/puyapeptide.net\/vi\/wp-json\/wp\/v2\/product"}],"about":[{"href":"https:\/\/puyapeptide.net\/vi\/wp-json\/wp\/v2\/types\/product"}],"replies":[{"embeddable":true,"href":"https:\/\/puyapeptide.net\/vi\/wp-json\/wp\/v2\/comments?post=6472"}],"wp:featuredmedia":[{"embeddable":true,"href":"https:\/\/puyapeptide.net\/vi\/wp-json\/wp\/v2\/media\/2115"}],"wp:attachment":[{"href":"https:\/\/puyapeptide.net\/vi\/wp-json\/wp\/v2\/media?parent=6472"}],"wp:term":[{"taxonomy":"product_brand","embeddable":true,"href":"https:\/\/puyapeptide.net\/vi\/wp-json\/wp\/v2\/product_brand?post=6472"},{"taxonomy":"product_cat","embeddable":true,"href":"https:\/\/puyapeptide.net\/vi\/wp-json\/wp\/v2\/product_cat?post=6472"},{"taxonomy":"product_tag","embeddable":true,"href":"https:\/\/puyapeptide.net\/vi\/wp-json\/wp\/v2\/product_tag?post=6472"}],"curies":[{"name":"wp","href":"https:\/\/api.w.org\/{rel}","templated":true}]}}